{"id":1493,"date":"2025-07-01T16:51:03","date_gmt":"2025-07-01T19:51:03","guid":{"rendered":"https:\/\/wp.ufpel.edu.br\/pensamentocomputacional\/?page_id=1493"},"modified":"2025-07-01T16:51:03","modified_gmt":"2025-07-01T19:51:03","slug":"cara-a-cara","status":"publish","type":"page","link":"https:\/\/wp.ufpel.edu.br\/pensamentocomputacional\/cara-a-cara\/","title":{"rendered":"Cara a Cara"},"content":{"rendered":"<ul>\n<li><a href=\"https:\/\/drive.google.com\/file\/d\/1RHJvrVvSMrLhipire_AFYdv6UO4RphO0\/view?usp=sharing\" target=\"_blank\" rel=\"noopener noreferrer\">Plano de Ensino<\/a><\/li>\n<\/ul>\n<div class=\"task\">\n<h3 class=\"collapseomatic \" id=\"id69e1639e7b509\"  tabindex=\"0\" title=\"Tarefa 1\"    >Tarefa 1<\/h3><div id=\"target-id69e1639e7b509\" class=\"collapseomatic_content \">\n<ul>\n<li class=\"plan topic\"><a href=\"https:\/\/drive.google.com\/file\/d\/1769bQl0vmjy2gsWRqEboJxZHCvi5uC8C\/view?usp=sharing\" target=\"_blank\" rel=\"noopener noreferrer\">Plano de Aula<\/a><\/li>\n<li class=\"material topic\"><strong>Material:<\/strong> cartas impressas do jogo \u201cQuem sou Eu?\u201d.<\/li>\n<li class=\"exercise topic\"><strong>Exerc\u00edcios:<\/strong> o exerc\u00edcio desta tarefa consiste na discuss\u00e3o dos conceitos apresentados nesta aula e na rela\u00e7\u00e3o deles com o jogo \u201cQuem sou Eu?\u201d.<\/li>\n<\/ul>\n<\/div>\n<\/div>\n<div class=\"task\">\n<h3 class=\"collapseomatic \" id=\"id69e1639e7b57d\"  tabindex=\"0\" title=\"Tarefa 2\"    >Tarefa 2<\/h3><div id=\"target-id69e1639e7b57d\" class=\"collapseomatic_content \">\n<ul>\n<li class=\"plan topic\"><a href=\"https:\/\/drive.google.com\/file\/d\/1iQ0Um4w8h3agFLjrjC9aP8G2t2PS9ttu\/view?usp=sharing\" target=\"_blank\" rel=\"noopener noreferrer\">Plano de Aula<\/a><\/li>\n<li class=\"material topic\"><strong>Material:<\/strong> fichas de coleta em branco impressas para os alunos e um banner feito com as personagens do jogo Cara-a-Cara.\n<ul>\n<li class=\"material subtopic\"><a href=\"https:\/\/drive.google.com\/file\/d\/1SW1nwaoWtWEw0UzDnxH9ay1iecSLAhLf\/view?usp=sharing\" target=\"_blank\" rel=\"noopener noreferrer\">Ficha de Coleta em Branco<\/a><\/li>\n<li class=\"material subtopic\"><a href=\"https:\/\/drive.google.com\/file\/d\/1TgGmLlmOi8Z5bIUeuJy0PlYGc8sCX_42\/view?usp=sharing\" target=\"_blank\" rel=\"noopener noreferrer\">Ficha de Coleta Preenchida<\/a><\/li>\n<li class=\"material subtopic\"><a href=\"https:\/\/drive.google.com\/file\/d\/1DDHXmv7U-sZTPmnZf-_tLn7x2EQ-M_VK\/view?usp=sharing\" target=\"_blank\" rel=\"noopener noreferrer\">Personagens Cara-a-Cara<\/a><\/li>\n<\/ul>\n<\/li>\n<li class=\"exercise topic\"><strong>Exerc\u00edcios:<\/strong> o exerc\u00edcio desta tarefa consiste na an\u00e1lise e coleta de dados realizada pelos alunos ao preencherem as fichas de coleta com base nos personagens do jogo Cara-a-Cara.<\/li>\n<\/ul>\n<\/div>\n<\/div>\n<div class=\"task\">\n<h3 class=\"collapseomatic \" id=\"id69e1639e7b5a8\"  tabindex=\"0\" title=\"Tarefa 3\"    >Tarefa 3<\/h3><div id=\"target-id69e1639e7b5a8\" class=\"collapseomatic_content \">\n<ul>\n<li class=\"plan topic\"><a href=\"https:\/\/drive.google.com\/file\/d\/1bmS_3LBvebUyQ5DzG7pVcsjFrgyH_y_8\/view?usp=sharing\" target=\"_blank\" rel=\"noopener noreferrer\">Plano de Aula<\/a><\/li>\n<li class=\"material topic\"><strong>Material:<\/strong> fichas de coleta preenchidas pelos alunos na tarefa passada ou levar a vers\u00e3o j\u00e1 preenchida impressa.\n<ul>\n<li class=\"material subtopic\"><a href=\"https:\/\/drive.google.com\/file\/d\/1oUgaNVUyDv4dtmJWLo1cFaWRiAzhDmcA\/view?usp=sharing\" target=\"_blank\" rel=\"noopener noreferrer\">Ficha de Coleta Preenchida<\/a><\/li>\n<\/ul>\n<\/li>\n<li class=\"exercise topic\"><strong>Exerc\u00edcios:<\/strong> nesta tarefa, s\u00e3o realizados exerc\u00edcios sobre os elementos presentes em tabelas simples e sobre constru\u00e7\u00e3o de tabelas simples.\n<ul>\n<li class=\"exercise subtopic\"><a href=\"https:\/\/drive.google.com\/file\/d\/1-OZmNiub8SKHtNwAMTC9vlUGFIfv2pS7\/view?usp=sharing\" target=\"_blank\" rel=\"noopener noreferrer\">Folha de Exerc\u00edcios<\/a><\/li>\n<\/ul>\n<\/li>\n<\/ul>\n<\/div>\n<\/div>\n<div class=\"task\">\n<h3 class=\"collapseomatic \" id=\"id69e1639e7b5cc\"  tabindex=\"0\" title=\"Tarefa 4\"    >Tarefa 4<\/h3><div id=\"target-id69e1639e7b5cc\" class=\"collapseomatic_content \">\n<ul>\n<li class=\"plan topic\"><a href=\"https:\/\/drive.google.com\/file\/d\/1wiB8-8A8VUUAv4T3rJMCi_YiBpF6bQbp\/view?usp=sharing\" target=\"_blank\" rel=\"noopener noreferrer\">Plano de Aula<\/a><\/li>\n<li class=\"material topic\"><strong>Material:<\/strong> as mesmas fichas de coleta preenchidas utilizadas na tarefa 3 e o banner com os personagens do jogo Cara-a-Cara utilizado na tarefa 2.<\/li>\n<li class=\"exercise topic\"><strong>Exerc\u00edcios:<\/strong> nesta tarefa s\u00e3o realizados exerc\u00edcios sobre os elementos presentes em tabelas duplas e sobre constru\u00e7\u00e3o de tabelas duplas; tamb\u00e9m s\u00e3o apresentadas tabelas que representam notas fiscais.\n<ul>\n<li class=\"exercise subtopic\"><a href=\"https:\/\/drive.google.com\/file\/d\/14CrFe_0rLfSVocyJ-fRk80oUVtZsB9o4\/view?usp=sharing\" target=\"_blank\" rel=\"noopener noreferrer\">Folha de Exerc\u00edcios Tabela Dupla 1<\/a><\/li>\n<li class=\"exercise subtopic\"><a href=\"https:\/\/drive.google.com\/file\/d\/1UMuKJB-iGt_H2Wqt71r9-LkTbguzzVwU\/view?usp=sharing\" target=\"_blank\" rel=\"noopener noreferrer\">Folha de Exerc\u00edcios Tabela Dupla 2<\/a><\/li>\n<li class=\"exercise subtopic\"><a href=\"https:\/\/drive.google.com\/file\/d\/1Wst2XCkahzpttZN_zE9WWxYdTwHQBTSS\/view?usp=sharing\" target=\"_blank\" rel=\"noopener noreferrer\">Folha de Exerc\u00edcios Nota Fiscal 1<\/a><\/li>\n<li class=\"exercise subtopic\"><a href=\"https:\/\/drive.google.com\/file\/d\/1uEcdUmUy6Cl7SYr82jgcaLKYHAAXOsCZ\/view?usp=sharing\" target=\"_blank\" rel=\"noopener noreferrer\">Folha de Exerc\u00edcios Nota Fiscal 2<\/a><\/li>\n<\/ul>\n<\/li>\n<\/ul>\n<\/div>\n<\/div>\n<div class=\"task\">\n<h3 class=\"collapseomatic \" id=\"id69e1639e7b5ed\"  tabindex=\"0\" title=\"Tarefa 5\"    >Tarefa 5<\/h3><div id=\"target-id69e1639e7b5ed\" class=\"collapseomatic_content \">\n<ul>\n<li class=\"plan topic\"><a href=\"https:\/\/drive.google.com\/file\/d\/1yrrX_JmiHZxqopngACgV8X8RzwBn__l0\/view?usp=sharing\" target=\"_blank\" rel=\"noopener noreferrer\">Plano de Aula<\/a><\/li>\n<li class=\"material topic\"><strong>Material:<\/strong> necess\u00e1ria somente a folha de exerc\u00edcios sobre gr\u00e1ficos.<\/li>\n<li class=\"exercise topic\"><strong>Exerc\u00edcios:<\/strong> nesta tarefa, s\u00e3o realizados exerc\u00edcios de constru\u00e7\u00e3o de gr\u00e1ficos a partir de tabelas simples e tabelas duplas.\n<ul>\n<li class=\"exercise subtopic\"><a href=\"https:\/\/drive.google.com\/file\/d\/1by-mneGVdlXaGedWWy_iKE6ApxGW9-aX\/view?usp=sharing\" target=\"_blank\" rel=\"noopener noreferrer\">Folha de Exerc\u00edcios<\/a><\/li>\n<\/ul>\n<\/li>\n<\/ul>\n<\/div>\n<\/div>\n<div class=\"task\">\n<h3 class=\"collapseomatic \" id=\"id69e1639e7b60c\"  tabindex=\"0\" title=\"Tarefa 6\"    >Tarefa 6<\/h3><div id=\"target-id69e1639e7b60c\" class=\"collapseomatic_content \">\n<ul>\n<li class=\"plan topic\"><a href=\"https:\/\/drive.google.com\/file\/d\/1E-ID4beoawPcxt9_jZNHQ839tfGSrmYH\/view?usp=sharing\" target=\"_blank\" rel=\"noopener noreferrer\">Plano de Aula<\/a><\/li>\n<li class=\"material topic\"><strong>Material:<\/strong> foram confeccionados tabuleiros e cartas de papel\u00e3o para o jogo Cara-a-Cara\n<ul>\n<li class=\"material subtopic\"><a href=\"https:\/\/drive.google.com\/file\/d\/1-Z3QELB3iXTJDqr-p57wHlxm8-uu3n-Y\/view?usp=sharing\" target=\"_blank\" rel=\"noopener noreferrer\">Tabuleiro<\/a><\/li>\n<li class=\"material subtopic\"><a href=\"https:\/\/drive.google.com\/file\/d\/1vPMS-Y6AgcBcHLyIKhtq4m8rs3BgOFUr\/view?usp=sharing\" target=\"_blank\" rel=\"noopener noreferrer\">Cartas<\/a><\/li>\n<\/ul>\n<\/li>\n<li class=\"exercise topic\"><strong>Exerc\u00edcios:<\/strong> o exerc\u00edcio desta tarefa consiste nas partidas do jogo Cara-a-Cara.<\/li>\n<\/ul>\n<\/div>\n<\/div>\n<div class=\"task\">\n<h3 class=\"collapseomatic \" id=\"id69e1639e7b629\"  tabindex=\"0\" title=\"Tarefa 7\"    >Tarefa 7<\/h3><div id=\"target-id69e1639e7b629\" class=\"collapseomatic_content \">\n<ul>\n<li class=\"evaluation topic\"><a href=\"https:\/\/drive.google.com\/file\/d\/1YQEzAWa62F-FaoSuvbBbU89Mh6UtOc7Q\/view?usp=sharing\" target=\"_blank\" rel=\"noopener noreferrer\">Avalia\u00e7\u00e3o<\/a><\/li>\n<\/ul>\n<\/div>\n<\/div>\n","protected":false},"excerpt":{"rendered":"<p>Plano de Ensino<\/p>\n","protected":false},"author":268,"featured_media":0,"parent":0,"menu_order":0,"comment_status":"closed","ping_status":"closed","template":"","meta":{"footnotes":""},"class_list":["post-1493","page","type-page","status-publish","hentry"],"_links":{"self":[{"href":"https:\/\/wp.ufpel.edu.br\/pensamentocomputacional\/wp-json\/wp\/v2\/pages\/1493","targetHints":{"allow":["GET"]}}],"collection":[{"href":"https:\/\/wp.ufpel.edu.br\/pensamentocomputacional\/wp-json\/wp\/v2\/pages"}],"about":[{"href":"https:\/\/wp.ufpel.edu.br\/pensamentocomputacional\/wp-json\/wp\/v2\/types\/page"}],"author":[{"embeddable":true,"href":"https:\/\/wp.ufpel.edu.br\/pensamentocomputacional\/wp-json\/wp\/v2\/users\/268"}],"replies":[{"embeddable":true,"href":"https:\/\/wp.ufpel.edu.br\/pensamentocomputacional\/wp-json\/wp\/v2\/comments?post=1493"}],"version-history":[{"count":1,"href":"https:\/\/wp.ufpel.edu.br\/pensamentocomputacional\/wp-json\/wp\/v2\/pages\/1493\/revisions"}],"predecessor-version":[{"id":1495,"href":"https:\/\/wp.ufpel.edu.br\/pensamentocomputacional\/wp-json\/wp\/v2\/pages\/1493\/revisions\/1495"}],"wp:attachment":[{"href":"https:\/\/wp.ufpel.edu.br\/pensamentocomputacional\/wp-json\/wp\/v2\/media?parent=1493"}],"curies":[{"name":"wp","href":"https:\/\/api.w.org\/{rel}","templated":true}]}}