{"id":1490,"date":"2025-07-01T15:23:51","date_gmt":"2025-07-01T18:23:51","guid":{"rendered":"https:\/\/wp.ufpel.edu.br\/pensamentocomputacional\/?page_id=1490"},"modified":"2025-07-01T15:23:51","modified_gmt":"2025-07-01T18:23:51","slug":"caca-ao-tesouro","status":"publish","type":"page","link":"https:\/\/wp.ufpel.edu.br\/pensamentocomputacional\/caca-ao-tesouro\/","title":{"rendered":"Ca\u00e7a ao Tesouro"},"content":{"rendered":"<ul>\n<li><a href=\"https:\/\/drive.google.com\/file\/d\/15IzGB-bHzly5YJ7TYlYHoWQNhtCKc_Cd\/view?usp=sharing\" target=\"_blank\" rel=\"noopener noreferrer\">Plano de Ensino<\/a><\/li>\n<\/ul>\n<div class=\"task\">\n<h3 class=\"collapseomatic \" id=\"id69e1010e7e156\"  tabindex=\"0\" title=\"Tarefa 1\"    >Tarefa 1<\/h3><div id=\"target-id69e1010e7e156\" class=\"collapseomatic_content \">\n<ul>\n<li class=\"plan topic\"><a href=\"https:\/\/drive.google.com\/file\/d\/1tmzC2qpn-jbvwZ0cA8MTXKdLEiHXK93z\/view?usp=sharing\" target=\"_blank\" rel=\"noopener noreferrer\">Plano de Aula<\/a><\/li>\n<li class=\"material topic\"><strong>Material:<\/strong> mapas em branco e preenchidos do jogo ca\u00e7a ao tesouro, impressos em folha A4 para os alunos e em propor\u00e7\u00e3o maior para ser fixado no quadro pelo professor; fichas para os alunos marcarem suas pontua\u00e7\u00f5es nas rodadas e prismas feitos de material recicl\u00e1vel (papel\u00e3o).\n<ul>\n<li class=\"material subtopic\"><a href=\"https:\/\/drive.google.com\/file\/d\/119YVeZEreLnE4vf7rPf69RKd4RrMhrpH\/view?usp=sharing\" target=\"_blank\" rel=\"noopener noreferrer\">Mapa Linear<\/a><\/li>\n<li class=\"material subtopic\"><a href=\"https:\/\/drive.google.com\/file\/d\/1lGE2wYD7RPtjNGlueS5RssFjEYwgZBeG\/view?usp=sharing\" target=\"_blank\" rel=\"noopener noreferrer\">Fichas<\/a><\/li>\n<li class=\"material subtopic\"><a href=\"https:\/\/drive.google.com\/file\/d\/1_ao1njP2yiQ-SqsNG7C1CIdK0nxEKYO7\/view?usp=sharing\" target=\"_blank\" rel=\"noopener noreferrer\">Fichas Simult\u00e2neas<\/a><\/li>\n<\/ul>\n<\/li>\n<li class=\"exercise topic\"><strong>Exerc\u00edcios:<\/strong> os exerc\u00edcios desta tarefa consistem nas rodadas do jogo Ca\u00e7a ao Tesouro.<\/li>\n<\/ul>\n<\/div>\n<\/div>\n<div class=\"task\">\n<h3 class=\"collapseomatic \" id=\"id69e1010e7e1ef\"  tabindex=\"0\" title=\"Tarefa 2\"    >Tarefa 2<\/h3><div id=\"target-id69e1010e7e1ef\" class=\"collapseomatic_content \">\n<ul>\n<li class=\"plan topic\"><a href=\"https:\/\/drive.google.com\/file\/d\/1OQ0Qjoc4ZT_JnvEXvxqLWktoOZJuSxm5\/view?usp=sharing\" target=\"_blank\" rel=\"noopener noreferrer\">Plano de Aula<\/a><\/li>\n<li class=\"material topic\"><strong>Material:<\/strong> os mapas em branco, as fichas e os prismas podem ser os mesmos da tarefa 1; os mapas preenchidos mudam pois nesta tarefa os n\u00fameros se encontram em ordem.\n<ul>\n<li class=\"material subtopic\"><a href=\"https:\/\/drive.google.com\/file\/d\/1k5Tx2ZgFn7OfI9enaaSMuLXzm91GJ8q5\/view?usp=sharing\" target=\"_blank\" rel=\"noopener noreferrer\">Mapa Bin\u00e1rio<\/a><\/li>\n<li class=\"material subtopic\"><a href=\"https:\/\/drive.google.com\/file\/d\/1VfGednC8Ctg54PXqrN6o0UMaKauAVjlD\/view?usp=sharing\" target=\"_blank\" rel=\"noopener noreferrer\">Mapa Bin\u00e1rio Simult\u00e2neo<\/a><\/li>\n<\/ul>\n<\/li>\n<li class=\"exercise topic\"><strong>Exerc\u00edcios:<\/strong> nesta tarefa, foi realizada uma folha de exerc\u00edcios para fixa\u00e7\u00e3o dos m\u00e9todos de busca vistos at\u00e9 o momento.\n<ul>\n<li class=\"exercise subtopic\"><a href=\"https:\/\/drive.google.com\/file\/d\/1HLFWjUqa4j5S9MO5WAvEGzxWfMb4KmRe\/view?usp=sharing\" target=\"_blank\" rel=\"noopener noreferrer\">Folha de Exerc\u00edcios<\/a><\/li>\n<\/ul>\n<\/li>\n<\/ul>\n<\/div>\n<\/div>\n<div class=\"task\">\n<h3 class=\"collapseomatic \" id=\"id69e1010e7e21b\"  tabindex=\"0\" title=\"Tarefa 3\"    >Tarefa 3<\/h3><div id=\"target-id69e1010e7e21b\" class=\"collapseomatic_content \">\n<ul>\n<li class=\"plan topic\"><a href=\"https:\/\/drive.google.com\/file\/d\/1y6TZ0pF-I74lXYKfaYL2njKIXgXcxd7V\/view?usp=sharing\" target=\"_blank\" rel=\"noopener noreferrer\">Plano de Aula<\/a><\/li>\n<li class=\"material topic\"><strong>Material:<\/strong> as fichas e os prismas podem ser os mesmos das tarefas anteriores; os mapas em branco e preenchidos mudam pois agora os n\u00fameros s\u00e3o organizados por coluna.\n<ul>\n<li class=\"material subtopic\"><a href=\"https:\/\/drive.google.com\/file\/d\/1kbKneECtw-LNL6-Y0Q_BQ4nJsbOWzbjm\/view?usp=sharing\" target=\"_blank\" rel=\"noopener noreferrer\">Mapa Hash<\/a><\/li>\n<\/ul>\n<\/li>\n<li class=\"exercise topic\"><strong>Exerc\u00edcios:<\/strong> nesta tarefa, foi realizada uma folha de exerc\u00edcios para fixa\u00e7\u00e3o dos m\u00e9todos de busca vistos at\u00e9 o momento.\n<ul>\n<li class=\"exercise subtopic\"><a href=\"https:\/\/drive.google.com\/file\/d\/119GZVSk-mQ4bziGXcluLDosnQAjZqyVx\/view?usp=sharing\" target=\"_blank\" rel=\"noopener noreferrer\">Folha de Exerc\u00edcios<\/a><\/li>\n<\/ul>\n<\/li>\n<\/ul>\n<\/div>\n<\/div>\n<div class=\"task\">\n<h3 class=\"collapseomatic \" id=\"id69e1010e7e245\"  tabindex=\"0\" title=\"Tarefa 4\"    >Tarefa 4<\/h3><div id=\"target-id69e1010e7e245\" class=\"collapseomatic_content \">\n<ul>\n<li class=\"evaluation topic\"><a href=\"https:\/\/drive.google.com\/file\/d\/1P05BpIz23Je7IJy3T1H9i4EQRifeybk1\/view?usp=sharing\" target=\"_blank\" rel=\"noopener noreferrer\">Avalia\u00e7\u00e3o<\/a><\/li>\n<\/ul>\n<\/div>\n<\/div>\n","protected":false},"excerpt":{"rendered":"<p>Plano de Ensino<\/p>\n","protected":false},"author":268,"featured_media":0,"parent":0,"menu_order":0,"comment_status":"closed","ping_status":"closed","template":"","meta":{"footnotes":""},"class_list":["post-1490","page","type-page","status-publish","hentry"],"_links":{"self":[{"href":"https:\/\/wp.ufpel.edu.br\/pensamentocomputacional\/wp-json\/wp\/v2\/pages\/1490","targetHints":{"allow":["GET"]}}],"collection":[{"href":"https:\/\/wp.ufpel.edu.br\/pensamentocomputacional\/wp-json\/wp\/v2\/pages"}],"about":[{"href":"https:\/\/wp.ufpel.edu.br\/pensamentocomputacional\/wp-json\/wp\/v2\/types\/page"}],"author":[{"embeddable":true,"href":"https:\/\/wp.ufpel.edu.br\/pensamentocomputacional\/wp-json\/wp\/v2\/users\/268"}],"replies":[{"embeddable":true,"href":"https:\/\/wp.ufpel.edu.br\/pensamentocomputacional\/wp-json\/wp\/v2\/comments?post=1490"}],"version-history":[{"count":1,"href":"https:\/\/wp.ufpel.edu.br\/pensamentocomputacional\/wp-json\/wp\/v2\/pages\/1490\/revisions"}],"predecessor-version":[{"id":1492,"href":"https:\/\/wp.ufpel.edu.br\/pensamentocomputacional\/wp-json\/wp\/v2\/pages\/1490\/revisions\/1492"}],"wp:attachment":[{"href":"https:\/\/wp.ufpel.edu.br\/pensamentocomputacional\/wp-json\/wp\/v2\/media?parent=1490"}],"curies":[{"name":"wp","href":"https:\/\/api.w.org\/{rel}","templated":true}]}}