{"id":1486,"date":"2025-07-01T15:20:25","date_gmt":"2025-07-01T18:20:25","guid":{"rendered":"https:\/\/wp.ufpel.edu.br\/pensamentocomputacional\/?page_id=1486"},"modified":"2025-07-01T15:20:25","modified_gmt":"2025-07-01T18:20:25","slug":"ordenacao","status":"publish","type":"page","link":"https:\/\/wp.ufpel.edu.br\/pensamentocomputacional\/ordenacao\/","title":{"rendered":"Ordena\u00e7\u00e3o"},"content":{"rendered":"<ul>\n<li><a href=\"https:\/\/drive.google.com\/file\/d\/1ric6-NQweIV4x_G7EDP9jWa8bFo7ltmN\/view?usp=sharing\" target=\"_blank\" rel=\"noopener noreferrer\">Plano de Ensino<\/a><\/li>\n<\/ul>\n<div class=\"task\">\n<h3 class=\"collapseomatic \" id=\"id69e118c885617\"  tabindex=\"0\" title=\"Tarefa 1\"    >Tarefa 1<\/h3><div id=\"target-id69e118c885617\" class=\"collapseomatic_content \">\n<ul>\n<li class=\"plan topic\"><a href=\"https:\/\/drive.google.com\/file\/d\/1W7eYHTfyf2S-OTbnmOoGXpSBtANboI2O\/view?usp=sharing\" target=\"_blank\" rel=\"noopener noreferrer\">Plano de Aula<\/a><\/li>\n<li class=\"material topic\"><strong>Material:<\/strong> Um conjunto de quarenta figurinhas numeradas aleatoriamente, trinta conjuntos de oito figurinhas para a atividade extra caso ela seja feita e trinta tabuleiros com espa\u00e7o A e B.<\/li>\n<li class=\"exercise topic\"><strong>Exerc\u00edcios:<\/strong>\n<ul>\n<li class=\"exercise subtopic\"><a href=\"https:\/\/drive.google.com\/file\/d\/1-ftpsEXxdMYP3j1a4OI-fhoRSaMMsk6I\/view?usp=sharing\" target=\"_blank\" rel=\"noopener noreferrer\">Folha de Exerc\u00edcios<\/a><\/li>\n<li class=\"exercise subtopic\"><a href=\"https:\/\/drive.google.com\/file\/d\/1eXLOvX7GNnZckg3vhy3Gy1aP21eUZ8LV\/view?usp=sharing\">Imagem Compara\u00e7\u00e3o de Figurinhas<\/a><\/li>\n<\/ul>\n<\/li>\n<\/ul>\n<\/div>\n<\/div>\n<div class=\"task\">\n<h3 class=\"collapseomatic \" id=\"id69e118c885680\"  tabindex=\"0\" title=\"Tarefa 2\"    >Tarefa 2<\/h3><div id=\"target-id69e118c885680\" class=\"collapseomatic_content \">\n<ul>\n<li class=\"plan topic\"><a href=\"https:\/\/drive.google.com\/file\/d\/1oVK4ZS-kLlyacQ5OSMojhbn25OmdTBrH\/view?usp=sharing\" target=\"_blank\" rel=\"noopener noreferrer\">Plano de Aula<\/a><\/li>\n<li class=\"material topic\"><strong>Material:<\/strong> Para cada dupla de alunos foi distribu\u00eddo um material contendo dez garrafas pet de 600ml, pintadas de modo que n\u00e3o seja poss\u00edvel ver seus conte\u00fados e preenchidas com diferentes volumes de areia (com uma diferen\u00e7a de 100g de uma para outra), cinquenta cart\u00f5es de cartolina preta de 8 cm X 8 cm e tabuleiro para posicionar as garrafinhas.<\/li>\n<li class=\"exercise topic\"><strong>Exerc\u00edcios:<\/strong>\n<ul>\n<li class=\"exercise subtopic\"><a href=\"https:\/\/drive.google.com\/file\/d\/1-Uo32K87Dd3KH2FDn9Xb7-02_fMa22nV\/view?usp=sharing\" target=\"_blank\" rel=\"noopener noreferrer\">Folha de Exerc\u00edcios<\/a><\/li>\n<li class=\"exercise subtopic\"><a href=\"https:\/\/drive.google.com\/file\/d\/1WHI1q2MCqs71lU-KFXVTSxBv3NxdGhpa\/view?usp=sharing\" target=\"_blank\" rel=\"noopener noreferrer\">Tabela para ordena\u00e7\u00e3o das garrafas<\/a><\/li>\n<\/ul>\n<\/li>\n<\/ul>\n<\/div>\n<\/div>\n<div class=\"task\">\n<h3 class=\"collapseomatic \" id=\"id69e118c8856af\"  tabindex=\"0\" title=\"Tarefa 3\"    >Tarefa 3<\/h3><div id=\"target-id69e118c8856af\" class=\"collapseomatic_content \">\n<ul>\n<li class=\"plan topic\"><a href=\"https:\/\/drive.google.com\/file\/d\/1LVoz8mbVlHIc5mI45vWoX4onDwqalGUV\/view?usp=sharing\" target=\"_blank\" rel=\"noopener noreferrer\">Plano de Aula<\/a><\/li>\n<li class=\"material topic\"><strong>Material:<\/strong> Para cada dupla de alunos foi distribu\u00eddo um kit contendo 8 garrafas pet de 600ml, pintadas de modo que n\u00e3o seja poss\u00edvel ver seus conte\u00fados e preenchidas com diferentes volumes de areia (com uma diferen\u00e7a de 100g de uma para outra); 50 cart\u00f5es de cartolina preta de 8 cm X 8 cm e um tabuleiro com posi\u00e7\u00f5es para garrafinhas:\n<ul>\n<li class=\"material subtopic\"><a href=\"https:\/\/drive.google.com\/file\/d\/1HVqD1-_AECfl2rIL6avZz5sdpTdo9ggC\/view?usp=sharing\" target=\"_blank\" rel=\"noopener noreferrer\">Tabuleiro<\/a><\/li>\n<\/ul>\n<\/li>\n<li class=\"exercise topic\"><strong>Exerc\u00edcios:<\/strong>\n<ul>\n<li class=\"exercise subtopic\"><a href=\"https:\/\/drive.google.com\/file\/d\/1y7qtTUpYXu_uD-TRD27ur7KbTDJTVVgz\/view?usp=sharing\" target=\"_blank\" rel=\"noopener noreferrer\">Folha de Exerc\u00edcios<\/a><\/li>\n<\/ul>\n<\/li>\n<\/ul>\n<\/div>\n<\/div>\n<div class=\"task\">\n<h3 class=\"collapseomatic \" id=\"id69e118c8856d1\"  tabindex=\"0\" title=\"Tarefa 4\"    >Tarefa 4<\/h3><div id=\"target-id69e118c8856d1\" class=\"collapseomatic_content \">\n<ul>\n<li class=\"plan topic\"><a href=\"https:\/\/drive.google.com\/file\/d\/1t8zZ3D9Tk9uX4w-He4c2d21eDGtD8Hhi\/view?usp=sharing\" target=\"_blank\" rel=\"noopener noreferrer\">Plano de Aula<\/a><\/li>\n<li class=\"material topic\"><strong>Material:<\/strong> Para cada dupla de alunos foi disponibilizado um tabuleiro principal, um tabuleiro auxiliar, dois envelopes, um conjunto de figuras enumeradas e um conjunto de notas de um real.<\/li>\n<\/ul>\n<\/div>\n<\/div>\n<div class=\"task\">\n<h3 class=\"collapseomatic \" id=\"id69e118c8856f2\"  tabindex=\"0\" title=\"Tarefa 5\"    >Tarefa 5<\/h3><div id=\"target-id69e118c8856f2\" class=\"collapseomatic_content \">\n<ul>\n<li class=\"plan topic\"><a href=\"https:\/\/drive.google.com\/file\/d\/1O3CAEkGkwjTbMWFccLlDdDtyFBiCjxPk\/view?usp=sharing\" target=\"_blank\" rel=\"noopener noreferrer\">Plano de Aula<\/a><\/li>\n<li class=\"material topic\"><strong>Material:<\/strong> Folha de exerc\u00edcios de revis\u00e3o.<\/li>\n<li class=\"exercise topic\"><strong>Exerc\u00edcios:<\/strong>\n<ul>\n<li class=\"exercise subtopic\"><a href=\"https:\/\/drive.google.com\/file\/d\/1uVs_jbJR_QKh50YSr_j5VM5ZAp7fRpcJ\/view?usp=sharing\" target=\"_blank\" rel=\"noopener noreferrer\">Folha de Exerc\u00edcios de Revis\u00e3o<\/a><\/li>\n<\/ul>\n<\/li>\n<\/ul>\n<\/div>\n<\/div>\n<div class=\"task\">\n<h3 class=\"collapseomatic \" id=\"id69e118c885710\"  tabindex=\"0\" title=\"Tarefa 6\"    >Tarefa 6<\/h3><div id=\"target-id69e118c885710\" class=\"collapseomatic_content \">\n<ul>\n<li class=\"evaluation topic\"><a href=\"https:\/\/drive.google.com\/file\/d\/1Nc88-sapcQycap47ZAe-9y141r8fVm_r\/view?usp=sharing\" target=\"_blank\" rel=\"noopener noreferrer\">Avalia\u00e7\u00e3o<\/a><\/li>\n<\/ul>\n<\/div>\n<\/div>\n","protected":false},"excerpt":{"rendered":"<p>Plano de Ensino<\/p>\n","protected":false},"author":268,"featured_media":0,"parent":0,"menu_order":0,"comment_status":"closed","ping_status":"closed","template":"","meta":{"footnotes":""},"class_list":["post-1486","page","type-page","status-publish","hentry"],"_links":{"self":[{"href":"https:\/\/wp.ufpel.edu.br\/pensamentocomputacional\/wp-json\/wp\/v2\/pages\/1486","targetHints":{"allow":["GET"]}}],"collection":[{"href":"https:\/\/wp.ufpel.edu.br\/pensamentocomputacional\/wp-json\/wp\/v2\/pages"}],"about":[{"href":"https:\/\/wp.ufpel.edu.br\/pensamentocomputacional\/wp-json\/wp\/v2\/types\/page"}],"author":[{"embeddable":true,"href":"https:\/\/wp.ufpel.edu.br\/pensamentocomputacional\/wp-json\/wp\/v2\/users\/268"}],"replies":[{"embeddable":true,"href":"https:\/\/wp.ufpel.edu.br\/pensamentocomputacional\/wp-json\/wp\/v2\/comments?post=1486"}],"version-history":[{"count":1,"href":"https:\/\/wp.ufpel.edu.br\/pensamentocomputacional\/wp-json\/wp\/v2\/pages\/1486\/revisions"}],"predecessor-version":[{"id":1488,"href":"https:\/\/wp.ufpel.edu.br\/pensamentocomputacional\/wp-json\/wp\/v2\/pages\/1486\/revisions\/1488"}],"wp:attachment":[{"href":"https:\/\/wp.ufpel.edu.br\/pensamentocomputacional\/wp-json\/wp\/v2\/media?parent=1486"}],"curies":[{"name":"wp","href":"https:\/\/api.w.org\/{rel}","templated":true}]}}