{"id":1470,"date":"2025-07-01T15:01:34","date_gmt":"2025-07-01T18:01:34","guid":{"rendered":"https:\/\/wp.ufpel.edu.br\/pensamentocomputacional\/?page_id=1470"},"modified":"2025-07-01T15:01:34","modified_gmt":"2025-07-01T18:01:34","slug":"batalha-naval-2","status":"publish","type":"page","link":"https:\/\/wp.ufpel.edu.br\/pensamentocomputacional\/batalha-naval-2\/","title":{"rendered":"Batalha Naval 2"},"content":{"rendered":"<div class=\"task\">\n<h3 class=\"collapseomatic \" id=\"id69e11d6a0efa7\"  tabindex=\"0\" title=\"Tarefa 1\"    >Tarefa 1<\/h3><div id=\"target-id69e11d6a0efa7\" class=\"collapseomatic_content \">\n<ul>\n<li class=\"plan topic\"><a href=\"https:\/\/drive.google.com\/open?id=156sclRF5QbLLVZi-vwfuwYk5XqCC5sg_\" target=\"_blank\" rel=\"noopener noreferrer\">Plano de Aula<\/a><\/li>\n<li class=\"material topic\"><strong>Material:<\/strong> Tabuleiros de Jogo (em formato grande para o professor, afixados em isopor, e em folha A4 para os alunos). Quadradinhos confeccionados em cartolina preta com dimens\u00f5es 6cm x 6cm. Alfinetes para fixar os quadradinhos no isopor. Gr\u00e3os de feij\u00e3o.\n<ul>\n<li class=\"material subtopic\"><a href=\"https:\/\/drive.google.com\/open?id=10W6te244xkl7su28QcMLS9aeQ6DMYnDm\" target=\"_blank\" rel=\"noopener noreferrer\">Tabuleiro 1A<\/a><\/li>\n<li class=\"material subtopic\"><a href=\"https:\/\/drive.google.com\/open?id=1CS48QbNeFfrmXSm_6edhQuM2phK7aP5X\" target=\"_blank\" rel=\"noopener noreferrer\">Tabuleiro 1B<\/a><\/li>\n<li><a href=\"https:\/\/drive.google.com\/file\/d\/1opzit8cH7jvjbiYwLYHxyY5NXurP5aE9\/view?usp=sharing\">Modelos de Tabuleiros<\/a><\/li>\n<\/ul>\n<\/li>\n<li class=\"evaluation topic\"><a href=\"https:\/\/drive.google.com\/open?id=1J_2WUvakLsxfY5oUcj3IB2gYAOPgEN7G\" target=\"_blank\" rel=\"noopener noreferrer\">Avalia\u00e7\u00e3o<\/a><\/li>\n<\/ul>\n<\/div>\n<\/div>\n<div class=\"task\">\n<h3 class=\"collapseomatic \" id=\"id69e11d6a0f087\"  tabindex=\"0\" title=\"Tarefa 2\"    >Tarefa 2<\/h3><div id=\"target-id69e11d6a0f087\" class=\"collapseomatic_content \">\n<ul>\n<li class=\"plan topic\"><a href=\"https:\/\/drive.google.com\/open?id=19oROTy2_8AtQ2zhici2L_vE2PuN2DGW0\" target=\"_blank\" rel=\"noopener noreferrer\">Plano de Aula<\/a><\/li>\n<li class=\"material topic\"><strong>Material:<\/strong> Tabuleiro de Jogo (em formato grande para o professor, afixados em isopor, e em folha A4 para os alunos).\n<ul>\n<li class=\"material subtopic\"><a href=\"https:\/\/drive.google.com\/open?id=14eC9C7aG3vq_uK2sFfXbw98YPY9AtHen\" target=\"_blank\" rel=\"noopener noreferrer\">Tabuleiro 2A<\/a><\/li>\n<li class=\"material subtopic\"><a href=\"https:\/\/drive.google.com\/open?id=1J_mQKLSypEutTgDduHJCgQfFzcIdTDl_\" target=\"_blank\" rel=\"noopener noreferrer\">Tabuleiro 2B<\/a><\/li>\n<li><a href=\"https:\/\/drive.google.com\/file\/d\/1l4h6oH2XOw5DwsrtnlscrwEhSXPBb6zt\/view?usp=sharing\">Modelos de Tabuleiros<\/a><\/li>\n<\/ul>\n<\/li>\n<li class=\"evaluation topic\"><a href=\"https:\/\/drive.google.com\/open?id=19SxH-iQwvWiVGHGYQyKzBNU76UCbPyi-\" target=\"_blank\" rel=\"noopener noreferrer\">Avalia\u00e7\u00e3o<\/a><\/li>\n<\/ul>\n<\/div>\n<\/div>\n<div class=\"task\">\n<h3 class=\"collapseomatic \" id=\"id69e11d6a0f0b7\"  tabindex=\"0\" title=\"Tarefa 3\"    >Tarefa 3<\/h3><div id=\"target-id69e11d6a0f0b7\" class=\"collapseomatic_content \">\n<ul>\n<li class=\"plan topic\"><a href=\"https:\/\/drive.google.com\/open?id=1-_MqZsD5Ndr2J5jMrWQnqAkLqVbeurD8\" target=\"_blank\" rel=\"noopener noreferrer\">Plano de Aula<\/a><\/li>\n<li class=\"material topic\"><strong>Material:<\/strong> Tabuleiro de Jogo (em formato grande para o professor, afixados em isopor, e em folha A4 para os alunos).\n<ul>\n<li class=\"material subtopic\"><a href=\"https:\/\/drive.google.com\/open?id=1Gpt3vrQ-V6IcZurAzyBFuUZmrXZRdp1_\" target=\"_blank\" rel=\"noopener noreferrer\">Tabuleiro 3A<\/a><\/li>\n<li class=\"material subtopic\"><a href=\"https:\/\/drive.google.com\/open?id=1xxFj7dLDSDSYbAoN8SNmRDENZhSetmdM\" target=\"_blank\" rel=\"noopener noreferrer\">Tabuleiro 3B<\/a><\/li>\n<li><a href=\"https:\/\/drive.google.com\/file\/d\/1aCisLYDKTwn7gUF0ZzIowVwGTZDqtnbQ\/view?usp=sharing\">Modelos de Tabuleiros<\/a><\/li>\n<\/ul>\n<\/li>\n<li class=\"evaluation topic\"><a href=\"https:\/\/drive.google.com\/open?id=1JFx2HChrLJUEKbJzAa4TT0T4cX-HD_d-\" target=\"_blank\" rel=\"noopener noreferrer\">Avalia\u00e7\u00e3o<\/a><\/li>\n<\/ul>\n<\/div>\n<\/div>\n","protected":false},"excerpt":{"rendered":"","protected":false},"author":268,"featured_media":0,"parent":0,"menu_order":0,"comment_status":"closed","ping_status":"closed","template":"","meta":{"footnotes":""},"class_list":["post-1470","page","type-page","status-publish","hentry"],"_links":{"self":[{"href":"https:\/\/wp.ufpel.edu.br\/pensamentocomputacional\/wp-json\/wp\/v2\/pages\/1470","targetHints":{"allow":["GET"]}}],"collection":[{"href":"https:\/\/wp.ufpel.edu.br\/pensamentocomputacional\/wp-json\/wp\/v2\/pages"}],"about":[{"href":"https:\/\/wp.ufpel.edu.br\/pensamentocomputacional\/wp-json\/wp\/v2\/types\/page"}],"author":[{"embeddable":true,"href":"https:\/\/wp.ufpel.edu.br\/pensamentocomputacional\/wp-json\/wp\/v2\/users\/268"}],"replies":[{"embeddable":true,"href":"https:\/\/wp.ufpel.edu.br\/pensamentocomputacional\/wp-json\/wp\/v2\/comments?post=1470"}],"version-history":[{"count":1,"href":"https:\/\/wp.ufpel.edu.br\/pensamentocomputacional\/wp-json\/wp\/v2\/pages\/1470\/revisions"}],"predecessor-version":[{"id":1472,"href":"https:\/\/wp.ufpel.edu.br\/pensamentocomputacional\/wp-json\/wp\/v2\/pages\/1470\/revisions\/1472"}],"wp:attachment":[{"href":"https:\/\/wp.ufpel.edu.br\/pensamentocomputacional\/wp-json\/wp\/v2\/media?parent=1470"}],"curies":[{"name":"wp","href":"https:\/\/api.w.org\/{rel}","templated":true}]}}