{"id":1457,"date":"2025-07-01T14:53:07","date_gmt":"2025-07-01T17:53:07","guid":{"rendered":"https:\/\/wp.ufpel.edu.br\/pensamentocomputacional\/?page_id=1457"},"modified":"2025-07-01T15:13:46","modified_gmt":"2025-07-01T18:13:46","slug":"numeros-binarios","status":"publish","type":"page","link":"https:\/\/wp.ufpel.edu.br\/pensamentocomputacional\/numeros-binarios\/","title":{"rendered":"N\u00fameros Bin\u00e1rios"},"content":{"rendered":"<div class=\"task\">\n<ul>\n<li><a href=\"https:\/\/drive.google.com\/file\/d\/1Hf0F9mqVJfjjJKhjYye2QrK9jEJbTxiQ\/view?usp=sharing\" target=\"_blank\" rel=\"noopener noreferrer\">Plano de Ensino<\/a><\/li>\n<\/ul>\n<h3 class=\"collapseomatic \" id=\"id69e10951765c3\"  tabindex=\"0\" title=\"Tarefa 1\"    >Tarefa 1<\/h3><div id=\"target-id69e10951765c3\" class=\"collapseomatic_content \">\n<ul>\n<li class=\"plan topic\"><a href=\"https:\/\/drive.google.com\/file\/d\/1TQc1eTuSmcn5X62DazjwWFJGu5D9tGqs\/view?usp=sharing\" target=\"_blank\" rel=\"noopener noreferrer\">Plano de Aula<\/a><\/li>\n<li class=\"material topic\"><strong>Material:<\/strong> o tabuleiro e as cartas foram impressos em sulfite A4 180g e plastificados. As cartas de n\u00famero 1 foram impressas em papel amarelo, as de n\u00famero 2 em papel azul, as de n\u00famero 4 em papel verde, as de n\u00famero 8 em papel vermelho e as de n\u00famero 16 em papel laranja.\n<ul>\n<li class=\"material subtopic\"><a href=\"https:\/\/drive.google.com\/file\/d\/13zQhEsXvaGHwWAx6y80gOOXZop-d9-4v\/view\" target=\"_blank\" rel=\"noopener noreferrer\">Tabuleiro<\/a><\/li>\n<li class=\"material subtopic\"><a href=\"https:\/\/drive.google.com\/file\/d\/1r-O2nqW5gSgfjC4iikK2yqF4hTfBjOWq\/view\" target=\"_blank\" rel=\"noopener noreferrer\">Cartas N.1<\/a><\/li>\n<li class=\"material subtopic\"><a href=\"https:\/\/drive.google.com\/file\/d\/1jpEixuB_5Bjo6zMqIZYU_G0n4RmSqYGZ\/view\" target=\"_blank\" rel=\"noopener noreferrer\">Cartas N.2<\/a><\/li>\n<li class=\"material subtopic\"><a href=\"https:\/\/drive.google.com\/open?id=1askQg2_pgQ4CGuSMnHVmHWZQlyZy1B3M\" target=\"_blank\" rel=\"noopener noreferrer\">Cartas N.4<\/a><\/li>\n<li class=\"material subtopic\"><a href=\"https:\/\/drive.google.com\/open?id=1Zhea7HLZoQR_8FZJwCZxPnhvq5soxATG\" target=\"_blank\" rel=\"noopener noreferrer\">Cartas N.8<\/a><\/li>\n<li class=\"material subtopic\"><a href=\"https:\/\/drive.google.com\/open?id=11Ed6DLSk384pTv9FHtpUl8GDwStZya7w\" target=\"_blank\" rel=\"noopener noreferrer\">Cartas N.16<\/a><\/li>\n<\/ul>\n<\/li>\n<li class=\"exercise topic\"><strong>Exerc\u00edcios:<\/strong>\n<ul>\n<li class=\"exercise subtopic\"><a href=\"https:\/\/drive.google.com\/open?id=1X7ghlg_W0dh_4Fia3t2hwjkXZCE8PE28\" target=\"_blank\" rel=\"noopener noreferrer\">Folha de Exerc\u00edcios 1<\/a><\/li>\n<li class=\"exercise subtopic\"><a href=\"https:\/\/drive.google.com\/open?id=1rPP98qhuhNm8wbngmjI5aO2bJxHg4sGj\" target=\"_blank\" rel=\"noopener noreferrer\">Folha de Exerc\u00edcios 2<\/a><\/li>\n<\/ul>\n<\/li>\n<li class=\"evaluation topic\"><a href=\"https:\/\/drive.google.com\/open?id=1DHeDVmLZLsv1HZC03pSIZjWsT9gGeZiD\" target=\"_blank\" rel=\"noopener noreferrer\">Avalia\u00e7\u00e3o<\/a><\/li>\n<\/ul>\n<\/div>\n<\/div>\n<div class=\"task\">\n<h3 class=\"collapseomatic \" id=\"id69e109517665b\"  tabindex=\"0\" title=\"Tarefa 2\"    >Tarefa 2<\/h3><div id=\"target-id69e109517665b\" class=\"collapseomatic_content \">\n<ul>\n<li class=\"plan topic\"><a href=\"https:\/\/drive.google.com\/open?id=1MyCINYNC2X2jJbYxwvNp5KCeoRksJsO2\" target=\"_blank\" rel=\"noopener noreferrer\">Plano de Aula<\/a><\/li>\n<li class=\"material topic\"><strong>Material:<\/strong> al\u00e9m do material da Tarefa 1, s\u00e3o tamb\u00e9m impressas em folha A4 e afixadas em sala de aluna as seguintes tabelas:.\n<ul>\n<li class=\"material subtopic\"><a href=\"https:\/\/drive.google.com\/open?id=1IBGB4NXNLaNuaL1CkKXwZjCHQaQOO0G0\" target=\"_blank\" rel=\"noopener noreferrer\">A-B<\/a> <a href=\"https:\/\/drive.google.com\/open?id=1zCGEvevkq9iPuRVduRyrtnnrKFp5EFcs\" target=\"_blank\" rel=\"noopener noreferrer\">C-D<\/a> <a href=\"https:\/\/drive.google.com\/open?id=1ROlYiVqdqk-wqSKgkMN-UNnAJoLZ2TDB\" target=\"_blank\" rel=\"noopener noreferrer\">E-F<\/a> <a href=\"https:\/\/drive.google.com\/open?id=12mcF_NXJgjScM1VatbfT-m9mhxaNdEQ1\" target=\"_blank\" rel=\"noopener noreferrer\">G-H<\/a> <a href=\"https:\/\/drive.google.com\/open?id=1LUlz83VXRE-CheLq1HeY5ymfyh0DC24j\" target=\"_blank\" rel=\"noopener noreferrer\">I-J<\/a><br \/>\n<a href=\"https:\/\/drive.google.com\/open?id=1HEHPBpZdL_rEluOcSG9_n-GsiiLE0e_k\" target=\"_blank\" rel=\"noopener noreferrer\">K-L<\/a> <a href=\"https:\/\/drive.google.com\/open?id=18SxoxYDyNhoJiabTIu_vQatrKHKSlpD2\" target=\"_blank\" rel=\"noopener noreferrer\">M-N<\/a> <a href=\"https:\/\/drive.google.com\/open?id=197qL_cD_RuBjFendbvzgD5P-PygHXmDP\" target=\"_blank\" rel=\"noopener noreferrer\">O-P<\/a> <a href=\"https:\/\/drive.google.com\/open?id=1NPWIBtkaE08xSPnqU47ALO_8XBW5tuQp\" target=\"_blank\" rel=\"noopener noreferrer\">Q-R<\/a> <a href=\"https:\/\/drive.google.com\/open?id=1VYDcTGMpVQkLxuRl4ULm3NJpjCUrPS9u\" target=\"_blank\" rel=\"noopener noreferrer\">S-T<\/a> <a href=\"https:\/\/drive.google.com\/open?id=1S4kvudmFyB90cqTCVZsvi9GLslX_jDGz\" target=\"_blank\" rel=\"noopener noreferrer\">U-V<\/a> <a href=\"https:\/\/drive.google.com\/open?id=1AXVGfdPxBYbfahTtPYHC9Tws3oFw1oYC\" target=\"_blank\" rel=\"noopener noreferrer\">W-X<\/a> <a href=\"https:\/\/drive.google.com\/open?id=14w6ShDpPw-_ninuVSEwrlpb03OAcpXk4\" target=\"_blank\" rel=\"noopener noreferrer\">Y-Z<\/a><\/li>\n<\/ul>\n<\/li>\n<li class=\"evaluation topic\"><strong>Avalia\u00e7\u00e3o:<\/strong>\n<ul>\n<li class=\"evaluation subtopic\"><a href=\"https:\/\/drive.google.com\/open?id=1OkgvKS17U72IAnL0-PnRTtxttjzhFO0a\" target=\"_blank\" rel=\"noopener noreferrer\">Op\u00e7\u00e3o 1<\/a><\/li>\n<li class=\"evaluation subtopic\"><a href=\"https:\/\/drive.google.com\/open?id=1ILg1u6FKc5sd8OI8MzbDF8qYdYZINHqW\" target=\"_blank\" rel=\"noopener noreferrer\">Op\u00e7\u00e3o 2<\/a><\/li>\n<\/ul>\n<\/li>\n<\/ul>\n<\/div>\n<\/div>\n<div class=\"task\">\n<h3 class=\"collapseomatic \" id=\"id69e1095176694\"  tabindex=\"0\" title=\"Tarefa 3\"    >Tarefa 3<\/h3><div id=\"target-id69e1095176694\" class=\"collapseomatic_content \">\n<ul>\n<li class=\"plan topic\"><a href=\"https:\/\/drive.google.com\/open?id=1csu-0w07h5C3VqpIJMa2jXXjDGcoypeJ\" target=\"_blank\" rel=\"noopener noreferrer\">Plano de Aula<\/a><\/li>\n<li class=\"material topic\"><strong>Material:<\/strong> o material \u00e9 o mesmo utilizado nas duas primeiras tarefas.<\/li>\n<li class=\"exercise topic\"><strong>Exerc\u00edcios:<\/strong>\n<ul>\n<li class=\"exercise subtopic\"><a href=\"https:\/\/drive.google.com\/open?id=19FWPMcBRoYQeRI7KuYrI3P5Fe2tJYrRL\" target=\"_blank\" rel=\"noopener noreferrer\">Folha de Exerc\u00edcios 1<\/a><\/li>\n<li class=\"exercise subtopic\"><a href=\"https:\/\/drive.google.com\/open?id=1YIXLSoUAYih7DZ1XPdeOoODh17GuxQKB\" target=\"_blank\" rel=\"noopener noreferrer\">Folha de Exerc\u00edcios 2<\/a><\/li>\n<li class=\"exercise subtopic\"><a href=\"https:\/\/drive.google.com\/open?id=1zzeR5dRzfrauYb_ht-hyDd3VOwodgwHV\" target=\"_blank\" rel=\"noopener noreferrer\">Folha de Exerc\u00edcios 3<\/a><\/li>\n<\/ul>\n<\/li>\n<li class=\"evaluation topic\"><a href=\"https:\/\/drive.google.com\/open?id=1FzmHXpNdldDFBVvkXOZJSxVmK3mSwERw\" target=\"_blank\" rel=\"noopener noreferrer\">Avalia\u00e7\u00e3o<\/a><\/li>\n<\/ul>\n<\/div>\n<\/div>\n<div class=\"task\">\n<h3 class=\"collapseomatic \" id=\"id69e10951766c6\"  tabindex=\"0\" title=\"Tarefa 4\"    >Tarefa 4<\/h3><div id=\"target-id69e10951766c6\" class=\"collapseomatic_content \">\n<ul>\n<li class=\"plan topic\"><a href=\"https:\/\/drive.google.com\/file\/d\/18Bayjkb3VhMcI3T6Ai2WIvWKGB4QHcEq\/view\" target=\"_blank\" rel=\"noopener noreferrer\">Plano de Aula<\/a><\/li>\n<li class=\"material topic\"><strong>Material:<\/strong> Tampas de garrafa, 31 para cada dupla de alunos.<\/li>\n<li class=\"exercise topic\"><strong>Exerc\u00edcios:<\/strong>\n<ul>\n<li class=\"exercise subtopic\"><a href=\"https:\/\/drive.google.com\/file\/d\/1YvO3w2mbiQVZ9ZSPOpWB4hNHY-tWIMr6\/view?usp=sharing\" target=\"_blank\" rel=\"noopener noreferrer\">Folha de Exerc\u00edcios<\/a><\/li>\n<\/ul>\n<\/li>\n<\/ul>\n<\/div>\n<\/div>\n<div class=\"task\">\n<h3 class=\"collapseomatic \" id=\"id69e10951766e8\"  tabindex=\"0\" title=\"Tarefa 5\"    >Tarefa 5<\/h3><div id=\"target-id69e10951766e8\" class=\"collapseomatic_content \">\n<ul>\n<li class=\"evaluation topic\"><a href=\"https:\/\/drive.google.com\/file\/d\/1Jr7jkNa5akblR8lu8SIONWDXPeI6wn4y\/view?usp=sharing\" target=\"_blank\" rel=\"noopener noreferrer\">Avalia\u00e7\u00e3o<\/a><\/li>\n<\/ul>\n<\/div>\n<\/div>\n","protected":false},"excerpt":{"rendered":"<p>Plano de Ensino<\/p>\n","protected":false},"author":268,"featured_media":0,"parent":0,"menu_order":0,"comment_status":"closed","ping_status":"closed","template":"","meta":{"footnotes":""},"class_list":["post-1457","page","type-page","status-publish","hentry"],"_links":{"self":[{"href":"https:\/\/wp.ufpel.edu.br\/pensamentocomputacional\/wp-json\/wp\/v2\/pages\/1457","targetHints":{"allow":["GET"]}}],"collection":[{"href":"https:\/\/wp.ufpel.edu.br\/pensamentocomputacional\/wp-json\/wp\/v2\/pages"}],"about":[{"href":"https:\/\/wp.ufpel.edu.br\/pensamentocomputacional\/wp-json\/wp\/v2\/types\/page"}],"author":[{"embeddable":true,"href":"https:\/\/wp.ufpel.edu.br\/pensamentocomputacional\/wp-json\/wp\/v2\/users\/268"}],"replies":[{"embeddable":true,"href":"https:\/\/wp.ufpel.edu.br\/pensamentocomputacional\/wp-json\/wp\/v2\/comments?post=1457"}],"version-history":[{"count":8,"href":"https:\/\/wp.ufpel.edu.br\/pensamentocomputacional\/wp-json\/wp\/v2\/pages\/1457\/revisions"}],"predecessor-version":[{"id":1483,"href":"https:\/\/wp.ufpel.edu.br\/pensamentocomputacional\/wp-json\/wp\/v2\/pages\/1457\/revisions\/1483"}],"wp:attachment":[{"href":"https:\/\/wp.ufpel.edu.br\/pensamentocomputacional\/wp-json\/wp\/v2\/media?parent=1457"}],"curies":[{"name":"wp","href":"https:\/\/api.w.org\/{rel}","templated":true}]}}