{"id":1437,"date":"2025-06-04T21:53:40","date_gmt":"2025-06-05T00:53:40","guid":{"rendered":"https:\/\/wp.ufpel.edu.br\/pensamentocomputacional\/?page_id=1437"},"modified":"2025-11-24T17:25:09","modified_gmt":"2025-11-24T20:25:09","slug":"programacao-com-robo","status":"publish","type":"page","link":"https:\/\/wp.ufpel.edu.br\/pensamentocomputacional\/programacao-com-robo\/","title":{"rendered":"Programa\u00e7\u00e3o com Rob\u00f4"},"content":{"rendered":"<p>por <em>Andersson De Souza Silveira<\/em><br \/>\n<em>\u00a0 \u00a0 \u00a0 Mateus Henrique Schropfer<\/em><br \/>\n<em>\u00a0 \u00a0 \u00a0 Pedro Paulo Moreira De Freitas<\/em><br \/>\n<em>\u00a0 \u00a0 \u00a0 Sofia Petersen Pessil<\/em><\/p>\n<ul>\n<li style=\"list-style-type: none;\">\n<ul>\n<li><a href=\"https:\/\/drive.google.com\/file\/d\/13IjeKQqnEGlcT0IG0SkmweP0wbLa5fYb\/view?usp=drive_link\">Plano de Ensino<\/a><\/li>\n<\/ul>\n<\/li>\n<\/ul>\n<h3 class=\"collapseomatic  colomat-close\" id=\"id69e0cf8fb3443\"  tabindex=\"0\" title=\"Tarefa 1\"    >Tarefa 1<\/h3><div id=\"target-id69e0cf8fb3443\" class=\"collapseomatic_content \">\n<ul>\n<li style=\"list-style-type: none;\">\n<ul>\n<li><a href=\"https:\/\/drive.google.com\/file\/d\/1gpx1tUICZcQwacYRoinNNi6kwV2XfLsO\/view?usp=drive_link\">Plano de Aula<\/a><\/li>\n<\/ul>\n<\/li>\n<\/ul>\n<\/div>\n<h3 class=\"collapseomatic  colomat-close\" id=\"id69e0cf8fb3522\"  tabindex=\"0\" title=\"Tarefa 2\"    >Tarefa 2<\/h3><div id=\"target-id69e0cf8fb3522\" class=\"collapseomatic_content \">\n<ul>\n<li style=\"list-style-type: none;\">\n<ul>\n<li><a href=\"https:\/\/drive.google.com\/file\/d\/1gHpzAZ3AxPlRhjJd9L6euE_mCAr5Pq5o\/view?usp=drive_link\">Plano de Aula<\/a><\/li>\n<\/ul>\n<\/li>\n<\/ul>\n<\/div>\n<h3 class=\"collapseomatic  colomat-close\" id=\"id69e0cf8fb355c\"  tabindex=\"0\" title=\"Tarefa 3\"    >Tarefa 3<\/h3><div id=\"target-id69e0cf8fb355c\" class=\"collapseomatic_content \">\n<ul>\n<li style=\"list-style-type: none;\">\n<ul>\n<li><a href=\"https:\/\/drive.google.com\/file\/d\/1dyGJu5ikLWg4EIyTeideXPXZE32F_0mJ\/view?usp=drive_link\">Plano de Aula<\/a><\/li>\n<\/ul>\n<\/li>\n<\/ul>\n<\/div>\n","protected":false},"excerpt":{"rendered":"<p>por Andersson De Souza Silveira \u00a0 \u00a0 \u00a0 Mateus Henrique Schropfer \u00a0 \u00a0 \u00a0 Pedro Paulo Moreira De Freitas \u00a0 \u00a0 \u00a0 Sofia Petersen Pessil Plano de Ensino<\/p>\n","protected":false},"author":268,"featured_media":0,"parent":0,"menu_order":0,"comment_status":"closed","ping_status":"closed","template":"","meta":{"footnotes":""},"class_list":["post-1437","page","type-page","status-publish","hentry"],"_links":{"self":[{"href":"https:\/\/wp.ufpel.edu.br\/pensamentocomputacional\/wp-json\/wp\/v2\/pages\/1437","targetHints":{"allow":["GET"]}}],"collection":[{"href":"https:\/\/wp.ufpel.edu.br\/pensamentocomputacional\/wp-json\/wp\/v2\/pages"}],"about":[{"href":"https:\/\/wp.ufpel.edu.br\/pensamentocomputacional\/wp-json\/wp\/v2\/types\/page"}],"author":[{"embeddable":true,"href":"https:\/\/wp.ufpel.edu.br\/pensamentocomputacional\/wp-json\/wp\/v2\/users\/268"}],"replies":[{"embeddable":true,"href":"https:\/\/wp.ufpel.edu.br\/pensamentocomputacional\/wp-json\/wp\/v2\/comments?post=1437"}],"version-history":[{"count":3,"href":"https:\/\/wp.ufpel.edu.br\/pensamentocomputacional\/wp-json\/wp\/v2\/pages\/1437\/revisions"}],"predecessor-version":[{"id":1756,"href":"https:\/\/wp.ufpel.edu.br\/pensamentocomputacional\/wp-json\/wp\/v2\/pages\/1437\/revisions\/1756"}],"wp:attachment":[{"href":"https:\/\/wp.ufpel.edu.br\/pensamentocomputacional\/wp-json\/wp\/v2\/media?parent=1437"}],"curies":[{"name":"wp","href":"https:\/\/api.w.org\/{rel}","templated":true}]}}