{"id":1336,"date":"2025-05-29T14:22:22","date_gmt":"2025-05-29T17:22:22","guid":{"rendered":"https:\/\/wp.ufpel.edu.br\/pensamentocomputacional\/?page_id=1336"},"modified":"2025-11-19T17:18:55","modified_gmt":"2025-11-19T20:18:55","slug":"ensino-medio","status":"publish","type":"page","link":"https:\/\/wp.ufpel.edu.br\/pensamentocomputacional\/ensino-medio\/","title":{"rendered":"Ensino M\u00e9dio"},"content":{"rendered":"<p>Muitos dos planos dispon\u00edveis foram desenvolvidos por estudantes de gradua\u00e7\u00e3o. Est\u00e3o em sua primeira vers\u00e3o, e ainda n\u00e3o passaram por revis\u00e3o completa.<\/p>\n","protected":false},"excerpt":{"rendered":"<p>Muitos dos planos dispon\u00edveis foram desenvolvidos por estudantes de gradua\u00e7\u00e3o. Est\u00e3o em sua primeira vers\u00e3o, e ainda n\u00e3o passaram por revis\u00e3o completa.<\/p>\n","protected":false},"author":268,"featured_media":0,"parent":0,"menu_order":0,"comment_status":"closed","ping_status":"closed","template":"","meta":{"footnotes":""},"class_list":["post-1336","page","type-page","status-publish","hentry"],"_links":{"self":[{"href":"https:\/\/wp.ufpel.edu.br\/pensamentocomputacional\/wp-json\/wp\/v2\/pages\/1336","targetHints":{"allow":["GET"]}}],"collection":[{"href":"https:\/\/wp.ufpel.edu.br\/pensamentocomputacional\/wp-json\/wp\/v2\/pages"}],"about":[{"href":"https:\/\/wp.ufpel.edu.br\/pensamentocomputacional\/wp-json\/wp\/v2\/types\/page"}],"author":[{"embeddable":true,"href":"https:\/\/wp.ufpel.edu.br\/pensamentocomputacional\/wp-json\/wp\/v2\/users\/268"}],"replies":[{"embeddable":true,"href":"https:\/\/wp.ufpel.edu.br\/pensamentocomputacional\/wp-json\/wp\/v2\/comments?post=1336"}],"version-history":[{"count":3,"href":"https:\/\/wp.ufpel.edu.br\/pensamentocomputacional\/wp-json\/wp\/v2\/pages\/1336\/revisions"}],"predecessor-version":[{"id":1746,"href":"https:\/\/wp.ufpel.edu.br\/pensamentocomputacional\/wp-json\/wp\/v2\/pages\/1336\/revisions\/1746"}],"wp:attachment":[{"href":"https:\/\/wp.ufpel.edu.br\/pensamentocomputacional\/wp-json\/wp\/v2\/media?parent=1336"}],"curies":[{"name":"wp","href":"https:\/\/api.w.org\/{rel}","templated":true}]}}