{"id":1332,"date":"2025-05-29T14:21:58","date_gmt":"2025-05-29T17:21:58","guid":{"rendered":"https:\/\/wp.ufpel.edu.br\/pensamentocomputacional\/?page_id=1332"},"modified":"2025-11-19T17:18:19","modified_gmt":"2025-11-19T20:18:19","slug":"cultura-digital","status":"publish","type":"page","link":"https:\/\/wp.ufpel.edu.br\/pensamentocomputacional\/cultura-digital\/","title":{"rendered":"Cultura Digital"},"content":{"rendered":"<p>Muitos dos planos dispon\u00edveis foram desenvolvidos por estudantes de gradua\u00e7\u00e3o. Est\u00e3o em sua primeira vers\u00e3o, e ainda n\u00e3o passaram por revis\u00e3o completa.<\/p>\n","protected":false},"excerpt":{"rendered":"<p>Muitos dos planos dispon\u00edveis foram desenvolvidos por estudantes de gradua\u00e7\u00e3o. Est\u00e3o em sua primeira vers\u00e3o, e ainda n\u00e3o passaram por revis\u00e3o completa.<\/p>\n","protected":false},"author":268,"featured_media":0,"parent":0,"menu_order":0,"comment_status":"closed","ping_status":"closed","template":"","meta":{"footnotes":""},"class_list":["post-1332","page","type-page","status-publish","hentry"],"_links":{"self":[{"href":"https:\/\/wp.ufpel.edu.br\/pensamentocomputacional\/wp-json\/wp\/v2\/pages\/1332","targetHints":{"allow":["GET"]}}],"collection":[{"href":"https:\/\/wp.ufpel.edu.br\/pensamentocomputacional\/wp-json\/wp\/v2\/pages"}],"about":[{"href":"https:\/\/wp.ufpel.edu.br\/pensamentocomputacional\/wp-json\/wp\/v2\/types\/page"}],"author":[{"embeddable":true,"href":"https:\/\/wp.ufpel.edu.br\/pensamentocomputacional\/wp-json\/wp\/v2\/users\/268"}],"replies":[{"embeddable":true,"href":"https:\/\/wp.ufpel.edu.br\/pensamentocomputacional\/wp-json\/wp\/v2\/comments?post=1332"}],"version-history":[{"count":3,"href":"https:\/\/wp.ufpel.edu.br\/pensamentocomputacional\/wp-json\/wp\/v2\/pages\/1332\/revisions"}],"predecessor-version":[{"id":1745,"href":"https:\/\/wp.ufpel.edu.br\/pensamentocomputacional\/wp-json\/wp\/v2\/pages\/1332\/revisions\/1745"}],"wp:attachment":[{"href":"https:\/\/wp.ufpel.edu.br\/pensamentocomputacional\/wp-json\/wp\/v2\/media?parent=1332"}],"curies":[{"name":"wp","href":"https:\/\/api.w.org\/{rel}","templated":true}]}}