{"id":1328,"date":"2025-05-29T14:21:31","date_gmt":"2025-05-29T17:21:31","guid":{"rendered":"https:\/\/wp.ufpel.edu.br\/pensamentocomputacional\/?page_id=1328"},"modified":"2025-11-19T17:18:01","modified_gmt":"2025-11-19T20:18:01","slug":"mundo-digital","status":"publish","type":"page","link":"https:\/\/wp.ufpel.edu.br\/pensamentocomputacional\/mundo-digital\/","title":{"rendered":"Mundo Digital"},"content":{"rendered":"<p>Muitos dos planos dispon\u00edveis foram desenvolvidos por estudantes de gradua\u00e7\u00e3o. Est\u00e3o em sua primeira vers\u00e3o, e ainda n\u00e3o passaram por revis\u00e3o completa.<\/p>\n<h1 class=\"collapseomatic \" id=\"id69e0842ae991e\"  tabindex=\"0\" title=\"EF04CO05\"    >EF04CO05<\/h1><div id=\"target-id69e0842ae991e\" class=\"collapseomatic_content \">\n<p class=\"p1\">Codificar diferentes informa\u00e7\u00f5es\u00a0para representa\u00e7\u00e3o em computador (bin\u00e1ria,\u00a0ASCII, atributos de pixel, como RGB etc.).<\/p>\n<ul>\n<li><a href=\"https:\/\/wp.ufpel.edu.br\/pensamentocomputacional\/numeros-binarios\/\">N\u00fameros Bin\u00e1rios<\/a><\/li>\n<li><a href=\"https:\/\/wp.ufpel.edu.br\/pensamentocomputacional\/colorindo-com-os-numeros\/\">Colorindo com os N\u00fameros<\/a><\/li>\n<\/ul>\n<\/div>\n<h1 class=\"collapseomatic \" id=\"id69e0842ae99a9\"  tabindex=\"0\" title=\"EF05CO05\"    >EF05CO05<\/h1><div id=\"target-id69e0842ae99a9\" class=\"collapseomatic_content \">\n<p>Identificar os componentes principais de um computador (dispositivos de entrada\/sa\u00edda, processadores e armazenamento).<\/p>\n<ul>\n<li><a href=\"https:\/\/wp.ufpel.edu.br\/pensamentocomputacional\/quizz-componentes\/\">Quizz Componentes<\/a><\/li>\n<\/ul>\n<\/div>\n<h1 class=\"collapseomatic \" id=\"id69e0842ae99d3\"  tabindex=\"0\" title=\"EF06CO07\"    >EF06CO07<\/h1><div id=\"target-id69e0842ae99d3\" class=\"collapseomatic_content \">\n<p>Entender o processo de transmiss\u00e3o de dados, como a informa\u00e7\u00e3o \u00e9 quebrada em peda\u00e7os, transmitida em pacotes atrav\u00e9s de m\u00faltiplos equipamentos, e reconstru\u00edda no destino<\/p>\n<ul>\n<li><a href=\"https:\/\/wp.ufpel.edu.br\/pensamentocomputacional\/correio-seguro\/\">Correio Seguro<\/a><\/li>\n<\/ul>\n<\/div>\n","protected":false},"excerpt":{"rendered":"<p>Muitos dos planos dispon\u00edveis foram desenvolvidos por estudantes de gradua\u00e7\u00e3o. Est\u00e3o em sua primeira vers\u00e3o, e ainda n\u00e3o passaram por revis\u00e3o completa.<\/p>\n","protected":false},"author":268,"featured_media":0,"parent":0,"menu_order":0,"comment_status":"closed","ping_status":"closed","template":"","meta":{"footnotes":""},"class_list":["post-1328","page","type-page","status-publish","hentry"],"_links":{"self":[{"href":"https:\/\/wp.ufpel.edu.br\/pensamentocomputacional\/wp-json\/wp\/v2\/pages\/1328","targetHints":{"allow":["GET"]}}],"collection":[{"href":"https:\/\/wp.ufpel.edu.br\/pensamentocomputacional\/wp-json\/wp\/v2\/pages"}],"about":[{"href":"https:\/\/wp.ufpel.edu.br\/pensamentocomputacional\/wp-json\/wp\/v2\/types\/page"}],"author":[{"embeddable":true,"href":"https:\/\/wp.ufpel.edu.br\/pensamentocomputacional\/wp-json\/wp\/v2\/users\/268"}],"replies":[{"embeddable":true,"href":"https:\/\/wp.ufpel.edu.br\/pensamentocomputacional\/wp-json\/wp\/v2\/comments?post=1328"}],"version-history":[{"count":3,"href":"https:\/\/wp.ufpel.edu.br\/pensamentocomputacional\/wp-json\/wp\/v2\/pages\/1328\/revisions"}],"predecessor-version":[{"id":1744,"href":"https:\/\/wp.ufpel.edu.br\/pensamentocomputacional\/wp-json\/wp\/v2\/pages\/1328\/revisions\/1744"}],"wp:attachment":[{"href":"https:\/\/wp.ufpel.edu.br\/pensamentocomputacional\/wp-json\/wp\/v2\/media?parent=1328"}],"curies":[{"name":"wp","href":"https:\/\/api.w.org\/{rel}","templated":true}]}}