{"id":1324,"date":"2025-05-29T14:20:34","date_gmt":"2025-05-29T17:20:34","guid":{"rendered":"https:\/\/wp.ufpel.edu.br\/pensamentocomputacional\/?page_id=1324"},"modified":"2026-04-06T11:12:23","modified_gmt":"2026-04-06T14:12:23","slug":"pensamento-computacional","status":"publish","type":"page","link":"https:\/\/wp.ufpel.edu.br\/pensamentocomputacional\/pensamento-computacional\/","title":{"rendered":"Pensamento Computacional"},"content":{"rendered":"<p>Muitos dos planos dispon\u00edveis foram desenvolvidos por estudantes de gradua\u00e7\u00e3o. Est\u00e3o em sua primeira vers\u00e3o, e ainda n\u00e3o passaram por revis\u00e3o completa.<\/p>\n<h1 class=\"collapseomatic \" id=\"id69e118f39c80b\"  tabindex=\"0\" title=\"EF01CO02\"    >EF01CO02<\/h1><div id=\"target-id69e118f39c80b\" class=\"collapseomatic_content \">\n<p>Identificar e seguir sequ\u00eancias de passos aplicados no dia a dia para resolver problemas.<\/p>\n<ul>\n<li><a href=\"https:\/\/wp.ufpel.edu.br\/pensamentocomputacional\/vila-dos-blocos\/\">Atividade Vila dos Blocos<\/a><\/li>\n<\/ul>\n<\/div>\n<h1 class=\"collapseomatic \" id=\"id69e118f39c8a4\"  tabindex=\"0\" title=\"EF01CO03\"    >EF01CO03<\/h1><div id=\"target-id69e118f39c8a4\" class=\"collapseomatic_content \">\n<p>Reorganizar e criar sequ\u00eancias de passos em meios f\u00edsicos ou digitais, relacionando essas sequ\u00eancias \u00e0 palavra \u2018Algoritmos\u2019.<\/p>\n<ul>\n<li><a href=\"https:\/\/wp.ufpel.edu.br\/pensamentocomputacional\/classificacao\/\">Classifica\u00e7\u00e3o<\/a><\/li>\n<\/ul>\n<\/div>\n<h1 class=\"collapseomatic \" id=\"id69e118f39c8d0\"  tabindex=\"0\" title=\"EF02CO02\"    >EF02CO02<\/h1><div id=\"target-id69e118f39c8d0\" class=\"collapseomatic_content \">\n<p>Criar e simular algoritmos representados em linguagem oral, escrita ou pictogr\u00e1fica, constru\u00eddos como sequ\u00eancias com repeti\u00e7\u00f5es simples (itera\u00e7\u00f5es definidas) com base em instru\u00e7\u00f5es preestabelecidas ou criadas, analisando como a precis\u00e3o da instru\u00e7\u00e3o impacta na execu\u00e7\u00e3o do algoritmo.<\/p>\n<ul>\n<li><a href=\"https:\/\/wp.ufpel.edu.br\/pensamentocomputacional\/resgate-no-espaco\/\">Resgate no Espa\u00e7o<\/a><\/li>\n<li><a href=\"https:\/\/wp.ufpel.edu.br\/pensamentocomputacional\/introducao-a-algoritmos\/\">Introdu\u00e7\u00e3o a Algoritmos<\/a><\/li>\n<li><a href=\"https:\/\/wp.ufpel.edu.br\/pensamentocomputacional\/quadrinhos\/\">Quadrinhos<\/a><\/li>\n<\/ul>\n<\/div>\n<h1 class=\"collapseomatic \" id=\"id69e118f39c8f5\"  tabindex=\"0\" title=\"EF03CO01\"    >EF03CO01<\/h1><div id=\"target-id69e118f39c8f5\" class=\"collapseomatic_content \">\n<p>Associar os valores &#8216;verdadeiro&#8217; e &#8216;falso&#8217; a senten\u00e7as l\u00f3gicas que dizem respeito a situa\u00e7\u00f5es do dia a dia, fazendo uso de termos que indicam nega\u00e7\u00e3o.<\/p>\n<ul>\n<li><a href=\"https:\/\/wp.ufpel.edu.br\/pensamentocomputacional\/games-logica-booleana\/\">Games L\u00f3gica Booleana<\/a><\/li>\n<li><a href=\"https:\/\/wp.ufpel.edu.br\/pensamentocomputacional\/logica-no-mundo-doce\/\">L\u00f3gica no Mundo Doce<\/a><\/li>\n<li><a href=\"https:\/\/wp.ufpel.edu.br\/pensamentocomputacional\/introducao-a-logica-computacional\/\">Introdu\u00e7\u00e3o \u00e0 L\u00f3gica Computacional<\/a><\/li>\n<\/ul>\n<\/div>\n<h1 class=\"collapseomatic \" id=\"id69e118f39c916\"  tabindex=\"0\" title=\"EF03CO03\"    >EF03CO03<\/h1><div id=\"target-id69e118f39c916\" class=\"collapseomatic_content \">\n<p>Aplicar a estrat\u00e9gia de decomposi\u00e7\u00e3o para resolver problemas complexos, dividindo esse problema em partes menores, resolvendo-as e combinando suas solu\u00e7\u00f5es.<\/p>\n<ul>\n<li><a href=\"https:\/\/wp.ufpel.edu.br\/pensamentocomputacional\/decomposicao-com-imagens\/\">Decomposi\u00e7\u00e3o com Imagens<\/a><\/li>\n<li><a href=\"https:\/\/wp.ufpel.edu.br\/pensamentocomputacional\/decomposicao-para-resolver-problemas\/\">Usando a Decomposi\u00e7\u00e3o para Resolver Problemas<\/a><\/li>\n<\/ul>\n<\/div>\n<h1 class=\"collapseomatic \" id=\"id69e118f39c93a\"  tabindex=\"0\" title=\"EF04CO01\"    >EF04CO01<\/h1><div id=\"target-id69e118f39c93a\" class=\"collapseomatic_content \">\n<p>Reconhecer objetos do mundo real e\/ou digital que podem ser representados atrav\u00e9s de matrizes que estabelecem uma organiza\u00e7\u00e3o na qual cada componente est\u00e1 em uma posi\u00e7\u00e3o definida por coordenadas, fazendo manipula\u00e7\u00f5es simples sobre estas representa\u00e7\u00f5es.<\/p>\n<ul>\n<li><a href=\"https:\/\/wp.ufpel.edu.br\/pensamentocomputacional\/batalha-naval\/\">Batalha Naval<\/a><\/li>\n<li><a href=\"https:\/\/wp.ufpel.edu.br\/pensamentocomputacional\/uma-aventura-no-espaco-reformulada\/\">Uma Aventura no Espa\u00e7o (reformulada)<\/a><\/li>\n<\/ul>\n<\/div>\n<h1 class=\"collapseomatic \" id=\"id69e118f39c95d\"  tabindex=\"0\" title=\"EF04CO02\"    >EF04CO02<\/h1><div id=\"target-id69e118f39c95d\" class=\"collapseomatic_content \">\n<p class=\"p1\">Reconhecer objetos do mundo real\u00a0e\/ou digital que podem ser representados atrav\u00e9s\u00a0de registros que estabelecem uma organiza\u00e7\u00e3o na\u00a0qual cada componente \u00e9 identificado por um\u00a0nome, fazendo manipula\u00e7\u00f5es sobre estas\u00a0representa\u00e7\u00f5es.<\/p>\n<ul>\n<li><a href=\"https:\/\/wp.ufpel.edu.br\/pensamentocomputacional\/cara-a-cara\/\">Cara a Cara<\/a><\/li>\n<\/ul>\n<\/div>\n<h1 class=\"collapseomatic \" id=\"id69e118f39c97e\"  tabindex=\"0\" title=\"EF04CO03\"    >EF04CO03<\/h1><div id=\"target-id69e118f39c97e\" class=\"collapseomatic_content \">\n<p>Criar e simular algoritmos representados em linguagem oral, escrita ou pictogr\u00e1fica, que incluam sequ\u00eancias e repeti\u00e7\u00f5es simples e aninhadas (itera\u00e7\u00f5es definidas e indefinidas), para resolver problemas de forma independente e em colabora\u00e7\u00e3o.<\/p>\n<ul>\n<li><a href=\"https:\/\/wp.ufpel.edu.br\/pensamentocomputacional\/labirinto-repetido\/\">Labirinto Repetido<\/a><\/li>\n<li><a href=\"https:\/\/wp.ufpel.edu.br\/pensamentocomputacional\/pac-man-desplugado\/\">Pac-Man Desplugado<\/a><\/li>\n<\/ul>\n<\/div>\n<h1 class=\"collapseomatic \" id=\"id69e118f39c99c\"  tabindex=\"0\" title=\"EF04MA03\"    >EF04MA03<\/h1><div id=\"target-id69e118f39c99c\" class=\"collapseomatic_content \">\n<p>Resolver e elaborar problemas com n\u00fameros naturais envolvendo adi\u00e7\u00e3o e subtra\u00e7\u00e3o, utilizando estrat\u00e9gias diversas, como c\u00e1lculo, c\u00e1lculo mental e algoritmos, al\u00e9m de fazer estimativas do resultado.<\/p>\n<ul>\n<li><a href=\"https:\/\/wp.ufpel.edu.br\/pensamentocomputacional\/elementais-rpg\/\">Elementais RPG<\/a><\/li>\n<\/ul>\n<\/div>\n<h1 class=\"collapseomatic \" id=\"id69e118f39c9c6\"  tabindex=\"0\" title=\"EF05CO01\"    >EF05CO01<\/h1><div id=\"target-id69e118f39c9c6\" class=\"collapseomatic_content \">\n<p>Reconhecer objetos do mundo real e\/ou digital que podem ser representados atrav\u00e9s de listas que estabelecem uma organiza\u00e7\u00e3o na qual h\u00e1 um n\u00famero vari\u00e1vel de itens dispostos em sequ\u00eancia, fazendo manipula\u00e7\u00f5es simples sobre estas representa\u00e7\u00f5es.<\/p>\n<ul>\n<li><a href=\"https:\/\/wp.ufpel.edu.br\/pensamentocomputacional\/guerra-de-listas\/\">Guerra de Listas<\/a><\/li>\n<li><a href=\"https:\/\/wp.ufpel.edu.br\/pensamentocomputacional\/primeiro-contato-com-listas\/\">Primeiro Contato com Listas<\/a><\/li>\n<\/ul>\n<\/div>\n<h1 class=\"collapseomatic \" id=\"id69e118f39c9e3\"  tabindex=\"0\" title=\"EF05CO02\"    >EF05CO02<\/h1><div id=\"target-id69e118f39c9e3\" class=\"collapseomatic_content \">\n<p>Reconhecer objetos do mundo real e digital que podem ser representados atrav\u00e9s de grafos que estabelecem uma organiza\u00e7\u00e3o com uma quantidade vari\u00e1vel de v\u00e9rtices conectados por arestas, fazendo manipula\u00e7\u00f5es simples sobre estas representa\u00e7\u00f5es.<\/p>\n<ul>\n<li><a href=\"https:\/\/wp.ufpel.edu.br\/pensamentocomputacional\/jornada-pelos-grafos\/\">Jornada Pelos Grafos<\/a><\/li>\n<li><a href=\"https:\/\/wp.ufpel.edu.br\/pensamentocomputacional\/grafos-e-redes-semanticas\/\">Grafos e Redes Sem\u00e2nticas<\/a><\/li>\n<\/ul>\n<\/div>\n<h1 class=\"collapseomatic \" id=\"id69e118f39ca01\"  tabindex=\"0\" title=\"EF05CO03\"    >EF05CO03<\/h1><div id=\"target-id69e118f39ca01\" class=\"collapseomatic_content \">\n<p>Realizar opera\u00e7\u00f5es de nega\u00e7\u00e3o, conjun\u00e7\u00e3o e disjun\u00e7\u00e3o sobre senten\u00e7as l\u00f3gicas e valores &#8216;verdadeiro&#8217; e &#8216;falso&#8217;.<\/p>\n<ul>\n<li><a href=\"https:\/\/wp.ufpel.edu.br\/pensamentocomputacional\/agentes-secretos\/\">Agentes Secretos<\/a><\/li>\n<\/ul>\n<\/div>\n<h1 class=\"collapseomatic \" id=\"id69e118f39ca1e\"  tabindex=\"0\" title=\"EF05CO04\"    >EF05CO04<\/h1><div id=\"target-id69e118f39ca1e\" class=\"collapseomatic_content \">\n<p>Criar e simular algoritmos representados em linguagem oral, escrita ou pictogr\u00e1fica, que incluam sequ\u00eancias, repeti\u00e7\u00f5es e sele\u00e7\u00f5es condicionais para resolver problemas de forma independente e em colabora\u00e7\u00e3o.<\/p>\n<ul>\n<li><a href=\"https:\/\/wp.ufpel.edu.br\/pensamentocomputacional\/robos-lego\/\">Rob\u00f4s Lego<\/a><\/li>\n<li><a href=\"https:\/\/wp.ufpel.edu.br\/pensamentocomputacional\/ordenacao\/\">Ordena\u00e7\u00e3o<\/a><\/li>\n<li><a href=\"https:\/\/wp.ufpel.edu.br\/pensamentocomputacional\/algoritmos-de-ordenacao\/\">Algoritmos de Ordena\u00e7\u00e3o<\/a><\/li>\n<li><a href=\"https:\/\/wp.ufpel.edu.br\/pensamentocomputacional\/algoritmos\/\">Algoritmos<\/a><\/li>\n<li><a href=\"https:\/\/wp.ufpel.edu.br\/pensamentocomputacional\/ordenacao-2\/\">Ordena\u00e7\u00e3o 2<\/a><\/li>\n<li><a href=\"https:\/\/wp.ufpel.edu.br\/pensamentocomputacional\/soccercraft\/\">SoccerCraft<\/a><\/li>\n<\/ul>\n<\/div>\n<h1 class=\"collapseomatic \" id=\"id69e118f39ca44\"  tabindex=\"0\" title=\"EF15CO01\"    >EF15CO01<\/h1><div id=\"target-id69e118f39ca44\" class=\"collapseomatic_content \">\n<p class=\"p1\">Identificar as principais formas de organizar e\u00a0representar a informa\u00e7\u00e3o de maneira estruturada (matrizes,\u00a0registros, listas e grafos) ou n\u00e3o estruturada (n\u00fameros, palavras,\u00a0valores verdade).<\/p>\n<p>Identificar, compreender e comparar diferentes m\u00e9todos (algoritmos) de busca de dados em listas (sequencial, bin\u00e1ria, hashing, etc.). (Diretrizes SBC, 5o ano EF)<\/p>\n<ul>\n<li><a href=\"https:\/\/wp.ufpel.edu.br\/pensamentocomputacional\/batalha-naval-2\/\">Batalha Naval 2<\/a><\/li>\n<li><a href=\"https:\/\/wp.ufpel.edu.br\/pensamentocomputacional\/caca-ao-tesouro\/\">Ca\u00e7a ao Tesouro<\/a><\/li>\n<li><a href=\"https:\/\/wp.ufpel.edu.br\/pensamentocomputacional\/cara-a-cara\/\">Cara a Cara<\/a><\/li>\n<li><a href=\"https:\/\/wp.ufpel.edu.br\/pensamentocomputacional\/cambio\/\">C\u00e2mbio<\/a><\/li>\n<\/ul>\n<\/div>\n<h1 class=\"collapseomatic \" id=\"id69e118f39ca62\"  tabindex=\"0\" title=\"EF06CO01\"    >EF06CO01<\/h1><div id=\"target-id69e118f39ca62\" class=\"collapseomatic_content \">\n<p>Classificar informa\u00e7\u00f5es, agrupando-as em cole\u00e7\u00f5es (conjuntos) e associando cada cole\u00e7\u00e3o a um \u2018tipo de dados\u2019<\/p>\n<ul>\n<li><a href=\"https:\/\/wp.ufpel.edu.br\/pensamentocomputacional\/explorando-tipos-de-dados\/\">Explorando Tipos de Dados<\/a><\/li>\n<li><a href=\"https:\/\/wp.ufpel.edu.br\/pensamentocomputacional\/mundo-dos-conjuntos\/\">Mundo dos Conjuntos<\/a><\/li>\n<\/ul>\n<\/div>\n<h1 class=\"collapseomatic \" id=\"id69e118f39ca7f\"  tabindex=\"0\" title=\"EF06CO02\"    >EF06CO02<\/h1><div id=\"target-id69e118f39ca7f\" class=\"collapseomatic_content \">\n<p>Elaborar algoritmos que envolvam instru\u00e7\u00f5es sequenciais, de repeti\u00e7\u00e3o e de sele\u00e7\u00e3o usando uma linguagem de programa\u00e7\u00e3o.<\/p>\n<ul>\n<li><a href=\"https:\/\/wp.ufpel.edu.br\/pensamentocomputacional\/docelandia-algoritmos-sequenciais\/\">DoceLandia Algoritmos Sequenciais<\/a><\/li>\n<li><a href=\"https:\/\/wp.ufpel.edu.br\/pensamentocomputacional\/programacao-com-robo\/\">Programa\u00e7\u00e3o com Rob\u00f4<\/a><\/li>\n<\/ul>\n<\/div>\n<h1 class=\"collapseomatic \" id=\"id69e118f39caa1\"  tabindex=\"0\" title=\"EF07CO05\"    >EF07CO05<\/h1><div id=\"target-id69e118f39caa1\" class=\"collapseomatic_content \">\n<p>Criar algoritmos fazendo uso da decomposi\u00e7\u00e3o e do reuso no processo de solu\u00e7\u00e3o de forma colaborativa e cooperativa e automatiz\u00e1-los usando uma linguagem de programa\u00e7\u00e3o.<\/p>\n<ul>\n<li><a href=\"https:\/\/wp.ufpel.edu.br\/pensamentocomputacional\/reuso-com-python\/\">Reuso com Python<\/a><\/li>\n<\/ul>\n<\/div>\n<h1 class=\"collapseomatic \" id=\"id69e118f39cabe\"  tabindex=\"0\" title=\"EF08CO03\"    >EF08CO03<\/h1><div id=\"target-id69e118f39cabe\" class=\"collapseomatic_content \">\n<p>Utilizar algoritmos cl\u00e1ssicos de manipula\u00e7\u00e3o sobre listas.<\/p>\n<ul>\n<li><a href=\"https:\/\/wp.ufpel.edu.br\/pensamentocomputacional\/ordena-facil\/\">Ordena F\u00e1cil<\/a><\/li>\n<\/ul>\n<\/div>\n<h1 class=\"collapseomatic \" id=\"id69e118f39cae1\"  tabindex=\"0\" title=\"EF09CO01\"    >EF09CO01<\/h1><div id=\"target-id69e118f39cae1\" class=\"collapseomatic_content \">\n<p>Criar solu\u00e7\u00f5es de problemas para os quais seja adequado o uso de \u00e1rvores e grafos para descrever suas informa\u00e7\u00f5es e automatiz\u00e1-las usando uma linguagem de programa\u00e7\u00e3o.<\/p>\n<ul>\n<li><a href=\"https:\/\/wp.ufpel.edu.br\/pensamentocomputacional\/codigos-da-floresta\/\">C\u00f3digos da Floresta<\/a><\/li>\n<\/ul>\n<\/div>\n<p>&nbsp;<\/p>\n","protected":false},"excerpt":{"rendered":"<p>Muitos dos planos dispon\u00edveis foram desenvolvidos por estudantes de gradua\u00e7\u00e3o. Est\u00e3o em sua primeira vers\u00e3o, e ainda n\u00e3o passaram por revis\u00e3o completa. &nbsp;<\/p>\n","protected":false},"author":268,"featured_media":0,"parent":0,"menu_order":0,"comment_status":"closed","ping_status":"closed","template":"","meta":{"footnotes":""},"class_list":["post-1324","page","type-page","status-publish","hentry"],"_links":{"self":[{"href":"https:\/\/wp.ufpel.edu.br\/pensamentocomputacional\/wp-json\/wp\/v2\/pages\/1324","targetHints":{"allow":["GET"]}}],"collection":[{"href":"https:\/\/wp.ufpel.edu.br\/pensamentocomputacional\/wp-json\/wp\/v2\/pages"}],"about":[{"href":"https:\/\/wp.ufpel.edu.br\/pensamentocomputacional\/wp-json\/wp\/v2\/types\/page"}],"author":[{"embeddable":true,"href":"https:\/\/wp.ufpel.edu.br\/pensamentocomputacional\/wp-json\/wp\/v2\/users\/268"}],"replies":[{"embeddable":true,"href":"https:\/\/wp.ufpel.edu.br\/pensamentocomputacional\/wp-json\/wp\/v2\/comments?post=1324"}],"version-history":[{"count":4,"href":"https:\/\/wp.ufpel.edu.br\/pensamentocomputacional\/wp-json\/wp\/v2\/pages\/1324\/revisions"}],"predecessor-version":[{"id":1773,"href":"https:\/\/wp.ufpel.edu.br\/pensamentocomputacional\/wp-json\/wp\/v2\/pages\/1324\/revisions\/1773"}],"wp:attachment":[{"href":"https:\/\/wp.ufpel.edu.br\/pensamentocomputacional\/wp-json\/wp\/v2\/media?parent=1324"}],"curies":[{"name":"wp","href":"https:\/\/api.w.org\/{rel}","templated":true}]}}