{"id":1186,"date":"2022-09-14T08:59:54","date_gmt":"2022-09-14T11:59:54","guid":{"rendered":"https:\/\/wp.ufpel.edu.br\/pensamentocomputacional\/?page_id=1186"},"modified":"2022-09-14T10:36:29","modified_gmt":"2022-09-14T13:36:29","slug":"eventos","status":"publish","type":"page","link":"https:\/\/wp.ufpel.edu.br\/pensamentocomputacional\/eventos\/","title":{"rendered":"Eventos"},"content":{"rendered":"<table style=\"border-collapse: collapse; width: 100%;\" border=\"1\">\n<tbody>\n<tr style=\"height: 24px; text-align: center; background-color: #000000;\">\n<td style=\"width: 25%;\"><span style=\"color: #ffffff;\"><strong>Janeiro<\/strong><\/span><\/td>\n<td style=\"width: 25%;\"><span style=\"color: #ffffff;\"><strong>Fevereiro<\/strong><\/span><\/td>\n<td style=\"width: 25%;\"><span style=\"color: #ffffff;\"><strong>Mar\u00e7o<\/strong><\/span><\/td>\n<td style=\"width: 25%;\"><span style=\"color: #ffffff;\"><strong>Abril<\/strong><\/span><\/td>\n<\/tr>\n<tr style=\"height: 24px; text-align: left;\">\n<td style=\"width: 25%;\"><span class=\"collapseomatic \" id=\"id69e065244b99d\"  tabindex=\"0\" title=\"AIED\"    >AIED<\/span><div id=\"target-id69e065244b99d\" class=\"collapseomatic_content \">\n<div><strong>Nome:<\/strong> International Conference on Artificial Intelligence in Education<br \/>\n<strong>Qualis:<\/strong> A2 (2013-2016); A3 (Novo)<br \/>\n<strong>Prazo para Submiss\u00e3o:<\/strong> Janeiro-&gt;Fevereiro<br \/>\n<strong>Data do Evento:<\/strong> Junho-Julho<br \/>\n<strong>Tamanho do Artigo:<\/strong> 12<br \/>\n<strong>Formato:<\/strong> (1c) Springer<br \/>\n<strong>Custo:<\/strong> 175\u20ac<\/div>\n<\/div>\n<span class=\"collapseomatic \" id=\"id69e065244ba38\"  tabindex=\"0\" title=\"ITICSE\"    >ITICSE<\/span><div id=\"target-id69e065244ba38\" class=\"collapseomatic_content \">\n<div><strong>Nome:<\/strong> Conference on Innovation and Technology in Computer Science Education<br \/>\n<strong>Qualis:<\/strong> A2 (2013-2016); A3 (Novo)<br \/>\n<strong>Prazo para Submiss\u00e3o:<\/strong> Janeiro<br \/>\n<strong>Data do Evento:<\/strong> Julho<br \/>\n<strong>Tamanho do Artigo:<\/strong> 6+1<br \/>\n<strong>Formato:<\/strong> (2c) ACM Coluna Dupla<br \/>\n<strong>Custo:<\/strong> 100-325\u20ac<\/div>\n<\/div><\/td>\n<td style=\"width: 25%;\"><span class=\"collapseomatic \" id=\"id69e065244ba61\"  tabindex=\"0\" title=\"FIE\"    >FIE<\/span><div id=\"target-id69e065244ba61\" class=\"collapseomatic_content \">\n<div><strong>Nome:<\/strong> IEEE Frontiers in Education Conference<br \/>\n<strong>Qualis:<\/strong> B1 (2013-2016); A3 (Novo)<br \/>\n<strong>Prazo para Submiss\u00e3o:<\/strong> Fevereiro-&gt;Abril<br \/>\n<strong>Data do Evento:<\/strong> Outubro<br \/>\n<strong>Tamanho do Artigo:<\/strong> 8+1<br \/>\n<strong>Formato:<\/strong> (2c) IEEE<br \/>\n<strong>Custo:<\/strong> U$600-700<\/div>\n<\/div>\n<span class=\"collapseomatic \" id=\"id69e065244ba84\"  tabindex=\"0\" title=\"CHIPlay*\"    >CHIPlay*<\/span><div id=\"target-id69e065244ba84\" class=\"collapseomatic_content \">\n<div><strong>Nome:<\/strong> ACM SIGCHI Annual Symposium on Computer-Human Interaction in Play<br \/>\n<strong>Qualis:<\/strong> &#8211; (2013-2016); A3 (Novo)<br \/>\n<strong>Prazo para Submiss\u00e3o:<\/strong> Fevereiro<br \/>\n<strong>Data do Evento:<\/strong> Outubro\/Novembro<br \/>\n<strong>Tamanho do Artigo:<\/strong> Ilimitado, sugerido 8500 palavras, 17-20 pag.<br \/>\n<strong>Formato:<\/strong> (1c) ACM<br \/>\n<strong>Custo:<\/strong> 100-313\u20ac<\/div>\n<\/div><\/td>\n<td style=\"width: 25%;\"><span class=\"collapseomatic \" id=\"id69e065244baa4\"  tabindex=\"0\" title=\"(WEI)\"    >(WEI)<\/span><div id=\"target-id69e065244baa4\" class=\"collapseomatic_content \">\n<div><strong>Nome:<\/strong> Workshop sobre Educa\u00e7\u00e3o em Computa\u00e7\u00e3o<br \/>\n<strong>Qualis:<\/strong> B3 (2013-2016); A4 (Novo)<br \/>\n<strong>Prazo para Submiss\u00e3o:<\/strong> Mar\u00e7o\/Abril<br \/>\n<strong>Data do Evento:<\/strong> Julho\/Agosto<br \/>\n<strong>Tamanho do Artigo:<\/strong> 12<br \/>\n<strong>Formato:<\/strong> (1c) SBC<br \/>\n<strong>Custo:<\/strong> R$94-680<\/div>\n<\/div>\n<span class=\"collapseomatic \" id=\"id69e065244bac2\"  tabindex=\"0\" title=\"ICER\"    >ICER<\/span><div id=\"target-id69e065244bac2\" class=\"collapseomatic_content \">\n<div><strong>Nome:<\/strong> International Computing Education Research<br \/>\n<strong>Qualis:<\/strong> &#8211; (2013-2016); A3 (Novo)<br \/>\n<strong>Prazo para Submiss\u00e3o:<\/strong> Mar\u00e7o<br \/>\n<strong>Data do Evento:<\/strong> Agosto<br \/>\n<strong>Tamanho do Artigo:<\/strong> 11000 palavras (-agradecimentos e refer\u00eancias)<br \/>\n<strong>Formato:<\/strong> (1c) ACM<br \/>\n<strong>Custo:<\/strong> U$125-325<\/div>\n<\/div>\n<span class=\"collapseomatic \" id=\"id69e065244bae0\"  tabindex=\"0\" title=\"CIG\/COG*\"    >CIG\/COG*<\/span><div id=\"target-id69e065244bae0\" class=\"collapseomatic_content \">\n<div><strong>Nome:<\/strong> IEEE Conference on Computational Intelligence and Games\/IEEE Conference on Games<br \/>\n<strong>Qualis:<\/strong> A2 (2013-2016); A2\/A3 (Novo)<br \/>\n<strong>Prazo para Submiss\u00e3o:<\/strong> Mar\u00e7o\/Abril<br \/>\n<strong>Data do Evento:<\/strong> Agosto<br \/>\n<strong>Tamanho do Artigo:<\/strong> 8<br \/>\n<strong>Formato:<\/strong> (2c) IEEE<br \/>\n<strong>Custo:<\/strong> U$250<\/div>\n<\/div><\/td>\n<td style=\"width: 25%;\"><strong>\u00a0<\/strong><\/td>\n<\/tr>\n<tr style=\"height: 24px; text-align: center; background-color: #000000;\">\n<td style=\"width: 25%;\"><span style=\"color: #ffffff;\"><strong>Maio<\/strong><\/span><\/td>\n<td style=\"width: 25%;\"><span style=\"color: #ffffff;\"><strong>Junho<\/strong><\/span><\/td>\n<td style=\"width: 25%;\"><span style=\"color: #ffffff;\"><strong>Julho<\/strong><\/span><\/td>\n<td style=\"width: 25%;\"><span style=\"color: #ffffff;\"><strong>Agosto<\/strong><\/span><\/td>\n<\/tr>\n<tr style=\"height: 24px; text-align: left;\">\n<td style=\"width: 25%;\"><span class=\"collapseomatic \" id=\"id69e065244bb0c\"  tabindex=\"0\" title=\"(IHC)*\"    >(IHC)*<\/span><div id=\"target-id69e065244bb0c\" class=\"collapseomatic_content \">\n<div><strong>Nome:<\/strong> Simp\u00f3sio Brasileiro sobre Fatores Humanos em Sistemas Computacionais<br \/>\n<strong>Qualis:<\/strong> B2 (2013-2016); A4 (Novo)<br \/>\n<strong>Prazo para Submiss\u00e3o:<\/strong> Maio<br \/>\n<strong>Data do Evento:<\/strong> Outubro<br \/>\n<strong>Tamanho do Artigo:<\/strong> 10+ref<br \/>\n<strong>Formato:<\/strong> (2c) ACM<br \/>\n<strong>Custo:<\/strong> R$96-246<\/div>\n<\/div><\/td>\n<td style=\"width: 25%;\"><span class=\"collapseomatic \" id=\"id69e065244bb37\"  tabindex=\"0\" title=\"(SBIE)\"    >(SBIE)<\/span><div id=\"target-id69e065244bb37\" class=\"collapseomatic_content \">\n<div><strong>Nome:<\/strong> Congresso Brasileiro de Inform\u00e1tica na Educa\u00e7\u00e3o<br \/>\n<strong>Qualis:<\/strong> B1 (2013-2016); A3 (Novo)<br \/>\n<strong>Prazo para Submiss\u00e3o:<\/strong> Junho\/Julho<br \/>\n<strong>Data do Evento:<\/strong> Novembro<br \/>\n<strong>Tamanho do Artigo:<\/strong> 8-10+ref<br \/>\n<strong>Formato:<\/strong> (1c) SBC<br \/>\n<strong>Custo:<\/strong> R$120-702<\/div>\n<\/div>\n<span class=\"collapseomatic \" id=\"id69e065244bb66\"  tabindex=\"0\" title=\"OzCHI*\"    >OzCHI*<\/span><div id=\"target-id69e065244bb66\" class=\"collapseomatic_content \">\n<div><strong>Nome:<\/strong> Australasian Computer-Human Interaction Conference<br \/>\n<strong>Qualis:<\/strong> B1 (2013-2016); A3 (Novo)<br \/>\n<strong>Prazo para Submiss\u00e3o:<\/strong> Junho~Agosto<br \/>\n<strong>Data do Evento:<\/strong> Novembro\/Dezembro<br \/>\n<strong>Tamanho do Artigo:<\/strong> 9-18+ref<br \/>\n<strong>Formato:<\/strong> (2c) ACM<br \/>\n<strong>Custo:<\/strong> &#8211;<\/div>\n<\/div><\/td>\n<td style=\"width: 25%;\"><span class=\"collapseomatic \" id=\"id69e065244bb82\"  tabindex=\"0\" title=\"(SBGAMES)*\"    >(SBGAMES)*<\/span><div id=\"target-id69e065244bb82\" class=\"collapseomatic_content \">\n<div><strong>Nome:<\/strong> Simp\u00f3sio Brasileiro de Jogos e Entretenimento Digital<br \/>\n<strong>Qualis:<\/strong> B2 (2013-2016); B1 (Novo)<br \/>\n<strong>Prazo para Submiss\u00e3o:<\/strong> Julho\/Agosto<br \/>\n<strong>Data do Evento:<\/strong> Outubro<br \/>\n<strong>Tamanho do Artigo:<\/strong> 10<br \/>\n<strong>Formato:<\/strong> (2c) IEEE<br \/>\n<strong>Custo:<\/strong> R$94-180<\/div>\n<\/div><\/td>\n<td style=\"width: 25%;\"><span class=\"collapseomatic \" id=\"id69e065244bb9e\"  tabindex=\"0\" title=\"SIGCSE\"    >SIGCSE<\/span><div id=\"target-id69e065244bb9e\" class=\"collapseomatic_content \">\n<div><strong>Nome:<\/strong> Technical Symposium on Computer Science Education (a sigla vem de ACM Special Interest Group on Computer Science Education)<br \/>\n<strong>Qualis:<\/strong> A1 (2013-2016); A2 (Novo)<br \/>\n<strong>Prazo para Submiss\u00e3o:<\/strong> Agosto<br \/>\n<strong>Data do Evento:<\/strong> Mar\u00e7o<br \/>\n<strong>Tamanho do Artigo:<\/strong> 6+1<br \/>\n<strong>Formato:<\/strong> (2c) ACM<br \/>\n<strong>Custo:<\/strong> U$100-750<\/div>\n<\/div>\n<span class=\"collapseomatic \" id=\"id69e065244bbba\"  tabindex=\"0\" title=\"(WEIT)*\u00b2\"    >(WEIT)*\u00b2<\/span><div id=\"target-id69e065244bbba\" class=\"collapseomatic_content \">\n<div><strong>Nome:<\/strong> Workshop-Escola de Inform\u00e1tica Te\u00f3rica<br \/>\n<strong>Qualis:<\/strong> &#8211; (2013-2016); &#8211; (Novo)<br \/>\n<strong>Prazo para Submiss\u00e3o:<\/strong> Agosto\/Setembro<br \/>\n<strong>Data do Evento:<\/strong> Outubro\/Novembro<br \/>\n<strong>Tamanho do Artigo:<\/strong> 5-9<br \/>\n<strong>Formato:<\/strong> (1c) SBC<br \/>\n<strong>Custo:<\/strong> R$30-50<\/div>\n<\/div>\n<span class=\"collapseomatic \" id=\"id69e065244bbd6\"  tabindex=\"0\" title=\"AAAI*\"    >AAAI*<\/span><div id=\"target-id69e065244bbd6\" class=\"collapseomatic_content \">\n<div><strong>Nome:<\/strong> Conference on Artificial Intelligence<br \/>\n<strong>Qualis:<\/strong> A1 (2013-2016); A1 (Novo)<br \/>\n<strong>Prazo para Submiss\u00e3o:<\/strong> Agosto\/Setembro<br \/>\n<strong>Data do Evento:<\/strong> Fevereiro<br \/>\n<strong>Tamanho do Artigo:<\/strong> 7+ref<br \/>\n<strong>Formato:<\/strong> (2c) AAAI<br \/>\n<strong>Custo:<\/strong> U$300-510<\/div>\n<\/div><\/td>\n<\/tr>\n<tr style=\"height: 24px; text-align: center; background-color: #000000;\">\n<td style=\"width: 25%;\"><span style=\"color: #ffffff;\"><strong>Setembro<\/strong><\/span><\/td>\n<td style=\"width: 25%;\"><span style=\"color: #ffffff;\"><strong>Outubro<\/strong><\/span><\/td>\n<td style=\"width: 25%;\"><span style=\"color: #ffffff;\"><strong>Novembro<\/strong><\/span><\/td>\n<td style=\"width: 25%;\"><span style=\"color: #ffffff;\"><strong>Dezembro<\/strong><\/span><\/td>\n<\/tr>\n<tr style=\"height: 24px; text-align: left;\">\n<td style=\"width: 25%;\"><strong>\u00a0<\/strong><\/td>\n<td style=\"width: 25%;\"><span class=\"collapseomatic \" id=\"id69e065244bbf1\"  tabindex=\"0\" title=\"ICSE-SEET*\"    >ICSE-SEET*<\/span><div id=\"target-id69e065244bbf1\" class=\"collapseomatic_content \">\n<div><strong>Nome:<\/strong> International Conference on Software Engineering &#8211; Software Engineering Education and Training track<br \/>\n<strong>Qualis:<\/strong> A1 (2013-2016); A1 (Novo)<br \/>\n<strong>Prazo para Submiss\u00e3o:<\/strong> Outubro<br \/>\n<strong>Data do Evento:<\/strong> Maio<br \/>\n<strong>Tamanho do Artigo:<\/strong> 10+2\/5+1<br \/>\n<strong>Formato:<\/strong> (2c) ACM<br \/>\n<strong>Custo:<\/strong> U$32-305<\/div>\n<\/div><\/td>\n<td style=\"width: 25%;\"><span class=\"collapseomatic \" id=\"id69e065244bc0c\"  tabindex=\"0\" title=\"CSEDU\"    >CSEDU<\/span><div id=\"target-id69e065244bc0c\" class=\"collapseomatic_content \">\n<div><strong>Nome:<\/strong> International Conference on Computer Supported Education<br \/>\n<strong>Qualis:<\/strong> B1 (2013-2016); A3 (Novo)<br \/>\n<strong>Prazo para Submiss\u00e3o:<\/strong> Novembro<br \/>\n<strong>Data do Evento:<\/strong> Abril<br \/>\n<strong>Tamanho do Artigo:<\/strong> 10-&gt;12<br \/>\n<strong>Formato:<\/strong> (2c) SCITEPRESS<br \/>\n<strong>Custo:<\/strong> 595\u20ac<\/div>\n<\/div><\/td>\n<td style=\"width: 25%;\"><strong>\u00a0<\/strong><\/td>\n<\/tr>\n<\/tbody>\n<\/table>\n<p>*Eventos de outras \u00e1reas, al\u00e9m da Educa\u00e7\u00e3o em Computa\u00e7\u00e3o (CSEd\/CER)<br \/>\n()Eventos Nacionais<br \/>\n\u00b2Evento bianual<br \/>\n(1c) Coluna \u00danica<br \/>\n(2c) Coluna Dupla<\/p>\n<div id=\"temp_8991\" align=\"center\">\n<table style=\"border-collapse: collapse; width: 100%;\" border=\"0\" width=\"768\" cellspacing=\"0\" cellpadding=\"0\">\n<tbody>\n<tr style=\"height: 19.5pt;\">\n<td class=\"xl668991\" style=\"height: 19.5pt; width: 99.7579%; text-align: center;\" colspan=\"6\" width=\"768\" height=\"26\"><span style=\"font-size: 24pt;\"><strong>Peri\u00f3dicos<\/strong><\/span><\/td>\n<\/tr>\n<tr style=\"height: 15pt; background-color: #000000;\">\n<td class=\"xl638991\" style=\"height: 15pt; width: 7.15152%;\" height=\"20\"><strong><span style=\"color: #ffffff;\">Sigla<\/span><\/strong><\/td>\n<td class=\"xl638991\" style=\"width: 43.2727%;\"><strong><span style=\"color: #ffffff;\">Nome<\/span><\/strong><\/td>\n<td class=\"xl638991\" style=\"width: 6.90919%;\"><strong><span style=\"color: #ffffff;\">Qualis<\/span><\/strong><\/td>\n<td class=\"xl638991\" style=\"width: 4.96974%;\"><strong><span style=\"color: #ffffff;\">Novo<\/span><\/strong><\/td>\n<td class=\"xl638991\" style=\"width: 12.1213%;\"><strong><span style=\"color: #ffffff;\">Tamanho<\/span><\/strong><\/td>\n<td class=\"xl638991\" style=\"width: 25.3334%;\"><strong><span style=\"color: #ffffff;\">Editora<\/span><\/strong><\/td>\n<\/tr>\n<tr style=\"mso-height-source: userset; height: 14.45pt;\">\n<td class=\"xl648991\" style=\"height: 14.45pt; width: 7.15152%;\" height=\"19\"><strong>C&amp;E<\/strong><\/td>\n<td class=\"xl648991\" style=\"width: 43.2727%;\">Computers and Education<\/td>\n<td class=\"xl648991\" style=\"width: 6.90919%; text-align: center;\">A1<\/td>\n<td class=\"xl648991\" style=\"width: 4.96974%; text-align: center;\">A1<\/td>\n<td class=\"xl648991\" style=\"text-align: left; width: 12.1213%;\" align=\"right\">8000<\/td>\n<td class=\"xl648991\" style=\"width: 25.3334%;\">Elsevier<\/td>\n<\/tr>\n<tr style=\"height: 15.0pt;\">\n<td class=\"xl648991\" style=\"height: 15pt; width: 7.15152%;\" height=\"20\"><strong>ToE<\/strong><\/td>\n<td class=\"xl648991\" style=\"width: 43.2727%;\">Transactions on Education<\/td>\n<td class=\"xl648991\" style=\"width: 6.90919%; text-align: center;\">A2<\/td>\n<td class=\"xl648991\" style=\"width: 4.96974%; text-align: center;\">A1<\/td>\n<td class=\"xl648991\" style=\"width: 12.1213%;\">8-10 pag.<\/td>\n<td class=\"xl648991\" style=\"width: 25.3334%;\">IEEE<\/td>\n<\/tr>\n<tr style=\"height: 15.0pt;\">\n<td class=\"xl648991\" style=\"height: 15pt; width: 7.15152%;\" height=\"20\"><strong>IE<\/strong><\/td>\n<td class=\"xl648991\" style=\"width: 43.2727%;\">Informatics in Education<\/td>\n<td class=\"xl648991\" style=\"width: 6.90919%; text-align: center;\">B1<\/td>\n<td class=\"xl648991\" style=\"width: 4.96974%; text-align: center;\">A1<\/td>\n<td class=\"xl648991\" style=\"width: 12.1213%;\">&#8211;<\/td>\n<td class=\"xl648991\" style=\"width: 25.3334%;\">&#8211;<\/td>\n<\/tr>\n<tr style=\"height: 15.0pt;\">\n<td class=\"xl648991\" style=\"height: 15pt; width: 7.15152%;\" height=\"20\"><strong>CSE<\/strong><\/td>\n<td class=\"xl648991\" style=\"width: 43.2727%;\">Computer Science Education<\/td>\n<td class=\"xl648991\" style=\"width: 6.90919%; text-align: center;\">B2<\/td>\n<td class=\"xl648991\" style=\"width: 4.96974%; text-align: center;\">A1<\/td>\n<td class=\"xl648991\" style=\"width: 12.1213%;\">8000-10000<\/td>\n<td class=\"xl648991\" style=\"width: 25.3334%;\">Taylor &amp; Francis<\/td>\n<\/tr>\n<tr style=\"height: 15.0pt;\">\n<td class=\"xl648991\" style=\"height: 15pt; width: 7.15152%;\" height=\"20\"><strong>ITSE<\/strong><\/td>\n<td class=\"xl648991\" style=\"width: 43.2727%;\">Interactive Technology and Smart Education<\/td>\n<td class=\"xl648991\" style=\"width: 6.90919%; text-align: center;\">B3<\/td>\n<td class=\"xl648991\" style=\"width: 4.96974%; text-align: center;\">A1<\/td>\n<td class=\"xl648991\" style=\"width: 12.1213%;\">3000-9000<\/td>\n<td class=\"xl648991\" style=\"width: 25.3334%;\">Emerald<\/td>\n<\/tr>\n<tr style=\"height: 15.0pt;\">\n<td class=\"xl648991\" style=\"height: 15pt; width: 7.15152%;\" height=\"20\"><strong>ET&amp;S<\/strong><\/td>\n<td class=\"xl648991\" style=\"width: 43.2727%;\">Educational Technology &amp; Society<span style=\"mso-spacerun: yes;\">\u00a0<\/span><\/td>\n<td class=\"xl648991\" style=\"width: 6.90919%; text-align: center;\">B4<\/td>\n<td class=\"xl648991\" style=\"width: 4.96974%; text-align: center;\">A1<\/td>\n<td class=\"xl648991\" style=\"text-align: left; width: 12.1213%;\" align=\"right\">8000<\/td>\n<td class=\"xl648991\" style=\"width: 25.3334%;\"><\/td>\n<\/tr>\n<tr style=\"height: 15.0pt;\">\n<td class=\"xl648991\" style=\"height: 15pt; width: 7.15152%;\" height=\"20\"><strong>BJET<\/strong><\/td>\n<td class=\"xl658991\" style=\"width: 43.2727%;\">British Journal of Educational Technology<\/td>\n<td class=\"xl648991\" style=\"width: 6.90919%; text-align: center;\">&#8211;<\/td>\n<td class=\"xl648991\" style=\"width: 4.96974%; text-align: center;\">A1<\/td>\n<td class=\"xl648991\" style=\"text-align: left; width: 12.1213%;\" align=\"right\">6000<\/td>\n<td class=\"xl648991\" style=\"width: 25.3334%;\">British Ed. Research Assoc.<span style=\"display: none;\">esearch<br \/>\nAssociation<\/span><\/td>\n<\/tr>\n<tr style=\"height: 15.0pt;\">\n<td class=\"xl648991\" style=\"height: 15pt; width: 7.15152%;\" height=\"20\"><strong>EIT<\/strong><\/td>\n<td class=\"xl648991\" style=\"width: 43.2727%;\">Education and Information Technologies<\/td>\n<td class=\"xl648991\" style=\"width: 6.90919%; text-align: center;\">&#8211;<\/td>\n<td class=\"xl648991\" style=\"width: 4.96974%; text-align: center;\">A1<\/td>\n<td class=\"xl648991\" style=\"width: 12.1213%;\">&#8211;<\/td>\n<td class=\"xl648991\" style=\"width: 25.3334%;\">Springer<\/td>\n<\/tr>\n<tr style=\"height: 15.0pt;\">\n<td class=\"xl648991\" style=\"height: 15pt; width: 7.15152%;\" height=\"20\"><strong>JRTE<\/strong><\/td>\n<td class=\"xl648991\" style=\"width: 43.2727%;\">Journal of Research on Technology in Education<\/td>\n<td class=\"xl648991\" style=\"width: 6.90919%; text-align: center;\">&#8211;<\/td>\n<td class=\"xl648991\" style=\"width: 4.96974%; text-align: center;\">A2<\/td>\n<td class=\"xl648991\" style=\"width: 12.1213%;\">4000-8000<\/td>\n<td class=\"xl648991\" style=\"width: 25.3334%;\">Taylor &amp; Francis<\/td>\n<\/tr>\n<tr style=\"display: none;\">\n<td style=\"width: 7.15152%;\" width=\"83\"><\/td>\n<td style=\"width: 43.2727%;\" width=\"359\"><\/td>\n<td style=\"width: 6.90919%;\" width=\"53\"><\/td>\n<td style=\"width: 4.96974%;\" width=\"46\"><\/td>\n<td style=\"width: 12.1213%;\" width=\"99\"><\/td>\n<td style=\"width: 25.3334%;\" width=\"128\"><\/td>\n<\/tr>\n<\/tbody>\n<\/table>\n<\/div>\n","protected":false},"excerpt":{"rendered":"<p>Janeiro Fevereiro Mar\u00e7o Abril \u00a0 Maio Junho Julho Agosto Setembro Outubro Novembro Dezembro \u00a0 \u00a0 *Eventos de outras \u00e1reas, al\u00e9m da Educa\u00e7\u00e3o em Computa\u00e7\u00e3o (CSEd\/CER) ()Eventos Nacionais \u00b2Evento bianual (1c) Coluna \u00danica (2c) Coluna Dupla Peri\u00f3dicos Sigla Nome Qualis Novo Tamanho Editora C&amp;E Computers and Education A1 A1 8000 Elsevier ToE Transactions on Education A2 [&hellip;]<\/p>\n","protected":false},"author":268,"featured_media":0,"parent":0,"menu_order":0,"comment_status":"closed","ping_status":"closed","template":"","meta":{"footnotes":""},"class_list":["post-1186","page","type-page","status-publish","hentry"],"_links":{"self":[{"href":"https:\/\/wp.ufpel.edu.br\/pensamentocomputacional\/wp-json\/wp\/v2\/pages\/1186","targetHints":{"allow":["GET"]}}],"collection":[{"href":"https:\/\/wp.ufpel.edu.br\/pensamentocomputacional\/wp-json\/wp\/v2\/pages"}],"about":[{"href":"https:\/\/wp.ufpel.edu.br\/pensamentocomputacional\/wp-json\/wp\/v2\/types\/page"}],"author":[{"embeddable":true,"href":"https:\/\/wp.ufpel.edu.br\/pensamentocomputacional\/wp-json\/wp\/v2\/users\/268"}],"replies":[{"embeddable":true,"href":"https:\/\/wp.ufpel.edu.br\/pensamentocomputacional\/wp-json\/wp\/v2\/comments?post=1186"}],"version-history":[{"count":3,"href":"https:\/\/wp.ufpel.edu.br\/pensamentocomputacional\/wp-json\/wp\/v2\/pages\/1186\/revisions"}],"predecessor-version":[{"id":1191,"href":"https:\/\/wp.ufpel.edu.br\/pensamentocomputacional\/wp-json\/wp\/v2\/pages\/1186\/revisions\/1191"}],"wp:attachment":[{"href":"https:\/\/wp.ufpel.edu.br\/pensamentocomputacional\/wp-json\/wp\/v2\/media?parent=1186"}],"curies":[{"name":"wp","href":"https:\/\/api.w.org\/{rel}","templated":true}]}}