{"id":1029,"date":"2021-03-25T21:46:07","date_gmt":"2021-03-26T00:46:07","guid":{"rendered":"https:\/\/wp.ufpel.edu.br\/pensamentocomputacional\/?page_id=1029"},"modified":"2024-11-04T17:28:49","modified_gmt":"2024-11-04T20:28:49","slug":"jogos","status":"publish","type":"page","link":"https:\/\/wp.ufpel.edu.br\/pensamentocomputacional\/gramestation-pt\/jogos\/","title":{"rendered":"Jogos"},"content":{"rendered":"<p>&nbsp;<\/p>\n<table style=\"border-collapse: collapse; width: 100%;\">\n<tbody>\n<tr>\n<td style=\"width: 16%;\"><a href=\"https:\/\/drive.google.com\/file\/d\/1eAQiXbsEMIcsXeQbwANXAS3AXvREY1z6\/view?usp=sharing\"><img loading=\"lazy\" decoding=\"async\" class=\"alignnone wp-image-1170 size-full\" src=\"https:\/\/wp.ufpel.edu.br\/pensamentocomputacional\/files\/2022\/09\/SuperMario.png\" alt=\"\" width=\"775\" height=\"331\" srcset=\"https:\/\/wp.ufpel.edu.br\/pensamentocomputacional\/files\/2022\/09\/SuperMario.png 775w, https:\/\/wp.ufpel.edu.br\/pensamentocomputacional\/files\/2022\/09\/SuperMario-400x171.png 400w, https:\/\/wp.ufpel.edu.br\/pensamentocomputacional\/files\/2022\/09\/SuperMario-768x328.png 768w\" sizes=\"auto, (max-width: 775px) 100vw, 775px\" \/><\/a><\/td>\n<td style=\"width: 8%;\"><a href=\"https:\/\/wp.ufpel.edu.br\/pensamentocomputacional\/files\/2022\/09\/Super-Mario.gif\"><img loading=\"lazy\" decoding=\"async\" class=\"alignnone wp-image-1169 \" src=\"https:\/\/wp.ufpel.edu.br\/pensamentocomputacional\/files\/2022\/09\/video-clip-4_icon-icons.com_48390.png\" alt=\"\" width=\"248\" height=\"200\" \/><\/a><\/td>\n<td style=\"width: 16%;\"><a href=\"https:\/\/drive.google.com\/file\/d\/1nTjoWbx2aK1oackvwyn-iQ2URBPRGpFJ\/view?usp=sharing\"><img loading=\"lazy\" decoding=\"async\" class=\"alignnone wp-image-1173 size-full\" src=\"https:\/\/wp.ufpel.edu.br\/pensamentocomputacional\/files\/2022\/09\/Jogo-da-Velha.png\" alt=\"\" width=\"761\" height=\"335\" srcset=\"https:\/\/wp.ufpel.edu.br\/pensamentocomputacional\/files\/2022\/09\/Jogo-da-Velha.png 761w, https:\/\/wp.ufpel.edu.br\/pensamentocomputacional\/files\/2022\/09\/Jogo-da-Velha-400x176.png 400w\" sizes=\"auto, (max-width: 761px) 100vw, 761px\" \/><\/a><\/td>\n<td style=\"width: 8%;\"><a href=\"https:\/\/wp.ufpel.edu.br\/pensamentocomputacional\/files\/2022\/09\/Jogo-da-Velha.gif\"><img loading=\"lazy\" decoding=\"async\" class=\"alignnone wp-image-1175 size-full\" src=\"https:\/\/wp.ufpel.edu.br\/pensamentocomputacional\/files\/2022\/09\/video-clip-4_icon-icons.com_48390.png\" alt=\"\" width=\"1322\" height=\"720\" \/><\/a><\/td>\n<\/tr>\n<tr>\n<td style=\"width: 16%;\"><a href=\"https:\/\/drive.google.com\/file\/d\/1JtS1Ww3B7MK6K8xRnK9mnklLl-Z2LRMk\/view?usp=sharing\"><img loading=\"lazy\" decoding=\"async\" class=\"alignnone wp-image-1172 size-full\" src=\"https:\/\/wp.ufpel.edu.br\/pensamentocomputacional\/files\/2022\/09\/Pacman-BASJ.png\" alt=\"\" width=\"771\" height=\"331\" srcset=\"https:\/\/wp.ufpel.edu.br\/pensamentocomputacional\/files\/2022\/09\/Pacman-BASJ.png 771w, https:\/\/wp.ufpel.edu.br\/pensamentocomputacional\/files\/2022\/09\/Pacman-BASJ-400x172.png 400w, https:\/\/wp.ufpel.edu.br\/pensamentocomputacional\/files\/2022\/09\/Pacman-BASJ-768x330.png 768w\" sizes=\"auto, (max-width: 771px) 100vw, 771px\" \/><\/a><\/td>\n<td style=\"width: 8%;\"><a href=\"https:\/\/wp.ufpel.edu.br\/pensamentocomputacional\/files\/2022\/09\/Pacman-BASJ.gif\"><img loading=\"lazy\" decoding=\"async\" class=\"alignnone wp-image-1171 size-full\" src=\"https:\/\/wp.ufpel.edu.br\/pensamentocomputacional\/files\/2022\/09\/video-clip-4_icon-icons.com_48390.png\" alt=\"\" width=\"762\" height=\"468\" \/><\/a><\/td>\n<td style=\"width: 16%;\"><a href=\"https:\/\/drive.google.com\/file\/d\/1GmjUYOMovjxJC-FnNKhTbUueKf0OSTum\/view?usp=sharing\"><img loading=\"lazy\" decoding=\"async\" class=\"alignnone size-full wp-image-1204\" src=\"https:\/\/wp.ufpel.edu.br\/pensamentocomputacional\/files\/2022\/09\/Pacman-GLB.png\" alt=\"\" width=\"743\" height=\"333\" srcset=\"https:\/\/wp.ufpel.edu.br\/pensamentocomputacional\/files\/2022\/09\/Pacman-GLB.png 743w, https:\/\/wp.ufpel.edu.br\/pensamentocomputacional\/files\/2022\/09\/Pacman-GLB-400x179.png 400w\" sizes=\"auto, (max-width: 743px) 100vw, 743px\" \/><\/a><\/td>\n<td style=\"width: 8%;\"><a href=\"https:\/\/wp.ufpel.edu.br\/pensamentocomputacional\/files\/2022\/09\/Pacman-GLB.gif\"><img loading=\"lazy\" decoding=\"async\" class=\"alignnone wp-image-1203 size-full\" src=\"https:\/\/wp.ufpel.edu.br\/pensamentocomputacional\/files\/2022\/09\/video-clip-4_icon-icons.com_48390.png\" alt=\"\" width=\"969\" height=\"555\" \/><\/a><\/td>\n<\/tr>\n<tr>\n<td style=\"width: 16%;\"><a href=\"https:\/\/drive.google.com\/file\/d\/1UKRLgy8i65TwkR2f8W91tWc47cvCHr3P\/view?usp=sharing\"><img loading=\"lazy\" decoding=\"async\" class=\"alignnone size-full wp-image-1202\" src=\"https:\/\/wp.ufpel.edu.br\/pensamentocomputacional\/files\/2022\/09\/Pacman-JV.png\" alt=\"\" width=\"741\" height=\"339\" srcset=\"https:\/\/wp.ufpel.edu.br\/pensamentocomputacional\/files\/2022\/09\/Pacman-JV.png 741w, https:\/\/wp.ufpel.edu.br\/pensamentocomputacional\/files\/2022\/09\/Pacman-JV-400x183.png 400w\" sizes=\"auto, (max-width: 741px) 100vw, 741px\" \/><\/a><\/td>\n<td style=\"width: 8%;\"><a href=\"https:\/\/wp.ufpel.edu.br\/pensamentocomputacional\/files\/2022\/09\/Pacman-JV.gif\"><img loading=\"lazy\" decoding=\"async\" class=\"alignnone wp-image-1201 size-full\" src=\"https:\/\/wp.ufpel.edu.br\/pensamentocomputacional\/files\/2022\/09\/video-clip-4_icon-icons.com_48390.png\" alt=\"\" width=\"969\" height=\"555\" \/><\/a><\/td>\n<td style=\"width: 16%;\"><a href=\"https:\/\/drive.google.com\/file\/d\/1c3ZL6rXlJh6-HyRaInm416UI42E3meb1\/view?usp=sharing\"><img loading=\"lazy\" decoding=\"async\" class=\"alignnone size-full wp-image-1200\" src=\"https:\/\/wp.ufpel.edu.br\/pensamentocomputacional\/files\/2022\/09\/Pacman-EAC.png\" alt=\"\" width=\"749\" height=\"333\" srcset=\"https:\/\/wp.ufpel.edu.br\/pensamentocomputacional\/files\/2022\/09\/Pacman-EAC.png 749w, https:\/\/wp.ufpel.edu.br\/pensamentocomputacional\/files\/2022\/09\/Pacman-EAC-400x178.png 400w\" sizes=\"auto, (max-width: 749px) 100vw, 749px\" \/><\/a><\/td>\n<td style=\"width: 8%;\"><a href=\"https:\/\/wp.ufpel.edu.br\/pensamentocomputacional\/files\/2022\/09\/Pacman-EAC.gif\"><img loading=\"lazy\" decoding=\"async\" class=\"alignnone size-full wp-image-1199\" src=\"https:\/\/wp.ufpel.edu.br\/pensamentocomputacional\/files\/2022\/09\/video-clip-4_icon-icons.com_48390.png\" alt=\"\" width=\"843\" height=\"548\" \/><\/a><\/td>\n<\/tr>\n<tr>\n<td style=\"width: 16%;\"><a href=\"https:\/\/drive.google.com\/file\/d\/1UGpWJv--cemKQP_BIGFnZsYhBkPJIvEt\/view?usp=sharing\"><img loading=\"lazy\" decoding=\"async\" class=\"alignnone size-full wp-image-1198\" src=\"https:\/\/wp.ufpel.edu.br\/pensamentocomputacional\/files\/2022\/09\/Pacman-DJC.png\" alt=\"\" width=\"737\" height=\"333\" srcset=\"https:\/\/wp.ufpel.edu.br\/pensamentocomputacional\/files\/2022\/09\/Pacman-DJC.png 737w, https:\/\/wp.ufpel.edu.br\/pensamentocomputacional\/files\/2022\/09\/Pacman-DJC-400x181.png 400w\" sizes=\"auto, (max-width: 737px) 100vw, 737px\" \/><\/a><\/td>\n<td style=\"width: 8%;\"><a href=\"https:\/\/wp.ufpel.edu.br\/pensamentocomputacional\/files\/2022\/09\/Pacman-DJC.gif\"><img loading=\"lazy\" decoding=\"async\" class=\"alignnone size-full wp-image-1197\" src=\"https:\/\/wp.ufpel.edu.br\/pensamentocomputacional\/files\/2022\/09\/video-clip-4_icon-icons.com_48390.png\" alt=\"\" width=\"843\" height=\"548\" \/><\/a><\/td>\n<td style=\"width: 16%;\"><a href=\"https:\/\/drive.google.com\/file\/d\/1SdsP_UcvtONysvCcneE4EhYu1ItxJcJ6\/view?usp=sharing\"><img loading=\"lazy\" decoding=\"async\" class=\"alignnone size-full wp-image-1196\" src=\"https:\/\/wp.ufpel.edu.br\/pensamentocomputacional\/files\/2022\/09\/Pacman-AJC.png\" alt=\"\" width=\"763\" height=\"331\" srcset=\"https:\/\/wp.ufpel.edu.br\/pensamentocomputacional\/files\/2022\/09\/Pacman-AJC.png 763w, https:\/\/wp.ufpel.edu.br\/pensamentocomputacional\/files\/2022\/09\/Pacman-AJC-400x174.png 400w\" sizes=\"auto, (max-width: 763px) 100vw, 763px\" \/><\/a><\/td>\n<td style=\"width: 8%;\"><a href=\"https:\/\/wp.ufpel.edu.br\/pensamentocomputacional\/files\/2022\/09\/Pacman-AJC.gif\"><img loading=\"lazy\" decoding=\"async\" class=\"alignnone size-full wp-image-1195\" src=\"https:\/\/wp.ufpel.edu.br\/pensamentocomputacional\/files\/2022\/09\/video-clip-4_icon-icons.com_48390.png\" alt=\"\" width=\"728\" height=\"485\" \/><\/a><\/td>\n<\/tr>\n<tr>\n<td style=\"width: 16%;\"><a href=\"https:\/\/drive.google.com\/drive\/folders\/1J2tbxLafxaocQzzWzdSob1RVXb4-zLuq?usp=sharing\"><img loading=\"lazy\" decoding=\"async\" class=\"alignnone wp-image-1277 size-full\" src=\"https:\/\/wp.ufpel.edu.br\/pensamentocomputacional\/files\/2024\/11\/land-of-abstraction.png\" alt=\"\" width=\"768\" height=\"344\" srcset=\"https:\/\/wp.ufpel.edu.br\/pensamentocomputacional\/files\/2024\/11\/land-of-abstraction.png 768w, https:\/\/wp.ufpel.edu.br\/pensamentocomputacional\/files\/2024\/11\/land-of-abstraction-400x179.png 400w\" sizes=\"auto, (max-width: 768px) 100vw, 768px\" \/><\/a><\/td>\n<td style=\"width: 8%;\"><a><img loading=\"lazy\" decoding=\"async\" class=\"alignnone size-full wp-image-1197\" src=\"https:\/\/wp.ufpel.edu.br\/pensamentocomputacional\/files\/2022\/09\/video-clip-4_icon-icons.com_48390.png\" alt=\"\" width=\"843\" height=\"548\" \/><\/a><\/td>\n<td style=\"width: 16%;\"><a href=\"https:\/\/drive.google.com\/drive\/folders\/1cXbiEx6TRGPLb65yaxaZiL0ZqkuOZyNY?usp=sharing\"><img loading=\"lazy\" decoding=\"async\" class=\"alignnone wp-image-1276 size-full\" src=\"https:\/\/wp.ufpel.edu.br\/pensamentocomputacional\/files\/2024\/11\/virtual-pet.png\" alt=\"\" width=\"808\" height=\"343\" srcset=\"https:\/\/wp.ufpel.edu.br\/pensamentocomputacional\/files\/2024\/11\/virtual-pet.png 808w, https:\/\/wp.ufpel.edu.br\/pensamentocomputacional\/files\/2024\/11\/virtual-pet-400x170.png 400w, https:\/\/wp.ufpel.edu.br\/pensamentocomputacional\/files\/2024\/11\/virtual-pet-768x326.png 768w\" sizes=\"auto, (max-width: 808px) 100vw, 808px\" \/><\/a><\/td>\n<td style=\"width: 8%;\"><a><img loading=\"lazy\" decoding=\"async\" class=\"alignnone size-full wp-image-1195\" src=\"https:\/\/wp.ufpel.edu.br\/pensamentocomputacional\/files\/2022\/09\/video-clip-4_icon-icons.com_48390.png\" alt=\"\" width=\"728\" height=\"485\" \/><\/a><\/td>\n<\/tr>\n<\/tbody>\n<\/table>\n<h1>Como abrir os jogos no GrameStation?<\/h1>\n<ol>\n<li><a href=\"https:\/\/wp.ufpel.edu.br\/pensamentocomputacional\/files\/2022\/09\/Baixar-Jogos-1.gif\"><img loading=\"lazy\" decoding=\"async\" class=\"wp-image-1178 alignright\" src=\"https:\/\/wp.ufpel.edu.br\/pensamentocomputacional\/files\/2022\/09\/Baixar-Jogos-1.gif\" alt=\"\" width=\"466\" height=\"254\" \/><\/a> Clique no banner do jogo desejado na tabela acima<\/li>\n<li>Fa\u00e7a o download do jogo<\/li>\n<li>Coloque-o na pasta &#8220;Games&#8221;, dentro de &#8220;GrameStation_Data&#8221;, que est\u00e1 na pasta onde o GrameStation est\u00e1 instalado (GrameStation\\GrameStation_Data\\Games)<\/li>\n<li>Quando abrir o GrameStation, o jogo j\u00e1 aparecer\u00e1 na lista na tela inicial.<\/li>\n<\/ol>\n<p>&nbsp;<\/p>\n","protected":false},"excerpt":{"rendered":"<p>&nbsp; Como abrir os jogos no GrameStation? Clique no banner do jogo desejado na tabela acima Fa\u00e7a o download do jogo Coloque-o na pasta &#8220;Games&#8221;, dentro de &#8220;GrameStation_Data&#8221;, que est\u00e1 na pasta onde o GrameStation est\u00e1 instalado (GrameStation\\GrameStation_Data\\Games) Quando abrir o GrameStation, o jogo j\u00e1 aparecer\u00e1 na lista na tela inicial. &nbsp;<\/p>\n","protected":false},"author":268,"featured_media":0,"parent":847,"menu_order":0,"comment_status":"closed","ping_status":"closed","template":"","meta":{"footnotes":""},"class_list":["post-1029","page","type-page","status-publish","hentry"],"_links":{"self":[{"href":"https:\/\/wp.ufpel.edu.br\/pensamentocomputacional\/wp-json\/wp\/v2\/pages\/1029","targetHints":{"allow":["GET"]}}],"collection":[{"href":"https:\/\/wp.ufpel.edu.br\/pensamentocomputacional\/wp-json\/wp\/v2\/pages"}],"about":[{"href":"https:\/\/wp.ufpel.edu.br\/pensamentocomputacional\/wp-json\/wp\/v2\/types\/page"}],"author":[{"embeddable":true,"href":"https:\/\/wp.ufpel.edu.br\/pensamentocomputacional\/wp-json\/wp\/v2\/users\/268"}],"replies":[{"embeddable":true,"href":"https:\/\/wp.ufpel.edu.br\/pensamentocomputacional\/wp-json\/wp\/v2\/comments?post=1029"}],"version-history":[{"count":10,"href":"https:\/\/wp.ufpel.edu.br\/pensamentocomputacional\/wp-json\/wp\/v2\/pages\/1029\/revisions"}],"predecessor-version":[{"id":1205,"href":"https:\/\/wp.ufpel.edu.br\/pensamentocomputacional\/wp-json\/wp\/v2\/pages\/1029\/revisions\/1205"}],"up":[{"embeddable":true,"href":"https:\/\/wp.ufpel.edu.br\/pensamentocomputacional\/wp-json\/wp\/v2\/pages\/847"}],"wp:attachment":[{"href":"https:\/\/wp.ufpel.edu.br\/pensamentocomputacional\/wp-json\/wp\/v2\/media?parent=1029"}],"curies":[{"name":"wp","href":"https:\/\/api.w.org\/{rel}","templated":true}]}}