{"id":998,"date":"2020-05-17T04:45:09","date_gmt":"2020-05-17T07:45:09","guid":{"rendered":"https:\/\/wp.ufpel.edu.br\/pelotasmun\/?page_id=998"},"modified":"2026-04-23T20:18:44","modified_gmt":"2026-04-23T23:18:44","slug":"press-2","status":"publish","type":"page","link":"https:\/\/wp.ufpel.edu.br\/pelotasmun\/press-2\/","title":{"rendered":"Press"},"content":{"rendered":"<table style=\"width: 100%; border-collapse: collapse; border-style: none; height: 1940px;\" border=\"1\">\n<tbody>\n<tr style=\"border-style: hidden;\">\n<td style=\"width: 17px; border-style: none; height: 228px;\"><\/td>\n<td style=\"width: 733px; border-style: none; height: 228px;\">\n<p style=\"text-align: justify;\"><span style=\"font-size: 14pt;\"><span style=\"font-weight: 400;\"><strong>Laura Crizel, <\/strong>\u00a0<\/span><i><span style=\"font-weight: 400;\">Diretora de Press.<\/span><\/i><\/span><\/p>\n<p style=\"text-align: justify;\"><span style=\"font-weight: 400;\">Tenho 20 anos, sou de Rio Grande\/RS, estou no quinto semestre do curso de jornalismo. <\/span><span style=\"font-weight: 400;\">Amante de cinema, futebol, geopol\u00edtica e de grandes hist\u00f3rias. Participar do PelotasMun \u00e9 uma oportunidade para me aproximar do jornalismo geopol\u00edtico, aperfei\u00e7oar minhas capacidades de escrita e design, al\u00e9m de conhecer novas pessoas e fazer novas amizades.<\/span><\/p>\n<p style=\"text-align: justify;\">\n<\/td>\n<\/tr>\n<tr style=\"border-style: hidden; height: 38px; text-align: justify;\">\n<td style=\"width: 17px; border-style: none; height: 10px;\">\n<p>&nbsp;<\/p>\n<p>&nbsp;<\/td>\n<td style=\"width: 733px; border-style: none; height: 10px;\"><\/td>\n<\/tr>\n<tr style=\"border-style: hidden; height: 223px; text-align: justify;\">\n<td style=\"width: 17px; border-style: none; height: 223px;\"><\/td>\n<td style=\"width: 733px; border-style: none; height: 223px;\">\n<p><span style=\"font-size: 14pt;\"><strong>Ot\u00e1vio de Mattos,\u00a0 <\/strong><i><span style=\"font-weight: 400;\">Diretor de Press.<\/span><\/i><\/span><\/p>\n<p><span style=\"font-weight: 400;\">Tenho 20 anos, sou de Pelotas\/RS e atualmente estou cursando o segundo semestre de Jornalismo. Gosto muito de ler livros, assistir a s\u00e9ries e filmes, estar com a minha fam\u00edlia e na natureza. Desde muito cedo, sempre tive interesse em me informar sobre o que acontece no mundo. Participar do PelotasMUN \u00e9 uma \u00f3tima oportunidade para o meu desenvolvimento profissional, al\u00e9m de me permitir conhecer pessoas novas.<\/span><\/td>\n<\/tr>\n<tr style=\"height: 30px; text-align: justify;\">\n<td style=\"width: 17px; border-style: none; height: 30px;\"><\/td>\n<td style=\"width: 733px; border-style: none; height: 30px;\"><\/td>\n<\/tr>\n<tr style=\"border-style: hidden; height: 196px; text-align: justify;\">\n<td style=\"width: 17px; border-style: none; height: 196px;\"><\/td>\n<td style=\"width: 733px; border-style: none; height: 196px;\">\n<p><span style=\"font-size: 14pt;\"><strong>Beatriz Alt Lages,\u00a0 <\/strong><i><span style=\"font-weight: 400;\">Assistente de Press.<\/span><\/i><\/span><\/p>\n<p><span style=\"font-weight: 400;\">Tenho 20 anos, sou de Pelotas\/RS e curso Jornalismo. Tenho grande interesse por esportes, pol\u00edtica, fotografia, leitura e escrita. Assim como meus hobbies, tamb\u00e9m me interesso por diversas \u00e1reas do jornalismo, buscando sempre ampliar meus conhecimentos e experi\u00eancias. <\/span><span style=\"font-weight: 400;\">Participar do MUN \u00e9 uma experi\u00eancia incr\u00edvel, especialmente pela oportunidade de divulgar informa\u00e7\u00f5es e acompanhar de perto as principais not\u00edcias do cen\u00e1rio internacional. Al\u00e9m disso, fico muito feliz em fazer parte do projeto de simula\u00e7\u00e3o da ONU que contribui diretamente para minha forma\u00e7\u00e3o acad\u00eamica e profissional, com conhecimentos e experi\u00eancias que agregam na minha forma\u00e7\u00e3o.<\/span><\/p>\n<p>&nbsp;<\/p>\n<p>&nbsp;<\/td>\n<\/tr>\n<tr style=\"height: 38px; text-align: justify;\">\n<td style=\"width: 17px; border-style: none; height: 38px;\"><\/td>\n<td style=\"width: 733px; border-style: none; height: 38px;\"><\/td>\n<\/tr>\n<tr style=\"border-style: hidden; height: 196px; text-align: justify;\">\n<td style=\"width: 17px; border-style: none; height: 196px;\"><\/td>\n<td style=\"width: 733px; border-style: none; height: 196px;\"><\/td>\n<\/tr>\n<tr style=\"border-style: hidden; height: 38px; text-align: justify;\">\n<td style=\"width: 17px; border-style: none; height: 38px;\">\n<p>&nbsp;<\/p>\n<p>&nbsp;<\/td>\n<td style=\"width: 733px; border-style: none; height: 38px;\"><\/td>\n<\/tr>\n<tr style=\"border-style: hidden; height: 196px; text-align: justify;\">\n<td style=\"width: 17px; border-style: none; height: 196px;\">\n<p>&nbsp;<\/p>\n<p>&nbsp;<\/td>\n<td style=\"width: 733px; border-style: none; height: 196px;\"><\/td>\n<\/tr>\n<\/tbody>\n<\/table>\n<p style=\"text-align: justify;\">\n","protected":false},"excerpt":{"rendered":"<p>Laura Crizel, \u00a0Diretora de Press. Tenho 20 anos, sou de Rio Grande\/RS, estou no quinto semestre do curso de jornalismo. Amante de cinema, futebol, geopol\u00edtica e de grandes hist\u00f3rias. Participar do PelotasMun \u00e9 uma oportunidade para me aproximar do jornalismo geopol\u00edtico, aperfei\u00e7oar minhas capacidades de escrita e design, al\u00e9m de conhecer novas pessoas e fazer &hellip; <\/p>\n<p><a class=\"more-link btn\" href=\"https:\/\/wp.ufpel.edu.br\/pelotasmun\/press-2\/\">Continue lendo<\/a><\/p>\n","protected":false},"author":764,"featured_media":0,"parent":0,"menu_order":0,"comment_status":"closed","ping_status":"closed","template":"","meta":{"footnotes":""},"class_list":["post-998","page","type-page","status-publish","hentry","nodate","item-wrap"],"jetpack_sharing_enabled":true,"jetpack_shortlink":"https:\/\/wp.me\/P8QcCB-g6","jetpack-related-posts":[],"_links":{"self":[{"href":"https:\/\/wp.ufpel.edu.br\/pelotasmun\/wp-json\/wp\/v2\/pages\/998","targetHints":{"allow":["GET"]}}],"collection":[{"href":"https:\/\/wp.ufpel.edu.br\/pelotasmun\/wp-json\/wp\/v2\/pages"}],"about":[{"href":"https:\/\/wp.ufpel.edu.br\/pelotasmun\/wp-json\/wp\/v2\/types\/page"}],"author":[{"embeddable":true,"href":"https:\/\/wp.ufpel.edu.br\/pelotasmun\/wp-json\/wp\/v2\/users\/764"}],"replies":[{"embeddable":true,"href":"https:\/\/wp.ufpel.edu.br\/pelotasmun\/wp-json\/wp\/v2\/comments?post=998"}],"version-history":[{"count":3,"href":"https:\/\/wp.ufpel.edu.br\/pelotasmun\/wp-json\/wp\/v2\/pages\/998\/revisions"}],"predecessor-version":[{"id":6006,"href":"https:\/\/wp.ufpel.edu.br\/pelotasmun\/wp-json\/wp\/v2\/pages\/998\/revisions\/6006"}],"wp:attachment":[{"href":"https:\/\/wp.ufpel.edu.br\/pelotasmun\/wp-json\/wp\/v2\/media?parent=998"}],"curies":[{"name":"wp","href":"https:\/\/api.w.org\/{rel}","templated":true}]}}