{"id":995,"date":"2020-05-17T04:44:12","date_gmt":"2020-05-17T07:44:12","guid":{"rendered":"https:\/\/wp.ufpel.edu.br\/pelotasmun\/?page_id=995"},"modified":"2025-06-12T15:19:05","modified_gmt":"2025-06-12T18:19:05","slug":"logistica","status":"publish","type":"page","link":"https:\/\/wp.ufpel.edu.br\/pelotasmun\/logistica\/","title":{"rendered":"Log\u00edstica"},"content":{"rendered":"<table style=\"height: 1843px;\" border=\"1\" width=\"798\">\n<tbody>\n<tr style=\"border-style: hidden;\">\n<td style=\"width: 221px; border-style: hidden; height: 271px;\"><img loading=\"lazy\" decoding=\"async\" class=\"aligncenter wp-image-5804 size-large\" src=\"https:\/\/wp.ufpel.edu.br\/pelotasmun\/files\/2025\/03\/5-1024x1024.png\" alt=\"\" width=\"1024\" height=\"1024\" srcset=\"https:\/\/wp.ufpel.edu.br\/pelotasmun\/files\/2025\/03\/5-1024x1024.png 1024w, https:\/\/wp.ufpel.edu.br\/pelotasmun\/files\/2025\/03\/5-400x400.png 400w, https:\/\/wp.ufpel.edu.br\/pelotasmun\/files\/2025\/03\/5-200x200.png 200w, https:\/\/wp.ufpel.edu.br\/pelotasmun\/files\/2025\/03\/5-768x768.png 768w, https:\/\/wp.ufpel.edu.br\/pelotasmun\/files\/2025\/03\/5.png 1080w\" sizes=\"auto, (max-width: 1024px) 100vw, 1024px\" \/><\/td>\n<td style=\"width: 529px; border-style: hidden; height: 271px;\">\n<p><span style=\"font-size: 14pt;\"><strong>Fl\u00e1vio Murussi,\u00a0 <\/strong><\/span><em><span style=\"font-size: 14pt;\">Diretor de Log\u00edstica. <\/span>\u00a0 \u00a0 \u00a0 \u00a0 \u00a0 \u00a0 \u00a0 \u00a0 \u00a0 \u00a0 \u00a0 \u00a0 \u00a0 \u00a0 \u00a0 \u00a0 \u00a0 \u00a0 \u00a0 \u00a0 \u00a0 \u00a0 \u00a0 \u00a0 \u00a0 \u00a0 \u00a0 \u00a0 \u00a0 \u00a0 \u00a0 \u00a0 <\/em><\/p>\n<p>Tenho 20 anos, sou da cidade de Cruz Alta\/RS, atualmente estou no terceiro semestre de Rela\u00e7\u00f5es Internacionais. Apaixonado por hist\u00f3ria, direito e me aperfei\u00e7oar diariamente. Estar no MUN, me proporciona o desenvolvimento das minhas habilidades, aprimorar minhas compet\u00eancias de lideran\u00e7a, me aperfei\u00e7oar tanto como pessoa e profissional.<\/td>\n<\/tr>\n<tr style=\"border-style: hidden;\">\n<td style=\"width: 221px; border-style: hidden; height: 38px;\"><\/td>\n<td style=\"width: 529px; border-style: hidden; height: 38px;\"><\/td>\n<\/tr>\n<tr style=\"border-style: hidden;\">\n<td style=\"width: 221px; border-style: hidden; height: 253px;\">\n<p><img loading=\"lazy\" decoding=\"async\" class=\"aligncenter size-large wp-image-5805\" src=\"https:\/\/wp.ufpel.edu.br\/pelotasmun\/files\/2025\/03\/6-1024x1024.png\" alt=\"\" width=\"1024\" height=\"1024\" srcset=\"https:\/\/wp.ufpel.edu.br\/pelotasmun\/files\/2025\/03\/6-1024x1024.png 1024w, https:\/\/wp.ufpel.edu.br\/pelotasmun\/files\/2025\/03\/6-400x400.png 400w, https:\/\/wp.ufpel.edu.br\/pelotasmun\/files\/2025\/03\/6-200x200.png 200w, https:\/\/wp.ufpel.edu.br\/pelotasmun\/files\/2025\/03\/6-768x768.png 768w, https:\/\/wp.ufpel.edu.br\/pelotasmun\/files\/2025\/03\/6.png 1080w\" sizes=\"auto, (max-width: 1024px) 100vw, 1024px\" \/><\/p>\n<p>&nbsp;<\/td>\n<td style=\"width: 529px; border-style: hidden; height: 253px;\">\n<p><span style=\"font-size: 14pt;\"><strong>Vit\u00f3ria da Rosa,\u00a0 <\/strong><\/span><em><span style=\"font-size: 14pt;\">Diretora de Log\u00edstica. <\/span>\u00a0 \u00a0 \u00a0 \u00a0 \u00a0 \u00a0 \u00a0 \u00a0 \u00a0 \u00a0 \u00a0 \u00a0 \u00a0 \u00a0 \u00a0 \u00a0 \u00a0 \u00a0 \u00a0 \u00a0 \u00a0 \u00a0 \u00a0 \u00a0 \u00a0 \u00a0 \u00a0 \u00a0 \u00a0 \u00a0 \u00a0 \u00a0 <\/em><\/p>\n<p><span style=\"font-weight: 400;\">Tenho 20 anos e atualmente estou cursando Rela\u00e7\u00f5es Internacionais na UFPel, mas j\u00e1 cursei at\u00e9 o terceiro semestre de Ci\u00eancias Econ\u00f4micas na mesma institui\u00e7\u00e3o. Meus principais interesses s\u00e3o Economia Internacional, Negocia\u00e7\u00f5es e Desenvolvimento Internacional. \u00c9 uma honra participar da organiza\u00e7\u00e3o de um projeto t\u00e3o especial como o PelotasMUN!<\/span><\/p>\n<p>&nbsp;<\/td>\n<\/tr>\n<tr style=\"border-style: hidden;\">\n<td style=\"width: 221px; border-style: hidden; height: 253px;\">\n<p><img loading=\"lazy\" decoding=\"async\" class=\"aligncenter size-large wp-image-5866\" src=\"https:\/\/wp.ufpel.edu.br\/pelotasmun\/files\/2025\/03\/8-2-1024x1024.png\" alt=\"\" width=\"1024\" height=\"1024\" srcset=\"https:\/\/wp.ufpel.edu.br\/pelotasmun\/files\/2025\/03\/8-2-1024x1024.png 1024w, https:\/\/wp.ufpel.edu.br\/pelotasmun\/files\/2025\/03\/8-2-400x400.png 400w, https:\/\/wp.ufpel.edu.br\/pelotasmun\/files\/2025\/03\/8-2-200x200.png 200w, https:\/\/wp.ufpel.edu.br\/pelotasmun\/files\/2025\/03\/8-2-768x768.png 768w, https:\/\/wp.ufpel.edu.br\/pelotasmun\/files\/2025\/03\/8-2.png 1080w\" sizes=\"auto, (max-width: 1024px) 100vw, 1024px\" \/><\/p>\n<p>&nbsp;<\/td>\n<td style=\"width: 529px; border-style: hidden; height: 253px;\">\n<p><span style=\"font-size: 14pt;\"><strong>Gabriela Simonetto,\u00a0 <\/strong><em>Assistente<\/em><\/span><em><span style=\"font-size: 14pt;\">\u00a0de Log\u00edstica. <\/span>\u00a0 \u00a0 \u00a0 \u00a0 \u00a0 \u00a0 \u00a0 \u00a0 \u00a0 \u00a0 \u00a0 \u00a0 \u00a0 \u00a0 \u00a0 \u00a0 \u00a0 \u00a0 \u00a0 \u00a0 \u00a0 \u00a0 \u00a0 \u00a0 \u00a0 \u00a0 \u00a0 \u00a0 \u00a0 \u00a0 \u00a0 \u00a0 <\/em><\/p>\n<p><span style=\"font-weight: 400;\">Tenho 19 anos, moro em Pelotas, e estou no segundo semestre de Rela\u00e7\u00f5es Internacionais. Gosto muito de ler e de aprender coisas novas.<\/span><\/td>\n<\/tr>\n<tr style=\"border-style: hidden;\">\n<td style=\"width: 221px; border-style: hidden; height: 253px;\">\n<p><img loading=\"lazy\" decoding=\"async\" class=\"aligncenter size-large wp-image-5867\" src=\"https:\/\/wp.ufpel.edu.br\/pelotasmun\/files\/2025\/03\/9-1-1024x1024.png\" alt=\"\" width=\"1024\" height=\"1024\" srcset=\"https:\/\/wp.ufpel.edu.br\/pelotasmun\/files\/2025\/03\/9-1-1024x1024.png 1024w, https:\/\/wp.ufpel.edu.br\/pelotasmun\/files\/2025\/03\/9-1-400x400.png 400w, https:\/\/wp.ufpel.edu.br\/pelotasmun\/files\/2025\/03\/9-1-200x200.png 200w, https:\/\/wp.ufpel.edu.br\/pelotasmun\/files\/2025\/03\/9-1-768x768.png 768w, https:\/\/wp.ufpel.edu.br\/pelotasmun\/files\/2025\/03\/9-1.png 1080w\" sizes=\"auto, (max-width: 1024px) 100vw, 1024px\" \/><\/p>\n<p>&nbsp;<\/td>\n<td style=\"width: 529px; border-style: hidden; height: 253px;\">\n<p><span style=\"font-size: 14pt;\"><strong>Izadora Bartels,\u00a0 <\/strong><\/span><em><span style=\"font-size: 14pt;\">Assistente de Log\u00edstica. <\/span>\u00a0 \u00a0 \u00a0 \u00a0 \u00a0 \u00a0 \u00a0 \u00a0 \u00a0 \u00a0 \u00a0 \u00a0 \u00a0 \u00a0 \u00a0 \u00a0 \u00a0 \u00a0 \u00a0 \u00a0 \u00a0 \u00a0 \u00a0 \u00a0 \u00a0 \u00a0 \u00a0 \u00a0 \u00a0 \u00a0 \u00a0 \u00a0 <\/em><\/p>\n<p><span style=\"font-weight: 400;\">Sou estudante de Rela\u00e7\u00f5es Internacionais, tenho 19 anos. Eu amo ler e ver document\u00e1rios. Participar da Equipe do PelotasMUN \u00e9 uma honra e uma grande oportunidade para expandir meus conhecimentos e habilidades.<\/span><\/p>\n<p>&nbsp;<\/td>\n<\/tr>\n<tr style=\"border-style: hidden;\">\n<td style=\"width: 221px; border-style: hidden; height: 253px;\">\n<p><img loading=\"lazy\" decoding=\"async\" class=\"aligncenter size-large wp-image-5806\" src=\"https:\/\/wp.ufpel.edu.br\/pelotasmun\/files\/2025\/03\/7-1024x1024.png\" alt=\"\" width=\"1024\" height=\"1024\" srcset=\"https:\/\/wp.ufpel.edu.br\/pelotasmun\/files\/2025\/03\/7-1024x1024.png 1024w, https:\/\/wp.ufpel.edu.br\/pelotasmun\/files\/2025\/03\/7-400x400.png 400w, https:\/\/wp.ufpel.edu.br\/pelotasmun\/files\/2025\/03\/7-200x200.png 200w, https:\/\/wp.ufpel.edu.br\/pelotasmun\/files\/2025\/03\/7-768x768.png 768w, https:\/\/wp.ufpel.edu.br\/pelotasmun\/files\/2025\/03\/7.png 1080w\" sizes=\"auto, (max-width: 1024px) 100vw, 1024px\" \/><\/p>\n<p>&nbsp;<\/p>\n<p>&nbsp;<\/p>\n<p><img decoding=\"async\" src=\"https:\/\/wp.ufpel.edu.br\/pelotasmun\/files\/2025\/06\/32-1-scaled.png\" \/><\/p>\n<p>&nbsp;<\/p>\n<p><img decoding=\"async\" src=\"https:\/\/wp.ufpel.edu.br\/pelotasmun\/files\/2025\/06\/33-scaled.png\" \/><\/td>\n<td style=\"width: 529px; border-style: hidden; height: 253px;\">\n<p><span style=\"font-size: 14pt;\"><strong>Marina Valente,\u00a0 <\/strong><em>Assistente<\/em><\/span><em><span style=\"font-size: 14pt;\">\u00a0de Log\u00edstica. <\/span>\u00a0 \u00a0 \u00a0 \u00a0 \u00a0 \u00a0 \u00a0 \u00a0 \u00a0 \u00a0 \u00a0 \u00a0 \u00a0 \u00a0 \u00a0 \u00a0 \u00a0 \u00a0 \u00a0 \u00a0 \u00a0 \u00a0 \u00a0 \u00a0 \u00a0 \u00a0 \u00a0 \u00a0 \u00a0 \u00a0 \u00a0 \u00a0 <\/em><\/p>\n<p><span style=\"font-weight: 400;\">Meu nome \u00e9 Marina, tenho 22 anos e estou no 6\u00ba semestre de Rela\u00e7\u00f5es Internacionais. Sempre gostei de trabalhar em equipe, trocar ideias e aprender com outras pessoas. Acho que \u00e9 assim que crescemos de verdade\u2014compartilhando experi\u00eancias e construindo algo juntos.\u00a0\u00a0<\/span><\/p>\n<p><span style=\"font-weight: 400;\">Quando surgiu a oportunidade de ajudar na organiza\u00e7\u00e3o do Pelotas MUN, eu sabia que queria participar. O evento \u00e9 uma refer\u00eancia na nossa faculdade, um espa\u00e7o onde estudantes podem se desafiar, debater temas globais e vivenciar um pouco da din\u00e2mica da diplomacia. Entrar para a equipe que torna tudo isso poss\u00edvel, foi gratificante.<\/span><\/p>\n<p>&nbsp;<\/p>\n<p><span style=\"font-size: 14pt;\"><strong>Vitor Mota,\u00a0 <\/strong><em>Assistente<\/em><\/span><em><span style=\"font-size: 14pt;\">\u00a0de Log\u00edstica.<\/span><\/em><\/p>\n<p><span style=\"font-weight: 400;\">Me chamo V\u00edtor, tenho 20 anos, sou uma pessoa que ama ler, ver series e filmes, mas amo &#8211; principalmente &#8211; estar na volta das pessoas que amo, colecionando momentos. Quis entrar no PelotasMUN pela experi\u00eancia de um projeto diferente na faculdade, que sa\u00edsse do que estamos acostumados no dia a dia, e tamb\u00e9m pelas pessoas que j\u00e1 conheci que participam\/participaram e que est\u00e3o sempre recomendando.<\/span><\/p>\n<p>&nbsp;<\/p>\n<p>&nbsp;<\/p>\n<p>&nbsp;<\/p>\n<p><span style=\"font-size: 14pt;\"><strong>Yasmin Boeira, <\/strong><em>Assistente<\/em><\/span><em><span style=\"font-size: 14pt;\">\u00a0de Log\u00edstica.<\/span><\/em><\/p>\n<p>Sou natural de Porto Alegre, tenho 20 anos e estou cursando o terceiro semestre de Rela\u00e7\u00f5es Internacionais, com interesse em com\u00e9rcio exterior e economia internacional. No tempo livre, cultivo h\u00e1bitos saud\u00e1veis, como a pr\u00e1tica de atividades f\u00edsicas. Integrar o Pelotas MUN tem sido uma experi\u00eancia valiosa de aprendizado e aproxima\u00e7\u00e3o com o mercado de trabalho. Sou grata por fazer parte desse time!<\/td>\n<\/tr>\n<\/tbody>\n<\/table>\n<p>&nbsp;<\/p>\n","protected":false},"excerpt":{"rendered":"<p>Fl\u00e1vio Murussi,\u00a0 Diretor de Log\u00edstica. \u00a0 \u00a0 \u00a0 \u00a0 \u00a0 \u00a0 \u00a0 \u00a0 \u00a0 \u00a0 \u00a0 \u00a0 \u00a0 \u00a0 \u00a0 \u00a0 \u00a0 \u00a0 \u00a0 \u00a0 \u00a0 \u00a0 \u00a0 \u00a0 \u00a0 \u00a0 \u00a0 \u00a0 \u00a0 \u00a0 \u00a0 \u00a0 Tenho 20 anos, sou da cidade de Cruz Alta\/RS, atualmente estou no terceiro semestre de Rela\u00e7\u00f5es Internacionais. Apaixonado &hellip; <\/p>\n<p><a class=\"more-link btn\" href=\"https:\/\/wp.ufpel.edu.br\/pelotasmun\/logistica\/\">Continue lendo<\/a><\/p>\n","protected":false},"author":764,"featured_media":0,"parent":0,"menu_order":0,"comment_status":"closed","ping_status":"closed","template":"","meta":{"footnotes":""},"class_list":["post-995","page","type-page","status-publish","hentry","nodate","item-wrap"],"jetpack_sharing_enabled":true,"jetpack_shortlink":"https:\/\/wp.me\/P8QcCB-g3","jetpack-related-posts":[],"_links":{"self":[{"href":"https:\/\/wp.ufpel.edu.br\/pelotasmun\/wp-json\/wp\/v2\/pages\/995","targetHints":{"allow":["GET"]}}],"collection":[{"href":"https:\/\/wp.ufpel.edu.br\/pelotasmun\/wp-json\/wp\/v2\/pages"}],"about":[{"href":"https:\/\/wp.ufpel.edu.br\/pelotasmun\/wp-json\/wp\/v2\/types\/page"}],"author":[{"embeddable":true,"href":"https:\/\/wp.ufpel.edu.br\/pelotasmun\/wp-json\/wp\/v2\/users\/764"}],"replies":[{"embeddable":true,"href":"https:\/\/wp.ufpel.edu.br\/pelotasmun\/wp-json\/wp\/v2\/comments?post=995"}],"version-history":[{"count":36,"href":"https:\/\/wp.ufpel.edu.br\/pelotasmun\/wp-json\/wp\/v2\/pages\/995\/revisions"}],"predecessor-version":[{"id":6005,"href":"https:\/\/wp.ufpel.edu.br\/pelotasmun\/wp-json\/wp\/v2\/pages\/995\/revisions\/6005"}],"wp:attachment":[{"href":"https:\/\/wp.ufpel.edu.br\/pelotasmun\/wp-json\/wp\/v2\/media?parent=995"}],"curies":[{"name":"wp","href":"https:\/\/api.w.org\/{rel}","templated":true}]}}