{"id":987,"date":"2020-05-17T04:34:29","date_gmt":"2020-05-17T07:34:29","guid":{"rendered":"https:\/\/wp.ufpel.edu.br\/pelotasmun\/?page_id=987"},"modified":"2025-06-24T16:54:55","modified_gmt":"2025-06-24T19:54:55","slug":"academica","status":"publish","type":"page","link":"https:\/\/wp.ufpel.edu.br\/pelotasmun\/academica\/","title":{"rendered":"Acad\u00eamico"},"content":{"rendered":"<p><span style=\"font-size: 18pt; color: #333333;\"><strong>Acad\u00eamico Portugu\u00eas<\/strong><\/span><\/p>\n<p>&nbsp;<\/p>\n<table style=\"border-collapse: collapse; width: 100.133%; height: 1441px;\" border=\"1\">\n<tbody>\n<tr style=\"border-style: hidden;\">\n<td style=\"width: 29.6001%; height: 39px; border-style: hidden;\"><img loading=\"lazy\" decoding=\"async\" class=\"aligncenter size-large wp-image-5817\" src=\"https:\/\/wp.ufpel.edu.br\/pelotasmun\/files\/2025\/03\/21-1024x1024.png\" alt=\"\" width=\"1024\" height=\"1024\" srcset=\"https:\/\/wp.ufpel.edu.br\/pelotasmun\/files\/2025\/03\/21-1024x1024.png 1024w, https:\/\/wp.ufpel.edu.br\/pelotasmun\/files\/2025\/03\/21-400x400.png 400w, https:\/\/wp.ufpel.edu.br\/pelotasmun\/files\/2025\/03\/21-200x200.png 200w, https:\/\/wp.ufpel.edu.br\/pelotasmun\/files\/2025\/03\/21-768x768.png 768w, https:\/\/wp.ufpel.edu.br\/pelotasmun\/files\/2025\/03\/21.png 1080w\" sizes=\"auto, (max-width: 1024px) 100vw, 1024px\" \/><\/td>\n<td style=\"width: 70.3999%; height: 39px; border-style: hidden;\">\n<p><span style=\"font-size: 14pt;\"><span style=\"font-weight: 400;\"><strong>Diana Stein,\u00a0<\/strong> <\/span><i><span style=\"font-weight: 400;\">Diretora do Acad\u00eamico em Portugu\u00eas.<\/span><\/i><\/span><\/p>\n<p><span style=\"font-weight: 400;\">Tenho 20 anos, sou do interior da serra ga\u00facha, no momento estou no segundo semestre de rela\u00e7\u00f5es internacionais na ufpel. Eu adoro ler, assistir s\u00e9ries e filmes, gosto muito da ideia de conhecer novas culturas e pessoas, \u00e9 por isso que estou muito feliz de participar do projeto PelotasMUN, \u00e9 uma nova oportunidade de expandir meus conhecimentos para al\u00e9m da sala de aula.<\/span><\/p>\n<p>&nbsp;<\/td>\n<\/tr>\n<tr style=\"border-style: hidden;\">\n<td style=\"width: 29.6001%; height: 39px; border-style: hidden;\"><\/td>\n<td style=\"width: 70.3999%; height: 39px; border-style: hidden;\"><\/td>\n<\/tr>\n<tr style=\"border-style: hidden;\">\n<td style=\"width: 29.6001%; height: 39px; border-style: hidden;\"><img loading=\"lazy\" decoding=\"async\" class=\"aligncenter size-large wp-image-5818\" src=\"https:\/\/wp.ufpel.edu.br\/pelotasmun\/files\/2025\/03\/16-1024x1024.png\" alt=\"\" width=\"1024\" height=\"1024\" srcset=\"https:\/\/wp.ufpel.edu.br\/pelotasmun\/files\/2025\/03\/16-1024x1024.png 1024w, https:\/\/wp.ufpel.edu.br\/pelotasmun\/files\/2025\/03\/16-400x400.png 400w, https:\/\/wp.ufpel.edu.br\/pelotasmun\/files\/2025\/03\/16-200x200.png 200w, https:\/\/wp.ufpel.edu.br\/pelotasmun\/files\/2025\/03\/16-768x768.png 768w, https:\/\/wp.ufpel.edu.br\/pelotasmun\/files\/2025\/03\/16.png 1080w\" sizes=\"auto, (max-width: 1024px) 100vw, 1024px\" \/><\/td>\n<td style=\"width: 70.3999%; height: 39px; border-style: hidden;\">\n<p><span style=\"font-size: 14pt;\"><b>Mateus Kawabe,\u00a0 <\/b><em>Diretor do Acad\u00eamico em Portugu\u00eas.<\/em><\/span><\/p>\n<p><span style=\"font-weight: 400;\">Tenho 19 anos, natural de pelotas e atualmente sou estudante do segundo semestre de Rela\u00e7\u00f5es Internacionais. Me interesso por filmes, gastronomia, m\u00fasica e espero poder aprimorar meus conhecimentos na \u00e1rea acad\u00eamica por meio do MUN.<\/span><\/p>\n<p>&nbsp;<\/td>\n<\/tr>\n<tr style=\"border-style: hidden;\">\n<td style=\"width: 29.6001%; height: 39px; border-style: hidden;\"><\/td>\n<td style=\"width: 70.3999%; height: 39px; border-style: hidden;\"><\/td>\n<\/tr>\n<tr style=\"border-style: hidden;\">\n<td style=\"width: 29.6001%; height: 39px; border-style: hidden;\"><img loading=\"lazy\" decoding=\"async\" class=\"aligncenter size-large wp-image-5820\" src=\"https:\/\/wp.ufpel.edu.br\/pelotasmun\/files\/2025\/03\/14-1024x1024.png\" alt=\"\" width=\"1024\" height=\"1024\" srcset=\"https:\/\/wp.ufpel.edu.br\/pelotasmun\/files\/2025\/03\/14-1024x1024.png 1024w, https:\/\/wp.ufpel.edu.br\/pelotasmun\/files\/2025\/03\/14-400x400.png 400w, https:\/\/wp.ufpel.edu.br\/pelotasmun\/files\/2025\/03\/14-200x200.png 200w, https:\/\/wp.ufpel.edu.br\/pelotasmun\/files\/2025\/03\/14-768x768.png 768w, https:\/\/wp.ufpel.edu.br\/pelotasmun\/files\/2025\/03\/14.png 1080w\" sizes=\"auto, (max-width: 1024px) 100vw, 1024px\" \/><\/td>\n<td style=\"width: 70.3999%; height: 39px; border-style: hidden;\">\n<p><span style=\"font-size: 14pt;\"><strong>Arthur Nizoli,\u00a0 <\/strong><em>Assistente do Acad\u00eamico em Portugu\u00eas.<\/em><\/span><\/p>\n<p><span style=\"font-weight: 400;\">Tenho 19 anos, sou da cidade de Pelotas\/RS, atualmente estou no segundo ano do curso de Direito. Gosto muito de estudar, praticar esportes e viajar para conhecer novos lugares. Estar no MUN \u00e9 uma realiza\u00e7\u00e3o de uma vontade que tenho desde o ensino m\u00e9dio, quando participava de simula\u00e7\u00f5es como delegado, tamb\u00e9m me proporciona desenvolver habilidades e aumentar meu conhecimento sobre temas t\u00e3o importantes. Estou extremamente animado com a edi\u00e7\u00e3o desse ano.<\/span><\/td>\n<\/tr>\n<tr style=\"border-style: hidden;\">\n<td style=\"width: 29.6001%; height: 39px; border-style: hidden;\"><\/td>\n<td style=\"width: 70.3999%; height: 39px; border-style: hidden;\"><\/td>\n<\/tr>\n<tr style=\"border-style: hidden;\">\n<td style=\"width: 29.6001%; height: 39px; border-style: hidden;\"><img loading=\"lazy\" decoding=\"async\" class=\"aligncenter size-large wp-image-5821\" src=\"https:\/\/wp.ufpel.edu.br\/pelotasmun\/files\/2025\/03\/20-1024x1024.png\" alt=\"\" width=\"1024\" height=\"1024\" srcset=\"https:\/\/wp.ufpel.edu.br\/pelotasmun\/files\/2025\/03\/20-1024x1024.png 1024w, https:\/\/wp.ufpel.edu.br\/pelotasmun\/files\/2025\/03\/20-400x400.png 400w, https:\/\/wp.ufpel.edu.br\/pelotasmun\/files\/2025\/03\/20-200x200.png 200w, https:\/\/wp.ufpel.edu.br\/pelotasmun\/files\/2025\/03\/20-768x768.png 768w, https:\/\/wp.ufpel.edu.br\/pelotasmun\/files\/2025\/03\/20.png 1080w\" sizes=\"auto, (max-width: 1024px) 100vw, 1024px\" \/><\/td>\n<td style=\"width: 70.3999%; height: 39px; border-style: hidden;\">\n<p><span style=\"font-size: 14pt;\"><strong>Glauco Winkel <\/strong><em>Assistente do Acad\u00eamico em Portugu\u00eas.<\/em><\/span><\/p>\n<p><span style=\"font-weight: 400;\">Ol\u00e1, internauta! Sou Glauco, um jovem internacionalista de 21 anos, atualmente no 6\u00ba per\u00edodo de Rela\u00e7\u00f5es Internacionais. Tenho interesse em geopol\u00edtica, geoeconomia e economia pol\u00edtica internacional, com foco no cen\u00e1rio pol\u00edtico interno e externo de pa\u00edses asi\u00e1ticos. Vejo o Pelotas MUN como uma \u00f3tima oportunidade para entender como o contexto interno dos pa\u00edses influencia suas pautas externas, especialmente em rela\u00e7\u00e3o a sistemas pol\u00edticos eleitorais, estabilidade nacional e direitos humanos.<\/span><\/p>\n<p>&nbsp;<\/td>\n<\/tr>\n<tr style=\"border-style: hidden;\">\n<td style=\"width: 29.6001%; height: 39px; border-style: hidden;\"><\/td>\n<td style=\"width: 70.3999%; height: 39px; border-style: hidden;\"><\/td>\n<\/tr>\n<tr style=\"border-style: hidden;\">\n<td style=\"width: 29.6001%; height: 39px; border-style: hidden;\"><img loading=\"lazy\" decoding=\"async\" class=\"aligncenter size-large wp-image-5822\" src=\"https:\/\/wp.ufpel.edu.br\/pelotasmun\/files\/2025\/03\/19-1024x1024.png\" alt=\"\" width=\"1024\" height=\"1024\" srcset=\"https:\/\/wp.ufpel.edu.br\/pelotasmun\/files\/2025\/03\/19-1024x1024.png 1024w, https:\/\/wp.ufpel.edu.br\/pelotasmun\/files\/2025\/03\/19-400x400.png 400w, https:\/\/wp.ufpel.edu.br\/pelotasmun\/files\/2025\/03\/19-200x200.png 200w, https:\/\/wp.ufpel.edu.br\/pelotasmun\/files\/2025\/03\/19-768x768.png 768w, https:\/\/wp.ufpel.edu.br\/pelotasmun\/files\/2025\/03\/19.png 1080w\" sizes=\"auto, (max-width: 1024px) 100vw, 1024px\" \/><\/td>\n<td style=\"width: 70.3999%; height: 39px; border-style: hidden;\">\n<p><span style=\"font-size: 14pt;\"><strong>Karolaine Afonso <\/strong><em>Assistente do Acad\u00eamico em Portugu\u00eas.<\/em><\/span><\/p>\n<p><span style=\"font-weight: 400;\">Tenho 21 anos, sou de Pelotas, RS, e estou no 6\u00ba semestre de Rela\u00e7\u00f5es Internacionais. Amo cinema, cultura pop e entender como esses temas se relacionam com as R.I. no sistema internacional. Al\u00e9m disso, gosto de leitura e de explorar novas experi\u00eancias. Como assistente acad\u00eamica de portugu\u00eas no MUN, espero aprimorar minhas habilidades de escrita, comunica\u00e7\u00e3o e trabalho em equipe, al\u00e9m de enfrentar novos desafios.<\/span><\/td>\n<\/tr>\n<tr style=\"border-style: hidden;\">\n<td style=\"width: 29.6001%; height: 39px; border-style: hidden;\"><\/td>\n<td style=\"width: 70.3999%; height: 39px; border-style: hidden;\"><\/td>\n<\/tr>\n<tr style=\"border-style: hidden;\">\n<td style=\"width: 29.6001%; height: 270px; border-style: hidden;\"><img loading=\"lazy\" decoding=\"async\" class=\"aligncenter size-large wp-image-5823\" src=\"https:\/\/wp.ufpel.edu.br\/pelotasmun\/files\/2025\/03\/Design-sem-nome-1024x1024.png\" alt=\"\" width=\"1024\" height=\"1024\" srcset=\"https:\/\/wp.ufpel.edu.br\/pelotasmun\/files\/2025\/03\/Design-sem-nome-1024x1024.png 1024w, https:\/\/wp.ufpel.edu.br\/pelotasmun\/files\/2025\/03\/Design-sem-nome-400x400.png 400w, https:\/\/wp.ufpel.edu.br\/pelotasmun\/files\/2025\/03\/Design-sem-nome-200x200.png 200w, https:\/\/wp.ufpel.edu.br\/pelotasmun\/files\/2025\/03\/Design-sem-nome-768x768.png 768w, https:\/\/wp.ufpel.edu.br\/pelotasmun\/files\/2025\/03\/Design-sem-nome.png 1080w\" sizes=\"auto, (max-width: 1024px) 100vw, 1024px\" \/><\/td>\n<td style=\"width: 70.3999%; height: 270px; border-style: hidden;\">\n<p><span style=\"font-size: 14pt;\"><strong>Lu\u00edsa Nunes <\/strong><em>Assistente do Acad\u00eamico em Portugu\u00eas.<\/em><\/span><\/p>\n<p><span style=\"font-weight: 400;\">Tenho 21 anos, sou de Porto Alegre e curso Rela\u00e7\u00f5es Internacionais. Sou apaixonada por m\u00fasica, livros e cultura num geral. Fazer parte de um projeto como o MUN me encanta e espero aprender muito com ele e com as pessoas que comp\u00f5e essa equipe.<\/span><\/p>\n<p>&nbsp;<\/td>\n<\/tr>\n<tr style=\"border-style: hidden;\">\n<td style=\"width: 29.6001%; height: 39px; border-style: hidden;\"><\/td>\n<td style=\"width: 70.3999%; height: 39px; border-style: hidden;\"><\/td>\n<\/tr>\n<tr style=\"border-style: hidden;\">\n<td style=\"width: 29.6001%; height: 249px; border-style: hidden;\"><img decoding=\"async\" src=\"https:\/\/wp.ufpel.edu.br\/pelotasmun\/files\/2025\/06\/31-1-scaled.png\" \/><\/td>\n<td style=\"width: 70.3999%; height: 249px; border-style: hidden;\">\n<p><span style=\"font-size: 14pt;\"><strong>Luiza Martins, <\/strong><em>Assistente do Acad\u00eamico em Portugu\u00eas.<\/em><\/span><\/p>\n<p><span style=\"font-weight: 400;\">Tenho 18 anos, sou de Pelotas\/RS e atualmente curso o 1\u00ba semestre de Rela\u00e7\u00f5es Internacionais. Gosto muito de ler, aprender sobre diversas culturas e estudar sobre pol\u00edtica. Atrav\u00e9s do Pelotas MUN, espero poder adquirir novos conhecimentos sobre importantes temas internacionais e aprimorar minhas habilidades de escrita.<\/span><\/td>\n<\/tr>\n<tr style=\"border-style: hidden;\">\n<td style=\"width: 29.6001%; height: 39px; border-style: hidden;\"><\/td>\n<td style=\"width: 70.3999%; height: 39px; border-style: hidden;\"><\/td>\n<\/tr>\n<tr style=\"border-style: hidden;\">\n<td style=\"width: 29.6001%; height: 39px; border-style: hidden;\"><img loading=\"lazy\" decoding=\"async\" class=\"aligncenter size-large wp-image-5825\" src=\"https:\/\/wp.ufpel.edu.br\/pelotasmun\/files\/2025\/03\/15-1024x1024.png\" alt=\"\" width=\"1024\" height=\"1024\" srcset=\"https:\/\/wp.ufpel.edu.br\/pelotasmun\/files\/2025\/03\/15-1024x1024.png 1024w, https:\/\/wp.ufpel.edu.br\/pelotasmun\/files\/2025\/03\/15-400x400.png 400w, https:\/\/wp.ufpel.edu.br\/pelotasmun\/files\/2025\/03\/15-200x200.png 200w, https:\/\/wp.ufpel.edu.br\/pelotasmun\/files\/2025\/03\/15-768x768.png 768w, https:\/\/wp.ufpel.edu.br\/pelotasmun\/files\/2025\/03\/15.png 1080w\" sizes=\"auto, (max-width: 1024px) 100vw, 1024px\" \/><\/td>\n<td style=\"width: 70.3999%; height: 39px; border-style: hidden;\">\n<p><span style=\"font-size: 14pt;\"><strong>Paula Hahn <\/strong><em>Assistente do Acad\u00eamico em Portugu\u00eas.<\/em><\/span><\/p>\n<p><span style=\"font-weight: 400;\">Tenho 20, estou no quarto semestre de Rela\u00e7\u00f5es Internacionais, sou fascinada por conhecimento e cultura e vejo minha participa\u00e7\u00e3o no Pelotas MUN como uma oportunidade estrat\u00e9gica de mediar um universo de din\u00e2micas sociais e pol\u00edticas globais, transcendendo o aprendizado acad\u00eamico e estimulando a reflex\u00e3o sobre o papel do indiv\u00edduo e das institui\u00e7\u00f5es na transforma\u00e7\u00e3o social.<\/span><\/p>\n<p>&nbsp;<\/p>\n<p>&nbsp;<\/p>\n<p>&nbsp;<\/td>\n<\/tr>\n<\/tbody>\n<\/table>\n<p><span style=\"color: #333333; font-size: 18pt;\"><strong>Acad\u00eamico Espanhol<\/strong><\/span><\/p>\n<p>&nbsp;<\/p>\n<table style=\"border-collapse: collapse; width: 100%;\" border=\"1\">\n<tbody>\n<tr style=\"border-style: none;\">\n<td style=\"width: 28.8%; border-style: none; height: 248px;\">\n<p><img decoding=\"async\" src=\"https:\/\/wp.ufpel.edu.br\/pelotasmun\/files\/2025\/06\/29-scaled.png\" \/><\/p>\n<p>&nbsp;<\/p>\n<p><img loading=\"lazy\" decoding=\"async\" class=\"aligncenter size-large wp-image-5830\" src=\"https:\/\/wp.ufpel.edu.br\/pelotasmun\/files\/2025\/03\/11-1024x1024.png\" alt=\"\" width=\"1024\" height=\"1024\" srcset=\"https:\/\/wp.ufpel.edu.br\/pelotasmun\/files\/2025\/03\/11-1024x1024.png 1024w, https:\/\/wp.ufpel.edu.br\/pelotasmun\/files\/2025\/03\/11-400x400.png 400w, https:\/\/wp.ufpel.edu.br\/pelotasmun\/files\/2025\/03\/11-200x200.png 200w, https:\/\/wp.ufpel.edu.br\/pelotasmun\/files\/2025\/03\/11-768x768.png 768w, https:\/\/wp.ufpel.edu.br\/pelotasmun\/files\/2025\/03\/11.png 1080w\" sizes=\"auto, (max-width: 1024px) 100vw, 1024px\" \/><\/td>\n<td style=\"width: 71.2%; border-style: none; height: 248px;\">\n<p><span style=\"font-size: 14pt;\"><strong>Laura Beatriz, <\/strong><em>\u00a0Assistente do Acad\u00eamico em Espanhol.<\/em><\/span><\/p>\n<p><span style=\"font-weight: 400;\">Meu nome \u00e9 Laura Beatriz, tenho 20 anos, sou de Pelotas\/RS e estou cursando o 5\u00ba semestre de rela\u00e7\u00f5es internacionais. Gosto muito de m\u00fasica, s\u00e9ries, livros e de estar com meus amigos. Estar no MUN pra mim \u00e9 uma oportunidade de desenvolver habilidades, conhecer pessoas novas e aprender sobre o funcionamento da ONU e diplomacia entre os pa\u00edses!<\/span><\/p>\n<p>&nbsp;<\/p>\n<p>&nbsp;<\/p>\n<p><span style=\"font-size: 14pt;\"><strong>L\u00edvia Silveira, <\/strong><em>\u00a0Assistente do Acad\u00eamico em Espanhol.<\/em><\/span><\/p>\n<p><span style=\"font-weight: 400;\">Oie! Me chamo L\u00edvia, uma estudante de jornalismo apaixonada por maquiagem e conte\u00fado digital, que gosta muito de compartilhar sua rotina nas redes sociais. Estar no MUN \u00e9 uma oportunidade de conhecer novas culturas, treinar linguagens e conhecer muitas pessoas.<\/span><\/p>\n<p>&nbsp;<\/td>\n<\/tr>\n<tr style=\"border-style: none;\">\n<td style=\"width: 28.8%; border-style: none; height: 38px;\"><\/td>\n<td style=\"width: 71.2%; border-style: none; height: 38px;\"><\/td>\n<\/tr>\n<tr style=\"border-style: none;\">\n<td style=\"width: 28.8%; border-style: none; height: 248px;\"><img loading=\"lazy\" decoding=\"async\" class=\"aligncenter size-large wp-image-5831\" src=\"https:\/\/wp.ufpel.edu.br\/pelotasmun\/files\/2025\/03\/10-1024x1024.png\" alt=\"\" width=\"1024\" height=\"1024\" srcset=\"https:\/\/wp.ufpel.edu.br\/pelotasmun\/files\/2025\/03\/10-1024x1024.png 1024w, https:\/\/wp.ufpel.edu.br\/pelotasmun\/files\/2025\/03\/10-400x400.png 400w, https:\/\/wp.ufpel.edu.br\/pelotasmun\/files\/2025\/03\/10-200x200.png 200w, https:\/\/wp.ufpel.edu.br\/pelotasmun\/files\/2025\/03\/10-768x768.png 768w, https:\/\/wp.ufpel.edu.br\/pelotasmun\/files\/2025\/03\/10.png 1080w\" sizes=\"auto, (max-width: 1024px) 100vw, 1024px\" \/><\/td>\n<td style=\"width: 71.2%; border-style: none; height: 248px;\">\n<p><span style=\"font-size: 14pt;\"><strong>Miguel Ludwig,\u00a0 <\/strong><em>Assistente do Acad\u00eamico em Espanhol.<\/em><\/span><\/p>\n<p><span style=\"font-weight: 400;\">Tenho 20 anos, vivia em Jaguar\u00e3o\/RS e estou no segundo semestre de Rela\u00e7\u00f5es Internacionais e Jornalismo. Gosto de hist\u00f3ria, cinema e literatura, e ultimamente tenho acompanhado bastante as produ\u00e7\u00f5es art\u00edsticas dos hermanos. Entrei para o PelotasMUN para explorar temas que me interessam e conhecer novas perspectivas.<\/span><\/p>\n<p>&nbsp;<\/td>\n<\/tr>\n<\/tbody>\n<\/table>\n<div><\/div>\n<div><\/div>\n<div><\/div>\n<div><\/div>\n<div><\/div>\n<p>&nbsp;<\/p>\n<p><span style=\"color: #333333; font-size: 18pt;\"><strong>Acad\u00eamico Ingl\u00eas<\/strong><\/span><\/p>\n<p>&nbsp;<\/p>\n<table style=\"border-collapse: collapse; width: 137.11%; height: 829px;\" border=\"1\">\n<tbody>\n<tr style=\"border-style: none;\">\n<td style=\"width: 28.8%; border-style: none; height: 248px;\"><img loading=\"lazy\" decoding=\"async\" class=\"aligncenter size-large wp-image-5827\" src=\"https:\/\/wp.ufpel.edu.br\/pelotasmun\/files\/2025\/03\/12-1-1024x1024.png\" alt=\"\" width=\"1024\" height=\"1024\" srcset=\"https:\/\/wp.ufpel.edu.br\/pelotasmun\/files\/2025\/03\/12-1-1024x1024.png 1024w, https:\/\/wp.ufpel.edu.br\/pelotasmun\/files\/2025\/03\/12-1-400x400.png 400w, https:\/\/wp.ufpel.edu.br\/pelotasmun\/files\/2025\/03\/12-1-200x200.png 200w, https:\/\/wp.ufpel.edu.br\/pelotasmun\/files\/2025\/03\/12-1-768x768.png 768w, https:\/\/wp.ufpel.edu.br\/pelotasmun\/files\/2025\/03\/12-1.png 1080w\" sizes=\"auto, (max-width: 1024px) 100vw, 1024px\" \/><\/td>\n<td style=\"width: 72.9333%; border-style: none; height: 248px;\">\n<p><span style=\"font-size: 14pt;\"><strong>Tiago Kuhn,\u00a0 <\/strong><em>Diretor do Acad\u00eamico em Ingl\u00eas.<\/em><\/span><\/p>\n<p><span style=\"font-weight: 400;\">Tenho 23 anos, sou de Porto Alegre e curso Rela\u00e7\u00f5es internacionais. Gosto de escrever e estou sempre disposto a conhecer novas culturas e suas hist\u00f3rias.<\/span><\/td>\n<\/tr>\n<tr style=\"border-style: none;\">\n<td style=\"width: 28.8%; border-style: none; height: 10px;\"><\/td>\n<td style=\"width: 72.9333%; border-style: none; height: 10px;\"><\/td>\n<\/tr>\n<tr style=\"border-style: none;\">\n<td style=\"width: 28.8%; border-style: none; height: 237px;\"><img loading=\"lazy\" decoding=\"async\" class=\"aligncenter size-large wp-image-5828\" src=\"https:\/\/wp.ufpel.edu.br\/pelotasmun\/files\/2025\/03\/13-1024x1024.png\" alt=\"\" width=\"1024\" height=\"1024\" srcset=\"https:\/\/wp.ufpel.edu.br\/pelotasmun\/files\/2025\/03\/13-1024x1024.png 1024w, https:\/\/wp.ufpel.edu.br\/pelotasmun\/files\/2025\/03\/13-400x400.png 400w, https:\/\/wp.ufpel.edu.br\/pelotasmun\/files\/2025\/03\/13-200x200.png 200w, https:\/\/wp.ufpel.edu.br\/pelotasmun\/files\/2025\/03\/13-768x768.png 768w, https:\/\/wp.ufpel.edu.br\/pelotasmun\/files\/2025\/03\/13.png 1080w\" sizes=\"auto, (max-width: 1024px) 100vw, 1024px\" \/><\/td>\n<td style=\"width: 72.9333%; border-style: none; height: 237px;\">\n<p><span style=\"font-size: 14pt;\"><strong>Geovana Queiroz,<\/strong><\/span><span style=\"font-size: 14pt;\"><strong>\u00a0\u00a0<\/strong><em>Assistente do Acad\u00eamico em Ingl\u00eas.<\/em><\/span><\/p>\n<p><span style=\"font-weight: 400;\">Tenho 20 anos, sou de Bras\u00edlia\/DF e atualmente estou no sexto semestre de Rela\u00e7\u00f5es Internacionais. Sou apaixonada por viagens, leitura, artesanato, Estudos de G\u00eanero, Direito Humanit\u00e1rio, organiza\u00e7\u00e3o e comunica\u00e7\u00e3o. Vejo no MUN a oportunidade de desenvolver as minhas habilidades de escrita acad\u00eamica e pesquisa, descobrir coisas novas e conhecer pessoas incr\u00edveis.<\/span><\/p>\n<p>&nbsp;<\/p>\n<p><span style=\"font-size: 14pt;\"><strong>Julia Bohn,<\/strong><\/span><span style=\"font-size: 14pt;\"><strong> \u00a0<\/strong><em>Assistente do Acad\u00eamico em Ingl\u00eas.<\/em><\/span><\/td>\n<\/tr>\n<tr style=\"border-style: none;\">\n<td style=\"width: 28.8%; border-style: none; height: 10px;\"><img decoding=\"async\" src=\"https:\/\/wp.ufpel.edu.br\/pelotasmun\/files\/2025\/06\/27-scaled.png\" \/><\/td>\n<td style=\"width: 72.9333%; border-style: none; height: 10px;\"><span style=\"font-weight: 400;\">Sou Julia Bohn Nogueira, tenho 19 anos e sou de Rond\u00f4nia. Estou no primeiro semestre de Rela\u00e7\u00f5es Internacionais na UFPel. Tenho interesse por s\u00e9ries, filmes, livros e sou apaixonada por v\u00f4lei \u2014 tanto para assistir quanto para jogar. Participo de simula\u00e7\u00f5es da ONU h\u00e1 dois anos e atualmente atuo como assistente acad\u00eamica no PelotasMUN. Estou muito feliz em fazer parte dessa equipe e espero contribuir para o crescimento do projeto, al\u00e9m de desenvolver meus conhecimentos e experi\u00eancias acad\u00eamicas.<\/span><\/td>\n<\/tr>\n<tr style=\"border-style: none;\">\n<td style=\"width: 28.8%; border-style: none; height: 10px;\"><\/td>\n<td style=\"width: 72.9333%; border-style: none; height: 10px;\"><\/td>\n<\/tr>\n<\/tbody>\n<\/table>\n<p>&nbsp;<\/p>\n","protected":false},"excerpt":{"rendered":"<p>Acad\u00eamico Portugu\u00eas &nbsp; Diana Stein,\u00a0 Diretora do Acad\u00eamico em Portugu\u00eas. Tenho 20 anos, sou do interior da serra ga\u00facha, no momento estou no segundo semestre de rela\u00e7\u00f5es internacionais na ufpel. Eu adoro ler, assistir s\u00e9ries e filmes, gosto muito da ideia de conhecer novas culturas e pessoas, \u00e9 por isso que estou muito feliz de &hellip; <\/p>\n<p><a class=\"more-link btn\" href=\"https:\/\/wp.ufpel.edu.br\/pelotasmun\/academica\/\">Continue lendo<\/a><\/p>\n","protected":false},"author":764,"featured_media":0,"parent":0,"menu_order":0,"comment_status":"closed","ping_status":"closed","template":"","meta":{"footnotes":""},"class_list":["post-987","page","type-page","status-publish","hentry","nodate","item-wrap"],"jetpack_sharing_enabled":true,"jetpack_shortlink":"https:\/\/wp.me\/P8QcCB-fV","jetpack-related-posts":[],"_links":{"self":[{"href":"https:\/\/wp.ufpel.edu.br\/pelotasmun\/wp-json\/wp\/v2\/pages\/987","targetHints":{"allow":["GET"]}}],"collection":[{"href":"https:\/\/wp.ufpel.edu.br\/pelotasmun\/wp-json\/wp\/v2\/pages"}],"about":[{"href":"https:\/\/wp.ufpel.edu.br\/pelotasmun\/wp-json\/wp\/v2\/types\/page"}],"author":[{"embeddable":true,"href":"https:\/\/wp.ufpel.edu.br\/pelotasmun\/wp-json\/wp\/v2\/users\/764"}],"replies":[{"embeddable":true,"href":"https:\/\/wp.ufpel.edu.br\/pelotasmun\/wp-json\/wp\/v2\/comments?post=987"}],"version-history":[{"count":55,"href":"https:\/\/wp.ufpel.edu.br\/pelotasmun\/wp-json\/wp\/v2\/pages\/987\/revisions"}],"predecessor-version":[{"id":6022,"href":"https:\/\/wp.ufpel.edu.br\/pelotasmun\/wp-json\/wp\/v2\/pages\/987\/revisions\/6022"}],"wp:attachment":[{"href":"https:\/\/wp.ufpel.edu.br\/pelotasmun\/wp-json\/wp\/v2\/media?parent=987"}],"curies":[{"name":"wp","href":"https:\/\/api.w.org\/{rel}","templated":true}]}}