{"id":953,"date":"2020-05-17T03:42:23","date_gmt":"2020-05-17T06:42:23","guid":{"rendered":"https:\/\/wp.ufpel.edu.br\/pelotasmun\/?page_id=953"},"modified":"2025-03-07T21:00:33","modified_gmt":"2025-03-08T00:00:33","slug":"secretariado","status":"publish","type":"page","link":"https:\/\/wp.ufpel.edu.br\/pelotasmun\/secretariado\/","title":{"rendered":"Secretariado"},"content":{"rendered":"<p>&nbsp;<\/p>\n<table style=\"width: 750px;\" border=\"1\">\n<tbody>\n<tr style=\"border-style: hidden;\">\n<td style=\"width: 345px; border-style: none; height: 244px;\"><img loading=\"lazy\" decoding=\"async\" class=\"aligncenter wp-image-5798 size-large\" src=\"https:\/\/wp.ufpel.edu.br\/pelotasmun\/files\/2025\/03\/1-1-1024x1024.png\" alt=\"\" width=\"1024\" height=\"1024\" srcset=\"https:\/\/wp.ufpel.edu.br\/pelotasmun\/files\/2025\/03\/1-1-1024x1024.png 1024w, https:\/\/wp.ufpel.edu.br\/pelotasmun\/files\/2025\/03\/1-1-400x400.png 400w, https:\/\/wp.ufpel.edu.br\/pelotasmun\/files\/2025\/03\/1-1-200x200.png 200w, https:\/\/wp.ufpel.edu.br\/pelotasmun\/files\/2025\/03\/1-1-768x768.png 768w, https:\/\/wp.ufpel.edu.br\/pelotasmun\/files\/2025\/03\/1-1.png 1080w\" sizes=\"auto, (max-width: 1024px) 100vw, 1024px\" \/><\/td>\n<td style=\"width: 816px; border-style: none; height: 244px;\"><span style=\"font-size: 14pt;\"><strong>Roberta Bertoldi\u00a0 <\/strong><\/span><em><span style=\"font-size: 14pt;\">Secret\u00e1ria Geral.\u00a0 \u00a0<\/span><br \/>\n<\/em>Tenho 20 anos, sou da cidade de Pelotas\/RS, atualmente estou no quinto semestre de rela\u00e7\u00f5es internacionais. Apaixonada por leitura, bons h\u00e1bitos, descobrir coisas novas e ter experi\u00eancias diferentes. Estar no MUN me proporciona o desenvolvimento de habilidades, conhecer pessoas novas, me aperfei\u00e7oar tanto como pessoa e profissional, e claro, muito conhecimento sobre diversos assuntos diferentes.<em>\u00a0<\/em>&nbsp;<\/td>\n<\/tr>\n<tr style=\"border-style: hidden;\">\n<td style=\"width: 345px; border-style: none; height: 228px;\"><img loading=\"lazy\" decoding=\"async\" class=\"aligncenter size-large wp-image-5799\" src=\"https:\/\/wp.ufpel.edu.br\/pelotasmun\/files\/2025\/03\/2-1-1024x1024.png\" alt=\"\" width=\"1024\" height=\"1024\" srcset=\"https:\/\/wp.ufpel.edu.br\/pelotasmun\/files\/2025\/03\/2-1-1024x1024.png 1024w, https:\/\/wp.ufpel.edu.br\/pelotasmun\/files\/2025\/03\/2-1-400x400.png 400w, https:\/\/wp.ufpel.edu.br\/pelotasmun\/files\/2025\/03\/2-1-200x200.png 200w, https:\/\/wp.ufpel.edu.br\/pelotasmun\/files\/2025\/03\/2-1-768x768.png 768w, https:\/\/wp.ufpel.edu.br\/pelotasmun\/files\/2025\/03\/2-1.png 1080w\" sizes=\"auto, (max-width: 1024px) 100vw, 1024px\" \/><\/td>\n<td style=\"width: 816px; border-style: none; height: 228px;\"><span style=\"font-size: 14pt;\"><strong>Jo\u00e3o Vitor Baptista\u00a0 <\/strong><\/span><em><span style=\"font-size: 14pt;\">Secret\u00e1rio Administrativo &#8211; Press.\u00a0 \u00a0<\/span><br \/>\n<\/em><span style=\"font-weight: 400;\">Estudante de Rela\u00e7\u00f5es Internacionais da UFPel. Trabalho profissionalmente como Social Media Manager h\u00e1 4 anos e encontrei no PelotasMUN uma oportunidade de interligar minha vida profissional e acad\u00eamica. Tenho interesse em me especializar na \u00e1rea do com\u00e9rcio exterior \u2013 principalmente na parte da comunica\u00e7\u00e3o e marketing internacional.<\/span>&nbsp;<\/td>\n<\/tr>\n<tr style=\"border-style: hidden;\">\n<td style=\"width: 345px; border-style: none; height: 228px;\"><img loading=\"lazy\" decoding=\"async\" class=\"aligncenter size-large wp-image-5855\" src=\"https:\/\/wp.ufpel.edu.br\/pelotasmun\/files\/2025\/03\/3-2-1024x1024.png\" alt=\"\" width=\"1024\" height=\"1024\" srcset=\"https:\/\/wp.ufpel.edu.br\/pelotasmun\/files\/2025\/03\/3-2-1024x1024.png 1024w, https:\/\/wp.ufpel.edu.br\/pelotasmun\/files\/2025\/03\/3-2-400x400.png 400w, https:\/\/wp.ufpel.edu.br\/pelotasmun\/files\/2025\/03\/3-2-200x200.png 200w, https:\/\/wp.ufpel.edu.br\/pelotasmun\/files\/2025\/03\/3-2-768x768.png 768w, https:\/\/wp.ufpel.edu.br\/pelotasmun\/files\/2025\/03\/3-2.png 1080w\" sizes=\"auto, (max-width: 1024px) 100vw, 1024px\" \/><\/td>\n<td style=\"width: 816px; border-style: none; height: 228px;\"><span style=\"font-size: 14pt;\"><strong>Mariana Corlassoli <\/strong><\/span><em><span style=\"font-size: 14pt;\">Secret\u00e1ria Acad\u00eamica.\u00a0 \u00a0<\/span><br \/>\n<\/em><span style=\"font-weight: 400;\">Tenho 23 anos, sou ga\u00facha e acad\u00eamica de Rela\u00e7\u00f5es Internacionais. Desde que ingressei no MUN como assistente acad\u00eamica de espanhol, soube que esse projeto faria parte da minha trajet\u00f3ria. A oportunidade de pesquisar, escrever e me aprofundar em temas internacionais \u00e9, sem d\u00favida, fascinante, mas as conex\u00f5es que construo e a integra\u00e7\u00e3o dentro do projeto s\u00e3o o que realmente me inspiram. Essa troca de experi\u00eancias e aprendizados me motiva a seguir contribuindo para lapidar cada simula\u00e7\u00e3o, a fim de ver todos os participantes debatendo, aprendendo e se impulsionando cada vez mais!<\/span><\/td>\n<\/tr>\n<tr style=\"border-style: hidden;\">\n<td style=\"width: 345px; border-style: none; height: 38px;\"><\/td>\n<td style=\"width: 816px; border-style: none; height: 38px;\"><\/td>\n<\/tr>\n<tr style=\"border-style: hidden;\">\n<td style=\"width: 345px; border-style: none; height: 228px;\"><img loading=\"lazy\" decoding=\"async\" class=\"aligncenter size-large wp-image-5853\" src=\"https:\/\/wp.ufpel.edu.br\/pelotasmun\/files\/2025\/03\/4-3-1024x1024.png\" alt=\"\" width=\"1024\" height=\"1024\" srcset=\"https:\/\/wp.ufpel.edu.br\/pelotasmun\/files\/2025\/03\/4-3-1024x1024.png 1024w, https:\/\/wp.ufpel.edu.br\/pelotasmun\/files\/2025\/03\/4-3-400x400.png 400w, https:\/\/wp.ufpel.edu.br\/pelotasmun\/files\/2025\/03\/4-3-200x200.png 200w, https:\/\/wp.ufpel.edu.br\/pelotasmun\/files\/2025\/03\/4-3-768x768.png 768w, https:\/\/wp.ufpel.edu.br\/pelotasmun\/files\/2025\/03\/4-3.png 1080w\" sizes=\"auto, (max-width: 1024px) 100vw, 1024px\" \/><\/td>\n<td style=\"width: 816px; border-style: none; height: 228px;\"><span style=\"font-size: 14pt;\"><strong>Polianna Gon\u00e7alves\u00a0 <\/strong><\/span><em><span style=\"font-size: 14pt;\">Secret\u00e1ria Administrativa &#8211; Log\u00edstica.\u00a0 \u00a0<\/span><br \/>\n<\/em><span style=\"font-weight: 400;\">Tenho 19 anos, sou natural de Jaguar\u00e3o\/RS e estudante de Rela\u00e7\u00f5es Internacionais. Gosto de conhecer pessoas, trocar experi\u00eancias e me envolver em atividades que promovam aprendizado e desenvolvimento pessoal. O PelotasMUN \u00e9 uma experi\u00eancia que tem sido enriquecedora para meu crescimento acad\u00eamico e profissional.\u00a0<\/span><\/td>\n<\/tr>\n<\/tbody>\n<\/table>\n<p>&nbsp;<\/p>\n","protected":false},"excerpt":{"rendered":"<p>&nbsp; Roberta Bertoldi\u00a0 Secret\u00e1ria Geral.\u00a0 \u00a0 Tenho 20 anos, sou da cidade de Pelotas\/RS, atualmente estou no quinto semestre de rela\u00e7\u00f5es internacionais. Apaixonada por leitura, bons h\u00e1bitos, descobrir coisas novas e ter experi\u00eancias diferentes. Estar no MUN me proporciona o desenvolvimento de habilidades, conhecer pessoas novas, me aperfei\u00e7oar tanto como pessoa e profissional, e claro, &hellip; <\/p>\n<p><a class=\"more-link btn\" href=\"https:\/\/wp.ufpel.edu.br\/pelotasmun\/secretariado\/\">Continue lendo<\/a><\/p>\n","protected":false},"author":764,"featured_media":0,"parent":0,"menu_order":0,"comment_status":"closed","ping_status":"closed","template":"","meta":{"footnotes":""},"class_list":["post-953","page","type-page","status-publish","hentry","nodate","item-wrap"],"jetpack_sharing_enabled":true,"jetpack_shortlink":"https:\/\/wp.me\/P8QcCB-fn","jetpack-related-posts":[],"_links":{"self":[{"href":"https:\/\/wp.ufpel.edu.br\/pelotasmun\/wp-json\/wp\/v2\/pages\/953","targetHints":{"allow":["GET"]}}],"collection":[{"href":"https:\/\/wp.ufpel.edu.br\/pelotasmun\/wp-json\/wp\/v2\/pages"}],"about":[{"href":"https:\/\/wp.ufpel.edu.br\/pelotasmun\/wp-json\/wp\/v2\/types\/page"}],"author":[{"embeddable":true,"href":"https:\/\/wp.ufpel.edu.br\/pelotasmun\/wp-json\/wp\/v2\/users\/764"}],"replies":[{"embeddable":true,"href":"https:\/\/wp.ufpel.edu.br\/pelotasmun\/wp-json\/wp\/v2\/comments?post=953"}],"version-history":[{"count":72,"href":"https:\/\/wp.ufpel.edu.br\/pelotasmun\/wp-json\/wp\/v2\/pages\/953\/revisions"}],"predecessor-version":[{"id":5532,"href":"https:\/\/wp.ufpel.edu.br\/pelotasmun\/wp-json\/wp\/v2\/pages\/953\/revisions\/5532"}],"wp:attachment":[{"href":"https:\/\/wp.ufpel.edu.br\/pelotasmun\/wp-json\/wp\/v2\/media?parent=953"}],"curies":[{"name":"wp","href":"https:\/\/api.w.org\/{rel}","templated":true}]}}