{"id":6202,"date":"2026-03-21T22:36:22","date_gmt":"2026-03-22T01:36:22","guid":{"rendered":"https:\/\/wp.ufpel.edu.br\/pelotasmun\/?page_id=6202"},"modified":"2026-03-25T04:52:42","modified_gmt":"2026-03-25T07:52:42","slug":"edicoes-anteriores-2","status":"publish","type":"page","link":"https:\/\/wp.ufpel.edu.br\/pelotasmun\/edicoes-anteriores-2\/","title":{"rendered":"Edi\u00e7\u00f5es Anteriores"},"content":{"rendered":"<p>Confira as edi\u00e7\u00f5es anteriores do PelotasMUN clicando nas imagens.<\/p>\n<p><a href=\"https:\/\/wp.ufpel.edu.br\/pelotasmun\/2026\/03\/15\/2025-direitos-humanos-direitos-climaticos\/\"><img loading=\"lazy\" decoding=\"async\" class=\"alignnone wp-image-6252\" src=\"https:\/\/wp.ufpel.edu.br\/pelotasmun\/files\/2026\/03\/1.png\" alt=\"\" width=\"300\" height=\"169\" srcset=\"https:\/\/wp.ufpel.edu.br\/pelotasmun\/files\/2026\/03\/1.png 2240w, https:\/\/wp.ufpel.edu.br\/pelotasmun\/files\/2026\/03\/1-400x225.png 400w, https:\/\/wp.ufpel.edu.br\/pelotasmun\/files\/2026\/03\/1-1024x576.png 1024w, https:\/\/wp.ufpel.edu.br\/pelotasmun\/files\/2026\/03\/1-768x432.png 768w, https:\/\/wp.ufpel.edu.br\/pelotasmun\/files\/2026\/03\/1-1536x864.png 1536w, https:\/\/wp.ufpel.edu.br\/pelotasmun\/files\/2026\/03\/1-2048x1152.png 2048w, https:\/\/wp.ufpel.edu.br\/pelotasmun\/files\/2026\/03\/1-1050x591.png 1050w\" sizes=\"auto, (max-width: 300px) 100vw, 300px\" \/><\/a> \u00a0<a href=\"https:\/\/wp.ufpel.edu.br\/pelotasmun\/2026\/03\/21\/2024-el-manana-se-construye-hoy\/\"><img loading=\"lazy\" decoding=\"async\" class=\"alignnone wp-image-6253\" src=\"https:\/\/wp.ufpel.edu.br\/pelotasmun\/files\/2026\/03\/2.png\" alt=\"\" width=\"300\" height=\"169\" srcset=\"https:\/\/wp.ufpel.edu.br\/pelotasmun\/files\/2026\/03\/2.png 2240w, https:\/\/wp.ufpel.edu.br\/pelotasmun\/files\/2026\/03\/2-400x225.png 400w, https:\/\/wp.ufpel.edu.br\/pelotasmun\/files\/2026\/03\/2-1024x576.png 1024w, https:\/\/wp.ufpel.edu.br\/pelotasmun\/files\/2026\/03\/2-768x432.png 768w, https:\/\/wp.ufpel.edu.br\/pelotasmun\/files\/2026\/03\/2-1536x864.png 1536w, https:\/\/wp.ufpel.edu.br\/pelotasmun\/files\/2026\/03\/2-2048x1152.png 2048w, https:\/\/wp.ufpel.edu.br\/pelotasmun\/files\/2026\/03\/2-1050x591.png 1050w\" sizes=\"auto, (max-width: 300px) 100vw, 300px\" \/><\/a>\u00a0 <a href=\"https:\/\/wp.ufpel.edu.br\/pelotasmun\/2026\/03\/20\/2023-to-a-brighter-future\/\"><img loading=\"lazy\" decoding=\"async\" class=\"alignnone wp-image-6255\" src=\"https:\/\/wp.ufpel.edu.br\/pelotasmun\/files\/2026\/03\/3.png\" alt=\"\" width=\"300\" height=\"169\" srcset=\"https:\/\/wp.ufpel.edu.br\/pelotasmun\/files\/2026\/03\/3.png 2240w, https:\/\/wp.ufpel.edu.br\/pelotasmun\/files\/2026\/03\/3-400x225.png 400w, https:\/\/wp.ufpel.edu.br\/pelotasmun\/files\/2026\/03\/3-1024x576.png 1024w, https:\/\/wp.ufpel.edu.br\/pelotasmun\/files\/2026\/03\/3-768x432.png 768w, https:\/\/wp.ufpel.edu.br\/pelotasmun\/files\/2026\/03\/3-1536x864.png 1536w, https:\/\/wp.ufpel.edu.br\/pelotasmun\/files\/2026\/03\/3-2048x1152.png 2048w, https:\/\/wp.ufpel.edu.br\/pelotasmun\/files\/2026\/03\/3-1050x591.png 1050w\" sizes=\"auto, (max-width: 300px) 100vw, 300px\" \/><\/a> \u00a0<a href=\"https:\/\/wp.ufpel.edu.br\/pelotasmun\/2026\/03\/15\/2022-a-step-to-a-new-beginning\/\"><img loading=\"lazy\" decoding=\"async\" class=\"alignnone wp-image-6256\" src=\"https:\/\/wp.ufpel.edu.br\/pelotasmun\/files\/2026\/03\/4.png\" alt=\"\" width=\"300\" height=\"169\" srcset=\"https:\/\/wp.ufpel.edu.br\/pelotasmun\/files\/2026\/03\/4.png 2240w, https:\/\/wp.ufpel.edu.br\/pelotasmun\/files\/2026\/03\/4-400x225.png 400w, https:\/\/wp.ufpel.edu.br\/pelotasmun\/files\/2026\/03\/4-1024x576.png 1024w, https:\/\/wp.ufpel.edu.br\/pelotasmun\/files\/2026\/03\/4-768x432.png 768w, https:\/\/wp.ufpel.edu.br\/pelotasmun\/files\/2026\/03\/4-1536x864.png 1536w, https:\/\/wp.ufpel.edu.br\/pelotasmun\/files\/2026\/03\/4-2048x1152.png 2048w, https:\/\/wp.ufpel.edu.br\/pelotasmun\/files\/2026\/03\/4-1050x591.png 1050w\" sizes=\"auto, (max-width: 300px) 100vw, 300px\" \/><\/a> \u00a0<a href=\"https:\/\/wp.ufpel.edu.br\/pelotasmun\/2026\/03\/20\/2021-break-stigmas-be-a-citizen-of-the-world\/\"><img loading=\"lazy\" decoding=\"async\" class=\"alignnone wp-image-6257\" src=\"https:\/\/wp.ufpel.edu.br\/pelotasmun\/files\/2026\/03\/5.png\" alt=\"\" width=\"300\" height=\"169\" srcset=\"https:\/\/wp.ufpel.edu.br\/pelotasmun\/files\/2026\/03\/5.png 2240w, https:\/\/wp.ufpel.edu.br\/pelotasmun\/files\/2026\/03\/5-400x225.png 400w, https:\/\/wp.ufpel.edu.br\/pelotasmun\/files\/2026\/03\/5-1024x576.png 1024w, https:\/\/wp.ufpel.edu.br\/pelotasmun\/files\/2026\/03\/5-768x432.png 768w, https:\/\/wp.ufpel.edu.br\/pelotasmun\/files\/2026\/03\/5-1536x864.png 1536w, https:\/\/wp.ufpel.edu.br\/pelotasmun\/files\/2026\/03\/5-2048x1152.png 2048w, https:\/\/wp.ufpel.edu.br\/pelotasmun\/files\/2026\/03\/5-1050x591.png 1050w\" sizes=\"auto, (max-width: 300px) 100vw, 300px\" \/><\/a> \u00a0<a href=\"https:\/\/wp.ufpel.edu.br\/pelotasmun\/2026\/03\/15\/2020-nostalgia\/\"><img loading=\"lazy\" decoding=\"async\" class=\"alignnone wp-image-6258\" src=\"https:\/\/wp.ufpel.edu.br\/pelotasmun\/files\/2026\/03\/6.png\" alt=\"\" width=\"300\" height=\"169\" srcset=\"https:\/\/wp.ufpel.edu.br\/pelotasmun\/files\/2026\/03\/6.png 2240w, https:\/\/wp.ufpel.edu.br\/pelotasmun\/files\/2026\/03\/6-400x225.png 400w, https:\/\/wp.ufpel.edu.br\/pelotasmun\/files\/2026\/03\/6-1024x576.png 1024w, https:\/\/wp.ufpel.edu.br\/pelotasmun\/files\/2026\/03\/6-768x432.png 768w, https:\/\/wp.ufpel.edu.br\/pelotasmun\/files\/2026\/03\/6-1536x864.png 1536w, https:\/\/wp.ufpel.edu.br\/pelotasmun\/files\/2026\/03\/6-2048x1152.png 2048w, https:\/\/wp.ufpel.edu.br\/pelotasmun\/files\/2026\/03\/6-1050x591.png 1050w\" sizes=\"auto, (max-width: 300px) 100vw, 300px\" \/><\/a> \u00a0<a href=\"https:\/\/wp.ufpel.edu.br\/pelotasmun\/2020\/05\/30\/2019\/\"><img loading=\"lazy\" decoding=\"async\" class=\"alignnone wp-image-6259\" src=\"https:\/\/wp.ufpel.edu.br\/pelotasmun\/files\/2026\/03\/7.png\" alt=\"\" width=\"300\" height=\"169\" srcset=\"https:\/\/wp.ufpel.edu.br\/pelotasmun\/files\/2026\/03\/7.png 2240w, https:\/\/wp.ufpel.edu.br\/pelotasmun\/files\/2026\/03\/7-400x225.png 400w, https:\/\/wp.ufpel.edu.br\/pelotasmun\/files\/2026\/03\/7-1024x576.png 1024w, https:\/\/wp.ufpel.edu.br\/pelotasmun\/files\/2026\/03\/7-768x432.png 768w, https:\/\/wp.ufpel.edu.br\/pelotasmun\/files\/2026\/03\/7-1536x864.png 1536w, https:\/\/wp.ufpel.edu.br\/pelotasmun\/files\/2026\/03\/7-2048x1152.png 2048w, https:\/\/wp.ufpel.edu.br\/pelotasmun\/files\/2026\/03\/7-1050x591.png 1050w\" sizes=\"auto, (max-width: 300px) 100vw, 300px\" \/><\/a> \u00a0<a href=\"https:\/\/wp.ufpel.edu.br\/pelotasmun\/2020\/06\/05\/2018-uma-nova-era\/\"><img loading=\"lazy\" decoding=\"async\" class=\"alignnone wp-image-6260\" src=\"https:\/\/wp.ufpel.edu.br\/pelotasmun\/files\/2026\/03\/8.png\" alt=\"\" width=\"300\" height=\"169\" srcset=\"https:\/\/wp.ufpel.edu.br\/pelotasmun\/files\/2026\/03\/8.png 2240w, https:\/\/wp.ufpel.edu.br\/pelotasmun\/files\/2026\/03\/8-400x225.png 400w, https:\/\/wp.ufpel.edu.br\/pelotasmun\/files\/2026\/03\/8-1024x576.png 1024w, https:\/\/wp.ufpel.edu.br\/pelotasmun\/files\/2026\/03\/8-768x432.png 768w, https:\/\/wp.ufpel.edu.br\/pelotasmun\/files\/2026\/03\/8-1536x864.png 1536w, https:\/\/wp.ufpel.edu.br\/pelotasmun\/files\/2026\/03\/8-2048x1152.png 2048w, https:\/\/wp.ufpel.edu.br\/pelotasmun\/files\/2026\/03\/8-1050x591.png 1050w\" sizes=\"auto, (max-width: 300px) 100vw, 300px\" \/><\/a> \u00a0<a href=\"https:\/\/wp.ufpel.edu.br\/pelotasmun\/2020\/05\/17\/2017-debate-on\/\"><img loading=\"lazy\" decoding=\"async\" class=\"alignnone wp-image-6261\" src=\"https:\/\/wp.ufpel.edu.br\/pelotasmun\/files\/2026\/03\/9.png\" alt=\"\" width=\"300\" height=\"169\" srcset=\"https:\/\/wp.ufpel.edu.br\/pelotasmun\/files\/2026\/03\/9.png 2240w, https:\/\/wp.ufpel.edu.br\/pelotasmun\/files\/2026\/03\/9-400x225.png 400w, https:\/\/wp.ufpel.edu.br\/pelotasmun\/files\/2026\/03\/9-1024x576.png 1024w, https:\/\/wp.ufpel.edu.br\/pelotasmun\/files\/2026\/03\/9-768x432.png 768w, https:\/\/wp.ufpel.edu.br\/pelotasmun\/files\/2026\/03\/9-1536x864.png 1536w, https:\/\/wp.ufpel.edu.br\/pelotasmun\/files\/2026\/03\/9-2048x1152.png 2048w, https:\/\/wp.ufpel.edu.br\/pelotasmun\/files\/2026\/03\/9-1050x591.png 1050w\" sizes=\"auto, (max-width: 300px) 100vw, 300px\" \/><\/a> \u00a0<a href=\"https:\/\/wp.ufpel.edu.br\/pelotasmun\/2020\/05\/17\/2016-let-a-new-era-emerge\/\"><img loading=\"lazy\" decoding=\"async\" class=\"alignnone wp-image-6262\" src=\"https:\/\/wp.ufpel.edu.br\/pelotasmun\/files\/2026\/03\/10.png\" alt=\"\" width=\"299\" height=\"168\" srcset=\"https:\/\/wp.ufpel.edu.br\/pelotasmun\/files\/2026\/03\/10.png 2240w, https:\/\/wp.ufpel.edu.br\/pelotasmun\/files\/2026\/03\/10-400x225.png 400w, https:\/\/wp.ufpel.edu.br\/pelotasmun\/files\/2026\/03\/10-1024x576.png 1024w, https:\/\/wp.ufpel.edu.br\/pelotasmun\/files\/2026\/03\/10-768x432.png 768w, https:\/\/wp.ufpel.edu.br\/pelotasmun\/files\/2026\/03\/10-1536x864.png 1536w, https:\/\/wp.ufpel.edu.br\/pelotasmun\/files\/2026\/03\/10-2048x1152.png 2048w, https:\/\/wp.ufpel.edu.br\/pelotasmun\/files\/2026\/03\/10-1050x591.png 1050w\" sizes=\"auto, (max-width: 299px) 100vw, 299px\" \/><\/a> \u00a0<a href=\"https:\/\/wp.ufpel.edu.br\/pelotasmun\/2020\/05\/17\/2015-let-peace-be-our-guest-2\/\"><img loading=\"lazy\" decoding=\"async\" class=\"alignnone wp-image-6263\" src=\"https:\/\/wp.ufpel.edu.br\/pelotasmun\/files\/2026\/03\/11.png\" alt=\"\" width=\"300\" height=\"169\" srcset=\"https:\/\/wp.ufpel.edu.br\/pelotasmun\/files\/2026\/03\/11.png 2240w, https:\/\/wp.ufpel.edu.br\/pelotasmun\/files\/2026\/03\/11-400x225.png 400w, https:\/\/wp.ufpel.edu.br\/pelotasmun\/files\/2026\/03\/11-1024x576.png 1024w, https:\/\/wp.ufpel.edu.br\/pelotasmun\/files\/2026\/03\/11-768x432.png 768w, https:\/\/wp.ufpel.edu.br\/pelotasmun\/files\/2026\/03\/11-1536x864.png 1536w, https:\/\/wp.ufpel.edu.br\/pelotasmun\/files\/2026\/03\/11-2048x1152.png 2048w, https:\/\/wp.ufpel.edu.br\/pelotasmun\/files\/2026\/03\/11-1050x591.png 1050w\" sizes=\"auto, (max-width: 300px) 100vw, 300px\" \/><\/a> \u00a0<a href=\"https:\/\/wp.ufpel.edu.br\/pelotasmun\/2026\/03\/24\/2014-challenge-yourself\/\"><img loading=\"lazy\" decoding=\"async\" class=\"alignnone wp-image-6264\" src=\"https:\/\/wp.ufpel.edu.br\/pelotasmun\/files\/2026\/03\/12.png\" alt=\"\" width=\"300\" height=\"169\" srcset=\"https:\/\/wp.ufpel.edu.br\/pelotasmun\/files\/2026\/03\/12.png 2240w, https:\/\/wp.ufpel.edu.br\/pelotasmun\/files\/2026\/03\/12-400x225.png 400w, https:\/\/wp.ufpel.edu.br\/pelotasmun\/files\/2026\/03\/12-1024x576.png 1024w, https:\/\/wp.ufpel.edu.br\/pelotasmun\/files\/2026\/03\/12-768x432.png 768w, https:\/\/wp.ufpel.edu.br\/pelotasmun\/files\/2026\/03\/12-1536x864.png 1536w, https:\/\/wp.ufpel.edu.br\/pelotasmun\/files\/2026\/03\/12-2048x1152.png 2048w, https:\/\/wp.ufpel.edu.br\/pelotasmun\/files\/2026\/03\/12-1050x591.png 1050w\" sizes=\"auto, (max-width: 300px) 100vw, 300px\" \/><\/a> \u00a0<a href=\"https:\/\/wp.ufpel.edu.br\/pelotasmun\/2020\/05\/17\/2013-challenge-yourself-2\/\"> \u00a0<img loading=\"lazy\" decoding=\"async\" class=\"alignnone wp-image-6251\" src=\"https:\/\/wp.ufpel.edu.br\/pelotasmun\/files\/2026\/03\/Banner-Edicoes-Anteriores-PelotasMUN-Blog.png\" alt=\"\" width=\"302\" height=\"170\" srcset=\"https:\/\/wp.ufpel.edu.br\/pelotasmun\/files\/2026\/03\/Banner-Edicoes-Anteriores-PelotasMUN-Blog.png 2240w, https:\/\/wp.ufpel.edu.br\/pelotasmun\/files\/2026\/03\/Banner-Edicoes-Anteriores-PelotasMUN-Blog-400x225.png 400w, https:\/\/wp.ufpel.edu.br\/pelotasmun\/files\/2026\/03\/Banner-Edicoes-Anteriores-PelotasMUN-Blog-1024x576.png 1024w, https:\/\/wp.ufpel.edu.br\/pelotasmun\/files\/2026\/03\/Banner-Edicoes-Anteriores-PelotasMUN-Blog-768x432.png 768w, https:\/\/wp.ufpel.edu.br\/pelotasmun\/files\/2026\/03\/Banner-Edicoes-Anteriores-PelotasMUN-Blog-1536x864.png 1536w, https:\/\/wp.ufpel.edu.br\/pelotasmun\/files\/2026\/03\/Banner-Edicoes-Anteriores-PelotasMUN-Blog-2048x1152.png 2048w, https:\/\/wp.ufpel.edu.br\/pelotasmun\/files\/2026\/03\/Banner-Edicoes-Anteriores-PelotasMUN-Blog-1050x591.png 1050w\" sizes=\"auto, (max-width: 302px) 100vw, 302px\" \/><\/a><\/p>\n<p>&nbsp;<\/p>\n","protected":false},"excerpt":{"rendered":"<p>Confira as edi\u00e7\u00f5es anteriores do PelotasMUN clicando nas imagens. \u00a0\u00a0 \u00a0 \u00a0 \u00a0 \u00a0 \u00a0 \u00a0 \u00a0 \u00a0 \u00a0 \u00a0 \u00a0 &nbsp;<\/p>\n","protected":false},"author":764,"featured_media":0,"parent":0,"menu_order":0,"comment_status":"closed","ping_status":"closed","template":"","meta":{"footnotes":""},"class_list":["post-6202","page","type-page","status-publish","hentry","nodate","item-wrap"],"jetpack_sharing_enabled":true,"jetpack_shortlink":"https:\/\/wp.me\/P8QcCB-1C2","jetpack-related-posts":[],"_links":{"self":[{"href":"https:\/\/wp.ufpel.edu.br\/pelotasmun\/wp-json\/wp\/v2\/pages\/6202","targetHints":{"allow":["GET"]}}],"collection":[{"href":"https:\/\/wp.ufpel.edu.br\/pelotasmun\/wp-json\/wp\/v2\/pages"}],"about":[{"href":"https:\/\/wp.ufpel.edu.br\/pelotasmun\/wp-json\/wp\/v2\/types\/page"}],"author":[{"embeddable":true,"href":"https:\/\/wp.ufpel.edu.br\/pelotasmun\/wp-json\/wp\/v2\/users\/764"}],"replies":[{"embeddable":true,"href":"https:\/\/wp.ufpel.edu.br\/pelotasmun\/wp-json\/wp\/v2\/comments?post=6202"}],"version-history":[{"count":3,"href":"https:\/\/wp.ufpel.edu.br\/pelotasmun\/wp-json\/wp\/v2\/pages\/6202\/revisions"}],"predecessor-version":[{"id":6393,"href":"https:\/\/wp.ufpel.edu.br\/pelotasmun\/wp-json\/wp\/v2\/pages\/6202\/revisions\/6393"}],"wp:attachment":[{"href":"https:\/\/wp.ufpel.edu.br\/pelotasmun\/wp-json\/wp\/v2\/media?parent=6202"}],"curies":[{"name":"wp","href":"https:\/\/api.w.org\/{rel}","templated":true}]}}