{"id":3621,"date":"2022-04-20T16:51:23","date_gmt":"2022-04-20T19:51:23","guid":{"rendered":"https:\/\/wp.ufpel.edu.br\/pelotasmun\/?page_id=3621"},"modified":"2024-04-23T21:07:08","modified_gmt":"2024-04-24T00:07:08","slug":"equipe","status":"publish","type":"page","link":"https:\/\/wp.ufpel.edu.br\/pelotasmun\/equipe\/","title":{"rendered":"Equipe"},"content":{"rendered":"<p>A equipe do PelotasMUN \u00e9 dividida da seguinte forma:<\/p>\n<ul>\n<li><a href=\"https:\/\/wp.ufpel.edu.br\/pelotasmun\/coordenacao\/\">Coordena\u00e7\u00e3o<\/a><\/li>\n<li><a href=\"https:\/\/wp.ufpel.edu.br\/pelotasmun\/secretariado\/\">Secret\u00e1riado<\/a><\/li>\n<li><a href=\"https:\/\/wp.ufpel.edu.br\/pelotasmun\/academica\/\">Acad\u00eamico<\/a><\/li>\n<li><a href=\"https:\/\/wp.ufpel.edu.br\/pelotasmun\/logistica\/\">Log\u00edstica<\/a><\/li>\n<li><a href=\"https:\/\/wp.ufpel.edu.br\/pelotasmun\/press-2\/\">Press<\/a><\/li>\n<\/ul>\n","protected":false},"excerpt":{"rendered":"<p>A equipe do PelotasMUN \u00e9 dividida da seguinte forma: Coordena\u00e7\u00e3o Secret\u00e1riado Acad\u00eamico Log\u00edstica Press<\/p>\n","protected":false},"author":764,"featured_media":0,"parent":0,"menu_order":0,"comment_status":"closed","ping_status":"closed","template":"","meta":{"footnotes":""},"class_list":["post-3621","page","type-page","status-publish","hentry","nodate","item-wrap"],"jetpack_sharing_enabled":true,"jetpack_shortlink":"https:\/\/wp.me\/P8QcCB-Wp","jetpack-related-posts":[],"_links":{"self":[{"href":"https:\/\/wp.ufpel.edu.br\/pelotasmun\/wp-json\/wp\/v2\/pages\/3621","targetHints":{"allow":["GET"]}}],"collection":[{"href":"https:\/\/wp.ufpel.edu.br\/pelotasmun\/wp-json\/wp\/v2\/pages"}],"about":[{"href":"https:\/\/wp.ufpel.edu.br\/pelotasmun\/wp-json\/wp\/v2\/types\/page"}],"author":[{"embeddable":true,"href":"https:\/\/wp.ufpel.edu.br\/pelotasmun\/wp-json\/wp\/v2\/users\/764"}],"replies":[{"embeddable":true,"href":"https:\/\/wp.ufpel.edu.br\/pelotasmun\/wp-json\/wp\/v2\/comments?post=3621"}],"version-history":[{"count":12,"href":"https:\/\/wp.ufpel.edu.br\/pelotasmun\/wp-json\/wp\/v2\/pages\/3621\/revisions"}],"predecessor-version":[{"id":5846,"href":"https:\/\/wp.ufpel.edu.br\/pelotasmun\/wp-json\/wp\/v2\/pages\/3621\/revisions\/5846"}],"wp:attachment":[{"href":"https:\/\/wp.ufpel.edu.br\/pelotasmun\/wp-json\/wp\/v2\/media?parent=3621"}],"curies":[{"name":"wp","href":"https:\/\/api.w.org\/{rel}","templated":true}]}}