{"id":1009,"date":"2020-05-17T04:51:35","date_gmt":"2020-05-17T07:51:35","guid":{"rendered":"https:\/\/wp.ufpel.edu.br\/pelotasmun\/?page_id=1009"},"modified":"2020-05-18T21:08:49","modified_gmt":"2020-05-19T00:08:49","slug":"perguntas-frequentes","status":"publish","type":"page","link":"https:\/\/wp.ufpel.edu.br\/pelotasmun\/perguntas-frequentes\/","title":{"rendered":"Perguntas Frequentes"},"content":{"rendered":"<p style=\"text-align: justify\"><span style=\"color: #0166c0;font-size: 14pt\"><strong>O que s\u00e3o modelos de simula\u00e7\u00e3o da ONU?<\/strong><\/span><\/p>\n<p style=\"text-align: justify\">As simula\u00e7\u00f5es da ONU, tamb\u00e9m conhecidas como MUN (Model United Nations) s\u00e3o eventos acad\u00eamicos onde os participantes atuam como diplomatas, jornalistas ou ju\u00edzes representando pa\u00edses ou organiza\u00e7\u00f5es dentro do cen\u00e1rio pol\u00edtico, tendo como objetivo debater e solucionar problem\u00e1ticas propostas \u00e0 cada comit\u00ea. A proposta do projeto \u00e9 expor os participantes ao ambiente diplom\u00e1tico, entendendo o funcionamento das organiza\u00e7\u00f5es internacionais e permitindo aos estudantes colocar em pr\u00e1tica as diversas teorias dentro do campo das rela\u00e7\u00f5es internacionais, ci\u00eancia pol\u00edtica, diplomacia, direito, etc.<\/p>\n<p style=\"text-align: justify\"><span style=\"color: #0166c0;font-size: 14pt\"><strong>Como funcionam?<\/strong><\/span><\/p>\n<p style=\"text-align: justify\">Os participantes s\u00e3o divididos em delega\u00e7\u00f5es, que representar\u00e3o um Estado Membro em um dos comit\u00eas da ONU selecionados para o evento. Durante as sess\u00f5es, que ser\u00e3o guiadas por uma mesa composta por membros da organiza\u00e7\u00e3o do evento, os estudantes ser\u00e3o desafiados a utilizar suas t\u00e9cnicas de negocia\u00e7\u00e3o, orat\u00f3ria, argumenta\u00e7\u00e3o e an\u00e1lise cr\u00edtica para comunicar o ponto de vista e interesse do Estado representado.\u00a0 Para isso, os participantes ser\u00e3o incentivados a pesquisar quest\u00f5es culturais, geogr\u00e1ficas, econ\u00f4micas, pol\u00edticas e hist\u00f3ricas da sua delega\u00e7\u00e3o e das demais. Ao final, dever\u00e3o de ser apresentadas resolu\u00e7\u00f5es para os problemas propostos e debatidos dentro dos padr\u00f5es das Na\u00e7\u00f5es Unidas.<\/p>\n<p style=\"text-align: justify\"><span style=\"color: #0166c0;font-size: 14pt\"><strong>Por que simular?<\/strong><\/span><\/p>\n<p style=\"text-align: justify\">A oportunidade de aprendizado com os projetos de simula\u00e7\u00f5es \u00e9 enorme. Espelhando-se nas atividades das Na\u00e7\u00f5es Unidas, os participantes s\u00e3o convidados a pesquisar, debater e formular estrat\u00e9gias para solucionar problemas globais atuais. Diante disso, cada participante acaba por desenvolver sua capacidade de an\u00e1lise, pesquisa, orat\u00f3ria, comunica\u00e7\u00e3o, negocia\u00e7\u00e3o, entre outras, ajudando o estudante a se desenvolver pessoalmente e profissionalmente. Al\u00e9m disso, o projeto acaba por proporcionar aos estudantes novas conex\u00f5es, amizades e experi\u00eancias!<\/p>\n<p style=\"text-align: justify\"><span style=\"color: #0166c0;font-size: 14pt\"><strong>Quem pode participar?<\/strong><\/span><\/p>\n<p style=\"text-align: justify\">O PelotasMUN est\u00e1 aberto a todos! Alunos de gradua\u00e7\u00e3o de qualquer institui\u00e7\u00e3o ou curso podem participar, optando por debater em l\u00edngua portuguesa ou em l\u00edngua inglesa. J\u00e1 alunos de Ensino M\u00e9dio que possuam interesse em participar, podem se inscrever para participar do nosso comit\u00ea secundarista, que ser\u00e1 realizado em l\u00edngua portuguesa.<\/p>\n<p style=\"text-align: justify\"><span style=\"font-size: 14pt;color: #0166c0\">Ainda est\u00e1 em d\u00favida?<\/span> Entre em contato com a nossa equipe pela p\u00e1gina de <a href=\"https:\/\/wp.ufpel.edu.br\/pelotasmun\/contato\/\">Contato<\/a> ou atrav\u00e9s de uma de nossas m\u00eddias sociais.<\/p>\n","protected":false},"excerpt":{"rendered":"<p>O que s\u00e3o modelos de simula\u00e7\u00e3o da ONU? As simula\u00e7\u00f5es da ONU, tamb\u00e9m conhecidas como MUN (Model United Nations) s\u00e3o eventos acad\u00eamicos onde os participantes atuam como diplomatas, jornalistas ou ju\u00edzes representando pa\u00edses ou organiza\u00e7\u00f5es dentro do cen\u00e1rio pol\u00edtico, tendo como objetivo debater e solucionar problem\u00e1ticas propostas \u00e0 cada comit\u00ea. A proposta do projeto \u00e9 &hellip; <\/p>\n<p><a class=\"more-link btn\" href=\"https:\/\/wp.ufpel.edu.br\/pelotasmun\/perguntas-frequentes\/\">Continue lendo<\/a><\/p>\n","protected":false},"author":764,"featured_media":0,"parent":0,"menu_order":0,"comment_status":"closed","ping_status":"closed","template":"","meta":{"footnotes":""},"class_list":["post-1009","page","type-page","status-publish","hentry","nodate","item-wrap"],"jetpack_sharing_enabled":true,"jetpack_shortlink":"https:\/\/wp.me\/P8QcCB-gh","jetpack-related-posts":[],"_links":{"self":[{"href":"https:\/\/wp.ufpel.edu.br\/pelotasmun\/wp-json\/wp\/v2\/pages\/1009","targetHints":{"allow":["GET"]}}],"collection":[{"href":"https:\/\/wp.ufpel.edu.br\/pelotasmun\/wp-json\/wp\/v2\/pages"}],"about":[{"href":"https:\/\/wp.ufpel.edu.br\/pelotasmun\/wp-json\/wp\/v2\/types\/page"}],"author":[{"embeddable":true,"href":"https:\/\/wp.ufpel.edu.br\/pelotasmun\/wp-json\/wp\/v2\/users\/764"}],"replies":[{"embeddable":true,"href":"https:\/\/wp.ufpel.edu.br\/pelotasmun\/wp-json\/wp\/v2\/comments?post=1009"}],"version-history":[{"count":8,"href":"https:\/\/wp.ufpel.edu.br\/pelotasmun\/wp-json\/wp\/v2\/pages\/1009\/revisions"}],"predecessor-version":[{"id":1274,"href":"https:\/\/wp.ufpel.edu.br\/pelotasmun\/wp-json\/wp\/v2\/pages\/1009\/revisions\/1274"}],"wp:attachment":[{"href":"https:\/\/wp.ufpel.edu.br\/pelotasmun\/wp-json\/wp\/v2\/media?parent=1009"}],"curies":[{"name":"wp","href":"https:\/\/api.w.org\/{rel}","templated":true}]}}