{"id":463,"date":"2012-10-07T20:16:23","date_gmt":"2012-10-07T22:16:23","guid":{"rendered":"https:\/\/wp.ufpel.edu.br\/pediatria\/?page_id=463"},"modified":"2012-10-07T20:16:23","modified_gmt":"2012-10-07T22:16:23","slug":"suplementacao-de-ferro","status":"publish","type":"page","link":"https:\/\/wp.ufpel.edu.br\/pediatria\/suplementacao-de-ferro\/","title":{"rendered":"Suplementa\u00e7\u00e3o de Ferro"},"content":{"rendered":"<p>Se existe um mineral do qual dependemos diretamente, \u00e9 o Ferro, este que independente da idade est\u00e1 em nossa circula\u00e7\u00e3o todos os dias e mais importante ainda \u00e9 ele quando estamos em pleno desenvolvimento, quando na &#8220;barriga&#8221; de nossas m\u00e3es e quando pequenos que ainda temos muito o que crescer.<\/p>\n<p>Por tudo isso, o Minist\u00e9rio da Sa\u00fade incluiu este mineral na PNAN, Pol\u00edtica Nacional de Alimenta\u00e7\u00e3o e Nutri\u00e7\u00e3o, e fez com que a as pesquisas sobre sua import\u00e2ncia e a promo\u00e7\u00e3o da sa\u00fade via sua suplementa\u00e7\u00e3o fossem fomentadas em \u00e2mbito nacional, atigindo a grande maioria da popula\u00e7\u00e3o.<\/p>\n<p>O sulfato ferroso, utilizado na suplementa\u00e7\u00e3o, \u00e9 de gra\u00e7a e pode ser adquirido em qualquer UBS pr\u00f3ximo ao paciente, mediante apresenta\u00e7\u00e3o da receita.<\/p>\n<p>As orienta\u00e7\u00f5es para sua prescri\u00e7\u00e3o e como deve se orientar o seu uso pelos paciente voc\u00ea pode encontrar aqui:\u00a0<a href=\"http:\/\/nutricao.saude.gov.br\/ferro1.php\">http:\/\/nutricao.saude.gov.br\/ferro1.php<\/a>\u00a0na parte que tem como t\u00edtulo\u00a0<a href=\"http:\/\/189.28.128.100\/nutricao\/docs\/ferro\/manual_ferro.pdf\" target=\"_blank\">Manual do Programa Nacional de Suplementa\u00e7\u00e3o de Ferro<\/a>\u00a0.<\/p>\n","protected":false},"excerpt":{"rendered":"<p>Se existe um mineral do qual dependemos diretamente, \u00e9 o Ferro, este que independente da idade est\u00e1 em nossa circula\u00e7\u00e3o todos os dias e mais importante ainda \u00e9 ele quando estamos em pleno desenvolvimento, quando na &#8220;barriga&#8221; de nossas m\u00e3es&#8230; <a class=\"more-link\" href=\"https:\/\/wp.ufpel.edu.br\/pediatria\/suplementacao-de-ferro\/\">Continue lendo &rarr;<\/a><\/p>\n","protected":false},"author":7,"featured_media":0,"parent":0,"menu_order":0,"comment_status":"closed","ping_status":"open","template":"","meta":{"footnotes":""},"class_list":["post-463","page","type-page","status-publish","hentry"],"_links":{"self":[{"href":"https:\/\/wp.ufpel.edu.br\/pediatria\/wp-json\/wp\/v2\/pages\/463","targetHints":{"allow":["GET"]}}],"collection":[{"href":"https:\/\/wp.ufpel.edu.br\/pediatria\/wp-json\/wp\/v2\/pages"}],"about":[{"href":"https:\/\/wp.ufpel.edu.br\/pediatria\/wp-json\/wp\/v2\/types\/page"}],"author":[{"embeddable":true,"href":"https:\/\/wp.ufpel.edu.br\/pediatria\/wp-json\/wp\/v2\/users\/7"}],"replies":[{"embeddable":true,"href":"https:\/\/wp.ufpel.edu.br\/pediatria\/wp-json\/wp\/v2\/comments?post=463"}],"version-history":[{"count":1,"href":"https:\/\/wp.ufpel.edu.br\/pediatria\/wp-json\/wp\/v2\/pages\/463\/revisions"}],"predecessor-version":[{"id":464,"href":"https:\/\/wp.ufpel.edu.br\/pediatria\/wp-json\/wp\/v2\/pages\/463\/revisions\/464"}],"wp:attachment":[{"href":"https:\/\/wp.ufpel.edu.br\/pediatria\/wp-json\/wp\/v2\/media?parent=463"}],"curies":[{"name":"wp","href":"https:\/\/api.w.org\/{rel}","templated":true}]}}