{"id":299,"date":"2010-05-04T16:45:34","date_gmt":"2010-05-04T18:45:34","guid":{"rendered":"https:\/\/wp.ufpel.edu.br\/pediatria\/?page_id=299"},"modified":"2024-04-30T08:57:42","modified_gmt":"2024-04-30T11:57:42","slug":"artigos","status":"publish","type":"page","link":"https:\/\/wp.ufpel.edu.br\/pediatria\/artigos\/","title":{"rendered":"Alimenta\u00e7\u00e3o Infantil"},"content":{"rendered":"<p>A <strong>alimenta\u00e7\u00e3o infantil<\/strong>, mais especificamente o bin\u00f4mio aleitamento materno e introdu\u00e7\u00e3o de alimentos, \u00e9 um tema delicado e sempre abordado nas consultas de puericultura. Apesar de terem orienta\u00e7\u00e3o na maternidade, as m\u00e3es nem sempre est\u00e3o com a pega adequada, motivo pelo qual reclamam que n\u00e3o tem leite, ou mesmo que j\u00e1 introduziram outro tipo de leite ou de alimento na rotina de seu rec\u00e9m-nascido.<\/p>\n<p><strong>O aleitamento materno exclusivo at\u00e9 os seis meses de idade \u00e9 primordial<\/strong> para a preven\u00e7\u00e3o da mortalidade infantil e de morbidades desde o resfriado comum, passando por pneumonias e demais afec\u00e7\u00f5es, at\u00e9 mesmo obesidade e suas complica\u00e7\u00f5es na vida adulta.<\/p>\n<p>Al\u00e9m disso tudo, \u00e9 um <strong>ato de carinho<\/strong> e comprovadamente cria um v\u00ednculo muito maior entre m\u00e3e e beb\u00ea.<\/p>\n<p>Ap\u00f3s os seis meses de idade, a introdu\u00e7\u00e3o de alimentos deve ser gradativa e progressivamente estudada, com poucos alimentos por vez, para evitar alergias alimentares, bem como mais naturais poss\u00edveis. Lembrando que a recusa alimentar s\u00f3 pode ser considerada verdadeira ap\u00f3s 8 a 10 exposi\u00e7\u00f5es ao mesmo alimento, ou seja, careta nem sempre quer dizer que ele(a) n\u00e3o gosta de algo.<\/p>\n<p>Anexos<\/p>\n<ol>\n<li>Guia completo de alimenta\u00e7\u00e3o infantil dos 0 aos 2 anos fornecido pelo MS<\/li>\n<li>10 passos para uma alimenta\u00e7\u00e3o saud\u00e1vel, dispon\u00edvel na BVSMS.<\/li>\n<\/ol>\n<p>&nbsp;<\/p>\n","protected":false},"excerpt":{"rendered":"<p>A alimenta\u00e7\u00e3o infantil, mais especificamente o bin\u00f4mio aleitamento materno e introdu\u00e7\u00e3o de alimentos, \u00e9 um tema delicado e sempre abordado nas consultas de puericultura. Apesar de terem orienta\u00e7\u00e3o na maternidade, as m\u00e3es nem sempre est\u00e3o com a pega adequada, motivo&#8230; <a class=\"more-link\" href=\"https:\/\/wp.ufpel.edu.br\/pediatria\/artigos\/\">Continue lendo &rarr;<\/a><\/p>\n","protected":false},"author":7,"featured_media":0,"parent":0,"menu_order":0,"comment_status":"closed","ping_status":"closed","template":"","meta":{"footnotes":""},"class_list":["post-299","page","type-page","status-publish","hentry"],"_links":{"self":[{"href":"https:\/\/wp.ufpel.edu.br\/pediatria\/wp-json\/wp\/v2\/pages\/299","targetHints":{"allow":["GET"]}}],"collection":[{"href":"https:\/\/wp.ufpel.edu.br\/pediatria\/wp-json\/wp\/v2\/pages"}],"about":[{"href":"https:\/\/wp.ufpel.edu.br\/pediatria\/wp-json\/wp\/v2\/types\/page"}],"author":[{"embeddable":true,"href":"https:\/\/wp.ufpel.edu.br\/pediatria\/wp-json\/wp\/v2\/users\/7"}],"replies":[{"embeddable":true,"href":"https:\/\/wp.ufpel.edu.br\/pediatria\/wp-json\/wp\/v2\/comments?post=299"}],"version-history":[{"count":6,"href":"https:\/\/wp.ufpel.edu.br\/pediatria\/wp-json\/wp\/v2\/pages\/299\/revisions"}],"predecessor-version":[{"id":709,"href":"https:\/\/wp.ufpel.edu.br\/pediatria\/wp-json\/wp\/v2\/pages\/299\/revisions\/709"}],"wp:attachment":[{"href":"https:\/\/wp.ufpel.edu.br\/pediatria\/wp-json\/wp\/v2\/media?parent=299"}],"curies":[{"name":"wp","href":"https:\/\/api.w.org\/{rel}","templated":true}]}}