{"id":203,"date":"2009-10-16T16:51:11","date_gmt":"2009-10-16T18:51:11","guid":{"rendered":"https:\/\/wp.ufpel.edu.br\/pediatria\/?page_id=203"},"modified":"2009-11-09T14:25:47","modified_gmt":"2009-11-09T16:25:47","slug":"orientacao-aos-pais","status":"publish","type":"page","link":"https:\/\/wp.ufpel.edu.br\/pediatria\/orientacao-aos-pais\/","title":{"rendered":"Orienta\u00e7\u00e3o aos pais"},"content":{"rendered":"<p><strong>Campanha &#8220;Dormir de Barriga para cima \u00e9 mais seguro&#8221;<\/strong><\/p>\n<p>A Pastoral da Crian\u00e7a est\u00e1 preparando uma campanha nacional para esclarecer a popula\u00e7\u00e3o sobre os riscos de morte s\u00fabita, orientando sobre a posi\u00e7\u00e3o correta para o beb\u00ea dormir, ou seja, de barriga para cima.<\/p>\n<p>Segundo pesquisadores do Centro de Pesquisas Epidemiol\u00f3gicas da Universidade Federal de Pelotas (UFPEL) e campanhas recentes divulgadas nos Estados Unidos e Inglaterra, a posi\u00e7\u00e3o correta para os beb\u00eas dormirem \u00e9 a de barriga pra cima. Essa \u00e9 a maneira correta de deitar a crian\u00e7a at\u00e9 completar um ano de vida para reduzir os riscos de morte s\u00fabita.<img loading=\"lazy\" decoding=\"async\" style=\"margin: 5px;float: right;width: 150px;height: 206px\" src=\"http:\/\/www.sprs.com.br\/images\/stories\/diversas\/pastoral1.JPG\" alt=\"pastoral1.JPG\" width=\"150\" height=\"206\" \/><\/p>\n<p>Pesquisas realizadas durante o ano de 2006 na cidade de Pelotas\/RS, constataram 10 casos de prov\u00e1veis Mortes S\u00fabitas na Inf\u00e2ncia (MSI), do total de 66 \u00f3bitos registrados entre os 4.248 nascidos vivos na cidade.<\/p>\n<p>Esta Campanha\u00a0conta com o apoio do Minist\u00e9rio da Sa\u00fade, Sociedade Brasileira de Pediatria, Sociedade de\u00a0Pediatria do RS\u00a0e Unicef.<\/p>\n<p><strong><strong><span style=\"color: #ff6600\">Folders da Sociedade de Pediatria do RS<\/span><\/strong><\/strong><\/p>\n<p><a href=\"https:\/\/wp.ufpel.edu.br\/pediatria\/files\/2009\/10\/folder-apetite.pdf\">&#8220;A crian\u00e7a que n\u00e3o quer comer&#8221;<\/a><\/p>\n<p><a href=\"https:\/\/wp.ufpel.edu.br\/pediatria\/files\/2009\/10\/folder-obesidade.pdf\">&#8220;Preven\u00e7\u00e3o da obesidade infantil&#8221;<\/a><\/p>\n<p><a href=\"https:\/\/wp.ufpel.edu.br\/pediatria\/files\/2009\/10\/morte-subita.pdf\">&#8220;Preven\u00e7\u00e3o da morte s\u00fabita do lactente&#8221;<\/a><\/p>\n<p><a href=\"https:\/\/wp.ufpel.edu.br\/pediatria\/files\/2009\/10\/amamenta\u00e7ao.pdf\">&#8220;Preparando-se para a amamenta\u00e7\u00e3o no pr\u00e9-natal&#8221;<\/a><\/p>\n<p><a href=\"https:\/\/wp.ufpel.edu.br\/pediatria\/files\/2009\/10\/folder-alimenta+\u00ba+\u00fao-saud+&lt;\/p\"><\/a><a href=\"https:\/\/wp.ufpel.edu.br\/pediatria\/files\/2009\/10\/folder-alimenta\u00e7ao-saudavel.pdf\">&#8220;Dieta equilibrada: import\u00e2ncia nos primeiros anos de vida&#8221;<\/a><\/p>\n<p><a href=\"https:\/\/wp.ufpel.edu.br\/pediatria\/files\/2009\/10\/afogamento.pdf\">&#8220;Afogamentos&#8221;<\/a><\/p>\n<p><a href=\"https:\/\/wp.ufpel.edu.br\/pediatria\/files\/2009\/10\/amigdalites.pdf\">&#8220;Amigdalites agudas&#8221;<\/a><\/p>\n<p><a href=\"https:\/\/wp.ufpel.edu.br\/pediatria\/files\/2009\/10\/asma.pdf\">&#8220;Asma&#8221;<\/a><\/p>\n<p><a href=\"https:\/\/wp.ufpel.edu.br\/pediatria\/files\/2009\/10\/asma-tratamento.pdf\">&#8220;Asma-tratamento&#8221;<\/a><\/p>\n<p><a href=\"https:\/\/wp.ufpel.edu.br\/pediatria\/files\/2009\/10\/bronquiolite.pdf\">&#8220;Bronquiolite&#8221;<\/a><\/p>\n<p><a href=\"https:\/\/wp.ufpel.edu.br\/pediatria\/files\/2009\/10\/otite.pdf\">&#8220;Otite m\u00e9dia aguda&#8221;<\/a><\/p>\n<p><a href=\"https:\/\/wp.ufpel.edu.br\/pediatria\/files\/2009\/10\/intoxica\u00e7oes-agudas.pdf\">&#8220;Intoxica\u00e7\u00f5es agudas&#8221;<\/a><\/p>\n<p><a href=\"https:\/\/wp.ufpel.edu.br\/pediatria\/files\/2009\/10\/pneumonia.pdf\">&#8220;Pneumonia&#8221;<\/a><\/p>\n<p><a href=\"https:\/\/wp.ufpel.edu.br\/pediatria\/files\/2009\/10\/queimaduras.pdf\">&#8220;Queimaduras&#8221;<\/a><\/p>\n<p><a href=\"https:\/\/wp.ufpel.edu.br\/pediatria\/files\/2009\/10\/rinossinusite.pdf\">&#8220;Rinossinusite&#8221;<\/a><\/p>\n<p><a href=\"https:\/\/wp.ufpel.edu.br\/pediatria\/files\/2009\/10\/sopro-inocente.pdf\">&#8220;Sopro inocente&#8221;<\/a><\/p>\n<p><a href=\"https:\/\/wp.ufpel.edu.br\/pediatria\/files\/2009\/10\/teste-pezinho.pdf\">&#8220;Teste pezinho&#8221;<\/a><\/p>\n<p><a href=\"https:\/\/wp.ufpel.edu.br\/pediatria\/files\/2009\/10\/vacina-gripe.pdf\">&#8220;Vacina da gripe&#8221;<\/a><\/p>\n<p><a href=\"https:\/\/wp.ufpel.edu.br\/pediatria\/files\/2009\/10\/afogamento1.pdf\"><\/a><\/p>\n","protected":false},"excerpt":{"rendered":"<p>Campanha &#8220;Dormir de Barriga para cima \u00e9 mais seguro&#8221; A Pastoral da Crian\u00e7a est\u00e1 preparando uma campanha nacional para esclarecer a popula\u00e7\u00e3o sobre os riscos de morte s\u00fabita, orientando sobre a posi\u00e7\u00e3o correta para o beb\u00ea dormir, ou seja, de&#8230; <a class=\"more-link\" href=\"https:\/\/wp.ufpel.edu.br\/pediatria\/orientacao-aos-pais\/\">Continue lendo &rarr;<\/a><\/p>\n","protected":false},"author":7,"featured_media":0,"parent":0,"menu_order":0,"comment_status":"closed","ping_status":"open","template":"","meta":{"footnotes":""},"class_list":["post-203","page","type-page","status-publish","hentry"],"_links":{"self":[{"href":"https:\/\/wp.ufpel.edu.br\/pediatria\/wp-json\/wp\/v2\/pages\/203","targetHints":{"allow":["GET"]}}],"collection":[{"href":"https:\/\/wp.ufpel.edu.br\/pediatria\/wp-json\/wp\/v2\/pages"}],"about":[{"href":"https:\/\/wp.ufpel.edu.br\/pediatria\/wp-json\/wp\/v2\/types\/page"}],"author":[{"embeddable":true,"href":"https:\/\/wp.ufpel.edu.br\/pediatria\/wp-json\/wp\/v2\/users\/7"}],"replies":[{"embeddable":true,"href":"https:\/\/wp.ufpel.edu.br\/pediatria\/wp-json\/wp\/v2\/comments?post=203"}],"version-history":[{"count":26,"href":"https:\/\/wp.ufpel.edu.br\/pediatria\/wp-json\/wp\/v2\/pages\/203\/revisions"}],"predecessor-version":[{"id":211,"href":"https:\/\/wp.ufpel.edu.br\/pediatria\/wp-json\/wp\/v2\/pages\/203\/revisions\/211"}],"wp:attachment":[{"href":"https:\/\/wp.ufpel.edu.br\/pediatria\/wp-json\/wp\/v2\/media?parent=203"}],"curies":[{"name":"wp","href":"https:\/\/api.w.org\/{rel}","templated":true}]}}