{"id":2,"date":"2008-12-02T10:01:03","date_gmt":"2008-12-02T12:01:03","guid":{"rendered":""},"modified":"2024-04-30T09:00:25","modified_gmt":"2024-04-30T12:00:25","slug":"sobre","status":"publish","type":"page","link":"https:\/\/wp.ufpel.edu.br\/pediatria\/sobre\/","title":{"rendered":"Sobre"},"content":{"rendered":"<p>Este site est\u00e1 sendo criado pelos pediatras (professores e t\u00e9cnicos) da faculdade de medicina. Um dos objetivos \u00e9 divulga\u00e7\u00e3o do conte\u00fado te\u00f3rico e pr\u00e1tico\u00a0(aulas, programa\u00e7\u00e3o, semin\u00e1rios) para os alunos do s\u00e9timo semestre que estiverem cursando a cadeira de pediatria.<\/p>\n<p>Colocaremos tamb\u00e9m a disposi\u00e7\u00e3o sites de interesse na \u00e1rea pedi\u00e1trica, folders educativos para\u00a0utilizar durante as consultas (entregar para os pais) e novidades na \u00e1rea.<\/p>\n<p>Os hor\u00e1rios de funcionamento dos ambulat\u00f3rios de pediatria ser\u00e3o divulgados, assim como projetos de pesquisa dos professores e alunos na \u00e1rea.<\/p>\n<p>Aguardem<\/p>\n<p>Professora Denise Carriconde Marques<\/p>\n","protected":false},"excerpt":{"rendered":"<p>Este site est\u00e1 sendo criado pelos pediatras (professores e t\u00e9cnicos) da faculdade de medicina. Um dos objetivos \u00e9 divulga\u00e7\u00e3o do conte\u00fado te\u00f3rico e pr\u00e1tico\u00a0(aulas, programa\u00e7\u00e3o, semin\u00e1rios) para os alunos do s\u00e9timo semestre que estiverem cursando a cadeira de pediatria. Colocaremos&#8230; <a class=\"more-link\" href=\"https:\/\/wp.ufpel.edu.br\/pediatria\/sobre\/\">Continue lendo &rarr;<\/a><\/p>\n","protected":false},"author":1,"featured_media":0,"parent":0,"menu_order":0,"comment_status":"closed","ping_status":"closed","template":"","meta":{"footnotes":""},"class_list":["post-2","page","type-page","status-publish","hentry"],"_links":{"self":[{"href":"https:\/\/wp.ufpel.edu.br\/pediatria\/wp-json\/wp\/v2\/pages\/2","targetHints":{"allow":["GET"]}}],"collection":[{"href":"https:\/\/wp.ufpel.edu.br\/pediatria\/wp-json\/wp\/v2\/pages"}],"about":[{"href":"https:\/\/wp.ufpel.edu.br\/pediatria\/wp-json\/wp\/v2\/types\/page"}],"author":[{"embeddable":true,"href":"https:\/\/wp.ufpel.edu.br\/pediatria\/wp-json\/wp\/v2\/users\/1"}],"replies":[{"embeddable":true,"href":"https:\/\/wp.ufpel.edu.br\/pediatria\/wp-json\/wp\/v2\/comments?post=2"}],"version-history":[{"count":5,"href":"https:\/\/wp.ufpel.edu.br\/pediatria\/wp-json\/wp\/v2\/pages\/2\/revisions"}],"predecessor-version":[{"id":711,"href":"https:\/\/wp.ufpel.edu.br\/pediatria\/wp-json\/wp\/v2\/pages\/2\/revisions\/711"}],"wp:attachment":[{"href":"https:\/\/wp.ufpel.edu.br\/pediatria\/wp-json\/wp\/v2\/media?parent=2"}],"curies":[{"name":"wp","href":"https:\/\/api.w.org\/{rel}","templated":true}]}}