{"id":891,"date":"2022-04-14T19:30:09","date_gmt":"2022-04-14T22:30:09","guid":{"rendered":"https:\/\/wp.ufpel.edu.br\/pedagogia\/?page_id=891"},"modified":"2022-04-14T21:16:46","modified_gmt":"2022-04-15T00:16:46","slug":"diploma","status":"publish","type":"page","link":"https:\/\/wp.ufpel.edu.br\/pedagogia\/diploma\/","title":{"rendered":"Diploma"},"content":{"rendered":"<p class=\"Texto_Justificado_Recuo_Primeira_Linha\">Cumpre-nos informar que, conforme o prazo disposto na Portaria MEC n\u00ba 1.001, de 08 de dezembro de 2021, que alterou o texto da Portaria MEC n\u00ba 554, de 11 de mar\u00e7o de 2019, as Institui\u00e7\u00f5es de Educa\u00e7\u00e3o Superior com prerrogativa de registro de diploma tiveram at\u00e9\u00a0o dia 31\/12\/2021 para implementar o <strong>diploma digital<\/strong>. Portanto, a partir de 01\/01\/2022, todos os diplomas de gradua\u00e7\u00e3o emitidos pela UFPEL s\u00e3o digitais, inclusive as segundas vias.<\/p>\n<p class=\"Texto_Justificado_Recuo_Primeira_Linha\">Os egressos que tiveram a expedi\u00e7\u00e3o do diploma at\u00e9 31\/12\/2021 ainda receberam diplomas em papel. Esta distin\u00e7\u00e3o se fez em fun\u00e7\u00e3o da Portaria 554\/2019 tratar da emiss\u00e3o e registro do diploma e n\u00e3o do ato da cola\u00e7\u00e3o de grau. O marco temporal que distingue quem receber\u00e1 diploma em papel e quem receber\u00e1 o diploma digital \u00e9 a data da emiss\u00e3o do diploma ser posterior a 01\/01\/2022. Por isto, as segundas vias de diploma expedidas ap\u00f3s esta data ser\u00e3o diplomas digitais.<\/p>\n<p class=\"Texto_Justificado_Recuo_Primeira_Linha\">Egressos que colaram grau em semestres anteriores e ficaram devendo documento para a expedi\u00e7\u00e3o do diploma receber\u00e3o diploma digital quando apresentarem o documento faltante no dossi\u00ea de\u00a0aluno.<\/p>\n<p class=\"Texto_Justificado_Recuo_Primeira_Linha\">Egressos PEC-G continuar\u00e3o\u00a0recebendo todos os seus documentos em papel, na representa\u00e7\u00e3o consular do Brasil em seu pa\u00eds de origem.<\/p>\n<p class=\"Texto_Justificado_Recuo_Primeira_Linha\">Os graduados ter\u00e3o acesso ao arquivo XML e a representa\u00e7\u00e3o visual atrav\u00e9s do Sistema Acad\u00eamico Cobalto, menu &#8220;Alunos -&gt; Consulta -&gt; Diploma Digital&#8221;, ap\u00f3s finalizadas as etapas de registro e assinaturas.<\/p>\n<p class=\"Texto_Justificado_Recuo_Primeira_Linha\">O diploma digital \u00e9 um arquivo XML que cont\u00e9m c\u00f3digos e assinaturas eletr\u00f4nicas das autoridades da IES conforme as Instru\u00e7\u00f5es Normativas do MEC.\u00a0Ele deve ser aberto dentro da\u00a0p\u00e1gina\u00a0do MEC, no endere\u00e7o\u00a0<a href=\"https:\/\/validadordiplomadigital.mec.gov.br\/diploma\" target=\"_blank\" rel=\"noopener\">https:\/\/validadordiplomadigital.mec.gov.br\/diploma<\/a>\u00a0e esta a\u00e7\u00e3o ir\u00e1 retornar a conformidade das informa\u00e7\u00f5es contidas no XML.<\/p>\n<p class=\"Texto_Justificado_Recuo_Primeira_Linha\">Al\u00e9m do\u00a0arquivo XML \u00e9 disponibilizado ao egresso\u00a0\u00a0um arquivo PDF com a Representa\u00e7\u00e3o Visual do Diploma Digital (RVDD). Este arquivo n\u00e3o tem valor jur\u00eddico, ele serve apenas para mostrar de forma mais clara e tradicional as informa\u00e7\u00f5es do diploma digital. Este arquivo cont\u00e9m no verso um QR Code que direciona para a p\u00e1gina da UFPEL onde \u00e9 poss\u00edvel fazer a verifica\u00e7\u00e3o da autenticidade do diploma. Abaixo do QR Code tamb\u00e9m consta o link para a mesma p\u00e1gina.<\/p>\n<p class=\"Texto_Justificado_Recuo_Primeira_Linha\">Para verificar a autenticidade, basta comparar o texto retornado na p\u00e1gina da UFPEL ou na p\u00e1gina do MEC\u00a0com as informa\u00e7\u00f5es que constam na RVDD. Se as informa\u00e7\u00f5es forem id\u00eanticas, o documento \u00e9 verdadeiro.<\/p>\n<p class=\"Texto_Justificado_Recuo_Primeira_Linha\">A Portaria MEC 554\/2019 prev\u00ea que as IES podem cobrar uma taxa para a impress\u00e3o da RVDD em papel especial, com fins decorativos. Esta a\u00e7\u00e3o ainda est\u00e1 sendo estudada, mas no momento, n\u00e3o est\u00e1 sendo feita nenhuma impress\u00e3o de RVDD. Lembrando que a RVDD \u00e9 apenas figurativa, n\u00e3o tendo valor jur\u00eddico e portanto n\u00e3o constam assinaturas das autoridades na RVDD e nem constar\u00e3o. A RVDD est\u00e1 formatada com caracteres em preto sobre fundo transparente, para que o interessado possa fazer a impress\u00e3o no papel que achar adequado.<\/p>\n<p class=\"Texto_Justificado_Recuo_Primeira_Linha\">\n","protected":false},"excerpt":{"rendered":"<p>Cumpre-nos informar que, conforme o prazo disposto na Portaria MEC n\u00ba 1.001, de 08 de dezembro de 2021, que alterou o texto da Portaria MEC n\u00ba 554, de 11 de mar\u00e7o de 2019, as Institui\u00e7\u00f5es de Educa\u00e7\u00e3o Superior com prerrogativa de registro de diploma tiveram at\u00e9\u00a0o dia 31\/12\/2021 para implementar o diploma digital. Portanto, a [&hellip;]<\/p>\n","protected":false},"author":314,"featured_media":0,"parent":0,"menu_order":0,"comment_status":"closed","ping_status":"closed","template":"","meta":{"footnotes":""},"class_list":["post-891","page","type-page","status-publish","hentry"],"jetpack_sharing_enabled":true,"_links":{"self":[{"href":"https:\/\/wp.ufpel.edu.br\/pedagogia\/wp-json\/wp\/v2\/pages\/891","targetHints":{"allow":["GET"]}}],"collection":[{"href":"https:\/\/wp.ufpel.edu.br\/pedagogia\/wp-json\/wp\/v2\/pages"}],"about":[{"href":"https:\/\/wp.ufpel.edu.br\/pedagogia\/wp-json\/wp\/v2\/types\/page"}],"author":[{"embeddable":true,"href":"https:\/\/wp.ufpel.edu.br\/pedagogia\/wp-json\/wp\/v2\/users\/314"}],"replies":[{"embeddable":true,"href":"https:\/\/wp.ufpel.edu.br\/pedagogia\/wp-json\/wp\/v2\/comments?post=891"}],"version-history":[{"count":3,"href":"https:\/\/wp.ufpel.edu.br\/pedagogia\/wp-json\/wp\/v2\/pages\/891\/revisions"}],"predecessor-version":[{"id":896,"href":"https:\/\/wp.ufpel.edu.br\/pedagogia\/wp-json\/wp\/v2\/pages\/891\/revisions\/896"}],"wp:attachment":[{"href":"https:\/\/wp.ufpel.edu.br\/pedagogia\/wp-json\/wp\/v2\/media?parent=891"}],"curies":[{"name":"wp","href":"https:\/\/api.w.org\/{rel}","templated":true}]}}