{"id":7,"date":"2013-11-12T19:53:34","date_gmt":"2013-11-12T21:53:34","guid":{"rendered":"https:\/\/wp.ufpel.edu.br\/pedagogia\/?page_id=7"},"modified":"2023-01-23T10:08:22","modified_gmt":"2023-01-23T13:08:22","slug":"docentes","status":"publish","type":"page","link":"https:\/\/wp.ufpel.edu.br\/pedagogia\/docentes\/","title":{"rendered":"Corpo Docente da FaE"},"content":{"rendered":"<div class=\"dados-cobalto cobalto-lista-servidores\"><ul class=\"foto-pequena\"><li><div class=\"servidor-foto\"><a href=\"https:\/\/institucional.ufpel.edu.br\/servidores\/id\/162289\"><\/a><\/div><div class=\"servidor-info\"><a href=\"https:\/\/institucional.ufpel.edu.br\/servidores\/id\/162289\">ALINE ACCORSSI<\/a><span class=\"cobalto-label\">Chefe de departamento Substituto - Departamento de Fundamentos da Educa\u00e7\u00e3o<\/span><\/div><\/li><li><div class=\"servidor-foto\"><a href=\"https:\/\/institucional.ufpel.edu.br\/servidores\/id\/22430\"><img src=\"https:\/\/institucional.ufpel.edu.br\/cache\/imagens\/201ad819-7a11-4cd1-808d-764dfa99b72e\"><\/a><\/div><div class=\"servidor-info\"><a href=\"https:\/\/institucional.ufpel.edu.br\/servidores\/id\/22430\">ALVARO LUIZ MOREIRA HYPOLITO<\/a><\/div><\/li><li><div class=\"servidor-foto\"><a href=\"https:\/\/institucional.ufpel.edu.br\/servidores\/id\/36350\"><img src=\"https:\/\/institucional.ufpel.edu.br\/cache\/imagens\/2d6778fc-f63d-4ae7-9fe7-f793b64d24d5\"><\/a><\/div><div class=\"servidor-info\"><a href=\"https:\/\/institucional.ufpel.edu.br\/servidores\/id\/36350\">ANALISA ZORZI<\/a><span class=\"cobalto-label\">Coordenadora - Coordena\u00e7\u00e3o de Ensino e Curr\u00edculo<\/span><\/div><\/li><li><div class=\"servidor-foto\"><a href=\"https:\/\/institucional.ufpel.edu.br\/servidores\/id\/25807\"><\/a><\/div><div class=\"servidor-info\"><a href=\"https:\/\/institucional.ufpel.edu.br\/servidores\/id\/25807\">ANA RUTH MORESCO MIRANDA<\/a><\/div><\/li><li><div class=\"servidor-foto\"><a href=\"https:\/\/institucional.ufpel.edu.br\/servidores\/id\/1518\"><\/a><\/div><div class=\"servidor-info\"><a href=\"https:\/\/institucional.ufpel.edu.br\/servidores\/id\/1518\">ANDRESSA AITA IVO<\/a><\/div><\/li><li><div class=\"servidor-foto\"><a href=\"https:\/\/institucional.ufpel.edu.br\/servidores\/id\/29444\"><img src=\"https:\/\/institucional.ufpel.edu.br\/cache\/imagens\/c240ad6c-23b2-461a-a4da-9bb28748899e\"><\/a><\/div><div class=\"servidor-info\"><a href=\"https:\/\/institucional.ufpel.edu.br\/servidores\/id\/29444\">ANTONIO MAURICIO MEDEIROS ALVES<\/a><span class=\"cobalto-label\">Pr\u00f3-Reitor - Pr\u00f3-Reitoria de Ensino<\/span><\/div><\/li><li><div class=\"servidor-foto\"><a href=\"https:\/\/institucional.ufpel.edu.br\/servidores\/id\/219758\"><img src=\"https:\/\/institucional.ufpel.edu.br\/cache\/imagens\/23c99e01-13a2-4d2b-9efd-662ec0663d35\"><\/a><\/div><div class=\"servidor-info\"><a href=\"https:\/\/institucional.ufpel.edu.br\/servidores\/id\/219758\">BRUNA DA ROSA DE LOS SANTOS<\/a><\/div><\/li><li><div class=\"servidor-foto\"><a href=\"https:\/\/institucional.ufpel.edu.br\/servidores\/id\/179961\"><\/a><\/div><div class=\"servidor-info\"><a href=\"https:\/\/institucional.ufpel.edu.br\/servidores\/id\/179961\">CAROLINA CHAGAS SCHNEIDER<\/a><\/div><\/li><li><div class=\"servidor-foto\"><a href=\"https:\/\/institucional.ufpel.edu.br\/servidores\/id\/150466\"><img src=\"https:\/\/institucional.ufpel.edu.br\/cache\/imagens\/5a7507a3-f180-439b-bc5c-da8343fad215\"><\/a><\/div><div class=\"servidor-info\"><a href=\"https:\/\/institucional.ufpel.edu.br\/servidores\/id\/150466\">CAROLINE TERRA DE OLIVEIRA<\/a><span class=\"cobalto-label\">Chefe de Departamento - Departamento de Ensino<\/span><\/div><\/li><li><div class=\"servidor-foto\"><a href=\"https:\/\/institucional.ufpel.edu.br\/servidores\/id\/193501\"><img src=\"https:\/\/institucional.ufpel.edu.br\/cache\/imagens\/5553cb34-19b5-4acc-8e2c-6f86246799ce\"><\/a><\/div><div class=\"servidor-info\"><a href=\"https:\/\/institucional.ufpel.edu.br\/servidores\/id\/193501\">DANTE DINIZ BESSA<\/a><\/div><\/li><li><div class=\"servidor-foto\"><a href=\"https:\/\/institucional.ufpel.edu.br\/servidores\/id\/203224\"><img src=\"https:\/\/institucional.ufpel.edu.br\/cache\/imagens\/369c3f84-3207-46ff-ab6d-2cd6ad6fc2dc\"><\/a><\/div><div class=\"servidor-info\"><a href=\"https:\/\/institucional.ufpel.edu.br\/servidores\/id\/203224\">DENISE MACEDO ZILIOTTO<\/a><\/div><\/li><li><div class=\"servidor-foto\"><a href=\"https:\/\/institucional.ufpel.edu.br\/servidores\/id\/26660\"><\/a><\/div><div class=\"servidor-info\"><a href=\"https:\/\/institucional.ufpel.edu.br\/servidores\/id\/26660\">DENISE MARCOS BUSSOLETTI<\/a><\/div><\/li><li><div class=\"servidor-foto\"><a href=\"https:\/\/institucional.ufpel.edu.br\/servidores\/id\/23754\"><img src=\"https:\/\/institucional.ufpel.edu.br\/cache\/imagens\/c5f3cd02-3f4d-48c3-aaa4-f85fc9cce1a1\"><\/a><\/div><div class=\"servidor-info\"><a href=\"https:\/\/institucional.ufpel.edu.br\/servidores\/id\/23754\">DIANA PAULA SALOM\u00c3O DE FREITAS<\/a><\/div><\/li><li><div class=\"servidor-foto\"><a href=\"https:\/\/institucional.ufpel.edu.br\/servidores\/id\/1241\"><\/a><\/div><div class=\"servidor-info\"><a href=\"https:\/\/institucional.ufpel.edu.br\/servidores\/id\/1241\">DIRLEI DE AZAMBUJA PEREIRA<\/a><span class=\"cobalto-label\">Chefe de Departamento - Departamento de Fundamentos da Educa\u00e7\u00e3o<\/span><\/div><\/li><li><div class=\"servidor-foto\"><a href=\"https:\/\/institucional.ufpel.edu.br\/servidores\/id\/28185\"><img src=\"https:\/\/institucional.ufpel.edu.br\/cache\/imagens\/db330a12-5d2e-4f4d-9adf-898c2d409796\"><\/a><\/div><div class=\"servidor-info\"><a href=\"https:\/\/institucional.ufpel.edu.br\/servidores\/id\/28185\">EDSON PONICK<\/a><\/div><\/li><li><div class=\"servidor-foto\"><a href=\"https:\/\/institucional.ufpel.edu.br\/servidores\/id\/25921\"><img src=\"https:\/\/institucional.ufpel.edu.br\/cache\/imagens\/ec335cbe-85a6-4ad3-8a05-988f02b13e2e\"><\/a><\/div><div class=\"servidor-info\"><a href=\"https:\/\/institucional.ufpel.edu.br\/servidores\/id\/25921\">EDUARDO ARRIADA<\/a><\/div><\/li><li><div class=\"servidor-foto\"><a href=\"https:\/\/institucional.ufpel.edu.br\/servidores\/id\/27975\"><\/a><\/div><div class=\"servidor-info\"><a href=\"https:\/\/institucional.ufpel.edu.br\/servidores\/id\/27975\">ELISA DOS SANTOS VANTI<\/a><span class=\"cobalto-label\">Coordenadora de Curso de P\u00f3s-Gradua\u00e7\u00e3o Substituta - Especializa\u00e7\u00e3o em Educa\u00e7\u00e3o<\/span><\/div><\/li><li><div class=\"servidor-foto\"><a href=\"https:\/\/institucional.ufpel.edu.br\/servidores\/id\/33913\"><img src=\"https:\/\/institucional.ufpel.edu.br\/cache\/imagens\/4db47506-4458-4b16-854e-471736a25719\"><\/a><\/div><div class=\"servidor-info\"><a href=\"https:\/\/institucional.ufpel.edu.br\/servidores\/id\/33913\">EUGENIA ANTUNES DIAS<\/a><\/div><\/li><li><div class=\"servidor-foto\"><a href=\"https:\/\/institucional.ufpel.edu.br\/servidores\/id\/149463\"><img src=\"https:\/\/institucional.ufpel.edu.br\/cache\/imagens\/45931d42-c3be-43ba-9c8f-004d51d0c960\"><\/a><\/div><div class=\"servidor-info\"><a href=\"https:\/\/institucional.ufpel.edu.br\/servidores\/id\/149463\">FERNANDO CEZAR RIPE DA CRUZ<\/a><span class=\"cobalto-label\">Chefe de departamento Substituto - Departamento de Ensino<\/span><span class=\"cobalto-label\">Coordenador de Curso de P\u00f3s-Gradua\u00e7\u00e3o - Especializa\u00e7\u00e3o em Gest\u00e3o da Escola P\u00fablica de Ensino M\u00e9dio EAD<\/span><\/div><\/li><li><div class=\"servidor-foto\"><a href=\"https:\/\/institucional.ufpel.edu.br\/servidores\/id\/25882\"><\/a><\/div><div class=\"servidor-info\"><a href=\"https:\/\/institucional.ufpel.edu.br\/servidores\/id\/25882\">GEORGINA HELENA XAVIER LIMA<\/a><span class=\"cobalto-label\">Coordenadora - Coordena\u00e7\u00e3o de P\u00f3s-Gradua\u00e7\u00e3o<\/span><\/div><\/li><li><div class=\"servidor-foto\"><a href=\"https:\/\/institucional.ufpel.edu.br\/servidores\/id\/27624\"><\/a><\/div><div class=\"servidor-info\"><a href=\"https:\/\/institucional.ufpel.edu.br\/servidores\/id\/27624\">GIANA LANGE DO AMARAL<\/a><\/div><\/li><li><div class=\"servidor-foto\"><a href=\"https:\/\/institucional.ufpel.edu.br\/servidores\/id\/33988\"><\/a><\/div><div class=\"servidor-info\"><a href=\"https:\/\/institucional.ufpel.edu.br\/servidores\/id\/33988\">GILCEANE CAETANO PORTO<\/a><\/div><\/li><li><div class=\"servidor-foto\"><a href=\"https:\/\/institucional.ufpel.edu.br\/servidores\/id\/27945\"><img src=\"https:\/\/institucional.ufpel.edu.br\/cache\/imagens\/917a1d0c-ac9a-49ae-b817-a32e72cb36f6\"><\/a><\/div><div class=\"servidor-info\"><a href=\"https:\/\/institucional.ufpel.edu.br\/servidores\/id\/27945\">GILSENIRA DE ALCINO RANGEL<\/a><span class=\"cobalto-label\">Diretora - Faculdade de Educa\u00e7\u00e3o<\/span><\/div><\/li><li><div class=\"servidor-foto\"><a href=\"https:\/\/institucional.ufpel.edu.br\/servidores\/id\/10165\"><img src=\"https:\/\/institucional.ufpel.edu.br\/cache\/imagens\/9e41587e-c61a-4e3e-8774-bc5ef7bcad36\"><\/a><\/div><div class=\"servidor-info\"><a href=\"https:\/\/institucional.ufpel.edu.br\/servidores\/id\/10165\">HARDALLA SANTOS DO VALLE<\/a><span class=\"cobalto-label\">Coordenadora de Curso de Gradua\u00e7\u00e3o - Colegiado do Curso de Pedagogia<\/span><\/div><\/li><li><div class=\"servidor-foto\"><a href=\"https:\/\/institucional.ufpel.edu.br\/servidores\/id\/29572\"><\/a><\/div><div class=\"servidor-info\"><a href=\"https:\/\/institucional.ufpel.edu.br\/servidores\/id\/29572\">HELENARA PLASZEWSKI<\/a><span class=\"cobalto-label\">Coordenadora de Curso de P\u00f3s-Gradua\u00e7\u00e3o - Especializa\u00e7\u00e3o em Educa\u00e7\u00e3o<\/span><\/div><\/li><li><div class=\"servidor-foto\"><a href=\"https:\/\/institucional.ufpel.edu.br\/servidores\/id\/27705\"><img src=\"https:\/\/institucional.ufpel.edu.br\/cache\/imagens\/3c29ff3c-f5cf-4b9b-8733-aab32c1cce6e\"><\/a><\/div><div class=\"servidor-info\"><a href=\"https:\/\/institucional.ufpel.edu.br\/servidores\/id\/27705\">HELOISA HELENA DUVAL DE AZEVEDO<\/a><\/div><\/li><li><div class=\"servidor-foto\"><a href=\"https:\/\/institucional.ufpel.edu.br\/servidores\/id\/37500\"><img src=\"https:\/\/institucional.ufpel.edu.br\/cache\/imagens\/8105b50c-c999-4cd0-a335-0f0c2d0417c6\"><\/a><\/div><div class=\"servidor-info\"><a href=\"https:\/\/institucional.ufpel.edu.br\/servidores\/id\/37500\">JOSEANE CRUZ MONKS<\/a><\/div><\/li><li><div class=\"servidor-foto\"><a href=\"https:\/\/institucional.ufpel.edu.br\/servidores\/id\/10054\"><img src=\"https:\/\/institucional.ufpel.edu.br\/cache\/imagens\/612b9fd2-2de3-4924-95cf-03255577c4c5\"><\/a><\/div><div class=\"servidor-info\"><a href=\"https:\/\/institucional.ufpel.edu.br\/servidores\/id\/10054\">JOSIMARA WIKBOLDT SCHWANTZ<\/a><span class=\"cobalto-label\">Coordenadora de Curso de Gradua\u00e7\u00e3o - Colegiado do Curso de Pedagogia (noturno)<\/span><\/div><\/li><li><div class=\"servidor-foto\"><a href=\"https:\/\/institucional.ufpel.edu.br\/servidores\/id\/23493\"><img src=\"https:\/\/institucional.ufpel.edu.br\/cache\/imagens\/7a08740c-7fff-472e-b1c0-87f154a3714f\"><\/a><\/div><div class=\"servidor-info\"><a href=\"https:\/\/institucional.ufpel.edu.br\/servidores\/id\/23493\">JOVINO PIZZI<\/a><\/div><\/li><li><div class=\"servidor-foto\"><a href=\"https:\/\/institucional.ufpel.edu.br\/servidores\/id\/155077\"><img src=\"https:\/\/institucional.ufpel.edu.br\/cache\/imagens\/4aa62650-96c5-4f0c-89a7-eb1aac7c4a11\"><\/a><\/div><div class=\"servidor-info\"><a href=\"https:\/\/institucional.ufpel.edu.br\/servidores\/id\/155077\">JULIA GUIMAR\u00c3ES NEVES<\/a><\/div><\/li><li><div class=\"servidor-foto\"><a href=\"https:\/\/institucional.ufpel.edu.br\/servidores\/id\/142421\"><\/a><\/div><div class=\"servidor-info\"><a href=\"https:\/\/institucional.ufpel.edu.br\/servidores\/id\/142421\">JULIA ROCHA CLASEN<\/a><\/div><\/li><li><div class=\"servidor-foto\"><a href=\"https:\/\/institucional.ufpel.edu.br\/servidores\/id\/32085\"><img src=\"https:\/\/institucional.ufpel.edu.br\/cache\/imagens\/2a8db7c3-63be-41d7-b794-50b4ffbd426b\"><\/a><\/div><div class=\"servidor-info\"><a href=\"https:\/\/institucional.ufpel.edu.br\/servidores\/id\/32085\">LETICIA MARIA PASSOS CORREA<\/a><\/div><\/li><li><div class=\"servidor-foto\"><a href=\"https:\/\/institucional.ufpel.edu.br\/servidores\/id\/25363\"><\/a><\/div><div class=\"servidor-info\"><a href=\"https:\/\/institucional.ufpel.edu.br\/servidores\/id\/25363\">LIGIA CARDOSO CARLOS<\/a><\/div><\/li><li><div class=\"servidor-foto\"><a href=\"https:\/\/institucional.ufpel.edu.br\/servidores\/id\/31525\"><img src=\"https:\/\/institucional.ufpel.edu.br\/cache\/imagens\/42fcd860-df10-48cc-9f28-98b4e13ec4df\"><\/a><\/div><div class=\"servidor-info\"><a href=\"https:\/\/institucional.ufpel.edu.br\/servidores\/id\/31525\">LILIAN LORENZATO RODRIGUEZ<\/a><span class=\"cobalto-label\">Vice-Diretora - Faculdade de Educa\u00e7\u00e3o<\/span><\/div><\/li><li><div class=\"servidor-foto\"><a href=\"https:\/\/institucional.ufpel.edu.br\/servidores\/id\/165904\"><img src=\"https:\/\/institucional.ufpel.edu.br\/cache\/imagens\/$2b$10$Ekhf8iM__ZBfTDw1jIJ0Khu9_6w0e7QdJ27IKR1nFv__L8mOKOBhwui\"><\/a><\/div><div class=\"servidor-info\"><a href=\"https:\/\/institucional.ufpel.edu.br\/servidores\/id\/165904\">LUI NORNBERG<\/a><\/div><\/li><li><div class=\"servidor-foto\"><a href=\"https:\/\/institucional.ufpel.edu.br\/servidores\/id\/23739\"><img src=\"https:\/\/institucional.ufpel.edu.br\/cache\/imagens\/877a2a91-438e-4e2d-a794-2ecd246c113e\"><\/a><\/div><div class=\"servidor-info\"><a href=\"https:\/\/institucional.ufpel.edu.br\/servidores\/id\/23739\">LUIZ ALBERTO BRETTAS<\/a><\/div><\/li><li><div class=\"servidor-foto\"><a href=\"https:\/\/institucional.ufpel.edu.br\/servidores\/id\/23746\"><img src=\"https:\/\/institucional.ufpel.edu.br\/cache\/imagens\/67edc73e-2f98-4752-92da-db45833e961d\"><\/a><\/div><div class=\"servidor-info\"><a href=\"https:\/\/institucional.ufpel.edu.br\/servidores\/id\/23746\">MADALENA KLEIN<\/a><\/div><\/li><li><div class=\"servidor-foto\"><a href=\"https:\/\/institucional.ufpel.edu.br\/servidores\/id\/64000\"><img src=\"https:\/\/institucional.ufpel.edu.br\/cache\/imagens\/5b57375a-4ad5-454c-a419-6ea5e34459c4\"><\/a><\/div><div class=\"servidor-info\"><a href=\"https:\/\/institucional.ufpel.edu.br\/servidores\/id\/64000\">MAIANE LIANA HATSCHBACH OURIQUE<\/a><span class=\"cobalto-label\">Coordenadora de Curso de P\u00f3s-Gradua\u00e7\u00e3o Substituta - Programa de P\u00f3s-Gradua\u00e7\u00e3o em Educa\u00e7\u00e3o<\/span><\/div><\/li><li><div class=\"servidor-foto\"><a href=\"https:\/\/institucional.ufpel.edu.br\/servidores\/id\/61991\"><img src=\"https:\/\/institucional.ufpel.edu.br\/cache\/imagens\/265254de-ca59-41ab-be63-e110e62101b1\"><\/a><\/div><div class=\"servidor-info\"><a href=\"https:\/\/institucional.ufpel.edu.br\/servidores\/id\/61991\">MARA REJANE VIEIRA OSORIO<\/a><\/div><\/li><li><div class=\"servidor-foto\"><a href=\"https:\/\/institucional.ufpel.edu.br\/servidores\/id\/193755\"><\/a><\/div><div class=\"servidor-info\"><a href=\"https:\/\/institucional.ufpel.edu.br\/servidores\/id\/193755\">MARCELO OLIVEIRA DA SILVA<\/a><\/div><\/li><li><div class=\"servidor-foto\"><a href=\"https:\/\/institucional.ufpel.edu.br\/servidores\/id\/29208\"><img src=\"https:\/\/institucional.ufpel.edu.br\/cache\/imagens\/bf4b019c-1966-42de-b2db-54c9976adc97\"><\/a><\/div><div class=\"servidor-info\"><a href=\"https:\/\/institucional.ufpel.edu.br\/servidores\/id\/29208\">MARCIA ALVES DA SILVA<\/a><\/div><\/li><li><div class=\"servidor-foto\"><a href=\"https:\/\/institucional.ufpel.edu.br\/servidores\/id\/157327\"><img src=\"https:\/\/institucional.ufpel.edu.br\/cache\/imagens\/f9405d6c-25e2-4f75-9ce6-5ea4501b1b3d\"><\/a><\/div><div class=\"servidor-info\"><a href=\"https:\/\/institucional.ufpel.edu.br\/servidores\/id\/157327\">MARCIA LORENA SAURIN MARTINEZ<\/a><\/div><\/li><li><div class=\"servidor-foto\"><a href=\"https:\/\/institucional.ufpel.edu.br\/servidores\/id\/170278\"><\/a><\/div><div class=\"servidor-info\"><a href=\"https:\/\/institucional.ufpel.edu.br\/servidores\/id\/170278\">MARCIO RODRIGO VALE CAETANO<\/a><span class=\"cobalto-label\">Coordenador de Curso de P\u00f3s-Gradua\u00e7\u00e3o - Programa de P\u00f3s-Gradua\u00e7\u00e3o em Educa\u00e7\u00e3o<\/span><\/div><\/li><li><div class=\"servidor-foto\"><a href=\"https:\/\/institucional.ufpel.edu.br\/servidores\/id\/31402\"><\/a><\/div><div class=\"servidor-info\"><a href=\"https:\/\/institucional.ufpel.edu.br\/servidores\/id\/31402\">MARIA DAS GRACAS CARVALHO DA SILVA MEDEIROS GONCALVES PINTO<\/a><\/div><\/li><li><div class=\"servidor-foto\"><a href=\"https:\/\/institucional.ufpel.edu.br\/servidores\/id\/23537\"><\/a><\/div><div class=\"servidor-info\"><a href=\"https:\/\/institucional.ufpel.edu.br\/servidores\/id\/23537\">MARIA DE FATIMA COSSIO<\/a><\/div><\/li><li><div class=\"servidor-foto\"><a href=\"https:\/\/institucional.ufpel.edu.br\/servidores\/id\/228609\"><\/a><\/div><div class=\"servidor-info\"><a href=\"https:\/\/institucional.ufpel.edu.br\/servidores\/id\/228609\">MARIA JULIETA ABBA<\/a><\/div><\/li><li><div class=\"servidor-foto\"><a href=\"https:\/\/institucional.ufpel.edu.br\/servidores\/id\/24732\"><\/a><\/div><div class=\"servidor-info\"><a href=\"https:\/\/institucional.ufpel.edu.br\/servidores\/id\/24732\">MARIA SIMONE DEBACCO<\/a><\/div><\/li><li><div class=\"servidor-foto\"><a href=\"https:\/\/institucional.ufpel.edu.br\/servidores\/id\/30671\"><img src=\"https:\/\/institucional.ufpel.edu.br\/cache\/imagens\/e041b56e-00c9-42e4-ac0d-302eabc31bb9\"><\/a><\/div><div class=\"servidor-info\"><a href=\"https:\/\/institucional.ufpel.edu.br\/servidores\/id\/30671\">MARTA NORNBERG<\/a><\/div><\/li><li><div class=\"servidor-foto\"><a href=\"https:\/\/institucional.ufpel.edu.br\/servidores\/id\/24344\"><img src=\"https:\/\/institucional.ufpel.edu.br\/cache\/imagens\/93859174-9739-491d-a17e-38e7eb2142e6\"><\/a><\/div><div class=\"servidor-info\"><a href=\"https:\/\/institucional.ufpel.edu.br\/servidores\/id\/24344\">MAURO AUGUSTO BURKERT DEL PINO<\/a><\/div><\/li><li><div class=\"servidor-foto\"><a href=\"https:\/\/institucional.ufpel.edu.br\/servidores\/id\/23685\"><img src=\"https:\/\/institucional.ufpel.edu.br\/cache\/imagens\/9c672754-1b0b-4adc-9799-d47ed29bc179\"><\/a><\/div><div class=\"servidor-info\"><a href=\"https:\/\/institucional.ufpel.edu.br\/servidores\/id\/23685\">NEIVA AFONSO OLIVEIRA<\/a><\/div><\/li><li><div class=\"servidor-foto\"><a href=\"https:\/\/institucional.ufpel.edu.br\/servidores\/id\/29012\"><img src=\"https:\/\/institucional.ufpel.edu.br\/cache\/imagens\/a0d0d8e0-41b8-407b-b156-9332c156cf59\"><\/a><\/div><div class=\"servidor-info\"><a href=\"https:\/\/institucional.ufpel.edu.br\/servidores\/id\/29012\">PATRICIA PEREIRA CAVA<\/a><\/div><\/li><li><div class=\"servidor-foto\"><a href=\"https:\/\/institucional.ufpel.edu.br\/servidores\/id\/32670\"><\/a><\/div><div class=\"servidor-info\"><a href=\"https:\/\/institucional.ufpel.edu.br\/servidores\/id\/32670\">PATRICIA WEIDUSCHADT<\/a><\/div><\/li><li><div class=\"servidor-foto\"><a href=\"https:\/\/institucional.ufpel.edu.br\/servidores\/id\/135875\"><img src=\"https:\/\/institucional.ufpel.edu.br\/cache\/imagens\/f0b4f165-1e71-4b4a-9e5e-eeb2ea89cae6\"><\/a><\/div><div class=\"servidor-info\"><a href=\"https:\/\/institucional.ufpel.edu.br\/servidores\/id\/135875\">PAULO LISANDRO AMARAL MARQUES<\/a><\/div><\/li><li><div class=\"servidor-foto\"><a href=\"https:\/\/institucional.ufpel.edu.br\/servidores\/id\/2120\"><img src=\"https:\/\/institucional.ufpel.edu.br\/cache\/imagens\/f32a63b4-28db-48d8-a9b0-95dbc32fc103\"><\/a><\/div><div class=\"servidor-info\"><a href=\"https:\/\/institucional.ufpel.edu.br\/servidores\/id\/2120\">RICH\u00c9LE TIMM DOS PASSOS DA SILVA<\/a><span class=\"cobalto-label\">Chefe - N\u00facleo de Licenciaturas<\/span><\/div><\/li><li><div class=\"servidor-foto\"><a href=\"https:\/\/institucional.ufpel.edu.br\/servidores\/id\/26489\"><\/a><\/div><div class=\"servidor-info\"><a href=\"https:\/\/institucional.ufpel.edu.br\/servidores\/id\/26489\">RITA DE CASSIA TAVARES MEDEIROS<\/a><\/div><\/li><li><div class=\"servidor-foto\"><a href=\"https:\/\/institucional.ufpel.edu.br\/servidores\/id\/140047\"><\/a><\/div><div class=\"servidor-info\"><a href=\"https:\/\/institucional.ufpel.edu.br\/servidores\/id\/140047\">RODRIGO DA SILVA VITAL<\/a><span class=\"cobalto-label\">Coordenador de Curso de Gradua\u00e7\u00e3o - Colegiado do Curso de Educa\u00e7\u00e3o Especial Inclusiva<\/span><\/div><\/li><li><div class=\"servidor-foto\"><a href=\"https:\/\/institucional.ufpel.edu.br\/servidores\/id\/25830\"><img src=\"https:\/\/institucional.ufpel.edu.br\/cache\/imagens\/50c54a69-46f8-4b42-9637-379fc752d165\"><\/a><\/div><div class=\"servidor-info\"><a href=\"https:\/\/institucional.ufpel.edu.br\/servidores\/id\/25830\">ROGERIO COSTA WURDIG<\/a><\/div><\/li><li><div class=\"servidor-foto\"><a href=\"https:\/\/institucional.ufpel.edu.br\/servidores\/id\/32702\"><img src=\"https:\/\/institucional.ufpel.edu.br\/cache\/imagens\/812c62a0-ebae-45af-bc68-ca69e6270a7f\"><\/a><\/div><div class=\"servidor-info\"><a href=\"https:\/\/institucional.ufpel.edu.br\/servidores\/id\/32702\">ROSE ADRIANA ANDRADE DE MIRANDA<\/a><\/div><\/li><li><div class=\"servidor-foto\"><a href=\"https:\/\/institucional.ufpel.edu.br\/servidores\/id\/1896\"><\/a><\/div><div class=\"servidor-info\"><a href=\"https:\/\/institucional.ufpel.edu.br\/servidores\/id\/1896\">SANDRA ESPINOSA ALMANSA<\/a><\/div><\/li><li><div class=\"servidor-foto\"><a href=\"https:\/\/institucional.ufpel.edu.br\/servidores\/id\/193500\"><img src=\"https:\/\/institucional.ufpel.edu.br\/cache\/imagens\/f6233dd4-83c7-42f5-880e-3332d1319353\"><\/a><\/div><div class=\"servidor-info\"><a href=\"https:\/\/institucional.ufpel.edu.br\/servidores\/id\/193500\">SANDRO FACCIN BORTOLAZZO<\/a><\/div><\/li><li><div class=\"servidor-foto\"><a href=\"https:\/\/institucional.ufpel.edu.br\/servidores\/id\/134867\"><img src=\"https:\/\/institucional.ufpel.edu.br\/cache\/imagens\/459329fc-6130-4f84-a6ea-cc1edc11fa9e\"><\/a><\/div><div class=\"servidor-info\"><a href=\"https:\/\/institucional.ufpel.edu.br\/servidores\/id\/134867\">SIGLIA PIMENTEL HOHER CAMARGO<\/a><\/div><\/li><li><div class=\"servidor-foto\"><a href=\"https:\/\/institucional.ufpel.edu.br\/servidores\/id\/76519\"><\/a><\/div><div class=\"servidor-info\"><a href=\"https:\/\/institucional.ufpel.edu.br\/servidores\/id\/76519\">SIMONE GON\u00c7ALVES DA SILVA<\/a><\/div><\/li><li><div class=\"servidor-foto\"><a href=\"https:\/\/institucional.ufpel.edu.br\/servidores\/id\/30317\"><img src=\"https:\/\/institucional.ufpel.edu.br\/cache\/imagens\/ddfcac0d-418d-4e38-9941-faabd7583626\"><\/a><\/div><div class=\"servidor-info\"><a href=\"https:\/\/institucional.ufpel.edu.br\/servidores\/id\/30317\">VALDELAINE DA ROSA MENDES<\/a><\/div><\/li><li><div class=\"servidor-foto\"><a href=\"https:\/\/institucional.ufpel.edu.br\/servidores\/id\/37662\"><img src=\"https:\/\/institucional.ufpel.edu.br\/cache\/imagens\/1488ad00-59f1-4ca0-83d5-84fb22c04409\"><\/a><\/div><div class=\"servidor-info\"><a href=\"https:\/\/institucional.ufpel.edu.br\/servidores\/id\/37662\">VANIA GRIM THIES<\/a><\/div><\/li><\/ul><\/div>\n<p>&nbsp;<\/p>\n","protected":false},"excerpt":{"rendered":"<p>&nbsp;<\/p>\n","protected":false},"author":314,"featured_media":0,"parent":0,"menu_order":0,"comment_status":"closed","ping_status":"closed","template":"","meta":{"footnotes":""},"class_list":["post-7","page","type-page","status-publish","hentry"],"jetpack_sharing_enabled":true,"_links":{"self":[{"href":"https:\/\/wp.ufpel.edu.br\/pedagogia\/wp-json\/wp\/v2\/pages\/7","targetHints":{"allow":["GET"]}}],"collection":[{"href":"https:\/\/wp.ufpel.edu.br\/pedagogia\/wp-json\/wp\/v2\/pages"}],"about":[{"href":"https:\/\/wp.ufpel.edu.br\/pedagogia\/wp-json\/wp\/v2\/types\/page"}],"author":[{"embeddable":true,"href":"https:\/\/wp.ufpel.edu.br\/pedagogia\/wp-json\/wp\/v2\/users\/314"}],"replies":[{"embeddable":true,"href":"https:\/\/wp.ufpel.edu.br\/pedagogia\/wp-json\/wp\/v2\/comments?post=7"}],"version-history":[{"count":23,"href":"https:\/\/wp.ufpel.edu.br\/pedagogia\/wp-json\/wp\/v2\/pages\/7\/revisions"}],"predecessor-version":[{"id":1100,"href":"https:\/\/wp.ufpel.edu.br\/pedagogia\/wp-json\/wp\/v2\/pages\/7\/revisions\/1100"}],"wp:attachment":[{"href":"https:\/\/wp.ufpel.edu.br\/pedagogia\/wp-json\/wp\/v2\/media?parent=7"}],"curies":[{"name":"wp","href":"https:\/\/api.w.org\/{rel}","templated":true}]}}