{"id":663,"date":"2021-09-23T17:07:35","date_gmt":"2021-09-23T20:07:35","guid":{"rendered":"https:\/\/wp.ufpel.edu.br\/pedagogia\/?page_id=663"},"modified":"2021-09-23T18:27:02","modified_gmt":"2021-09-23T21:27:02","slug":"ementas","status":"publish","type":"page","link":"https:\/\/wp.ufpel.edu.br\/pedagogia\/ementas\/","title":{"rendered":"Ementas"},"content":{"rendered":"<h3>1\u00ba Semestre<\/h3>\n<ul>\n<li><a href=\"https:\/\/wp.ufpel.edu.br\/pedagogia\/files\/2021\/09\/EACE-I.pdf\">EACE I<\/a><\/li>\n<li><a href=\"https:\/\/wp.ufpel.edu.br\/pedagogia\/files\/2021\/09\/ECS-I.pdf\">ECS I<\/a><\/li>\n<li><a href=\"https:\/\/wp.ufpel.edu.br\/pedagogia\/files\/2021\/09\/METODOLOGIA.pdf\">METODOLOGIA<\/a><\/li>\n<li><a href=\"https:\/\/wp.ufpel.edu.br\/pedagogia\/files\/2021\/09\/PE-I.pdf\">PE I<\/a><\/li>\n<li><a href=\"https:\/\/wp.ufpel.edu.br\/pedagogia\/files\/2021\/09\/TPP-I.pdf\">TPP I<\/a><\/li>\n<\/ul>\n<h3>2\u00ba Semestre<\/h3>\n<ul>\n<li><a href=\"https:\/\/wp.ufpel.edu.br\/pedagogia\/files\/2021\/09\/EACE-II.pdf\">EACE II<\/a><\/li>\n<li><a href=\"https:\/\/wp.ufpel.edu.br\/pedagogia\/files\/2021\/09\/ECS-II.pdf\">ECS II<\/a><\/li>\n<li><a href=\"https:\/\/wp.ufpel.edu.br\/pedagogia\/files\/2021\/09\/PE-II.pdf\">PE II<\/a><\/li>\n<li><a href=\"https:\/\/wp.ufpel.edu.br\/pedagogia\/files\/2021\/09\/TPP-II.pdf\">TPP II<\/a><\/li>\n<\/ul>\n<h3>3\u00ba Semestre<\/h3>\n<ul>\n<li><a href=\"https:\/\/wp.ufpel.edu.br\/pedagogia\/files\/2021\/09\/EACE-III.pdf\">EACE III<\/a><\/li>\n<li><a href=\"https:\/\/wp.ufpel.edu.br\/pedagogia\/files\/2021\/09\/ECS-III.pdf\">ECS III<\/a><\/li>\n<li><a href=\"https:\/\/wp.ufpel.edu.br\/pedagogia\/files\/2021\/09\/Libras-I.pdf\">LIBRAS I<\/a><\/li>\n<li><a href=\"https:\/\/wp.ufpel.edu.br\/pedagogia\/files\/2021\/09\/PE-III.pdf\">PE III<\/a><\/li>\n<li><a href=\"https:\/\/wp.ufpel.edu.br\/pedagogia\/files\/2021\/09\/TPP-III.pdf\">TPP III<\/a><\/li>\n<\/ul>\n<h3>4\u00ba Semestre<\/h3>\n<ul>\n<li><a href=\"https:\/\/wp.ufpel.edu.br\/pedagogia\/files\/2021\/09\/EACE-IV.pdf\">EACE IV<\/a><\/li>\n<li><a href=\"https:\/\/wp.ufpel.edu.br\/pedagogia\/files\/2021\/09\/ECS-IV.pdf\">ECS IV<\/a><\/li>\n<li><a href=\"https:\/\/wp.ufpel.edu.br\/pedagogia\/files\/2021\/09\/PE-IV.pdf\">PE IV<\/a><\/li>\n<li><a href=\"https:\/\/wp.ufpel.edu.br\/pedagogia\/files\/2021\/09\/TPP-IV.pdf\">TPP IV<\/a><\/li>\n<\/ul>\n<h3>5\u00ba Semestre<\/h3>\n<ul>\n<li><a href=\"https:\/\/wp.ufpel.edu.br\/pedagogia\/files\/2021\/09\/EACE-V.pdf\">EACE V<\/a><\/li>\n<li><a href=\"https:\/\/wp.ufpel.edu.br\/pedagogia\/files\/2021\/09\/ECS-V.pdf\">ECS V<\/a><\/li>\n<li><a href=\"https:\/\/wp.ufpel.edu.br\/pedagogia\/files\/2021\/09\/PE-V.pdf\">PE V<\/a><\/li>\n<li><a href=\"https:\/\/wp.ufpel.edu.br\/pedagogia\/files\/2021\/09\/TPP-V.pdf\">TPP V<\/a><\/li>\n<\/ul>\n<h3>6\u00ba Semestre<\/h3>\n<ul>\n<li><a href=\"https:\/\/wp.ufpel.edu.br\/pedagogia\/files\/2021\/09\/EACE-VI.pdf\">EACE VI<\/a><\/li>\n<li><a href=\"https:\/\/wp.ufpel.edu.br\/pedagogia\/files\/2021\/09\/ECS-VI.pdf\">ECS VI<\/a><\/li>\n<li><a href=\"https:\/\/wp.ufpel.edu.br\/pedagogia\/files\/2021\/09\/PE-VI.pdf\">PE VI<\/a><\/li>\n<li><a href=\"https:\/\/wp.ufpel.edu.br\/pedagogia\/files\/2021\/09\/TPP-VI.pdf\">TPP VI<\/a><\/li>\n<\/ul>\n<h3>7\u00ba Semestre<\/h3>\n<ul>\n<li><a href=\"https:\/\/wp.ufpel.edu.br\/pedagogia\/files\/2021\/09\/EACE-VII.pdf\">EACE VII<\/a><\/li>\n<li><a href=\"https:\/\/wp.ufpel.edu.br\/pedagogia\/files\/2021\/09\/ECS-VII.pdf\">ECS VII<\/a><\/li>\n<li><a href=\"https:\/\/wp.ufpel.edu.br\/pedagogia\/files\/2021\/09\/PE-VII.pdf\">PE VII<\/a><\/li>\n<li><a href=\"https:\/\/wp.ufpel.edu.br\/pedagogia\/files\/2021\/09\/TPP-VII.pdf\">TPP VII<\/a><\/li>\n<\/ul>\n<h3>8\u00ba Semestre<\/h3>\n<ul>\n<li><a href=\"https:\/\/wp.ufpel.edu.br\/pedagogia\/files\/2021\/09\/EACE-VIII.pdf\">EACE VIII<\/a><\/li>\n<li><a href=\"https:\/\/wp.ufpel.edu.br\/pedagogia\/files\/2021\/09\/ECS-VIII.pdf\">ECS VIII<\/a><\/li>\n<li><a href=\"https:\/\/wp.ufpel.edu.br\/pedagogia\/files\/2021\/09\/PREPARACAO-PARA-O-TRABALHO-FINAL-DE-CURSO.pdf\">PREPARA\u00c7\u00c3O PARA O TRABALHO FINAL DE CURSO<\/a><\/li>\n<li><a href=\"https:\/\/wp.ufpel.edu.br\/pedagogia\/files\/2021\/09\/TPP-VIII.pdf\">TPP VIII<\/a><\/li>\n<\/ul>\n<h3>9\u00ba Semestre<\/h3>\n<ul>\n<li><a href=\"https:\/\/wp.ufpel.edu.br\/pedagogia\/files\/2021\/09\/PE-IX.pdf\">PE IX<\/a><\/li>\n<\/ul>\n<h2>Optativas<\/h2>\n<ul>\n<li><a href=\"https:\/\/wp.ufpel.edu.br\/pedagogia\/files\/2021\/09\/Dificuldades-de-Aprendizagem.pdf\">DIFICULDADES DE APRENDIZAGEM<\/a><\/li>\n<li><a href=\"https:\/\/wp.ufpel.edu.br\/pedagogia\/files\/2021\/09\/Discutindo-Arte-e-Genero.pdf\">DISCUTINDO ARTE E G\u00caNERO<\/a><\/li>\n<li><a href=\"https:\/\/wp.ufpel.edu.br\/pedagogia\/files\/2021\/09\/Documento-Departamento-de-Ensino_2016_2jpg-scaled.jpg\">DOCUMENTO DEPARTAMENTO DE ENSINO<\/a><\/li>\n<li><a href=\"https:\/\/wp.ufpel.edu.br\/pedagogia\/files\/2021\/09\/Educacao-de-Adultos.pdf\">EDUCA\u00c7\u00c3O DE ADULTOS<\/a><\/li>\n<li><a href=\"https:\/\/wp.ufpel.edu.br\/pedagogia\/files\/2021\/09\/Educacao-e-Literatura.pdf\">EDUCA\u00c7\u00c3O E LITERATURA<\/a><\/li>\n<li><a href=\"https:\/\/wp.ufpel.edu.br\/pedagogia\/files\/2021\/09\/Educacao-Popular.pdf\">EDUCA\u00c7\u00c3O POPULAR<\/a><\/li>\n<li><a href=\"https:\/\/wp.ufpel.edu.br\/pedagogia\/files\/2021\/09\/Educacao-Relacoes-Etnico-Raciais.pdf\">EDUCA\u00c7\u00c3O RELA\u00c7\u00d5ES \u00c9TNICO RACIAIS<\/a><\/li>\n<li><a href=\"https:\/\/wp.ufpel.edu.br\/pedagogia\/files\/2021\/09\/Estudos-do-Pre-Escolar.pdf\">ESTUDOS DO PR\u00c9-ESCOLAR<\/a><\/li>\n<li><a href=\"https:\/\/wp.ufpel.edu.br\/pedagogia\/files\/2021\/09\/Estudos-Sobre-Genero-e-Trabalho-Feminino.pdf\">ESTUDOS SOBRE G\u00caNERO E TRABALHO FEMININO<\/a><\/li>\n<li><a href=\"https:\/\/wp.ufpel.edu.br\/pedagogia\/files\/2021\/09\/Informatica-na-Educacao-.pdf\">INFORM\u00c1TICA NA EDUCA\u00c7\u00c3O<\/a><\/li>\n<li><a href=\"https:\/\/wp.ufpel.edu.br\/pedagogia\/files\/2021\/09\/Linguagem-em-Artes-e-Comunicacao.pdf\">LINGUAGEM EM ARTES E COMUNICA\u00c7\u00c3O<\/a><\/li>\n<li><a href=\"https:\/\/wp.ufpel.edu.br\/pedagogia\/files\/2021\/09\/Linguagem.pdf\">LINGUAGEM<\/a><\/li>\n<li><a href=\"https:\/\/wp.ufpel.edu.br\/pedagogia\/files\/2021\/09\/Lista-de-optativas.jpg\">LISTA DE OPTATIVAS<\/a><\/li>\n<li><a href=\"https:\/\/wp.ufpel.edu.br\/pedagogia\/files\/2021\/09\/Lista-de-optativas-2.jpg\">LISTA DE OPTATIVAS 2<\/a><\/li>\n<li><a href=\"https:\/\/wp.ufpel.edu.br\/pedagogia\/files\/2021\/09\/Literatura-Infantil.pdf\">LEITURA INFANTIL I<\/a><\/li>\n<li><a href=\"https:\/\/wp.ufpel.edu.br\/pedagogia\/files\/2021\/09\/Literatura-Infantil-II.pdf\">LEITURA INFANTIL II<\/a><\/li>\n<li><a href=\"https:\/\/wp.ufpel.edu.br\/pedagogia\/files\/2021\/09\/Matematica-no-Nivel-Fundamental.pdf\">MATEM\u00c1TICA NO N\u00cdVEL FUNDAMENTAL<\/a><\/li>\n<li><a href=\"https:\/\/wp.ufpel.edu.br\/pedagogia\/files\/2021\/09\/Metodologia-da-Pesquisa-em-Educacao.pdf\">METODOLOGIA DA PESQUISA EM EDUCA\u00c7\u00c3O<\/a><\/li>\n<li><a href=\"https:\/\/wp.ufpel.edu.br\/pedagogia\/files\/2021\/09\/Nucleo-de-Praticas-Complementares-ao-EF.pdf\">N\u00daCLEO DE PR\u00c1TICAS COMPLEMENTARES AO ENSINO FUNDAMENTAL<\/a><\/li>\n<li><a href=\"https:\/\/wp.ufpel.edu.br\/pedagogia\/files\/2021\/09\/Nutricao-no-Contexto-Escolar.pdf\">NUTRI\u00c7\u00c3O NO CONTEXTO ESCOLAR<\/a><\/li>\n<li><a href=\"https:\/\/wp.ufpel.edu.br\/pedagogia\/files\/2021\/09\/Pesquisa-em-Educacao-Infantil-I.pdf\">PESQUISA EM EDUCA\u00c7\u00c3O INFANTIL<\/a><\/li>\n<li><a href=\"https:\/\/wp.ufpel.edu.br\/pedagogia\/files\/2021\/09\/Pesquisando-Sindrome-de-Down.pdf\">PESQUISANDO S\u00cdNDROME DE DOWN<\/a><\/li>\n<li><a href=\"https:\/\/wp.ufpel.edu.br\/pedagogia\/files\/2021\/09\/Pesquisando-Sindrome-de-Down-EMENTA.pdf\">PESQUISANDO S\u00cdNDROME DE DOWN EMENTA<\/a><\/li>\n<li><a href=\"https:\/\/wp.ufpel.edu.br\/pedagogia\/files\/2021\/09\/Plano-ARte-Educacao.docx\">PLANO ARTE-EDUCA\u00c7\u00c3O<\/a><\/li>\n<li><a href=\"https:\/\/wp.ufpel.edu.br\/pedagogia\/files\/2021\/09\/Repr-Diver-Men-Iden-Const-Nar-Educ.pdf\">REPRESENTA\u00c7\u00d5ES DA DIVERSIDADE: MEM\u00d3RIA, IDENTIDADE E CONSTRU\u00c7\u00c3O DE OUTRAS NARRATICAS EDUCATIVAS<\/a><\/li>\n<li><a href=\"https:\/\/wp.ufpel.edu.br\/pedagogia\/files\/2021\/09\/TICS.pdf\">TICS<\/a><\/li>\n<li><a href=\"https:\/\/wp.ufpel.edu.br\/pedagogia\/files\/2021\/09\/Trabalho-com-Artes-no-EF.doc\">TRABALHO COM ARTES NO EF<\/a><\/li>\n<\/ul>\n","protected":false},"excerpt":{"rendered":"<p>1\u00ba Semestre EACE I ECS I METODOLOGIA PE I TPP I 2\u00ba Semestre EACE II ECS II PE II TPP II 3\u00ba Semestre EACE III ECS III LIBRAS I PE III TPP III 4\u00ba Semestre EACE IV ECS IV PE IV TPP IV 5\u00ba Semestre EACE V ECS V PE V TPP V 6\u00ba Semestre [&hellip;]<\/p>\n","protected":false},"author":314,"featured_media":0,"parent":0,"menu_order":0,"comment_status":"closed","ping_status":"closed","template":"","meta":{"footnotes":""},"class_list":["post-663","page","type-page","status-publish","hentry"],"jetpack_sharing_enabled":true,"_links":{"self":[{"href":"https:\/\/wp.ufpel.edu.br\/pedagogia\/wp-json\/wp\/v2\/pages\/663","targetHints":{"allow":["GET"]}}],"collection":[{"href":"https:\/\/wp.ufpel.edu.br\/pedagogia\/wp-json\/wp\/v2\/pages"}],"about":[{"href":"https:\/\/wp.ufpel.edu.br\/pedagogia\/wp-json\/wp\/v2\/types\/page"}],"author":[{"embeddable":true,"href":"https:\/\/wp.ufpel.edu.br\/pedagogia\/wp-json\/wp\/v2\/users\/314"}],"replies":[{"embeddable":true,"href":"https:\/\/wp.ufpel.edu.br\/pedagogia\/wp-json\/wp\/v2\/comments?post=663"}],"version-history":[{"count":7,"href":"https:\/\/wp.ufpel.edu.br\/pedagogia\/wp-json\/wp\/v2\/pages\/663\/revisions"}],"predecessor-version":[{"id":735,"href":"https:\/\/wp.ufpel.edu.br\/pedagogia\/wp-json\/wp\/v2\/pages\/663\/revisions\/735"}],"wp:attachment":[{"href":"https:\/\/wp.ufpel.edu.br\/pedagogia\/wp-json\/wp\/v2\/media?parent=663"}],"curies":[{"name":"wp","href":"https:\/\/api.w.org\/{rel}","templated":true}]}}