{"id":51,"date":"2014-10-31T15:32:41","date_gmt":"2014-10-31T17:32:41","guid":{"rendered":"https:\/\/wp.ufpel.edu.br\/pedagogia\/?page_id=51"},"modified":"2023-08-09T17:03:39","modified_gmt":"2023-08-09T20:03:39","slug":"documentos","status":"publish","type":"page","link":"https:\/\/wp.ufpel.edu.br\/pedagogia\/documentos\/","title":{"rendered":"Documentos"},"content":{"rendered":"<p><a href=\"https:\/\/wp.ufpel.edu.br\/pedagogia\/files\/2017\/07\/SOLICITA\u00c7\u00c3O-DE-REVIS\u00c3O-DO-DESEMPNHO-ACAD\u00caMICO.pdf\">Formul\u00e1rio para Solicitar Revis\u00e3o de Prova<\/a><\/p>\n<p><a href=\"https:\/\/wp.ufpel.edu.br\/pedagogia\/files\/2017\/07\/Quadro-200h-Complementares.pdf\">Quadro de 200h Complementares<\/a><\/p>\n<p><a href=\"https:\/\/wp.ufpel.edu.br\/pedagogia\/files\/2014\/10\/APROVEITAMENTO-DE-DISCIPLINAS.pdf\">Requerimento para Aproveitamento de Disciplinas<\/a><\/p>\n<p><a href=\"https:\/\/wp.ufpel.edu.br\/pedagogia\/files\/2017\/07\/Requerimento-Aluno-Regime-domiciliar.pdf\">Requerimento para solicitar Regime Domiciliar<\/a><\/p>\n<p>&nbsp;<\/p>\n<p>&nbsp;<\/p>\n","protected":false},"excerpt":{"rendered":"<p>Formul\u00e1rio para Solicitar Revis\u00e3o de Prova Quadro de 200h Complementares Requerimento para Aproveitamento de Disciplinas Requerimento para solicitar Regime Domiciliar &nbsp; &nbsp;<\/p>\n","protected":false},"author":314,"featured_media":0,"parent":0,"menu_order":0,"comment_status":"closed","ping_status":"closed","template":"","meta":{"footnotes":""},"class_list":["post-51","page","type-page","status-publish","hentry"],"jetpack_sharing_enabled":true,"_links":{"self":[{"href":"https:\/\/wp.ufpel.edu.br\/pedagogia\/wp-json\/wp\/v2\/pages\/51","targetHints":{"allow":["GET"]}}],"collection":[{"href":"https:\/\/wp.ufpel.edu.br\/pedagogia\/wp-json\/wp\/v2\/pages"}],"about":[{"href":"https:\/\/wp.ufpel.edu.br\/pedagogia\/wp-json\/wp\/v2\/types\/page"}],"author":[{"embeddable":true,"href":"https:\/\/wp.ufpel.edu.br\/pedagogia\/wp-json\/wp\/v2\/users\/314"}],"replies":[{"embeddable":true,"href":"https:\/\/wp.ufpel.edu.br\/pedagogia\/wp-json\/wp\/v2\/comments?post=51"}],"version-history":[{"count":10,"href":"https:\/\/wp.ufpel.edu.br\/pedagogia\/wp-json\/wp\/v2\/pages\/51\/revisions"}],"predecessor-version":[{"id":98,"href":"https:\/\/wp.ufpel.edu.br\/pedagogia\/wp-json\/wp\/v2\/pages\/51\/revisions\/98"}],"wp:attachment":[{"href":"https:\/\/wp.ufpel.edu.br\/pedagogia\/wp-json\/wp\/v2\/media?parent=51"}],"curies":[{"name":"wp","href":"https:\/\/api.w.org\/{rel}","templated":true}]}}