{"id":239,"date":"2017-07-14T19:05:35","date_gmt":"2017-07-14T22:05:35","guid":{"rendered":"https:\/\/wp.ufpel.edu.br\/pedagogia\/?page_id=239"},"modified":"2023-04-27T15:38:20","modified_gmt":"2023-04-27T18:38:20","slug":"sou-aluno","status":"publish","type":"page","link":"https:\/\/wp.ufpel.edu.br\/pedagogia\/sou-aluno\/","title":{"rendered":"SOU ALUNO"},"content":{"rendered":"<p><a href=\"https:\/\/wp.ufpel.edu.br\/pedagogia\/aproveitamento-de-disciplinas\/\">Aproveitamento de Disciplinas<\/a><\/p>\n<p><a href=\"https:\/\/wp.ufpel.edu.br\/pedagogia\/atividades-complementares-de-graduacao-acg\/\">Atividades Complementares<\/a><\/p>\n<p><a href=\"https:\/\/wp.ufpel.edu.br\/pedagogia\/avaliacao-2o-chamada\/\">Avalia\u00e7\u00e3o &#8211; 2\u00ba Chamada<\/a><\/p>\n<p><a href=\"https:\/\/wp.ufpel.edu.br\/pedagogia\/cancelamento-de-matricula\/\">Cancelamento de Matr\u00edcula<\/a><\/p>\n<p><a href=\"https:\/\/wp.ufpel.edu.br\/pedagogia\/exercicios-domiciliares\/\">Exerc\u00edcios Domiciliares<\/a><\/p>\n<p><a href=\"https:\/\/wp.ufpel.edu.br\/progep\/csqv\/pericia-medica\/\">Frequ\u00eancia e Atestados M\u00e9dicos<\/a><\/p>\n<p><a href=\"https:\/\/wp.ufpel.edu.br\/pedagogia\/historico-escolar-e-integralizacao-curricular\/\">Hist\u00f3rico Escolar e Integraliza\u00e7\u00e3o Curricular<\/a><\/p>\n<p><a href=\"https:\/\/wp.ufpel.edu.br\/pedagogia\/matricula-especial\/\">Matr\u00edcula Especial<\/a><\/p>\n<p><a href=\"https:\/\/wp.ufpel.edu.br\/pedagogia\/matricula-rematricula-e-correcao-de-matricula\/\">Matr\u00edcula, Rematr\u00edcula e Corre\u00e7\u00e3o de Matr\u00edcula<\/a><\/p>\n<p><a href=\"https:\/\/wp.ufpel.edu.br\/pedagogia\/prazos-para-divulgacao-de-notas\/\">Prazos para divulga\u00e7\u00e3o das notas<\/a><\/p>\n<p><a href=\"https:\/\/wp.ufpel.edu.br\/pedagogia\/quando-o-aluno-perdera-a-vaga-na-ufpel\/\">Quando o aluno perder\u00e1 a Vaga na UFPeL<\/a><\/p>\n<p><a href=\"https:\/\/wp.ufpel.edu.br\/pedagogia\/reopcao\/\">Reop\u00e7\u00e3o<\/a><\/p>\n<p><a href=\"https:\/\/wp.ufpel.edu.br\/pedagogia\/revisao-de-desempenho-academico\/\">Revis\u00e3o de Prova<\/a><\/p>\n<p><a href=\"https:\/\/wp.ufpel.edu.br\/pedagogia\/tempo-maximo-de-permanencia-no-curso-jubilamento\/\">Tempo m\u00e1ximo de perman\u00eancia no Curso (Jubilamento)<\/a><\/p>\n<p><a href=\"https:\/\/wp.ufpel.edu.br\/pedagogia\/trancamento-de-disciplina\/\">Trancamento de Disciplinas<\/a><\/p>\n<p><a href=\"https:\/\/wp.ufpel.edu.br\/pedagogia\/trancamento-geral-de-matricula\/\">Trancamento Geral de Matr\u00edcula<\/a><\/p>\n<p><a href=\"https:\/\/wp.ufpel.edu.br\/pedagogia\/transferencia-externa\/\">Transfer\u00eancia Externa<\/a><\/p>\n<p>&nbsp;<\/p>\n<p>&nbsp;<\/p>\n","protected":false},"excerpt":{"rendered":"<p>Aproveitamento de Disciplinas Atividades Complementares Avalia\u00e7\u00e3o &#8211; 2\u00ba Chamada Cancelamento de Matr\u00edcula Exerc\u00edcios Domiciliares Frequ\u00eancia e Atestados M\u00e9dicos Hist\u00f3rico Escolar e Integraliza\u00e7\u00e3o Curricular Matr\u00edcula Especial Matr\u00edcula, Rematr\u00edcula e Corre\u00e7\u00e3o de Matr\u00edcula Prazos para divulga\u00e7\u00e3o das notas Quando o aluno perder\u00e1 a Vaga na UFPeL Reop\u00e7\u00e3o Revis\u00e3o de Prova Tempo m\u00e1ximo de perman\u00eancia no Curso (Jubilamento) [&hellip;]<\/p>\n","protected":false},"author":314,"featured_media":0,"parent":0,"menu_order":0,"comment_status":"closed","ping_status":"closed","template":"","meta":{"footnotes":""},"class_list":["post-239","page","type-page","status-publish","hentry"],"jetpack_sharing_enabled":true,"_links":{"self":[{"href":"https:\/\/wp.ufpel.edu.br\/pedagogia\/wp-json\/wp\/v2\/pages\/239","targetHints":{"allow":["GET"]}}],"collection":[{"href":"https:\/\/wp.ufpel.edu.br\/pedagogia\/wp-json\/wp\/v2\/pages"}],"about":[{"href":"https:\/\/wp.ufpel.edu.br\/pedagogia\/wp-json\/wp\/v2\/types\/page"}],"author":[{"embeddable":true,"href":"https:\/\/wp.ufpel.edu.br\/pedagogia\/wp-json\/wp\/v2\/users\/314"}],"replies":[{"embeddable":true,"href":"https:\/\/wp.ufpel.edu.br\/pedagogia\/wp-json\/wp\/v2\/comments?post=239"}],"version-history":[{"count":2,"href":"https:\/\/wp.ufpel.edu.br\/pedagogia\/wp-json\/wp\/v2\/pages\/239\/revisions"}],"predecessor-version":[{"id":1360,"href":"https:\/\/wp.ufpel.edu.br\/pedagogia\/wp-json\/wp\/v2\/pages\/239\/revisions\/1360"}],"wp:attachment":[{"href":"https:\/\/wp.ufpel.edu.br\/pedagogia\/wp-json\/wp\/v2\/media?parent=239"}],"curies":[{"name":"wp","href":"https:\/\/api.w.org\/{rel}","templated":true}]}}