{"id":236,"date":"2017-07-14T18:57:12","date_gmt":"2017-07-14T21:57:12","guid":{"rendered":"https:\/\/wp.ufpel.edu.br\/pedagogia\/?page_id=236"},"modified":"2017-07-14T18:57:12","modified_gmt":"2017-07-14T21:57:12","slug":"quero-ser-aluno","status":"publish","type":"page","link":"https:\/\/wp.ufpel.edu.br\/pedagogia\/quero-ser-aluno\/","title":{"rendered":"QUERO SER ALUNO"},"content":{"rendered":"<p><a href=\"https:\/\/wp.ufpel.edu.br\/pedagogia\/ingresso-como-portador-de-diploma\/\">Ingresso como Portador de Diploma<\/a><\/p>\n<p><a href=\"https:\/\/wp.ufpel.edu.br\/pedagogia\/reingresso\/\">Reingresso<\/a><\/p>\n<p><a href=\"https:\/\/wp.ufpel.edu.br\/pedagogia\/reopcao\/\">Reop\u00e7\u00e3o<\/a><\/p>\n<p><a href=\"https:\/\/wp.ufpel.edu.br\/pedagogia\/transferencia-compulsoria\/\">Transfer\u00eancia Compuls\u00f3ria<\/a><\/p>\n<p><a href=\"https:\/\/wp.ufpel.edu.br\/pedagogia\/transferencia-voluntaria\/\">Transfer\u00eancia Volunt\u00e1ria<\/a><\/p>\n<p>&nbsp;<\/p>\n","protected":false},"excerpt":{"rendered":"<p>Ingresso como Portador de Diploma Reingresso Reop\u00e7\u00e3o Transfer\u00eancia Compuls\u00f3ria Transfer\u00eancia Volunt\u00e1ria &nbsp;<\/p>\n","protected":false},"author":314,"featured_media":0,"parent":0,"menu_order":0,"comment_status":"closed","ping_status":"closed","template":"","meta":{"footnotes":""},"class_list":["post-236","page","type-page","status-publish","hentry"],"jetpack_sharing_enabled":true,"_links":{"self":[{"href":"https:\/\/wp.ufpel.edu.br\/pedagogia\/wp-json\/wp\/v2\/pages\/236","targetHints":{"allow":["GET"]}}],"collection":[{"href":"https:\/\/wp.ufpel.edu.br\/pedagogia\/wp-json\/wp\/v2\/pages"}],"about":[{"href":"https:\/\/wp.ufpel.edu.br\/pedagogia\/wp-json\/wp\/v2\/types\/page"}],"author":[{"embeddable":true,"href":"https:\/\/wp.ufpel.edu.br\/pedagogia\/wp-json\/wp\/v2\/users\/314"}],"replies":[{"embeddable":true,"href":"https:\/\/wp.ufpel.edu.br\/pedagogia\/wp-json\/wp\/v2\/comments?post=236"}],"version-history":[{"count":1,"href":"https:\/\/wp.ufpel.edu.br\/pedagogia\/wp-json\/wp\/v2\/pages\/236\/revisions"}],"predecessor-version":[{"id":238,"href":"https:\/\/wp.ufpel.edu.br\/pedagogia\/wp-json\/wp\/v2\/pages\/236\/revisions\/238"}],"wp:attachment":[{"href":"https:\/\/wp.ufpel.edu.br\/pedagogia\/wp-json\/wp\/v2\/media?parent=236"}],"curies":[{"name":"wp","href":"https:\/\/api.w.org\/{rel}","templated":true}]}}