{"id":233,"date":"2017-07-14T18:51:52","date_gmt":"2017-07-14T21:51:52","guid":{"rendered":"https:\/\/wp.ufpel.edu.br\/pedagogia\/?page_id=233"},"modified":"2017-07-14T19:22:35","modified_gmt":"2017-07-14T22:22:35","slug":"passei-para-pedagogia-e-agora","status":"publish","type":"page","link":"https:\/\/wp.ufpel.edu.br\/pedagogia\/passei-para-pedagogia-e-agora\/","title":{"rendered":"PASSEI PARA PEDAGOGIA, E AGORA?"},"content":{"rendered":"<p><span style=\"color: #ff9900\"><em><strong>Seja muito bem-vindo ao Curso de Pedagogia da Universidade Federal de Pelotas<\/strong><\/em><\/span><\/p>\n<ul>\n<li><strong>Para a matr\u00edcula, siga as instru\u00e7\u00f5es presentes no site do <a href=\"https:\/\/wp.ufpel.edu.br\/cra\">CRA<\/a><\/strong><\/li>\n<\/ul>\n<p>Em caso de d\u00favidas:<\/p>\n<p>Sobre a avalia\u00e7\u00e3o das cotas sociais (L1 e L2), devem entrar em contato com o N\u00facleo de Servi\u00e7o Social: (53) 3222-4318<\/p>\n<p>Sobre a avalia\u00e7\u00e3o das cotas raciais (L2 e L4), devem entrar em contato com a Coordena\u00e7\u00e3o de A\u00e7\u00f5es Afirmativas e Pol\u00edticas Estudantis : (53) 3284-4042<\/p>\n<p>Sobre os documentos da matr\u00edcula, devem entrar em contato com a Coordena\u00e7\u00e3o de Registro Acad\u00eamico: (53) 3284-4067<\/p>\n<ul>\n<li><strong>Se precisas de aux\u00edlio para poder frequentar o Curso<\/strong>\u00a0(aux\u00edlio alimenta\u00e7\u00e3o, transporte\u2026), deves procurar a Pr\u00f3-Reitoria de Assuntos Estudantis \u2013\u00a0<a href=\"https:\/\/wp.ufpel.edu.br\/prae\/\">PRAE.<\/a><\/li>\n<\/ul>\n<p>Mas antes, d\u00ea uma lida nesse link \u2013\u00a0<a href=\"https:\/\/wp.ufpel.edu.br\/prae\/nucleo-de-atencao-a-saude\/\">Assist\u00eancia Estudantil<\/a><\/p>\n<ul>\n<li><strong>Se permaneces com d\u00favidas, podes entrar em contato com a secretaria do Curso de Pedagogia atrav\u00e9s dos seguintes meios:<\/strong><\/li>\n<\/ul>\n<p>Telefone: (53) 3284 &#8211; 5537<\/p>\n<p>E-mail: cursopedagogiaufpel@gmail.com<\/p>\n","protected":false},"excerpt":{"rendered":"<p>Seja muito bem-vindo ao Curso de Pedagogia da Universidade Federal de Pelotas Para a matr\u00edcula, siga as instru\u00e7\u00f5es presentes no site do CRA Em caso de d\u00favidas: Sobre a avalia\u00e7\u00e3o das cotas sociais (L1 e L2), devem entrar em contato com o N\u00facleo de Servi\u00e7o Social: (53) 3222-4318 Sobre a avalia\u00e7\u00e3o das cotas raciais (L2 [&hellip;]<\/p>\n","protected":false},"author":314,"featured_media":0,"parent":0,"menu_order":0,"comment_status":"closed","ping_status":"closed","template":"","meta":{"footnotes":""},"class_list":["post-233","page","type-page","status-publish","hentry"],"jetpack_sharing_enabled":true,"_links":{"self":[{"href":"https:\/\/wp.ufpel.edu.br\/pedagogia\/wp-json\/wp\/v2\/pages\/233","targetHints":{"allow":["GET"]}}],"collection":[{"href":"https:\/\/wp.ufpel.edu.br\/pedagogia\/wp-json\/wp\/v2\/pages"}],"about":[{"href":"https:\/\/wp.ufpel.edu.br\/pedagogia\/wp-json\/wp\/v2\/types\/page"}],"author":[{"embeddable":true,"href":"https:\/\/wp.ufpel.edu.br\/pedagogia\/wp-json\/wp\/v2\/users\/314"}],"replies":[{"embeddable":true,"href":"https:\/\/wp.ufpel.edu.br\/pedagogia\/wp-json\/wp\/v2\/comments?post=233"}],"version-history":[{"count":2,"href":"https:\/\/wp.ufpel.edu.br\/pedagogia\/wp-json\/wp\/v2\/pages\/233\/revisions"}],"predecessor-version":[{"id":274,"href":"https:\/\/wp.ufpel.edu.br\/pedagogia\/wp-json\/wp\/v2\/pages\/233\/revisions\/274"}],"wp:attachment":[{"href":"https:\/\/wp.ufpel.edu.br\/pedagogia\/wp-json\/wp\/v2\/media?parent=233"}],"curies":[{"name":"wp","href":"https:\/\/api.w.org\/{rel}","templated":true}]}}