{"id":221,"date":"2017-07-14T18:39:58","date_gmt":"2017-07-14T21:39:58","guid":{"rendered":"https:\/\/wp.ufpel.edu.br\/pedagogia\/?page_id=221"},"modified":"2017-07-14T18:39:58","modified_gmt":"2017-07-14T21:39:58","slug":"transferencia-voluntaria","status":"publish","type":"page","link":"https:\/\/wp.ufpel.edu.br\/pedagogia\/transferencia-voluntaria\/","title":{"rendered":"TRANSFER\u00caNCIA VOLUNT\u00c1RIA"},"content":{"rendered":"<p>\u00c9 op\u00e7\u00e3o para alunos regulares de outras Institui\u00e7\u00f5es de Ensino Superior (IES) que desejam solicitar ingresso na UFPel mediante a exist\u00eancia de vagas, divulgadas em edital previsto no Calend\u00e1rio Acad\u00eamico.\u00a0<strong>Conforme a\u00a0<\/strong><a href=\"https:\/\/wp.ufpel.edu.br\/scs\/files\/2016\/03\/Resolu%C3%A7%C3%A3o-COCEPE-052016.pdf\"><em>Resolu\u00e7\u00e3o 05\/2016<\/em><\/a><strong>,\u00a0para solicitar transfer\u00eancia volunt\u00e1ria,\u00a0o aluno precisa ter concluido, no m\u00ednimo, dois\u00a0semestres ou um ano letivo\u00a0no seu curso de origem,\u00a0al\u00e9m de possuir aproveitamento de pelo menos tr\u00eas disciplinas do primeiro semestre do curso pretendido.<\/strong><\/p>\n<p>Os candidatos dever\u00e3o ler atentamente as informa\u00e7\u00f5es do Edital, que ser\u00e1 publicado na p\u00e1gina da\u00a0<a href=\"http:\/\/www2.ufpel.edu.br\/alunos\/index.php?link=home\">CRA<\/a>, contendo data, hor\u00e1rios, local e documenta\u00e7\u00e3o exigida para a inscri\u00e7\u00e3o. Somente ser\u00e3o aceitas as inscri\u00e7\u00f5es de candidatos vinculados \u00e0s Institui\u00e7\u00f5es de origem (matriculados ou em trancamento v\u00e1lido), para o mesmo curso do candidato ou, em caso de inexist\u00eancia de vagas para o mesmo, para cursos considerados correlatos na Tabela de \u00c1reas, definidas pela\u00a0<a href=\"https:\/\/wp.ufpel.edu.br\/cra\/files\/2015\/08\/Res-292014.pdf\">Resolu\u00e7\u00e3o 29\/2014<\/a>.<\/p>\n<p>Para a inscri\u00e7\u00e3o nesta modalidade ser\u00e1 cobrada taxa no valor de R$ 50,00.<\/p>\n<p>Obs. 1: O aproveitamento de disciplinas est\u00e1 condicionado \u00e0 compatibilidade de 75% da carga hor\u00e1ria e do conte\u00fado da disciplina. H\u00e1 a possibilidade de aproveitamento de disciplinas dos candidatos mediante complementa\u00e7\u00e3o de estudos quando exigida pelos colegiados de curso e aprovada pela Unidade.<\/p>\n<p>Obs. 2: Os colegiados de curso podem, em cada processo seletivo, utilizar crit\u00e9rios de sele\u00e7\u00e3o diferentes aos da Resolu\u00e7\u00e3o 05\/2016 do COCEPE, desde que apresentem justificativa pr\u00e9via com raz\u00f5es objetivas ao COCEPE. Devem os candidatos, portanto, ficar atentos ao edital publicado antes de cada processo.<\/p>\n<p><em>Fonte:\u00a0<\/em><a href=\"https:\/\/wp.ufpel.edu.br\/scs\/files\/2016\/03\/Resolu%C3%A7%C3%A3o-COCEPE-052016.pdf\"><em>Resolu\u00e7\u00e3o 05\/2016<\/em><\/a><\/p>\n","protected":false},"excerpt":{"rendered":"<p>\u00c9 op\u00e7\u00e3o para alunos regulares de outras Institui\u00e7\u00f5es de Ensino Superior (IES) que desejam solicitar ingresso na UFPel mediante a exist\u00eancia de vagas, divulgadas em edital previsto no Calend\u00e1rio Acad\u00eamico.\u00a0Conforme a\u00a0Resolu\u00e7\u00e3o 05\/2016,\u00a0para solicitar transfer\u00eancia volunt\u00e1ria,\u00a0o aluno precisa ter concluido, no m\u00ednimo, dois\u00a0semestres ou um ano letivo\u00a0no seu curso de origem,\u00a0al\u00e9m de possuir aproveitamento de pelo [&hellip;]<\/p>\n","protected":false},"author":314,"featured_media":0,"parent":0,"menu_order":0,"comment_status":"closed","ping_status":"closed","template":"","meta":{"footnotes":""},"class_list":["post-221","page","type-page","status-publish","hentry"],"jetpack_sharing_enabled":true,"_links":{"self":[{"href":"https:\/\/wp.ufpel.edu.br\/pedagogia\/wp-json\/wp\/v2\/pages\/221","targetHints":{"allow":["GET"]}}],"collection":[{"href":"https:\/\/wp.ufpel.edu.br\/pedagogia\/wp-json\/wp\/v2\/pages"}],"about":[{"href":"https:\/\/wp.ufpel.edu.br\/pedagogia\/wp-json\/wp\/v2\/types\/page"}],"author":[{"embeddable":true,"href":"https:\/\/wp.ufpel.edu.br\/pedagogia\/wp-json\/wp\/v2\/users\/314"}],"replies":[{"embeddable":true,"href":"https:\/\/wp.ufpel.edu.br\/pedagogia\/wp-json\/wp\/v2\/comments?post=221"}],"version-history":[{"count":1,"href":"https:\/\/wp.ufpel.edu.br\/pedagogia\/wp-json\/wp\/v2\/pages\/221\/revisions"}],"predecessor-version":[{"id":223,"href":"https:\/\/wp.ufpel.edu.br\/pedagogia\/wp-json\/wp\/v2\/pages\/221\/revisions\/223"}],"wp:attachment":[{"href":"https:\/\/wp.ufpel.edu.br\/pedagogia\/wp-json\/wp\/v2\/media?parent=221"}],"curies":[{"name":"wp","href":"https:\/\/api.w.org\/{rel}","templated":true}]}}