{"id":214,"date":"2017-07-14T18:36:48","date_gmt":"2017-07-14T21:36:48","guid":{"rendered":"https:\/\/wp.ufpel.edu.br\/pedagogia\/?page_id=214"},"modified":"2017-07-14T18:36:48","modified_gmt":"2017-07-14T21:36:48","slug":"solicitacao-de-historico","status":"publish","type":"page","link":"https:\/\/wp.ufpel.edu.br\/pedagogia\/solicitacao-de-historico\/","title":{"rendered":"SOLICITA\u00c7\u00c3O DE HIST\u00d3RICO"},"content":{"rendered":"<p>Alunos que j\u00e1 colaram grau recebem o hist\u00f3rico final sem nenhum custo na ocasi\u00e3o da entrega do diploma. Se o aluno j\u00e1 formado\u00a0necessita\u00a0de um hist\u00f3rico antes da entrega do diploma, pode procurar o atendimento ao aluno da CRA, (Rua Gomes Carneiro, 01 \u2013 Centro. Sala 101 \u2013 Bloco A. Pelotas\/RS, das 08h15min \u00e0s 14h). Este hist\u00f3rico\u00a0tamb\u00e9m \u00e9 emitido sem nenhum custo. Nos dois casos ser\u00e1 emitido um hist\u00f3rico \u201climpo\u201d, apenas com as aprova\u00e7\u00f5es do aluno durante o curso.<\/p>\n<p><strong>2\u00aa via de hist\u00f3rico para alunos formados<\/strong><\/p>\n<p>Caso o aluno j\u00e1 tenha recebido o hist\u00f3rico final e necessite de uma 2\u00aa via do mesmo, precisa procurar\u00a0o atendimento ao aluno da CRA, (Rua Gomes Carneiro, 01 \u2013 Centro. Sala 101 \u2013 Bloco A. Pelotas\/RS).<\/p>\n<p>Nesse caso, ser\u00e1 cobrada uma taxa (veja a se\u00e7\u00e3o\u00a0<a href=\"https:\/\/wp.ufpel.edu.br\/cra\/taxas-academicas\/\">Outros Servi\u00e7os &gt; Taxas Acad\u00eamicas<\/a>, na p\u00e1gina do CRA).<\/p>\n<p><em>Fonte: CRA<\/em><\/p>\n","protected":false},"excerpt":{"rendered":"<p>Alunos que j\u00e1 colaram grau recebem o hist\u00f3rico final sem nenhum custo na ocasi\u00e3o da entrega do diploma. Se o aluno j\u00e1 formado\u00a0necessita\u00a0de um hist\u00f3rico antes da entrega do diploma, pode procurar o atendimento ao aluno da CRA, (Rua Gomes Carneiro, 01 \u2013 Centro. Sala 101 \u2013 Bloco A. Pelotas\/RS, das 08h15min \u00e0s 14h). Este [&hellip;]<\/p>\n","protected":false},"author":314,"featured_media":0,"parent":0,"menu_order":0,"comment_status":"closed","ping_status":"closed","template":"","meta":{"footnotes":""},"class_list":["post-214","page","type-page","status-publish","hentry"],"jetpack_sharing_enabled":true,"_links":{"self":[{"href":"https:\/\/wp.ufpel.edu.br\/pedagogia\/wp-json\/wp\/v2\/pages\/214","targetHints":{"allow":["GET"]}}],"collection":[{"href":"https:\/\/wp.ufpel.edu.br\/pedagogia\/wp-json\/wp\/v2\/pages"}],"about":[{"href":"https:\/\/wp.ufpel.edu.br\/pedagogia\/wp-json\/wp\/v2\/types\/page"}],"author":[{"embeddable":true,"href":"https:\/\/wp.ufpel.edu.br\/pedagogia\/wp-json\/wp\/v2\/users\/314"}],"replies":[{"embeddable":true,"href":"https:\/\/wp.ufpel.edu.br\/pedagogia\/wp-json\/wp\/v2\/comments?post=214"}],"version-history":[{"count":1,"href":"https:\/\/wp.ufpel.edu.br\/pedagogia\/wp-json\/wp\/v2\/pages\/214\/revisions"}],"predecessor-version":[{"id":216,"href":"https:\/\/wp.ufpel.edu.br\/pedagogia\/wp-json\/wp\/v2\/pages\/214\/revisions\/216"}],"wp:attachment":[{"href":"https:\/\/wp.ufpel.edu.br\/pedagogia\/wp-json\/wp\/v2\/media?parent=214"}],"curies":[{"name":"wp","href":"https:\/\/api.w.org\/{rel}","templated":true}]}}