{"id":208,"date":"2017-07-14T18:33:47","date_gmt":"2017-07-14T21:33:47","guid":{"rendered":"https:\/\/wp.ufpel.edu.br\/pedagogia\/?page_id=208"},"modified":"2017-07-14T18:33:47","modified_gmt":"2017-07-14T21:33:47","slug":"transferencia-externa","status":"publish","type":"page","link":"https:\/\/wp.ufpel.edu.br\/pedagogia\/transferencia-externa\/","title":{"rendered":"TRANSFER\u00caNCIA EXTERNA"},"content":{"rendered":"<p>O aluno da UFPel que quiser ir para outra Universidade, deve buscar nessa outra Universidade a forma de ingressar. Uma vez que saiba como (atrav\u00e9s de edital, presumivelmente), ele deve se inscrever, concorrer e ser selecionado. Assim que ele for selecionado, \u00e9 a outra Universidade que pede para a UFPel enviar a documenta\u00e7\u00e3o (na verdade, desde 2007, envia-se apenas a Declara\u00e7\u00e3o de Vaga, documento que atesta que o aluno\u00a0tem v\u00ednculo com\u00a0a UFPel e que ela est\u00e1 repassando a vaga para a outra Universidade, com todos os encargos p\u00fablicos). A antiga GUIA DE TRANSFER\u00caNCIA n\u00e3o \u00e9 mais necess\u00e1ria.<\/p>\n<p>Ou seja: o aluno quando quiser sair por transfer\u00eancia, n\u00e3o mant\u00e9m nenhum contato com a UFPel. N\u00e3o precisa nem procurar\u00a0o Colegiado, nem procurar a CRA. Basta que procure na outra universidade o edital espec\u00edfico, concorra na sele\u00e7\u00e3o, seja selecionado e comece a frequentar as aulas.<\/p>\n<p><em>Fonte: CRA<\/em><\/p>\n","protected":false},"excerpt":{"rendered":"<p>O aluno da UFPel que quiser ir para outra Universidade, deve buscar nessa outra Universidade a forma de ingressar. Uma vez que saiba como (atrav\u00e9s de edital, presumivelmente), ele deve se inscrever, concorrer e ser selecionado. Assim que ele for selecionado, \u00e9 a outra Universidade que pede para a UFPel enviar a documenta\u00e7\u00e3o (na verdade, [&hellip;]<\/p>\n","protected":false},"author":314,"featured_media":0,"parent":0,"menu_order":0,"comment_status":"closed","ping_status":"closed","template":"","meta":{"footnotes":""},"class_list":["post-208","page","type-page","status-publish","hentry"],"jetpack_sharing_enabled":true,"_links":{"self":[{"href":"https:\/\/wp.ufpel.edu.br\/pedagogia\/wp-json\/wp\/v2\/pages\/208","targetHints":{"allow":["GET"]}}],"collection":[{"href":"https:\/\/wp.ufpel.edu.br\/pedagogia\/wp-json\/wp\/v2\/pages"}],"about":[{"href":"https:\/\/wp.ufpel.edu.br\/pedagogia\/wp-json\/wp\/v2\/types\/page"}],"author":[{"embeddable":true,"href":"https:\/\/wp.ufpel.edu.br\/pedagogia\/wp-json\/wp\/v2\/users\/314"}],"replies":[{"embeddable":true,"href":"https:\/\/wp.ufpel.edu.br\/pedagogia\/wp-json\/wp\/v2\/comments?post=208"}],"version-history":[{"count":1,"href":"https:\/\/wp.ufpel.edu.br\/pedagogia\/wp-json\/wp\/v2\/pages\/208\/revisions"}],"predecessor-version":[{"id":210,"href":"https:\/\/wp.ufpel.edu.br\/pedagogia\/wp-json\/wp\/v2\/pages\/208\/revisions\/210"}],"wp:attachment":[{"href":"https:\/\/wp.ufpel.edu.br\/pedagogia\/wp-json\/wp\/v2\/media?parent=208"}],"curies":[{"name":"wp","href":"https:\/\/api.w.org\/{rel}","templated":true}]}}