{"id":205,"date":"2017-07-14T18:32:26","date_gmt":"2017-07-14T21:32:26","guid":{"rendered":"https:\/\/wp.ufpel.edu.br\/pedagogia\/?page_id=205"},"modified":"2017-07-14T18:32:26","modified_gmt":"2017-07-14T21:32:26","slug":"trancamento-geral-de-matricula","status":"publish","type":"page","link":"https:\/\/wp.ufpel.edu.br\/pedagogia\/trancamento-geral-de-matricula\/","title":{"rendered":"TRANCAMENTO GERAL DE MATR\u00cdCULA"},"content":{"rendered":"<p>O Trancamento Geral de Matr\u00edcula deve ser solicitado pessoalmente pelo aluno (mediante apresenta\u00e7\u00e3o de documento de identifica\u00e7\u00e3o) ou por procurador (mediante a apresenta\u00e7\u00e3o de documento procurat\u00f3rio) diretamente no balc\u00e3o de atendimento da Coordena\u00e7\u00e3o de Registros Acad\u00eamicos \u2013 CRA, onde o acad\u00eamico preencher\u00e1 um formul\u00e1rio espec\u00edfico para tal finalidade, e o mesmo ser\u00e1 analisado e registrado no ato da solicita\u00e7\u00e3o, sem necessidade de ser repassado ao Colegiado.<\/p>\n<p>O aluno poder\u00e1 trancar at\u00e9 04 semestres do Curso, por\u00e9m se desejar trancar o Curso por mais de um semestre, precisar\u00e1 renovar o trancamento a cada semestre, at\u00e9 completar o per\u00edodo m\u00e1ximo estipulado de 4 semestres. Isto com a pretens\u00e3o de que a cada semestre o acad\u00eamico repense a sua situa\u00e7\u00e3o.<\/p>\n<p>O acad\u00eamico poder\u00e1 solicitar o Trancamento Geral de Matr\u00edcula:<\/p>\n<div><b>\u2013\u00a0<\/b>sem\u00a0realizar matr\u00edcula\u00a0\u2013 at\u00e9 a data limite para corre\u00e7\u00e3o de matr\u00edcula;<\/div>\n<div><strong>\u2013<\/strong>\u00a0com matr\u00edcula\u00a0\u2013 do primeiro at\u00e9 o \u00faltimo dia letivo (conforme calend\u00e1rio acad\u00eamico) \u2013 sendo OBRIGAT\u00d3RIO anexar\u00a0COMPROVANTE DE MATR\u00cdCULA.<\/div>\n<div><b>\u00a0<\/b><\/div>\n<div><strong>ATEN\u00c7\u00c3O:\u00a0Os alunos que n\u00e3o solicitarem matr\u00edcula ou corre\u00e7\u00e3o de matr\u00edcula ou n\u00e3o realizarem o Trancamento Geral de Matr\u00edcula estar\u00e3o em situa\u00e7\u00e3o de\u00a0ABANDONO de curso e, consequentemente, ser\u00e3o desligados da Universidade;<\/strong><\/div>\n<div>\u00a0.<\/div>\n<div>ALUNOS INGRESSANTES: poder\u00e3o realizar o Trancamento Geral por dois motivos justificados: Motivo de Sa\u00fade do pr\u00f3prio aluno (mediante apresenta\u00e7\u00e3o de Atestado com CID) e Servi\u00e7o Militar (mediante Atestado).<\/div>\n<div><\/div>\n<div>\u00a0.<\/div>\n<div>ALUNOS EM SITUA\u00c7\u00c3O DE JUBILAMENTO: n\u00e3o ser\u00e1 concedido Trancamento Geral de Matr\u00edcula a alunos em situa\u00e7\u00e3o de jubilamento.<\/div>\n<div>\u00a0.<\/div>\n<p>Os per\u00edodos em que o aluno esteve com Trancamento Geral de Matr\u00edcula n\u00e3o ser\u00e3o computados para o tempo de Integraliza\u00e7\u00e3o do Curso.<\/p>\n<div>\n<div>OBSERVA\u00c7\u00c3O: As solicita\u00e7\u00f5es de trancamento geral de matr\u00edcula realizadas\u00a0<b>at\u00e9 2016\/2<\/b>\u00a0seguem a regulamenta\u00e7\u00e3o anterior.<\/div>\n<div><\/div>\n<div><em>Fonte:\u00a0<\/em><a href=\"https:\/\/wp.ufpel.edu.br\/scs\/files\/2010\/12\/2010_14.pdf\"><em>Regulamento do Ensino de Gradua\u00e7\u00e3o<\/em><\/a><em>\u00a0e\u00a0<a href=\"https:\/\/wp.ufpel.edu.br\/cra\/files\/2015\/08\/Resolu%C3%A7%C3%A3o-16.2016.pdf\">Resolu\u00e7\u00e3o-16.2016<\/a><\/em><\/div>\n<\/div>\n","protected":false},"excerpt":{"rendered":"<p>O Trancamento Geral de Matr\u00edcula deve ser solicitado pessoalmente pelo aluno (mediante apresenta\u00e7\u00e3o de documento de identifica\u00e7\u00e3o) ou por procurador (mediante a apresenta\u00e7\u00e3o de documento procurat\u00f3rio) diretamente no balc\u00e3o de atendimento da Coordena\u00e7\u00e3o de Registros Acad\u00eamicos \u2013 CRA, onde o acad\u00eamico preencher\u00e1 um formul\u00e1rio espec\u00edfico para tal finalidade, e o mesmo ser\u00e1 analisado e registrado [&hellip;]<\/p>\n","protected":false},"author":314,"featured_media":0,"parent":0,"menu_order":0,"comment_status":"closed","ping_status":"closed","template":"","meta":{"footnotes":""},"class_list":["post-205","page","type-page","status-publish","hentry"],"jetpack_sharing_enabled":true,"_links":{"self":[{"href":"https:\/\/wp.ufpel.edu.br\/pedagogia\/wp-json\/wp\/v2\/pages\/205","targetHints":{"allow":["GET"]}}],"collection":[{"href":"https:\/\/wp.ufpel.edu.br\/pedagogia\/wp-json\/wp\/v2\/pages"}],"about":[{"href":"https:\/\/wp.ufpel.edu.br\/pedagogia\/wp-json\/wp\/v2\/types\/page"}],"author":[{"embeddable":true,"href":"https:\/\/wp.ufpel.edu.br\/pedagogia\/wp-json\/wp\/v2\/users\/314"}],"replies":[{"embeddable":true,"href":"https:\/\/wp.ufpel.edu.br\/pedagogia\/wp-json\/wp\/v2\/comments?post=205"}],"version-history":[{"count":1,"href":"https:\/\/wp.ufpel.edu.br\/pedagogia\/wp-json\/wp\/v2\/pages\/205\/revisions"}],"predecessor-version":[{"id":207,"href":"https:\/\/wp.ufpel.edu.br\/pedagogia\/wp-json\/wp\/v2\/pages\/205\/revisions\/207"}],"wp:attachment":[{"href":"https:\/\/wp.ufpel.edu.br\/pedagogia\/wp-json\/wp\/v2\/media?parent=205"}],"curies":[{"name":"wp","href":"https:\/\/api.w.org\/{rel}","templated":true}]}}