{"id":202,"date":"2017-07-14T18:28:38","date_gmt":"2017-07-14T21:28:38","guid":{"rendered":"https:\/\/wp.ufpel.edu.br\/pedagogia\/?page_id=202"},"modified":"2017-07-14T18:28:38","modified_gmt":"2017-07-14T21:28:38","slug":"trancamento-de-disciplina","status":"publish","type":"page","link":"https:\/\/wp.ufpel.edu.br\/pedagogia\/trancamento-de-disciplina\/","title":{"rendered":"TRANCAMENTO DE DISCIPLINA"},"content":{"rendered":"<p>O aluno poder\u00e1 realizar o trancamento de disciplinas no\u00a0per\u00edodo determinado pelo calend\u00e1rio acad\u00eamico, mantendo-se matriculado em, no m\u00ednimo, 8 cr\u00e9ditos por semestre.<\/p>\n<p>O aluno dever\u00e1 imprimir o formul\u00e1rio para trancamento, preench\u00ea-lo corretamente e entreg\u00e1-lo no Colegiado do Curso dentro dos hor\u00e1rios de atendimento deste.<\/p>\n<p>Obs. 1: Pedagogia Diurno: C\u00f3digo 1900<\/p>\n<p>Obs. 2: Pedagogia Noturno: C\u00f3digo 1920<\/p>\n<p><a href=\"https:\/\/wp.ufpel.edu.br\/pedagogia\/files\/2014\/10\/TRANCAMENTOS-DE-DISCIPLINAS.pdf\">Formul\u00e1rio para trancamento de disciplina<\/a><\/p>\n<p><em>Fonte:\u00a0<\/em><a href=\"https:\/\/wp.ufpel.edu.br\/scs\/files\/2010\/12\/2010_14.pdf\"><em>Regulamento do Ensino de Gradua\u00e7\u00e3o<\/em><\/a>\u00a0<em>e\u00a0<\/em><a href=\"https:\/\/wp.ufpel.edu.br\/scs\/files\/2010\/08\/2003_09.pdf\"><em>Resolu\u00e7\u00e3o 09\/2003<\/em><\/a><\/p>\n","protected":false},"excerpt":{"rendered":"<p>O aluno poder\u00e1 realizar o trancamento de disciplinas no\u00a0per\u00edodo determinado pelo calend\u00e1rio acad\u00eamico, mantendo-se matriculado em, no m\u00ednimo, 8 cr\u00e9ditos por semestre. O aluno dever\u00e1 imprimir o formul\u00e1rio para trancamento, preench\u00ea-lo corretamente e entreg\u00e1-lo no Colegiado do Curso dentro dos hor\u00e1rios de atendimento deste. Obs. 1: Pedagogia Diurno: C\u00f3digo 1900 Obs. 2: Pedagogia Noturno: C\u00f3digo [&hellip;]<\/p>\n","protected":false},"author":314,"featured_media":0,"parent":0,"menu_order":0,"comment_status":"closed","ping_status":"closed","template":"","meta":{"footnotes":""},"class_list":["post-202","page","type-page","status-publish","hentry"],"jetpack_sharing_enabled":true,"_links":{"self":[{"href":"https:\/\/wp.ufpel.edu.br\/pedagogia\/wp-json\/wp\/v2\/pages\/202","targetHints":{"allow":["GET"]}}],"collection":[{"href":"https:\/\/wp.ufpel.edu.br\/pedagogia\/wp-json\/wp\/v2\/pages"}],"about":[{"href":"https:\/\/wp.ufpel.edu.br\/pedagogia\/wp-json\/wp\/v2\/types\/page"}],"author":[{"embeddable":true,"href":"https:\/\/wp.ufpel.edu.br\/pedagogia\/wp-json\/wp\/v2\/users\/314"}],"replies":[{"embeddable":true,"href":"https:\/\/wp.ufpel.edu.br\/pedagogia\/wp-json\/wp\/v2\/comments?post=202"}],"version-history":[{"count":1,"href":"https:\/\/wp.ufpel.edu.br\/pedagogia\/wp-json\/wp\/v2\/pages\/202\/revisions"}],"predecessor-version":[{"id":204,"href":"https:\/\/wp.ufpel.edu.br\/pedagogia\/wp-json\/wp\/v2\/pages\/202\/revisions\/204"}],"wp:attachment":[{"href":"https:\/\/wp.ufpel.edu.br\/pedagogia\/wp-json\/wp\/v2\/media?parent=202"}],"curies":[{"name":"wp","href":"https:\/\/api.w.org\/{rel}","templated":true}]}}