{"id":2,"date":"2013-10-03T18:15:01","date_gmt":"2013-10-03T18:15:01","guid":{"rendered":"https:\/\/wp.ufpel.edu.br\/pedagogia\/?page_id=2"},"modified":"2017-06-07T16:08:52","modified_gmt":"2017-06-07T19:08:52","slug":"home","status":"publish","type":"page","link":"https:\/\/wp.ufpel.edu.br\/pedagogia\/home\/","title":{"rendered":"Sobre o Curso"},"content":{"rendered":"<p>O Curso de Licenciatura em Pedagogia da Universidade Federal de Pelotas \u00e9 um dos mais antigos do Rio Grande do Sul. O curso foi criado em 1978, reconhecido pela Portaria n\u00ba. 92 de 08 de mar\u00e7o de 1984, contando com 30 anos de hist\u00f3ria e tendo como motiva\u00e7\u00e3o principal a colabora\u00e7\u00e3o na melhoria da qualidade do ensino, preparando os docentes para atuarem nos anos iniciais do Ensino Fundamental. A partir de 2000 o curso passou por uma reforma curricular, priorizando os princ\u00edpios da integra\u00e7\u00e3o, da interdisciplinaridade, do trabalho coletivo, da autonomia, da coopera\u00e7\u00e3o e da solidariedade. O curr\u00edculo est\u00e1 organizado em Eixos e Blocos Tem\u00e1ticos e Disciplinas Optativas, articulando os diferentes momentos da forma\u00e7\u00e3o inicial do Pedagogo. Atualmente s\u00e3o ofertadas 110 vagas por ano (55 diurno e 55 noturno), tendo o curso dura\u00e7\u00e3o de 9 semestres (4 anos e meio). O egresso no curso de Pedagogia recebe a titula\u00e7\u00e3o de Licenciado em Pedagogia, podendo atuar junto \u00e0 Educa\u00e7\u00e3o Infantil, Anos Iniciais do Ensino Fundamental, Gest\u00e3o Escolar e Educa\u00e7\u00e3o de Jovens e Adultos.<\/p>\n<p>&nbsp;<\/p>\n","protected":false},"excerpt":{"rendered":"<p>O Curso de Licenciatura em Pedagogia da Universidade Federal de Pelotas \u00e9 um dos mais antigos do Rio Grande do Sul. O curso foi criado em 1978, reconhecido pela Portaria n\u00ba. 92 de 08 de mar\u00e7o de 1984, contando com 30 anos de hist\u00f3ria e tendo como motiva\u00e7\u00e3o principal a colabora\u00e7\u00e3o na melhoria da qualidade [&hellip;]<\/p>\n","protected":false},"author":314,"featured_media":0,"parent":0,"menu_order":0,"comment_status":"closed","ping_status":"closed","template":"","meta":{"footnotes":""},"class_list":["post-2","page","type-page","status-publish","hentry"],"jetpack_sharing_enabled":true,"_links":{"self":[{"href":"https:\/\/wp.ufpel.edu.br\/pedagogia\/wp-json\/wp\/v2\/pages\/2","targetHints":{"allow":["GET"]}}],"collection":[{"href":"https:\/\/wp.ufpel.edu.br\/pedagogia\/wp-json\/wp\/v2\/pages"}],"about":[{"href":"https:\/\/wp.ufpel.edu.br\/pedagogia\/wp-json\/wp\/v2\/types\/page"}],"author":[{"embeddable":true,"href":"https:\/\/wp.ufpel.edu.br\/pedagogia\/wp-json\/wp\/v2\/users\/314"}],"replies":[{"embeddable":true,"href":"https:\/\/wp.ufpel.edu.br\/pedagogia\/wp-json\/wp\/v2\/comments?post=2"}],"version-history":[{"count":6,"href":"https:\/\/wp.ufpel.edu.br\/pedagogia\/wp-json\/wp\/v2\/pages\/2\/revisions"}],"predecessor-version":[{"id":141,"href":"https:\/\/wp.ufpel.edu.br\/pedagogia\/wp-json\/wp\/v2\/pages\/2\/revisions\/141"}],"wp:attachment":[{"href":"https:\/\/wp.ufpel.edu.br\/pedagogia\/wp-json\/wp\/v2\/media?parent=2"}],"curies":[{"name":"wp","href":"https:\/\/api.w.org\/{rel}","templated":true}]}}