{"id":196,"date":"2017-07-14T18:24:31","date_gmt":"2017-07-14T21:24:31","guid":{"rendered":"https:\/\/wp.ufpel.edu.br\/pedagogia\/?page_id=196"},"modified":"2017-07-14T18:24:31","modified_gmt":"2017-07-14T21:24:31","slug":"revisao-de-desempenho-academico","status":"publish","type":"page","link":"https:\/\/wp.ufpel.edu.br\/pedagogia\/revisao-de-desempenho-academico\/","title":{"rendered":"REVIS\u00c3O DE DESEMPENHO ACAD\u00caMICO"},"content":{"rendered":"<p>A revis\u00e3o de desempenho acad\u00eamico \u00e9 um direito que todo o acad\u00eamico possui.<\/p>\n<p>O aluno poder\u00e1 solicitar ao professor, ou ao Departamento respons\u00e1vel pela disciplina, vistas da prova em at\u00e9 48h ap\u00f3s a publica\u00e7\u00e3o da nota, e ter\u00e1 novo prazo de 48h para solicitar revis\u00e3o de prova, por meio de requerimento formalizado pelo discente junto ao Colegiado do curso, anexando sua prova a esse formul\u00e1rio.<\/p>\n<p>O processo de revis\u00e3o de desempenho acad\u00eamico dever\u00e1 ser analisado por uma comiss\u00e3o composta por 03 (tr\u00eas) docentes, instaurada pela Unidade Acad\u00eamica, incluindo o docente respons\u00e1vel pela referida atividade curricular, sendo facultada ao acad\u00eamico a sua participa\u00e7\u00e3o.<\/p>\n<p>A comiss\u00e3o dever\u00e1 emitir parecer no prazo de at\u00e9 05 (cinco) dias \u00fateis ap\u00f3s o ato de sua instaura\u00e7\u00e3o.<\/p>\n<p><a href=\"https:\/\/wp.ufpel.edu.br\/pedagogia\/files\/2017\/07\/SOLICITA\u00c7\u00c3O-DE-REVIS\u00c3O-DO-DESEMPNHO-ACAD\u00caMICO.pdf\">Formul\u00e1rio para solicitar revis\u00e3o de prova<\/a><\/p>\n<p><em>Fonte:\u00a0<\/em><a href=\"https:\/\/wp.ufpel.edu.br\/scs\/files\/2010\/12\/2010_14.pdf\"><em>Regulamento do Ensino de Gradua\u00e7\u00e3o<\/em><\/a>,\u00a0<em><a href=\"https:\/\/wp.ufpel.edu.br\/scs\/files\/2010\/08\/1995_04.pdf\">Resolu\u00e7\u00e3o 04\/1995<\/a>\u00a0e\u00a0<\/em><a href=\"https:\/\/wp.ufpel.edu.br\/scs\/files\/2014\/03\/Res-1420141.pdf\"><em>Resolu\u00e7\u00e3o 14\/2014<\/em><\/a><\/p>\n","protected":false},"excerpt":{"rendered":"<p>A revis\u00e3o de desempenho acad\u00eamico \u00e9 um direito que todo o acad\u00eamico possui. O aluno poder\u00e1 solicitar ao professor, ou ao Departamento respons\u00e1vel pela disciplina, vistas da prova em at\u00e9 48h ap\u00f3s a publica\u00e7\u00e3o da nota, e ter\u00e1 novo prazo de 48h para solicitar revis\u00e3o de prova, por meio de requerimento formalizado pelo discente junto [&hellip;]<\/p>\n","protected":false},"author":314,"featured_media":0,"parent":0,"menu_order":0,"comment_status":"closed","ping_status":"closed","template":"","meta":{"footnotes":""},"class_list":["post-196","page","type-page","status-publish","hentry"],"jetpack_sharing_enabled":true,"_links":{"self":[{"href":"https:\/\/wp.ufpel.edu.br\/pedagogia\/wp-json\/wp\/v2\/pages\/196","targetHints":{"allow":["GET"]}}],"collection":[{"href":"https:\/\/wp.ufpel.edu.br\/pedagogia\/wp-json\/wp\/v2\/pages"}],"about":[{"href":"https:\/\/wp.ufpel.edu.br\/pedagogia\/wp-json\/wp\/v2\/types\/page"}],"author":[{"embeddable":true,"href":"https:\/\/wp.ufpel.edu.br\/pedagogia\/wp-json\/wp\/v2\/users\/314"}],"replies":[{"embeddable":true,"href":"https:\/\/wp.ufpel.edu.br\/pedagogia\/wp-json\/wp\/v2\/comments?post=196"}],"version-history":[{"count":1,"href":"https:\/\/wp.ufpel.edu.br\/pedagogia\/wp-json\/wp\/v2\/pages\/196\/revisions"}],"predecessor-version":[{"id":201,"href":"https:\/\/wp.ufpel.edu.br\/pedagogia\/wp-json\/wp\/v2\/pages\/196\/revisions\/201"}],"wp:attachment":[{"href":"https:\/\/wp.ufpel.edu.br\/pedagogia\/wp-json\/wp\/v2\/media?parent=196"}],"curies":[{"name":"wp","href":"https:\/\/api.w.org\/{rel}","templated":true}]}}