{"id":193,"date":"2017-07-14T18:11:38","date_gmt":"2017-07-14T21:11:38","guid":{"rendered":"https:\/\/wp.ufpel.edu.br\/pedagogia\/?page_id=193"},"modified":"2017-07-14T18:11:38","modified_gmt":"2017-07-14T21:11:38","slug":"reopcao","status":"publish","type":"page","link":"https:\/\/wp.ufpel.edu.br\/pedagogia\/reopcao\/","title":{"rendered":"REOP\u00c7\u00c2O"},"content":{"rendered":"<p>\u00c9 a troca de Curso dentro da pr\u00f3pria Universidade (UFPel), mediante a exist\u00eancia de vagas, divulgadas em edital previsto no Calend\u00e1rio Acad\u00eamico. Conforme a\u00a0resolu\u00e7\u00e3o 24\/2016, para solicitar reop\u00e7\u00e3o o aluno <strong>precisa<\/strong>\u00a0<strong>ter conclu\u00eddo dois\u00a0semestres ou um ano letivo\u00a0no seu curso de origem (ter v\u00ednculo de 1 ano ou mais com a UFPel),\u00a0al\u00e9m aproveitar pelo menos tr\u00eas disciplinas do primeiro semestre do curso pretendido.<\/strong><\/p>\n<p>Os candidatos dever\u00e3o ler atentamente as informa\u00e7\u00f5es do Edital, que ser\u00e1 publicado na p\u00e1gina da\u00a0CRA, contendo data, hor\u00e1rios, local e documenta\u00e7\u00e3o exigida para a inscri\u00e7\u00e3o.<\/p>\n<p>Para a inscri\u00e7\u00e3o nesta modalidade ser\u00e1 cobrada taxa no valor de R$20,00.<\/p>\n<ul>\n<li><strong>\u00c9 facultada, no m\u00e1ximo, uma reop\u00e7\u00e3o ao estudante da UFPel<\/strong><strong>.<\/strong><\/li>\n<li>O aluno que estiver em condi\u00e7\u00e3o pass\u00edvel de jubilamento n\u00e3o poder\u00e1 solicitar reop\u00e7\u00e3o.<\/li>\n<\/ul>\n<p>Obs. 1: O aproveitamento de disciplinas est\u00e1 condicionado \u00e0 compatibilidade de 75% da carga hor\u00e1ria e do conte\u00fado da disciplina. H\u00e1 a possibilidade de aproveitamento de disciplinas dos candidatos mediante complementa\u00e7\u00e3o de estudos quando exigida pelos colegiados de curso e aprovada pela Unidade.<\/p>\n<p>Obs. 2: Os colegiados de curso podem, em cada processo seletivo, utilizar crit\u00e9rios de sele\u00e7\u00e3o diferentes aos da Resolu\u00e7\u00e3o 24\/2016 do COCEPE, desde que apresentem justificativa pr\u00e9via com raz\u00f5es objetivas ao COCEPE. Devem os candidatos, portanto, ficar atentos ao edital publicado antes de cada processo.<\/p>\n<p>Obs. 3: Para acessar o curr\u00edculo de todos os cursos da UFPeL clique <a href=\"https:\/\/cobalto.ufpel.edu.br\/portal\/cadastros\/curriculoPublico\">aqui<\/a>.<\/p>\n<p><em>Fonte:\u00a0<\/em><a href=\"https:\/\/wp.ufpel.edu.br\/scs\/files\/2016\/01\/Resolu%C3%A7%C3%A3o-24.2016.pdf\"><em>Resolu\u00e7\u00e3o 24\/2016<\/em><\/a><\/p>\n","protected":false},"excerpt":{"rendered":"<p>\u00c9 a troca de Curso dentro da pr\u00f3pria Universidade (UFPel), mediante a exist\u00eancia de vagas, divulgadas em edital previsto no Calend\u00e1rio Acad\u00eamico. Conforme a\u00a0resolu\u00e7\u00e3o 24\/2016, para solicitar reop\u00e7\u00e3o o aluno precisa\u00a0ter conclu\u00eddo dois\u00a0semestres ou um ano letivo\u00a0no seu curso de origem (ter v\u00ednculo de 1 ano ou mais com a UFPel),\u00a0al\u00e9m aproveitar pelo menos tr\u00eas [&hellip;]<\/p>\n","protected":false},"author":314,"featured_media":0,"parent":0,"menu_order":0,"comment_status":"closed","ping_status":"closed","template":"","meta":{"footnotes":""},"class_list":["post-193","page","type-page","status-publish","hentry"],"jetpack_sharing_enabled":true,"_links":{"self":[{"href":"https:\/\/wp.ufpel.edu.br\/pedagogia\/wp-json\/wp\/v2\/pages\/193","targetHints":{"allow":["GET"]}}],"collection":[{"href":"https:\/\/wp.ufpel.edu.br\/pedagogia\/wp-json\/wp\/v2\/pages"}],"about":[{"href":"https:\/\/wp.ufpel.edu.br\/pedagogia\/wp-json\/wp\/v2\/types\/page"}],"author":[{"embeddable":true,"href":"https:\/\/wp.ufpel.edu.br\/pedagogia\/wp-json\/wp\/v2\/users\/314"}],"replies":[{"embeddable":true,"href":"https:\/\/wp.ufpel.edu.br\/pedagogia\/wp-json\/wp\/v2\/comments?post=193"}],"version-history":[{"count":1,"href":"https:\/\/wp.ufpel.edu.br\/pedagogia\/wp-json\/wp\/v2\/pages\/193\/revisions"}],"predecessor-version":[{"id":195,"href":"https:\/\/wp.ufpel.edu.br\/pedagogia\/wp-json\/wp\/v2\/pages\/193\/revisions\/195"}],"wp:attachment":[{"href":"https:\/\/wp.ufpel.edu.br\/pedagogia\/wp-json\/wp\/v2\/media?parent=193"}],"curies":[{"name":"wp","href":"https:\/\/api.w.org\/{rel}","templated":true}]}}