{"id":189,"date":"2017-07-14T18:05:26","date_gmt":"2017-07-14T21:05:26","guid":{"rendered":"https:\/\/wp.ufpel.edu.br\/pedagogia\/?page_id=189"},"modified":"2017-07-14T18:05:26","modified_gmt":"2017-07-14T21:05:26","slug":"tempo-maximo-de-permanencia-no-curso-jubilamento","status":"publish","type":"page","link":"https:\/\/wp.ufpel.edu.br\/pedagogia\/tempo-maximo-de-permanencia-no-curso-jubilamento\/","title":{"rendered":"TEMPO M\u00c1XIMO DE PERMAN\u00caNCIA NO CURSO (JUBILAMENTO)"},"content":{"rendered":"<p>O prazo m\u00e1ximo para a perman\u00eancia no Curso de Pedagogia corresponde ao tempo de integraliza\u00e7\u00e3o previsto na Diretriz Curricular do Projeto Pedag\u00f3gico do Curso, acrescido de dois ter\u00e7os (2\/3). Ou seja,\u00a0<strong>15 semestres.<\/strong><\/p>\n<p>Os estudantes ingressantes por conv\u00eanios, como o PEC-G, salvo legisla\u00e7\u00e3o espec\u00edfica, para fins de adapta\u00e7\u00e3o ao curso que ingressarem na UFPEL, ter\u00e3o o prazo de 16 semestres para conclu\u00edrem o Curso.<\/p>\n<p>Quando a Coordena\u00e7\u00e3o do Colegiado do Curso verificar que existem alunos em situa\u00e7\u00e3o de Jubilamento, notificar\u00e3o oficialmente o aluno, informando-o que estar\u00e1 abrindo o processo de desligamento (jubilamento), oportunizando sua defesa no prazo m\u00ednimo de sete (07) dias. Ap\u00f3s, decorrido o prazo de defesa, o\u00a0Colegiado de Curso ser\u00e1 convocado para deliberar sobre o assunto, em sess\u00e3o especial, sendo facultada a participa\u00e7\u00e3o do aluno, sendo o pr\u00f3ximo passo o encaminhamento do processo \u00e0 aprecia\u00e7\u00e3o e homologa\u00e7\u00e3o do COCEPE.<\/p>\n<p>O tempo em que a matr\u00edcula estiver trancada\u00a0<strong>ser\u00e1 computado<\/strong>\u00a0no prazo m\u00e1ximo de integraliza\u00e7\u00e3o curricular (\u00a7 2\u00ba do Art. 23 do Regulamento do Ensino de Gradua\u00e7\u00e3o da UFPel).<\/p>\n<ul>\n<li>O aluno em situa\u00e7\u00e3o irregular de matr\u00edcula, uma vez que a regularize, ter\u00e1 este tempo computado no prazo m\u00e1ximo de integraliza\u00e7\u00e3o curricular.<\/li>\n<\/ul>\n<p><em>Fonte:\u00a0<\/em><a href=\"https:\/\/wp.ufpel.edu.br\/scs\/files\/2010\/12\/2010_14.pdf\"><em>Regulamento do Ensino de Gradua\u00e7\u00e3o<\/em><\/a><em>\u00a0e\u00a0<\/em><a href=\"https:\/\/wp.ufpel.edu.br\/scs\/files\/2010\/08\/2006_02.pdf\"><em>Resolu\u00e7\u00e3o 02\/2006<\/em><\/a><\/p>\n","protected":false},"excerpt":{"rendered":"<p>O prazo m\u00e1ximo para a perman\u00eancia no Curso de Pedagogia corresponde ao tempo de integraliza\u00e7\u00e3o previsto na Diretriz Curricular do Projeto Pedag\u00f3gico do Curso, acrescido de dois ter\u00e7os (2\/3). Ou seja,\u00a015 semestres. Os estudantes ingressantes por conv\u00eanios, como o PEC-G, salvo legisla\u00e7\u00e3o espec\u00edfica, para fins de adapta\u00e7\u00e3o ao curso que ingressarem na UFPEL, ter\u00e3o o [&hellip;]<\/p>\n","protected":false},"author":314,"featured_media":0,"parent":0,"menu_order":0,"comment_status":"closed","ping_status":"closed","template":"","meta":{"footnotes":""},"class_list":["post-189","page","type-page","status-publish","hentry"],"jetpack_sharing_enabled":true,"_links":{"self":[{"href":"https:\/\/wp.ufpel.edu.br\/pedagogia\/wp-json\/wp\/v2\/pages\/189","targetHints":{"allow":["GET"]}}],"collection":[{"href":"https:\/\/wp.ufpel.edu.br\/pedagogia\/wp-json\/wp\/v2\/pages"}],"about":[{"href":"https:\/\/wp.ufpel.edu.br\/pedagogia\/wp-json\/wp\/v2\/types\/page"}],"author":[{"embeddable":true,"href":"https:\/\/wp.ufpel.edu.br\/pedagogia\/wp-json\/wp\/v2\/users\/314"}],"replies":[{"embeddable":true,"href":"https:\/\/wp.ufpel.edu.br\/pedagogia\/wp-json\/wp\/v2\/comments?post=189"}],"version-history":[{"count":1,"href":"https:\/\/wp.ufpel.edu.br\/pedagogia\/wp-json\/wp\/v2\/pages\/189\/revisions"}],"predecessor-version":[{"id":191,"href":"https:\/\/wp.ufpel.edu.br\/pedagogia\/wp-json\/wp\/v2\/pages\/189\/revisions\/191"}],"wp:attachment":[{"href":"https:\/\/wp.ufpel.edu.br\/pedagogia\/wp-json\/wp\/v2\/media?parent=189"}],"curies":[{"name":"wp","href":"https:\/\/api.w.org\/{rel}","templated":true}]}}