{"id":187,"date":"2017-07-14T18:06:15","date_gmt":"2017-07-14T21:06:15","guid":{"rendered":"https:\/\/wp.ufpel.edu.br\/pedagogia\/?page_id=187"},"modified":"2017-07-14T18:06:15","modified_gmt":"2017-07-14T21:06:15","slug":"quando-o-aluno-perdera-a-vaga-na-ufpel","status":"publish","type":"page","link":"https:\/\/wp.ufpel.edu.br\/pedagogia\/quando-o-aluno-perdera-a-vaga-na-ufpel\/","title":{"rendered":"Quando o aluno perder\u00e1 a vaga na UFPeL"},"content":{"rendered":"<p>O discente perder\u00e1 o direito \u00e0 vaga na UFPel quando:<\/p>\n<ul>\n<li>n\u00e3o confirmar a matr\u00edcula, atrav\u00e9s da assinatura na Ata de Confirma\u00e7\u00e3o de Matr\u00edcula, junto ao Colegiado do Curso no per\u00edodo determinado em calend\u00e1rio acad\u00eamico;<\/li>\n<li>n\u00e3o frequentar o primeiro semestre do Curso;<\/li>\n<li>o per\u00edodo cumulativo de trancamento ultrapassar o prazo de 04 semestres;<\/li>\n<li>n\u00e3o integralizar o curso dentro de 15 semestres, caso em que ocorre o <a href=\"https:\/\/wp.ufpel.edu.br\/pedagogia\/jubilamento\/\">jubilamento<\/a>;<\/li>\n<li>descumprir protocolos de conv\u00eanios;<\/li>\n<li>Ficar infrequente por 02 semestres, consecutivos ou n\u00e3o;<\/li>\n<li>N\u00e3o fizer a Rematr\u00edcula e, depois de notificado via Sistema Acad\u00eamico, n\u00e3o regularizar sua matr\u00edcula junto ao Colegiado do Curso.<\/li>\n<\/ul>\n<p><em>Fonte:\u00a0<\/em><a href=\"https:\/\/wp.ufpel.edu.br\/scs\/files\/2010\/12\/2010_14.pdf\"><em>Regulamento do Ensino de Gradua\u00e7\u00e3o<\/em><\/a><em>,\u00a0<\/em><a href=\"https:\/\/wp.ufpel.edu.br\/scs\/files\/2010\/08\/2005_03.pdf\"><em>Resolu\u00e7\u00e3o 03\/2005<\/em><\/a><em>\u00a0e\u00a0<\/em><a href=\"https:\/\/wp.ufpel.edu.br\/scs\/files\/2015\/03\/Resolu%C3%A7%C3%A3o-COCEPE-242015.pdf\"><em>Resolu\u00e7\u00e3o 24\/2015<\/em><\/a><\/p>\n","protected":false},"excerpt":{"rendered":"<p>O discente perder\u00e1 o direito \u00e0 vaga na UFPel quando: n\u00e3o confirmar a matr\u00edcula, atrav\u00e9s da assinatura na Ata de Confirma\u00e7\u00e3o de Matr\u00edcula, junto ao Colegiado do Curso no per\u00edodo determinado em calend\u00e1rio acad\u00eamico; n\u00e3o frequentar o primeiro semestre do Curso; o per\u00edodo cumulativo de trancamento ultrapassar o prazo de 04 semestres; n\u00e3o integralizar o [&hellip;]<\/p>\n","protected":false},"author":314,"featured_media":0,"parent":0,"menu_order":0,"comment_status":"closed","ping_status":"closed","template":"","meta":{"footnotes":""},"class_list":["post-187","page","type-page","status-publish","hentry"],"jetpack_sharing_enabled":true,"_links":{"self":[{"href":"https:\/\/wp.ufpel.edu.br\/pedagogia\/wp-json\/wp\/v2\/pages\/187","targetHints":{"allow":["GET"]}}],"collection":[{"href":"https:\/\/wp.ufpel.edu.br\/pedagogia\/wp-json\/wp\/v2\/pages"}],"about":[{"href":"https:\/\/wp.ufpel.edu.br\/pedagogia\/wp-json\/wp\/v2\/types\/page"}],"author":[{"embeddable":true,"href":"https:\/\/wp.ufpel.edu.br\/pedagogia\/wp-json\/wp\/v2\/users\/314"}],"replies":[{"embeddable":true,"href":"https:\/\/wp.ufpel.edu.br\/pedagogia\/wp-json\/wp\/v2\/comments?post=187"}],"version-history":[{"count":1,"href":"https:\/\/wp.ufpel.edu.br\/pedagogia\/wp-json\/wp\/v2\/pages\/187\/revisions"}],"predecessor-version":[{"id":192,"href":"https:\/\/wp.ufpel.edu.br\/pedagogia\/wp-json\/wp\/v2\/pages\/187\/revisions\/192"}],"wp:attachment":[{"href":"https:\/\/wp.ufpel.edu.br\/pedagogia\/wp-json\/wp\/v2\/media?parent=187"}],"curies":[{"name":"wp","href":"https:\/\/api.w.org\/{rel}","templated":true}]}}