{"id":184,"date":"2017-07-14T17:58:44","date_gmt":"2017-07-14T20:58:44","guid":{"rendered":"https:\/\/wp.ufpel.edu.br\/pedagogia\/?page_id=184"},"modified":"2017-07-14T17:58:44","modified_gmt":"2017-07-14T20:58:44","slug":"prazos-para-divulgacao-de-notas","status":"publish","type":"page","link":"https:\/\/wp.ufpel.edu.br\/pedagogia\/prazos-para-divulgacao-de-notas\/","title":{"rendered":"PRAZOS PARA DIVULGA\u00c7\u00c3O DE NOTAS"},"content":{"rendered":"<div>Ap\u00f3s a aplica\u00e7\u00e3o das provas aos alunos, elas dever\u00e3o ser corrigidas pelo professor e os resultados divulgados no prazo M\u00c1XIMO de DEZ DIAS LETIVOS.<\/div>\n<div><\/div>\n<div>As m\u00e9dias semestrais dever\u00e3o ser divulgadas com ANTECED\u00caNCIA de 72 horas em rela\u00e7\u00e3o \u00e0 data do exame final.<\/div>\n<div><\/div>\n<div>\n<div>Ap\u00f3s publica\u00e7\u00e3o das notas, o aluno ter\u00e1 48 horas \u00fateis para solicitar vistas \u00e0 prova junto ao Departamento respons\u00e1vel pela disciplina.<\/div>\n<\/div>\n<div><\/div>\n<div><strong>A nota \u00e9 considerada como publicada quando o professor cadastr\u00e1-la no sistema Cobalto e divulg\u00e1-las aos alunos.<\/strong><\/div>\n<div><\/div>\n<div>\n<table style=\"height: 323px\" width=\"666\">\n<tbody>\n<tr>\n<td colspan=\"2\" width=\"652\">\n<p style=\"text-align: center\"><strong>COMO IDENTIFICAR O DEPARTAMENTO RESPONS\u00c1VEL<\/strong><\/p>\n<\/td>\n<\/tr>\n<tr>\n<td width=\"326\">\n<p style=\"text-align: center\"><strong>C\u00d3DIGO DA DISCIPLINA<\/strong><\/p>\n<\/td>\n<td width=\"326\">\n<p style=\"text-align: center\"><strong>DEPARTAMENTO RESPONS\u00c1VEL<\/strong><\/p>\n<\/td>\n<\/tr>\n<tr>\n<td width=\"326\">\n<p style=\"text-align: center\"><span style=\"font-size: 18pt\">035xxxx<\/span><\/p>\n<\/td>\n<td width=\"326\">\n<p style=\"text-align: center\"><span style=\"font-size: 14pt\">DEPARTAMENTO DE ENSINO<\/span><\/p>\n<p>&nbsp;<\/td>\n<\/tr>\n<tr>\n<td width=\"326\">\n<p style=\"text-align: center\"><span style=\"font-size: 18pt\">036xxxx<\/span><\/p>\n<\/td>\n<td width=\"326\">\n<p style=\"text-align: center\"><span style=\"font-size: 14pt\">DEPARTAMENTO DE FUNDAMENTOS DA EDUCA\u00c7\u00c3O<\/span><\/p>\n<\/td>\n<\/tr>\n<\/tbody>\n<\/table>\n<\/div>\n<div><\/div>\n<div><\/div>\n<div><em>Fonte:\u00a0<\/em><em><a href=\"https:\/\/wp.ufpel.edu.br\/scs\/files\/2010\/08\/1995_04.pdf\">Resolu\u00e7\u00e3o 04\/1995<\/a><\/em><\/div>\n","protected":false},"excerpt":{"rendered":"<p>Ap\u00f3s a aplica\u00e7\u00e3o das provas aos alunos, elas dever\u00e3o ser corrigidas pelo professor e os resultados divulgados no prazo M\u00c1XIMO de DEZ DIAS LETIVOS. As m\u00e9dias semestrais dever\u00e3o ser divulgadas com ANTECED\u00caNCIA de 72 horas em rela\u00e7\u00e3o \u00e0 data do exame final. Ap\u00f3s publica\u00e7\u00e3o das notas, o aluno ter\u00e1 48 horas \u00fateis para solicitar vistas [&hellip;]<\/p>\n","protected":false},"author":314,"featured_media":0,"parent":0,"menu_order":0,"comment_status":"closed","ping_status":"closed","template":"","meta":{"footnotes":""},"class_list":["post-184","page","type-page","status-publish","hentry"],"jetpack_sharing_enabled":true,"_links":{"self":[{"href":"https:\/\/wp.ufpel.edu.br\/pedagogia\/wp-json\/wp\/v2\/pages\/184","targetHints":{"allow":["GET"]}}],"collection":[{"href":"https:\/\/wp.ufpel.edu.br\/pedagogia\/wp-json\/wp\/v2\/pages"}],"about":[{"href":"https:\/\/wp.ufpel.edu.br\/pedagogia\/wp-json\/wp\/v2\/types\/page"}],"author":[{"embeddable":true,"href":"https:\/\/wp.ufpel.edu.br\/pedagogia\/wp-json\/wp\/v2\/users\/314"}],"replies":[{"embeddable":true,"href":"https:\/\/wp.ufpel.edu.br\/pedagogia\/wp-json\/wp\/v2\/comments?post=184"}],"version-history":[{"count":1,"href":"https:\/\/wp.ufpel.edu.br\/pedagogia\/wp-json\/wp\/v2\/pages\/184\/revisions"}],"predecessor-version":[{"id":186,"href":"https:\/\/wp.ufpel.edu.br\/pedagogia\/wp-json\/wp\/v2\/pages\/184\/revisions\/186"}],"wp:attachment":[{"href":"https:\/\/wp.ufpel.edu.br\/pedagogia\/wp-json\/wp\/v2\/media?parent=184"}],"curies":[{"name":"wp","href":"https:\/\/api.w.org\/{rel}","templated":true}]}}