{"id":181,"date":"2017-07-14T17:44:12","date_gmt":"2017-07-14T20:44:12","guid":{"rendered":"https:\/\/wp.ufpel.edu.br\/pedagogia\/?page_id=181"},"modified":"2017-07-14T17:44:12","modified_gmt":"2017-07-14T20:44:12","slug":"matricula-rematricula-e-correcao-de-matricula","status":"publish","type":"page","link":"https:\/\/wp.ufpel.edu.br\/pedagogia\/matricula-rematricula-e-correcao-de-matricula\/","title":{"rendered":"MATR\u00cdCULA, REMATR\u00cdCULA E CORRE\u00c7\u00c3O DE MATR\u00cdCULA"},"content":{"rendered":"<p>A\u00a0<strong>MATR\u00cdCULA<\/strong>\u00a0\u00e9 obrigat\u00f3ria em cada per\u00edodo letivo previsto para o funcionamento do curso, de acordo com o calend\u00e1rio acad\u00eamico.<\/p>\n<ul>\n<li>N\u00e3o ser\u00e1 permitida a frequ\u00eancia de alunos em disciplinas nas quais n\u00e3o estejam regularmente matriculados.<\/li>\n<\/ul>\n<p>Constatada aus\u00eancia de matr\u00edcula sem solicita\u00e7\u00e3o de trancamento geral em um determinado per\u00edodo letivo, o aluno ser\u00e1 notificado via Sistema Acad\u00eamico sobre a situa\u00e7\u00e3o irregular, e dever\u00e1, \u00a0regularizar sua situa\u00e7\u00e3o junto ao Colegiado do Curso de Pedagogia at\u00e9 2 dias \u00fateis antes da data limite estipulada no Calend\u00e1rio Acad\u00eamico para que o Colegiado entregue a declara\u00e7\u00e3o de abandonos ao CRA, sob pena de ser declarado em situa\u00e7\u00e3o de abandono em comunicado \u00e0 Coordena\u00e7\u00e3o de Registros Acad\u00eamicos \u2013 CRA.<\/p>\n<p>O discente poder\u00e1 realizar qualquer atividade curricular em seu curso de origem, ressalvados os pr\u00e9-requisitos constantes no Projeto Pedag\u00f3gico do Curso de Pedagogia, desde que haja disponibilidade de vaga.<\/p>\n<p>N\u00e3o ser\u00e1 permitida a matr\u00edcula em atividades curriculares em que houver colis\u00e3o total ou parcial de hor\u00e1rios.<\/p>\n<p>A\u00a0<strong>REMATR\u00cdCULA<\/strong>\u00a0se d\u00e1 da seguinte forma:<\/p>\n<p>1- O aluno faz uma <strong>solicita\u00e7\u00e3o<\/strong> de matr\u00edcula on-line pelo sistema\u00a0<a href=\"https:\/\/cobalto.ufpel.edu.br\/\">COBALTO <\/a><\/p>\n<ul>\n<li>\u00c9 somente uma solicita\u00e7\u00e3o. Em hip\u00f3tese alguma a mera solicita\u00e7\u00e3o de matr\u00edcula ser\u00e1 considerada como matr\u00edcula efetiva.<\/li>\n<\/ul>\n<p>2- O sistema ordena os acad\u00eamicos conforme o Regulamento de Ensino da Gradua\u00e7\u00e3o, art 18;<\/p>\n<p>3- A matr\u00edcula \u00e9 processada;<\/p>\n<p>4- O acad\u00eamico consulta sua solicita\u00e7\u00e3o, em data estabelecida pelo Calend\u00e1rio Acad\u00eamico, para confirmar se conseguiu vaga nas disciplinas solicitadas;<\/p>\n<p>5- Se a solicita\u00e7\u00e3o foi contemplada plenamente \u00e9 s\u00f3 aguardar o in\u00edcio das aulas;<\/p>\n<p>6- Se a sua solicita\u00e7\u00e3o n\u00e3o foi contemplada ou se voc\u00ea desejar incluir ou excluir disciplinas da sua matr\u00edcula dever\u00e1 procurar o Colegiado do curso no per\u00edodo estipulado pelo calend\u00e1rio acad\u00eamico para\u00a0<strong>CORRE\u00c7\u00c3O DE MATR\u00cdCULA<\/strong>.<\/p>\n<ul>\n<li>A Rematr\u00edcula N\u00c3O \u00e9 destinada a alunos ingressantes na Universidade.<\/li>\n<\/ul>\n<p><em>Fonte<\/em><em>:\u00a0<\/em><a href=\"https:\/\/wp.ufpel.edu.br\/scs\/files\/2010\/12\/2010_14.pdf\"><em>Regulamento do Ensino de Gradua\u00e7\u00e3o<\/em><\/a><em>\u00a0e\u00a0<\/em><a href=\"https:\/\/wp.ufpel.edu.br\/scs\/files\/2010\/08\/2002_07.pdf\"><em>Resolu\u00e7\u00e3o 07\/2002<\/em><\/a><strong><em>.<\/em><\/strong><\/p>\n","protected":false},"excerpt":{"rendered":"<p>A\u00a0MATR\u00cdCULA\u00a0\u00e9 obrigat\u00f3ria em cada per\u00edodo letivo previsto para o funcionamento do curso, de acordo com o calend\u00e1rio acad\u00eamico. N\u00e3o ser\u00e1 permitida a frequ\u00eancia de alunos em disciplinas nas quais n\u00e3o estejam regularmente matriculados. Constatada aus\u00eancia de matr\u00edcula sem solicita\u00e7\u00e3o de trancamento geral em um determinado per\u00edodo letivo, o aluno ser\u00e1 notificado via Sistema Acad\u00eamico sobre [&hellip;]<\/p>\n","protected":false},"author":314,"featured_media":0,"parent":0,"menu_order":0,"comment_status":"closed","ping_status":"closed","template":"","meta":{"footnotes":""},"class_list":["post-181","page","type-page","status-publish","hentry"],"jetpack_sharing_enabled":true,"_links":{"self":[{"href":"https:\/\/wp.ufpel.edu.br\/pedagogia\/wp-json\/wp\/v2\/pages\/181","targetHints":{"allow":["GET"]}}],"collection":[{"href":"https:\/\/wp.ufpel.edu.br\/pedagogia\/wp-json\/wp\/v2\/pages"}],"about":[{"href":"https:\/\/wp.ufpel.edu.br\/pedagogia\/wp-json\/wp\/v2\/types\/page"}],"author":[{"embeddable":true,"href":"https:\/\/wp.ufpel.edu.br\/pedagogia\/wp-json\/wp\/v2\/users\/314"}],"replies":[{"embeddable":true,"href":"https:\/\/wp.ufpel.edu.br\/pedagogia\/wp-json\/wp\/v2\/comments?post=181"}],"version-history":[{"count":1,"href":"https:\/\/wp.ufpel.edu.br\/pedagogia\/wp-json\/wp\/v2\/pages\/181\/revisions"}],"predecessor-version":[{"id":183,"href":"https:\/\/wp.ufpel.edu.br\/pedagogia\/wp-json\/wp\/v2\/pages\/181\/revisions\/183"}],"wp:attachment":[{"href":"https:\/\/wp.ufpel.edu.br\/pedagogia\/wp-json\/wp\/v2\/media?parent=181"}],"curies":[{"name":"wp","href":"https:\/\/api.w.org\/{rel}","templated":true}]}}