{"id":177,"date":"2017-07-14T17:33:16","date_gmt":"2017-07-14T20:33:16","guid":{"rendered":"https:\/\/wp.ufpel.edu.br\/pedagogia\/?page_id=177"},"modified":"2017-07-14T17:33:16","modified_gmt":"2017-07-14T20:33:16","slug":"matricula-especial","status":"publish","type":"page","link":"https:\/\/wp.ufpel.edu.br\/pedagogia\/matricula-especial\/","title":{"rendered":"MATRICULA ESPECIAL"},"content":{"rendered":"<p>Matr\u00edcula Especial \u00e9 a realiza\u00e7\u00e3o de matr\u00edcula de um acad\u00eamico em uma disciplina de um curso diferente do seu curso de origem.<\/p>\n<p>Segundo o Regulamento de Gradua\u00e7\u00e3o, esta modalidade de matr\u00edcula est\u00e1 condicionada \u00e0 disponibilidade de vagas na disciplina e no per\u00edodo letivo desejados. A Matr\u00edcula Especial possui per\u00edodo estipulado no Calend\u00e1rio Acad\u00eamico e precisa ser autorizada pelo Colegiado do Curso de Licenciatura em Matem\u00e1tica, n\u00e3o podendo ultrapassar o n\u00famero de 02 disciplinas cursadas por aluno a cada semestre.<\/p>\n<p>Para realizar a Matr\u00edcula Especial o estudante deve procurar o Colegiado do Curso onde a\u00a0disciplina pretendida est\u00e1 sendo ofertada portando uma autoriza\u00e7\u00e3o por escrito do\u00a0coordenador do Curso de Licenciatura em Matem\u00e1tica para realizar a matricula, e deve comprovar ter os pr\u00e9-requisitos\u00a0exigidos para matr\u00edcula naquele curso, cabendo ao colegiado receptor a fiscaliza\u00e7\u00e3o quanto ao\u00a0cumprimento dos requisitos.<\/p>\n<p>Para poder realizar a Matricula Especial o estudante deve estar matriculado em, no m\u00ednimo, 08 cr\u00e9ditos, com exce\u00e7\u00e3o dos prov\u00e1veis formandos, sendo que a solicita\u00e7\u00e3o\u00a0desses dever\u00e1 ser encaminhada \u00e0 CRA.<\/p>\n<ul>\n<li>Alunos ingressantes tamb\u00e9m podem realizar matr\u00edcula especial.<\/li>\n<\/ul>\n<p>N\u00e3o ser\u00e1 permitida a matr\u00edcula em atividades curriculares em que houver colis\u00e3o total ou parcial de hor\u00e1rios.<\/p>\n<p><em>Fonte:\u00a0<\/em><a href=\"https:\/\/wp.ufpel.edu.br\/scs\/files\/2010\/12\/2010_14.pdf\"><em>Regulamento do Ensino de Gradua\u00e7\u00e3o<\/em><\/a>\u00a0<em>e\u00a0<a href=\"https:\/\/wp.ufpel.edu.br\/pedagogia\/files\/2017\/07\/RES.-112011.pdf\">Resolu\u00e7\u00e3o 11\/2011<\/a><\/em><\/p>\n","protected":false},"excerpt":{"rendered":"<p>Matr\u00edcula Especial \u00e9 a realiza\u00e7\u00e3o de matr\u00edcula de um acad\u00eamico em uma disciplina de um curso diferente do seu curso de origem. Segundo o Regulamento de Gradua\u00e7\u00e3o, esta modalidade de matr\u00edcula est\u00e1 condicionada \u00e0 disponibilidade de vagas na disciplina e no per\u00edodo letivo desejados. A Matr\u00edcula Especial possui per\u00edodo estipulado no Calend\u00e1rio Acad\u00eamico e precisa [&hellip;]<\/p>\n","protected":false},"author":314,"featured_media":0,"parent":0,"menu_order":0,"comment_status":"closed","ping_status":"closed","template":"","meta":{"footnotes":""},"class_list":["post-177","page","type-page","status-publish","hentry"],"jetpack_sharing_enabled":true,"_links":{"self":[{"href":"https:\/\/wp.ufpel.edu.br\/pedagogia\/wp-json\/wp\/v2\/pages\/177","targetHints":{"allow":["GET"]}}],"collection":[{"href":"https:\/\/wp.ufpel.edu.br\/pedagogia\/wp-json\/wp\/v2\/pages"}],"about":[{"href":"https:\/\/wp.ufpel.edu.br\/pedagogia\/wp-json\/wp\/v2\/types\/page"}],"author":[{"embeddable":true,"href":"https:\/\/wp.ufpel.edu.br\/pedagogia\/wp-json\/wp\/v2\/users\/314"}],"replies":[{"embeddable":true,"href":"https:\/\/wp.ufpel.edu.br\/pedagogia\/wp-json\/wp\/v2\/comments?post=177"}],"version-history":[{"count":1,"href":"https:\/\/wp.ufpel.edu.br\/pedagogia\/wp-json\/wp\/v2\/pages\/177\/revisions"}],"predecessor-version":[{"id":180,"href":"https:\/\/wp.ufpel.edu.br\/pedagogia\/wp-json\/wp\/v2\/pages\/177\/revisions\/180"}],"wp:attachment":[{"href":"https:\/\/wp.ufpel.edu.br\/pedagogia\/wp-json\/wp\/v2\/media?parent=177"}],"curies":[{"name":"wp","href":"https:\/\/api.w.org\/{rel}","templated":true}]}}