{"id":1741,"date":"2023-09-14T12:04:19","date_gmt":"2023-09-14T15:04:19","guid":{"rendered":"https:\/\/wp.ufpel.edu.br\/pedagogia\/?page_id=1741"},"modified":"2023-09-14T12:04:19","modified_gmt":"2023-09-14T15:04:19","slug":"orientacoes-para-recuperacao-dos-dias-letivos-suspensos","status":"publish","type":"page","link":"https:\/\/wp.ufpel.edu.br\/pedagogia\/orientacoes-para-recuperacao-dos-dias-letivos-suspensos\/","title":{"rendered":"Orienta\u00e7\u00f5es para recupera\u00e7\u00e3o dos dias letivos suspensos."},"content":{"rendered":"<p><a href=\"https:\/\/wp.ufpel.edu.br\/pedagogia\/files\/2023\/09\/WhatsApp-Image-2023-09-14-at-11.23.53.jpeg\"><img class=\"size-medium wp-image-1743 aligncenter\" src=\"https:\/\/wp.ufpel.edu.br\/pedagogia\/files\/2023\/09\/WhatsApp-Image-2023-09-14-at-11.23.53-222x400.jpeg\" alt=\"\" width=\"222\" height=\"400\" srcset=\"https:\/\/wp.ufpel.edu.br\/pedagogia\/files\/2023\/09\/WhatsApp-Image-2023-09-14-at-11.23.53-222x400.jpeg 222w, https:\/\/wp.ufpel.edu.br\/pedagogia\/files\/2023\/09\/WhatsApp-Image-2023-09-14-at-11.23.53-568x1024.jpeg 568w, https:\/\/wp.ufpel.edu.br\/pedagogia\/files\/2023\/09\/WhatsApp-Image-2023-09-14-at-11.23.53-768x1384.jpeg 768w, https:\/\/wp.ufpel.edu.br\/pedagogia\/files\/2023\/09\/WhatsApp-Image-2023-09-14-at-11.23.53-852x1536.jpeg 852w, https:\/\/wp.ufpel.edu.br\/pedagogia\/files\/2023\/09\/WhatsApp-Image-2023-09-14-at-11.23.53.jpeg 888w\" sizes=\"(max-width: 222px) 100vw, 222px\" \/><\/a><\/p>\n","protected":false},"excerpt":{"rendered":"","protected":false},"author":314,"featured_media":0,"parent":0,"menu_order":0,"comment_status":"closed","ping_status":"closed","template":"","meta":{"footnotes":""},"class_list":["post-1741","page","type-page","status-publish","hentry"],"jetpack_sharing_enabled":true,"_links":{"self":[{"href":"https:\/\/wp.ufpel.edu.br\/pedagogia\/wp-json\/wp\/v2\/pages\/1741","targetHints":{"allow":["GET"]}}],"collection":[{"href":"https:\/\/wp.ufpel.edu.br\/pedagogia\/wp-json\/wp\/v2\/pages"}],"about":[{"href":"https:\/\/wp.ufpel.edu.br\/pedagogia\/wp-json\/wp\/v2\/types\/page"}],"author":[{"embeddable":true,"href":"https:\/\/wp.ufpel.edu.br\/pedagogia\/wp-json\/wp\/v2\/users\/314"}],"replies":[{"embeddable":true,"href":"https:\/\/wp.ufpel.edu.br\/pedagogia\/wp-json\/wp\/v2\/comments?post=1741"}],"version-history":[{"count":1,"href":"https:\/\/wp.ufpel.edu.br\/pedagogia\/wp-json\/wp\/v2\/pages\/1741\/revisions"}],"predecessor-version":[{"id":1744,"href":"https:\/\/wp.ufpel.edu.br\/pedagogia\/wp-json\/wp\/v2\/pages\/1741\/revisions\/1744"}],"wp:attachment":[{"href":"https:\/\/wp.ufpel.edu.br\/pedagogia\/wp-json\/wp\/v2\/media?parent=1741"}],"curies":[{"name":"wp","href":"https:\/\/api.w.org\/{rel}","templated":true}]}}