{"id":165,"date":"2017-07-14T16:49:02","date_gmt":"2017-07-14T19:49:02","guid":{"rendered":"https:\/\/wp.ufpel.edu.br\/pedagogia\/?page_id=165"},"modified":"2022-01-19T16:15:09","modified_gmt":"2022-01-19T19:15:09","slug":"aproveitamento-de-disciplinas","status":"publish","type":"page","link":"https:\/\/wp.ufpel.edu.br\/pedagogia\/aproveitamento-de-disciplinas\/","title":{"rendered":"APROVEITAMENTO DE DISCIPLINAS"},"content":{"rendered":"<p><strong>Defini\u00e7\u00e3o<\/strong><br \/>\nDiscente que cursou com aprova\u00e7\u00e3o componente curricular de curso de gradua\u00e7\u00e3o ou p\u00f3s-gradua\u00e7\u00e3o poder\u00e1 solicitar aproveitamento de estudos, dentro dos prazos previstos no calend\u00e1rio acad\u00eamico.<br \/>\nPara obter o aproveitamento, a atividade curricular cursada dever\u00e1 contemplar, no m\u00ednimo, 75% da carga hor\u00e1ria e do conte\u00fado da atividade curricular pretendida, sendo facultada ao professor respons\u00e1vel pelo componente curricular a realiza\u00e7\u00e3o de avalia\u00e7\u00e3o especial para eventual complementa\u00e7\u00e3o.<br \/>\n<strong><br \/>\nComo Solicitar<\/strong><br \/>\nPara solicitar o aproveitamento de estudos o discente dever\u00e1 procurar o colegiado do seu curso, preencher o \u201crequerimento para aproveitamento de estudos\u201d e entregar os seguintes documentos:<br \/>\na) para componentes cursados na UFPEL dever\u00e1 ser anexado o hist\u00f3rico contendo nota e carga hor\u00e1ria, al\u00e9m dos conte\u00fados program\u00e1ticos, quando o colegiado julgar necess\u00e1rio.<br \/>\nb) para disciplinas cursadas em outra institui\u00e7\u00e3o dever\u00e1 ser anexado o hist\u00f3rico escolar contendo nota e carga hor\u00e1ria, al\u00e9m de conte\u00fados program\u00e1ticos, obrigatoriamente.<\/p>\n<p><strong>Requerimento<\/strong><br \/>\n<a href=\"https:\/\/wp.ufpel.edu.br\/cra\/files\/2020\/07\/Requerimento-de-aproveitamento.pdf\">Requerimento de aproveitamento de estudos<\/a><\/p>\n<p><strong>Fluxograma<\/strong><\/p>\n<table>\n<tbody>\n<tr>\n<td>Etapa<\/td>\n<td>Respons\u00e1vel<\/td>\n<td>Procedimento<\/td>\n<\/tr>\n<tr>\n<td>1<\/td>\n<td>Discente<\/td>\n<td>\n<p>\u2013 Preencher e assinar o requerimento para aproveitamento de estudos;<\/p>\n<p>\u2013 Anexar hist\u00f3rico;<\/p>\n<p>\u2013 Anexar conte\u00fado program\u00e1tico, conforme o caso;<\/p>\n<p>\u2013 Entregar os documentos no colegiado do curso.<\/td>\n<\/tr>\n<tr>\n<td>2<\/td>\n<td>Colegiado<\/td>\n<td>\n<p>\u2013 Abrir processo no SEI;<\/p>\n<p>\u2013 Digitalizar e anexar a documenta\u00e7\u00e3o do discente;<\/p>\n<p>\u2013 Encaminhar ao docente respons\u00e1vel.<\/td>\n<\/tr>\n<tr>\n<td>3<\/td>\n<td>Docente<\/td>\n<td>\n<p>\u2013 Analisar a solicita\u00e7\u00e3o;<\/p>\n<p>\u2013 Emitir parecer;<\/p>\n<p>\u2013 Encaminhar \u00e0 coordena\u00e7\u00e3o do curso.<\/td>\n<\/tr>\n<tr>\n<td>4<\/td>\n<td>Coordenador do curso<\/td>\n<td>\n<p>\u2013 Preencher e assinar o parecer final de aproveitamento;<\/p>\n<p>\u2013 Encaminhar para CRA.<\/td>\n<\/tr>\n<tr>\n<td>5<\/td>\n<td>CRA<\/td>\n<td>\u2013 Registrar aproveitamento no COBALTO.<\/td>\n<\/tr>\n<\/tbody>\n<\/table>\n<p>&nbsp;<\/p>\n<p><em>Fonte: CRA<\/em><\/p>\n","protected":false},"excerpt":{"rendered":"<p>Defini\u00e7\u00e3o Discente que cursou com aprova\u00e7\u00e3o componente curricular de curso de gradua\u00e7\u00e3o ou p\u00f3s-gradua\u00e7\u00e3o poder\u00e1 solicitar aproveitamento de estudos, dentro dos prazos previstos no calend\u00e1rio acad\u00eamico. Para obter o aproveitamento, a atividade curricular cursada dever\u00e1 contemplar, no m\u00ednimo, 75% da carga hor\u00e1ria e do conte\u00fado da atividade curricular pretendida, sendo facultada ao professor respons\u00e1vel pelo [&hellip;]<\/p>\n","protected":false},"author":314,"featured_media":0,"parent":0,"menu_order":0,"comment_status":"closed","ping_status":"closed","template":"","meta":{"footnotes":""},"class_list":["post-165","page","type-page","status-publish","hentry"],"jetpack_sharing_enabled":true,"_links":{"self":[{"href":"https:\/\/wp.ufpel.edu.br\/pedagogia\/wp-json\/wp\/v2\/pages\/165","targetHints":{"allow":["GET"]}}],"collection":[{"href":"https:\/\/wp.ufpel.edu.br\/pedagogia\/wp-json\/wp\/v2\/pages"}],"about":[{"href":"https:\/\/wp.ufpel.edu.br\/pedagogia\/wp-json\/wp\/v2\/types\/page"}],"author":[{"embeddable":true,"href":"https:\/\/wp.ufpel.edu.br\/pedagogia\/wp-json\/wp\/v2\/users\/314"}],"replies":[{"embeddable":true,"href":"https:\/\/wp.ufpel.edu.br\/pedagogia\/wp-json\/wp\/v2\/comments?post=165"}],"version-history":[{"count":3,"href":"https:\/\/wp.ufpel.edu.br\/pedagogia\/wp-json\/wp\/v2\/pages\/165\/revisions"}],"predecessor-version":[{"id":750,"href":"https:\/\/wp.ufpel.edu.br\/pedagogia\/wp-json\/wp\/v2\/pages\/165\/revisions\/750"}],"wp:attachment":[{"href":"https:\/\/wp.ufpel.edu.br\/pedagogia\/wp-json\/wp\/v2\/media?parent=165"}],"curies":[{"name":"wp","href":"https:\/\/api.w.org\/{rel}","templated":true}]}}