{"id":1648,"date":"2023-08-17T14:39:17","date_gmt":"2023-08-17T17:39:17","guid":{"rendered":"https:\/\/wp.ufpel.edu.br\/pedagogia\/?page_id=1648"},"modified":"2024-03-13T19:10:01","modified_gmt":"2024-03-13T22:10:01","slug":"contato","status":"publish","type":"page","link":"https:\/\/wp.ufpel.edu.br\/pedagogia\/contato\/","title":{"rendered":"Contato Secretaria"},"content":{"rendered":"<p style=\"text-align: center;\"><strong>Secretaria dos Colegiados Vespertino e Noturno da Pedagogia<\/strong><\/p>\n<p><strong>Secret\u00e1rio:<\/strong> Jeferson de Mello Reichow<\/p>\n<p class=\"text12\"><strong>Endere\u00e7o: <\/strong>Campus Centro de Ci\u00eancias Humanas e Sociais (CCHS) &#8211; Secretaria Unificada da Faculdade de Educa\u00e7\u00e3o. Rua Alberto Rosa, 154 \u2013 sala 248 (2\u00ba andar), Pelotas\/RS \u2013 CEP 96010-770<\/p>\n<p><strong>Hor\u00e1rios de Atendimento:<\/strong><\/p>\n<table style=\"border-collapse: collapse; width: 92.8378%; height: 81px;\" border=\"1\">\n<tbody>\n<tr style=\"height: 24px;\">\n<td style=\"width: 15.1383%; height: 24px; text-align: center;\">SEGUNDA<\/td>\n<td style=\"width: 9.31591%; height: 24px; text-align: center;\">TER\u00c7A<\/td>\n<td style=\"width: 13.1942%; height: 24px; text-align: center;\">QUARTA<\/td>\n<td style=\"width: 11.2922%; height: 24px; text-align: center;\">QUINTA<\/td>\n<td style=\"width: 9.75593%; height: 24px; text-align: center;\">SEXTA<\/td>\n<\/tr>\n<tr style=\"height: 24px;\">\n<td style=\"width: 15.1383%; height: 24px; text-align: center;\">Teletrabalho<\/td>\n<td style=\"width: 9.31591%; height: 24px; text-align: center;\"><strong>\u00a0PRESENCIAL\u00a0 \u00a0 \u00a0<\/strong><span style=\"font-family: inherit; font-size: inherit; color: var(--cor-texto);\">13h \u00e0s 17h<\/span><\/td>\n<td style=\"width: 13.1942%; height: 24px; text-align: center;\">Teletrabalho<\/td>\n<td style=\"width: 11.2922%; height: 24px; text-align: center;\">Teletrabalho<\/td>\n<td style=\"width: 9.75593%; height: 24px; text-align: center;\">Teletrabalho<\/td>\n<\/tr>\n<tr style=\"height: 24px;\">\n<td style=\"width: 15.1383%; height: 24px; text-align: center;\">Teletrabalho<\/td>\n<td style=\"width: 9.31591%; height: 24px; text-align: center;\"><strong>PRESENCIAL\u00a0 \u00a0<\/strong>18h \u00e0s 22h<\/td>\n<td style=\"width: 13.1942%; height: 24px; text-align: center;\"><strong>\u00a0PRESENCIAL\u00a0 \u00a0 \u00a016h \u00e0s 20h\u00a0<\/strong><\/td>\n<td style=\"width: 11.2922%; height: 24px; text-align: center;\">Teletrabalho<\/td>\n<td style=\"width: 9.75593%; height: 24px; text-align: center;\">Teletrabalho<\/td>\n<\/tr>\n<\/tbody>\n<\/table>\n<p>OBS: a UFPel aderiu ao Programa de Gest\u00e3o e Desempenho (PGD), permitindo a introdu\u00e7\u00e3o do teletrabalho de forma parcial ou total. Sendo assim, o servi\u00e7o administrativo da FaE passou a operar de maneira h\u00edbrida, combinando o trabalho presencial com o teletrabalho. Isso significa que, enquanto teremos servidores \u00e0 disposi\u00e7\u00e3o para atendimento e orienta\u00e7\u00f5es gerais na secretaria do pr\u00e9dio, tamb\u00e9m haver\u00e1 servidores operando remotamente. Para tratar pessoalmente de assuntos relacionados \u00e0 Pedagogia, se poss\u00edvel, priorize os dias em que nosso secret\u00e1rio estar\u00e1 em atendimento presencial.<\/p>\n<p><strong>E-mail:<\/strong> cursopedagogiaufpel@gmail.com<\/p>\n<p><strong>Telefone:<\/strong> (53)3284-5537<\/p>\n<p>&nbsp;<\/p>\n<p>&nbsp;<\/p>\n","protected":false},"excerpt":{"rendered":"<p>Secretaria dos Colegiados Vespertino e Noturno da Pedagogia Secret\u00e1rio: Jeferson de Mello Reichow Endere\u00e7o: Campus Centro de Ci\u00eancias Humanas e Sociais (CCHS) &#8211; Secretaria Unificada da Faculdade de Educa\u00e7\u00e3o. Rua Alberto Rosa, 154 \u2013 sala 248 (2\u00ba andar), Pelotas\/RS \u2013 CEP 96010-770 Hor\u00e1rios de Atendimento: SEGUNDA TER\u00c7A QUARTA QUINTA SEXTA Teletrabalho \u00a0PRESENCIAL\u00a0 \u00a0 \u00a013h \u00e0s [&hellip;]<\/p>\n","protected":false},"author":314,"featured_media":0,"parent":0,"menu_order":0,"comment_status":"closed","ping_status":"closed","template":"","meta":{"footnotes":""},"class_list":["post-1648","page","type-page","status-publish","hentry"],"jetpack_sharing_enabled":true,"_links":{"self":[{"href":"https:\/\/wp.ufpel.edu.br\/pedagogia\/wp-json\/wp\/v2\/pages\/1648","targetHints":{"allow":["GET"]}}],"collection":[{"href":"https:\/\/wp.ufpel.edu.br\/pedagogia\/wp-json\/wp\/v2\/pages"}],"about":[{"href":"https:\/\/wp.ufpel.edu.br\/pedagogia\/wp-json\/wp\/v2\/types\/page"}],"author":[{"embeddable":true,"href":"https:\/\/wp.ufpel.edu.br\/pedagogia\/wp-json\/wp\/v2\/users\/314"}],"replies":[{"embeddable":true,"href":"https:\/\/wp.ufpel.edu.br\/pedagogia\/wp-json\/wp\/v2\/comments?post=1648"}],"version-history":[{"count":8,"href":"https:\/\/wp.ufpel.edu.br\/pedagogia\/wp-json\/wp\/v2\/pages\/1648\/revisions"}],"predecessor-version":[{"id":1947,"href":"https:\/\/wp.ufpel.edu.br\/pedagogia\/wp-json\/wp\/v2\/pages\/1648\/revisions\/1947"}],"wp:attachment":[{"href":"https:\/\/wp.ufpel.edu.br\/pedagogia\/wp-json\/wp\/v2\/media?parent=1648"}],"curies":[{"name":"wp","href":"https:\/\/api.w.org\/{rel}","templated":true}]}}