{"id":161,"date":"2017-07-14T16:43:54","date_gmt":"2017-07-14T19:43:54","guid":{"rendered":"https:\/\/wp.ufpel.edu.br\/pedagogia\/?page_id=161"},"modified":"2017-07-14T16:43:54","modified_gmt":"2017-07-14T19:43:54","slug":"avaliacao-2o-chamada","status":"publish","type":"page","link":"https:\/\/wp.ufpel.edu.br\/pedagogia\/avaliacao-2o-chamada\/","title":{"rendered":"AVALIA\u00c7\u00c3O &#8211; 2\u00ba CHAMADA"},"content":{"rendered":"<p>O discente que faltar a uma avalia\u00e7\u00e3o, por impedimento legal, doen\u00e7a atestada por servi\u00e7o m\u00e9dico de sa\u00fade ou motivo de for\u00e7a maior, devidamente comprovado, poder\u00e1 realiz\u00e1-la em outro momento, desde que requeira por escrito ao Colegiado de Curso at\u00e9 3 (tr\u00eas) dias \u00fateis ap\u00f3s a realiza\u00e7\u00e3o da avalia\u00e7\u00e3o anterior. Para essa solicita\u00e7\u00e3o \u00e9 DESNECESS\u00c1RIA a avalia\u00e7\u00e3o por parte da junta m\u00e9dica desta Universidade.<\/p>\n<p><a href=\"https:\/\/wp.ufpel.edu.br\/pedagogia\/files\/2017\/07\/SOLICITA\u00c7\u00c3O-DE-AVALI\u00c7\u00c3O-DE-SEGUNDA-CHAMADA.pdf\">Formul\u00e1rio para solicitar 2\u00ba chamada.<\/a><\/p>\n<p>Fonte: <a href=\"https:\/\/wp.ufpel.edu.br\/pedagogia\/files\/2017\/07\/Regulamento-de-Ensino-da-Gradua\u00e7\u00e3o.pdf\">Regulamento do Ensino de Gradua\u00e7\u00e3o.<\/a><\/p>\n","protected":false},"excerpt":{"rendered":"<p>O discente que faltar a uma avalia\u00e7\u00e3o, por impedimento legal, doen\u00e7a atestada por servi\u00e7o m\u00e9dico de sa\u00fade ou motivo de for\u00e7a maior, devidamente comprovado, poder\u00e1 realiz\u00e1-la em outro momento, desde que requeira por escrito ao Colegiado de Curso at\u00e9 3 (tr\u00eas) dias \u00fateis ap\u00f3s a realiza\u00e7\u00e3o da avalia\u00e7\u00e3o anterior. Para essa solicita\u00e7\u00e3o \u00e9 DESNECESS\u00c1RIA a [&hellip;]<\/p>\n","protected":false},"author":314,"featured_media":0,"parent":0,"menu_order":0,"comment_status":"closed","ping_status":"closed","template":"","meta":{"footnotes":""},"class_list":["post-161","page","type-page","status-publish","hentry"],"jetpack_sharing_enabled":true,"_links":{"self":[{"href":"https:\/\/wp.ufpel.edu.br\/pedagogia\/wp-json\/wp\/v2\/pages\/161","targetHints":{"allow":["GET"]}}],"collection":[{"href":"https:\/\/wp.ufpel.edu.br\/pedagogia\/wp-json\/wp\/v2\/pages"}],"about":[{"href":"https:\/\/wp.ufpel.edu.br\/pedagogia\/wp-json\/wp\/v2\/types\/page"}],"author":[{"embeddable":true,"href":"https:\/\/wp.ufpel.edu.br\/pedagogia\/wp-json\/wp\/v2\/users\/314"}],"replies":[{"embeddable":true,"href":"https:\/\/wp.ufpel.edu.br\/pedagogia\/wp-json\/wp\/v2\/comments?post=161"}],"version-history":[{"count":1,"href":"https:\/\/wp.ufpel.edu.br\/pedagogia\/wp-json\/wp\/v2\/pages\/161\/revisions"}],"predecessor-version":[{"id":164,"href":"https:\/\/wp.ufpel.edu.br\/pedagogia\/wp-json\/wp\/v2\/pages\/161\/revisions\/164"}],"wp:attachment":[{"href":"https:\/\/wp.ufpel.edu.br\/pedagogia\/wp-json\/wp\/v2\/media?parent=161"}],"curies":[{"name":"wp","href":"https:\/\/api.w.org\/{rel}","templated":true}]}}