{"id":157,"date":"2017-07-14T16:39:31","date_gmt":"2017-07-14T19:39:31","guid":{"rendered":"https:\/\/wp.ufpel.edu.br\/pedagogia\/?page_id=157"},"modified":"2017-07-18T14:40:36","modified_gmt":"2017-07-18T17:40:36","slug":"atividades-complementares-de-graduacao-acg","status":"publish","type":"page","link":"https:\/\/wp.ufpel.edu.br\/pedagogia\/atividades-complementares-de-graduacao-acg\/","title":{"rendered":"ATIVIDADES COMPLEMENTARES DE GRADUA\u00c7\u00c3O &#8211; ACG"},"content":{"rendered":"<p class=\"western\" align=\"justify\"><span style=\"font-size: medium;color: #000000\">As atividades Complementares de Gradua\u00e7\u00e3o t\u00eam a finalidade de complementar e enriquecer o curr\u00edculo, al\u00e9m de flexibilizar o processo de forma\u00e7\u00e3o, respeitando e integrando interesses e afinidades dos educandos. <\/span><\/p>\n<p class=\"western\" align=\"justify\"><span style=\"font-size: medium;color: #000000\">O Curso prev\u00ea a realiza\u00e7\u00e3o de Atividades Complementares de Gradua\u00e7\u00e3o (ACG) com um m\u00ednimo de 200 horas. Essas consistem de atividades diversificadas, como participa\u00e7\u00e3o em semin\u00e1rios, encontros, palestras, publica\u00e7\u00e3o de artigos e resumos, atividades de pesquisa, de extens\u00e3o, inicia\u00e7\u00e3o cient\u00edfica, representa\u00e7\u00e3o discente, dentre outras, conforme mostra o <a href=\"https:\/\/wp.ufpel.edu.br\/pedagogia\/files\/2017\/07\/Quadro-200h-Complementares.pdf\">quadro de Atividades Complementares<\/a>.<\/span><\/p>\n<p align=\"justify\"><span style=\"font-size: medium;color: #000000\">Para fins de registro junto ao Departamento de Registros Acad\u00eamicos, ser\u00e3o integralizadas, no hist\u00f3rico da aluna, como \u201cAtividades Complementares\u201d, 200 horas, independentemente das horas excedentes, cumpridas pelas licenciadas.<\/span><\/p>\n<p align=\"justify\"><span style=\"font-size: medium;color: #000000\">Caber\u00e1 \u00e0 discente apresentar ao Colegiado a documenta\u00e7\u00e3o comprobat\u00f3ria das atividades realizadas para averba\u00e7\u00e3o da carga hor\u00e1ria em seu hist\u00f3rico escolar, at\u00e9 o final do 8\u00ba semestre do Curso.<\/span><\/p>\n<p align=\"justify\"><span style=\"font-size: medium;color: #000000\">Alguns aspectos a serem observados:<\/span><\/p>\n<p align=\"justify\"><span style=\"font-size: medium;color: #000000\">a) o Colegiado pode recusar a atividade, se consider\u00e1-la em desacordo com os princ\u00edpios e as diretrizes previstas neste PPP;<\/span><\/p>\n<p align=\"justify\"><span style=\"font-size: medium;color: #000000\">b) os documentos comprobat\u00f3rios dever\u00e3o ser entregues ao Colegiado, em fotoc\u00f3pia leg\u00edvel;<\/span><\/p>\n<p align=\"justify\"><span style=\"color: #000000;font-size: medium\"> c) caber\u00e1 ao Colegiado encaminhar ao DRA correspond\u00eancia atestando o cumprimento das atividades complementares dos discentes; <\/span><\/p>\n<p align=\"justify\"><span style=\"font-size: medium;color: #000000\">d) as atividades s\u00f3 ter\u00e3o validade, para integralizar as 200 horas, quando ocorrerem no per\u00edodo de realiza\u00e7\u00e3o do Curso de Pedagogia;<\/span><\/p>\n<p class=\"western\" align=\"justify\"><span style=\"font-size: medium;color: #000000\">e) as ACG s\u00e3o obrigat\u00f3rias, devendo ser cumpridas no decorrer do Curso, como requisito para a cola\u00e7\u00e3o de grau;<\/span><\/p>\n<p align=\"justify\"><span style=\"font-size: medium;color: #000000\">f) as ACG s\u00e3o divididas cinco grupos: ensino, pesquisa, extens\u00e3o, representa\u00e7\u00e3o discente e outras, conforme mostra o Ap\u00eandice 3.<\/span><\/p>\n<p align=\"justify\"><span style=\"font-size: medium;color: #000000\">g) as estudantes devem realizar atividades compreendidas em pelo menos dois dos grupos mencionados no item \u201cf\u201d, independente da carga hor\u00e1ria.<\/span><\/p>\n<p align=\"justify\"><span style=\"font-size: medium;color: #000000\">h) a discente poder\u00e1 realizar atividades complementares durante as f\u00e9rias;<\/span><\/p>\n<p class=\"western\" align=\"justify\"><span style=\"color: #000000;font-size: medium\"> i) o Colegiado do Curso de Pedagogia poder\u00e1 alterar os indicadores do quadro de ACG, desde que essas altera\u00e7\u00f5es n\u00e3o tragam preju\u00edzos \u00e0s discentes que j\u00e1 realizaram ou est\u00e3o realizando ACG;<\/span><\/p>\n<p class=\"western\" align=\"justify\"><span style=\"font-size: medium;color: #000000\">j) o Colegiado poder\u00e1 exigir da aluna documentos complementares, se entender que aqueles apresentados s\u00e3o insuficientemente para a devida comprova\u00e7\u00e3o da atividade realizada;<\/span><\/p>\n<p align=\"justify\"><span style=\"font-size: medium;color: #000000\">l) os casos omissos ser\u00e3o deliberados em reuni\u00e3o do Colegiado do Curso.<\/span><\/p>\n<p align=\"justify\"><span style=\"color: #000000\">FONTE: <a href=\"https:\/\/wp.ufpel.edu.br\/pedagogia\/files\/2017\/06\/Projeto-Pol\u00edtico-Pedag\u00f3gico.pdf\">PPP<\/a><\/span><\/p>\n","protected":false},"excerpt":{"rendered":"<p>As atividades Complementares de Gradua\u00e7\u00e3o t\u00eam a finalidade de complementar e enriquecer o curr\u00edculo, al\u00e9m de flexibilizar o processo de forma\u00e7\u00e3o, respeitando e integrando interesses e afinidades dos educandos. O Curso prev\u00ea a realiza\u00e7\u00e3o de Atividades Complementares de Gradua\u00e7\u00e3o (ACG) com um m\u00ednimo de 200 horas. Essas consistem de atividades diversificadas, como participa\u00e7\u00e3o em semin\u00e1rios, [&hellip;]<\/p>\n","protected":false},"author":314,"featured_media":0,"parent":0,"menu_order":0,"comment_status":"closed","ping_status":"closed","template":"","meta":{"footnotes":""},"class_list":["post-157","page","type-page","status-publish","hentry"],"jetpack_sharing_enabled":true,"_links":{"self":[{"href":"https:\/\/wp.ufpel.edu.br\/pedagogia\/wp-json\/wp\/v2\/pages\/157","targetHints":{"allow":["GET"]}}],"collection":[{"href":"https:\/\/wp.ufpel.edu.br\/pedagogia\/wp-json\/wp\/v2\/pages"}],"about":[{"href":"https:\/\/wp.ufpel.edu.br\/pedagogia\/wp-json\/wp\/v2\/types\/page"}],"author":[{"embeddable":true,"href":"https:\/\/wp.ufpel.edu.br\/pedagogia\/wp-json\/wp\/v2\/users\/314"}],"replies":[{"embeddable":true,"href":"https:\/\/wp.ufpel.edu.br\/pedagogia\/wp-json\/wp\/v2\/comments?post=157"}],"version-history":[{"count":2,"href":"https:\/\/wp.ufpel.edu.br\/pedagogia\/wp-json\/wp\/v2\/pages\/157\/revisions"}],"predecessor-version":[{"id":297,"href":"https:\/\/wp.ufpel.edu.br\/pedagogia\/wp-json\/wp\/v2\/pages\/157\/revisions\/297"}],"wp:attachment":[{"href":"https:\/\/wp.ufpel.edu.br\/pedagogia\/wp-json\/wp\/v2\/media?parent=157"}],"curies":[{"name":"wp","href":"https:\/\/api.w.org\/{rel}","templated":true}]}}