{"id":153,"date":"2017-07-14T16:19:36","date_gmt":"2017-07-14T19:19:36","guid":{"rendered":"https:\/\/wp.ufpel.edu.br\/pedagogia\/?page_id=153"},"modified":"2023-04-27T15:39:46","modified_gmt":"2023-04-27T18:39:46","slug":"frequencia-e-atestados-medicos","status":"publish","type":"page","link":"https:\/\/wp.ufpel.edu.br\/pedagogia\/frequencia-e-atestados-medicos\/","title":{"rendered":"FREQU\u00caNCIA E ATESTADOS M\u00c9DICOS"},"content":{"rendered":"<p>Para informa\u00e7\u00f5es sobre atestados m\u00e9dicos, acesse https:\/\/wp.ufpel.edu.br\/progep\/csqv\/pericia-medica\/<\/p>\n","protected":false},"excerpt":{"rendered":"<p>Para informa\u00e7\u00f5es sobre atestados m\u00e9dicos, acesse https:\/\/wp.ufpel.edu.br\/progep\/csqv\/pericia-medica\/<\/p>\n","protected":false},"author":314,"featured_media":0,"parent":0,"menu_order":0,"comment_status":"closed","ping_status":"closed","template":"","meta":{"footnotes":""},"class_list":["post-153","page","type-page","status-publish","hentry"],"jetpack_sharing_enabled":true,"_links":{"self":[{"href":"https:\/\/wp.ufpel.edu.br\/pedagogia\/wp-json\/wp\/v2\/pages\/153","targetHints":{"allow":["GET"]}}],"collection":[{"href":"https:\/\/wp.ufpel.edu.br\/pedagogia\/wp-json\/wp\/v2\/pages"}],"about":[{"href":"https:\/\/wp.ufpel.edu.br\/pedagogia\/wp-json\/wp\/v2\/types\/page"}],"author":[{"embeddable":true,"href":"https:\/\/wp.ufpel.edu.br\/pedagogia\/wp-json\/wp\/v2\/users\/314"}],"replies":[{"embeddable":true,"href":"https:\/\/wp.ufpel.edu.br\/pedagogia\/wp-json\/wp\/v2\/comments?post=153"}],"version-history":[{"count":2,"href":"https:\/\/wp.ufpel.edu.br\/pedagogia\/wp-json\/wp\/v2\/pages\/153\/revisions"}],"predecessor-version":[{"id":1361,"href":"https:\/\/wp.ufpel.edu.br\/pedagogia\/wp-json\/wp\/v2\/pages\/153\/revisions\/1361"}],"wp:attachment":[{"href":"https:\/\/wp.ufpel.edu.br\/pedagogia\/wp-json\/wp\/v2\/media?parent=153"}],"curies":[{"name":"wp","href":"https:\/\/api.w.org\/{rel}","templated":true}]}}