{"id":1093,"date":"2023-01-23T10:26:43","date_gmt":"2023-01-23T13:26:43","guid":{"rendered":"https:\/\/wp.ufpel.edu.br\/pedagogia\/?page_id=1093"},"modified":"2024-03-12T18:48:59","modified_gmt":"2024-03-12T21:48:59","slug":"coordenacao","status":"publish","type":"page","link":"https:\/\/wp.ufpel.edu.br\/pedagogia\/coordenacao\/","title":{"rendered":"Coordena\u00e7\u00e3o"},"content":{"rendered":"<p>Coordenadora do Curso de Pedagogia Diurno: <strong>Prof\u00aa. Dr\u00aa. Eug\u00eania Antunes Dias<\/strong><\/p>\n<p>Coordenadora do Curso de Pedagogia Noturno: <strong>Prof\u00aa. Dr\u00aa. Diana Paula Salom\u00e3o de Freitas<\/strong><\/p>\n<p>Secret\u00e1rio: <strong>Jeferson de Mello Reichow<\/strong><\/p>\n<p>Composi\u00e7\u00e3o do Colegiado do Curso de Pedagogia Diurno (Atualiza\u00e7\u00e3o em breve, com a publica\u00e7\u00e3o da Portaria espec\u00edfica)<\/p>\n<p>Composi\u00e7\u00e3o do Colegiado do Curso de Pedagogia Noturno (Atualiza\u00e7\u00e3o em breve, com a publica\u00e7\u00e3o da Portaria espec\u00edfica)<\/p>\n<p>Composi\u00e7\u00e3o do N\u00facleo Docente Estruturante do Curso de Pedagogia Diurno (Atualiza\u00e7\u00e3o em breve, com a publica\u00e7\u00e3o da Portaria espec\u00edfica)<\/p>\n<p>Composi\u00e7\u00e3o do N\u00facleo Docente Estruturante do Curso de Pedagogia Noturno (Atualiza\u00e7\u00e3o em breve, com a publica\u00e7\u00e3o da Portaria espec\u00edfica)<\/p>\n<p>&nbsp;<\/p>\n<p>&nbsp;<\/p>\n","protected":false},"excerpt":{"rendered":"<p>Coordenadora do Curso de Pedagogia Diurno: Prof\u00aa. Dr\u00aa. Eug\u00eania Antunes Dias Coordenadora do Curso de Pedagogia Noturno: Prof\u00aa. Dr\u00aa. Diana Paula Salom\u00e3o de Freitas Secret\u00e1rio: Jeferson de Mello Reichow Composi\u00e7\u00e3o do Colegiado do Curso de Pedagogia Diurno (Atualiza\u00e7\u00e3o em breve, com a publica\u00e7\u00e3o da Portaria espec\u00edfica) Composi\u00e7\u00e3o do Colegiado do Curso de Pedagogia Noturno (Atualiza\u00e7\u00e3o [&hellip;]<\/p>\n","protected":false},"author":314,"featured_media":0,"parent":0,"menu_order":0,"comment_status":"closed","ping_status":"closed","template":"","meta":{"footnotes":""},"class_list":["post-1093","page","type-page","status-publish","hentry"],"jetpack_sharing_enabled":true,"_links":{"self":[{"href":"https:\/\/wp.ufpel.edu.br\/pedagogia\/wp-json\/wp\/v2\/pages\/1093","targetHints":{"allow":["GET"]}}],"collection":[{"href":"https:\/\/wp.ufpel.edu.br\/pedagogia\/wp-json\/wp\/v2\/pages"}],"about":[{"href":"https:\/\/wp.ufpel.edu.br\/pedagogia\/wp-json\/wp\/v2\/types\/page"}],"author":[{"embeddable":true,"href":"https:\/\/wp.ufpel.edu.br\/pedagogia\/wp-json\/wp\/v2\/users\/314"}],"replies":[{"embeddable":true,"href":"https:\/\/wp.ufpel.edu.br\/pedagogia\/wp-json\/wp\/v2\/comments?post=1093"}],"version-history":[{"count":12,"href":"https:\/\/wp.ufpel.edu.br\/pedagogia\/wp-json\/wp\/v2\/pages\/1093\/revisions"}],"predecessor-version":[{"id":1946,"href":"https:\/\/wp.ufpel.edu.br\/pedagogia\/wp-json\/wp\/v2\/pages\/1093\/revisions\/1946"}],"wp:attachment":[{"href":"https:\/\/wp.ufpel.edu.br\/pedagogia\/wp-json\/wp\/v2\/media?parent=1093"}],"curies":[{"name":"wp","href":"https:\/\/api.w.org\/{rel}","templated":true}]}}